{"id":32173,"date":"2023-04-24T09:40:44","date_gmt":"2023-04-24T09:40:44","guid":{"rendered":"https:\/\/bellatourism.com\/?page_id=32173"},"modified":"2023-04-24T11:32:58","modified_gmt":"2023-04-24T11:32:58","slug":"mesafeli-satis-sozlesmesi","status":"publish","type":"page","link":"https:\/\/bellatourism.com\/tr\/mesafeli-satis-sozlesmesi\/","title":{"rendered":"Mesafeli Sat\u0131\u015f S\u00f6zle\u015fmesi"},"content":{"rendered":"<h2>MESAFEL\u0130 SATI\u015e S\u00d6ZLE\u015eMES\u0130<\/h2>\n<h3>MADDE 1 \u2013 TARAFLAR<\/h3>\n<p>1.1 &#8211; SATICI \u00dcnvan\u0131 : <strong>BELLA GRUP TUR\u0130ZM MED\u0130KAL TEKST\u0130L TEM\u0130ZL\u0130K KIRTAS\u0130YE GIDA \u0130N\u015eAAT \u0130THALAT VE \u0130HRACAT SAN.T\u0130C.LTD.\u015eT\u0130.<\/strong><br \/>\nAdresi : Atalar mahallesi \u00c7anakkale caddesi no55\/A Kartal\/\u0130STANBUL<br \/>\nEposta adresi: info@bellatourism.com<\/p>\n<p>1.2 \u2013 ALICI<br \/>\nAd\u0131 Soyad\u0131 : <strong>(<\/strong><strong>BELLA GRUP TUR\u0130ZM MED\u0130KAL TEKST\u0130L TEM\u0130ZL\u0130K KIRTAS\u0130YE GIDA \u0130N\u015eAAT \u0130THALAT VE \u0130HRACAT SAN.T\u0130C.LTD.\u015eT\u0130.\u2019ne ait telefon numaralar\u0131- whatsapp konu\u015fmalar\u0131 \u2013 sosyal medya hesaplar\u0131 \u00fczerinden g\u00f6r\u00fc\u015f\u00fclen ve bu mecralarda ismi belirtilen ki\u015filerdir. <\/strong><strong><br \/>\n<\/strong>Adresi :<br \/>\nTelefon :<br \/>\nEposta adresi :<\/p>\n<h3>MADDE 2 \u2013 AMACI<\/h3>\n<ol start=\"2\">\n<li>\u0130\u015fbu S\u00f6zle\u015fmenin konusu, ALICI\u2019 n\u0131n SATICI\u2019 ya ait Internet sitesinden elektronik ortamda sipari\u015fini yapt\u0131\u011f\u0131 ve nitelikleri ve sat\u0131\u015f fiyat\u0131 belirtilen hizmetin\/\u00fcr\u00fcnlerin sat\u0131\u015f\u0131 ve teslimi ile ilgili olarak, 6502 say\u0131l\u0131 T\u00fcketicinin Korunmas\u0131 Hakk\u0131ndaki Kanun ve bu kanuna istinaden \u00e7\u0131kar\u0131lm\u0131\u015f bulunan Mesafeli S\u00f6zle\u015fmelere Dair Y\u00f6netmelik h\u00fck\u00fcmleri gere\u011fince, taraflar\u0131n hak ve y\u00fck\u00fcml\u00fcl\u00fcklerinin saptanmas\u0131d\u0131r.<\/li>\n<\/ol>\n<p>\u0130\u015fbu s\u00f6zle\u015fme, ALICI&#8217;n\u0131n SATICIYA ait Bella Tourism web sitesi ve telefon uygulamalar\u0131 (\u201cOnline Platform\u201d) \u00fczerinden \u00fc\u00e7\u00fcnc\u00fc \u015fah\u0131slara ait sa\u011fl\u0131k kurulu\u015flar\u0131nda muhtelif sa\u011fl\u0131k hizmeti\u00a0 ve sa\u011fl\u0131k hizmeti paketi (\u201cHizmet Paketi\u201d) sat\u0131n almas\u0131nda arac\u0131l\u0131k etmek, sa\u011fl\u0131k kurulu\u015funa kadar nakliye ve ula\u015f\u0131m\u0131n\u0131 sa\u011flamak hususunda\u00a0 taraflar\u0131n kar\u015f\u0131l\u0131kl\u0131 hak ve y\u00fck\u00fcml\u00fcl\u00fcklerini d\u00fczenlemektedir.<\/p>\n<h3>MADDE 2- \u00a0KONUSU:<\/h3>\n<p>2.1 \u0130\u015fbu s\u00f6zle\u015fmenin konusu, Sat\u0131c\u0131ya ait Bella Tourism web sitesinde ne\u015fredilmekte\u00a0 olan sa\u011fl\u0131k hizmetleri i\u00e7in laz\u0131m gelen sa\u011fl\u0131k kurulu\u015flar\u0131 ile temasa ge\u00e7mek, kay\u0131tlar\u0131n\u0131 yapt\u0131rmaya arac\u0131l\u0131k etmek laz\u0131m gelen g\u00fcn ve saatte ula\u015f\u0131m ve naklini sa\u011flamak i\u00e7in\u00a0 ALICININ \u00a0elektronik ortamda sipari\u015f verdi\u011fi, s\u00f6zle\u015fmede bahsi ge\u00e7en nitelikleri haiz ve yine s\u00f6zle\u015fmede sat\u0131\u015f fiyat\u0131 belirtilen mal\/hizmetin sat\u0131\u015f\u0131 ve teslimi ile ilgili olarak 6502 say\u0131l\u0131 T\u00fcketicilerin Korunmas\u0131 Hakk\u0131ndaki Kanun ve Mesafeli S\u00f6zle\u015fmeler Uygulama Esas ve Usulleri Hakk\u0131nda Y\u00f6netmelik h\u00fck\u00fcmleri dairesinde\u00a0 Al\u0131c\u0131, sat\u0131\u015fa konu mal\/hizmetlerin temel nitelikleri, sat\u0131\u015f fiyat\u0131, \u00f6deme \u015fekli, teslimat bi\u00e7imi ve \u00a0ko\u015fullar\u0131 vs. sat\u0131\u015fa konu mal\/hizmet ile ilgili t\u00fcm \u00f6n bilgiler ve \u201ccayma\u201d hakk\u0131 konusunda bilgi sahibi oldu\u011funu, bu \u00f6n bilgileri elektronik ortamda teyit etti\u011fini ve sonras\u0131nda mal\/hizmeti sipari\u015f verdi\u011fini i\u015fbu s\u00f6zle\u015fme h\u00fck\u00fcmlerince kabul ve beyan etmekte olup\u00a0 Sat\u0131c\u0131n\u0131n Bella Tourism web sitesinde yer alan \u00f6n bilgilendirme ve fatura i\u015fbu s\u00f6zle\u015fmenin ayr\u0131lmaz par\u00e7alar\u0131d\u0131r.<\/p>\n<p>2.2 ALICI; internet sitesinde g\u00f6r\u00fcp be\u011fendi\u011fi ve elektronik ortamda sat\u0131n alma isteminde bulundu\u011fu hizmetin, fiyat, teslimat ve di\u011fer sat\u0131\u015f ko\u015fullar\u0131 site i\u00e7erisinde belirtilmi\u015f olan \u00a0t\u00fcr\u00fc miktar\u0131, sevk\/nakil g\u00fczergah ve \u015fekli, \u00a0adedi, sat\u0131\u015f bedeli, \u00f6deme \u015fekli belirtilen \u00fcr\u00fcn\u00fc i\u015fbu s\u00f6zle\u015fme h\u00fck\u00fcmleri uyar\u0131nca sat\u0131n alabilir.<\/p>\n<p>Sat\u0131n al\u0131nan hizmet t\u00fcr\u00fcn\u00fcn, sevk\/nakil g\u00fczergah ve \u015feklinin adedinin Bella Tourism\u00a0 websitesi ve Bella Tourism\u2019e ait sosyal medya hesaplar\u0131 ve ileti\u015fim numaralar\u0131 \u00fczerinden se\u00e7ilerek hizmetin sat\u0131\u015f fiyat\u0131 ve nakliye ve ula\u015f\u0131m bedellerinin i\u015fbu s\u00f6zle\u015fmede belirtilen \u00f6deme \u015fekli uyar\u0131nca SATICI\u2019ya \u00f6denmesi ve hizmete ili\u015fkin teslimat adresinin, teslim edilecek ki\u015fi ve fatura adresi bilgisinin SATICI\u2019ya bildirilmesi gerekmektedir.<\/p>\n<p>2.3 \u00a0\u0130\u015fbu s\u00f6zle\u015fme konusu \u00fcr\u00fcn bilgileri ve \u00f6deme \u015fekilleri a\u015fa\u011f\u0131da belirtildi\u011fi gibidir:<\/p>\n<p>\u00dcr\u00fcn t\u00fcr\u00fc: <strong>Sa\u011fl\u0131k hizmeti arac\u0131l\u0131\u011f\u0131-Konaklama-Transfer-Terc\u00fcman ve Dan\u0131\u015fmanl\u0131k<\/strong><\/p>\n<p>\u00d6deme \u015eekli: <strong>Mail Order \u00a0&#8211; Kredi Kart\u0131<\/strong><\/p>\n<p>Sunulacak hizmetin: <strong>Otel konaklama \u2013 Terc\u00fcmanl\u0131k ve Dan\u0131\u015fmanl\u0131k ve Transfer hizmetleri<\/strong><\/p>\n<p>Hizmet alacak\u00a0 Ki\u015fi: <strong>(<\/strong><strong>BELLA GRUP TUR\u0130ZM MED\u0130KAL TEKST\u0130L TEM\u0130ZL\u0130K KIRTAS\u0130YE GIDA \u0130N\u015eAAT \u0130THALAT VE \u0130HRACAT SAN.T\u0130C.LTD.\u015eT\u0130.\u2019ne ait telefon numaralar\u0131- whatsapp konu\u015fmalar\u0131 \u2013 sosyal medya hesaplar\u0131 \u00fczerinden g\u00f6r\u00fc\u015f\u00fclen ve bu mecralarda ismi belirtilen ki\u015filerdir.<\/strong><\/p>\n<p>Fatura Adresi: SATICI\u2019n\u0131n \u00a0teslimat y\u00fck\u00fcml\u00fcl\u00fc\u011f\u00fc ilgili sa\u011fl\u0131k kurulu\u015funun m\u00fcsaitlik durumuna g\u00f6re belirlenecektir.<\/p>\n<h3>MADDE 3 \u2013 \u00dcR\u00dcN\u00dcN TESL\u0130M\u0130\/H\u0130ZMET\u0130N ALI\u015e \u015eEKL\u0130<\/h3>\n<p>3.1. ALICI H\u0130ZMETTEN M\u00dcNHASIRAN KEND\u0130S\u0130 YARARLANAB\u0130LECEKT\u0130R. Kendisi yerine ba\u015fkas\u0131n\u0131n yararlanmas\u0131n\u0131 talep edemez.<\/p>\n<p>3.2. SATICI, ALICININ SA\u011eLIK H\u0130ZMET\u0130NDEN YARARLANAB\u0130LMES\u0130 \u0130\u00c7\u0130N GEREKL\u0130 KOORD\u0130NASYONU YAPMAK VE ALICIYI SA\u011eLIK KURULU\u015eUNA KADAR TA\u015eIMAK\/NAKLETMET\/ULA\u015eTIRMAK Y\u00dcK\u00dcML\u00dcL\u00dc\u011e\u00dc ALTINDADIR. SATICI anla\u015fmal\u0131 sa\u011fl\u0131k kuru\u015funun durumunun yeterli olmamas\u0131, nakliyeyi engelleyen hava muhalefeti, ula\u015f\u0131m\u0131n kesilmesi, grev, salg\u0131n hastal\u0131k\u00a0 gibi ola\u011fan\u00fcst\u00fc durumlar nedeni ile s\u00f6zle\u015fme konusu \u00fcr\u00fcn\u00fc 30 g\u00fcnl\u00fck s\u00fcre i\u00e7inde teslim edemez ise, durumu ayn\u0131 s\u00fcrede ALICI\u2019 ya bildirmekle y\u00fck\u00fcml\u00fcd\u00fcr. Bu takdirde ALICI sipari\u015fin iptal edilmesini, s\u00f6zle\u015fme konusu \u00fcr\u00fcn\u00fcn varsa emsali ile de\u011fi\u015ftirilmesini ve\/veya teslimat s\u00fcresinin engelleyici durumun ortadan kalkmas\u0131na kadar ertelenmesi haklar\u0131ndan birini kullanabilir. ALICI\u2019 n\u0131n sipari\u015fi iptal etmesi halinde \u00f6dedi\u011fi tutar\u00a0 yukar\u0131da belirtildi\u011fi \u015fekilde iade edilir.<\/p>\n<p>3.3 ALICI BEL\u0130RLENEN G\u00dcN VE SAATTE\u00a0 VE BEL\u0130RLENEN \u00a0YERDE HAZIR OLMAK ZARURET\u0130NDED\u0130R. ALICININ\u00a0 EN AZ 15 G\u00dcN \u00d6NCEDEN B\u0130LD\u0130RMES\u0130 HAL\u0130NDE 1 KEREYE MAHSUS OLARAK ERTELETME HAKKI VARDIR. ALICININ ERTELEME \u00dcZER\u0130NE VER\u0130LEN YEN\u0130 G\u00dcN VE SAATTE VE BEL\u0130RLENEN YERDE\u00a0 ALICININ HAZIR BULUNMAMASI\u00a0 HAL\u0130NDE SATICI\u00a0 Y\u00dcK\u00dcML\u00dcL\u00dcKTEN KURTULUR.<\/p>\n<p>3.4 Herhangi bir nedenle Hizmet Paketi bedeli ALICI taraf\u0131ndan \u00f6denmez veya yap\u0131lan \u00f6deme banka kay\u0131tlar\u0131nda iptal edilir ise, sat\u0131c\u0131\u00a0 hizmet teslimi y\u00fck\u00fcml\u00fcl\u00fc\u011f\u00fcnden kurtulmu\u015f kabul edilir.<\/p>\n<p>3.5 SATICININ ALICIYI TERC\u0130H ETT\u0130\u011e\u0130 SA\u011eLIK KURULU\u015eUNA ULA\u015eTIRMASI\u00a0\u00a0 VE\u00a0 SA\u011eLIK KURULU\u015eUNCA D\u00dcZENLENEN AYDINLATILMI\u015e ONAMIN ALICI TARAFINDAN \u0130MZALANMASI \u0130LE B\u0130RL\u0130KTE SATICININ ALICIYA KAR\u015eI\u00a0 SORUMLULU\u011eU SONA ERMEKTED\u0130R.<\/p>\n<p>BU ANDAN \u0130T\u0130BAREN HEK\u0130M \u0130LE HASTA \u0130L\u0130\u015eK\u0130S\u0130 KURULMU\u015e OLUP TIBB\u0130 UYGULAMALARDAN M\u00dcNHASIRAN \u0130LG\u0130S\u0130 SA\u011eLIK KURULU\u015eU SORUMLUDUR; SATICI, SA\u011eLIK KURULU\u015eUNUN TIBB\u0130 UYGULAMALARINDAN \u00d6T\u00dcR\u00dc KEF\u0130L VE GARANT\u00d6R DE\u011e\u0130LD\u0130R. ALICI BU HUSUSU PE\u015e\u0130NEN KABUL ETMEKTED\u0130R.<\/p>\n<p>3.6 Sa\u011fl\u0131k hizmeti almak i\u00e7in gelen ALICI, s\u00f6zle\u015fmenin akdedilmesi s\u0131ras\u0131nda\u00a0 kendisine sorulan sorulara yanl\u0131\u015f cevaplar vermesinden veya bilmedi\u011fi fark\u0131nda olmad\u0131\u011f\u0131 ba\u015fkaca hastal\u0131klar\u0131 ya da alerjileri vs gibi \u00f6nceden tahmin edilemeyen sebeplerle sa\u011fl\u0131k kurulu\u015flar\u0131nca\u00a0 tedavi \u00f6ncesi tetkiklerde tedavi veya operasyona engel durum g\u00f6r\u00fcl\u00fcr ve arzulanan t\u0131bbi m\u00fcdahale yap\u0131lamaz ise \u00a0ALICI, \u00a0<strong>SATICININ H\u0130\u00c7 B\u0130R SORUMLULU\u011eU OLMADI\u011eINI, H\u0130\u00c7 B\u0130R SURETTE SATICIDAN HERHANG\u0130 B\u0130R \u0130ADE, MADD\u0130 VE MANEV\u0130\u00a0 TAZM\u0130NAT VS HER NE NAM ADI ALTINDA OLUR \u0130SE OLSUN H\u0130\u00c7 B\u0130R TELEB\u0130 OLMADI\u011eINI\u00a0\u00a0 PE\u015e\u0130NEN KABUL, BEYAN VE TAAHH\u00dcT ETMEKTED\u0130R. <\/strong><\/p>\n<p>3.7 ALICI, s\u00f6zle\u015fme konusu \u00fcr\u00fcn\u00fcn\/\u00fcr\u00fcnlerin, temel nitelikleri, sat\u0131\u015f fiyat\u0131 ve \u00f6deme \u015fekli ile teslimat\u0131na ili\u015fkin \u00f6n bilgileri okuyup bilgi sahibi oldu\u011funu ve elektronik ortamda gerekli teyidi verdi\u011fini beyan ve kabul eder.<\/p>\n<h3>MADDE 4 \u2013 \u00d6DEME<\/h3>\n<p>4.1. \u0130\u015f bu web sitesi \u00fczerinden yap\u0131lan al\u0131\u015fveri\u015flerde \u00f6denecek bedel; \u00dcR\u00dcN F\u0130YATI + KDV + NAKL\u0130YE BEDEL\u0130+ \u2026\u2026\u2026\u2026. OLMAK \u00dcZERE TOPLAM \u2026\u2026\u2026\u2026\u2026\u2026\u2026TL D\u0130R. <strong>(<\/strong><strong>BELLA GRUP TUR\u0130ZM MED\u0130KAL TEKST\u0130L TEM\u0130ZL\u0130K KIRTAS\u0130YE GIDA \u0130N\u015eAAT \u0130THALAT VE \u0130HRACAT SAN.T\u0130C.LTD.\u015eT\u0130.\u2019ne ait telefon numaralar\u0131- whatsapp konu\u015fmalar\u0131 \u2013 sosyal medya hesaplar\u0131 \u00fczerinden g\u00f6r\u00fc\u015f\u00fclen ve bu mecralarda ismi belirtilen ki\u015filerdir.<\/strong><strong>) <\/strong><\/p>\n<p>4.2. ALICI\u2019n\u0131n kredi kart\u0131 ile yapt\u0131g\u0131 \u00f6demelerde, \u00fcr\u00fcn tutar\u0131, siparisin ALICI taraf\u0131ndan iptal edilmesinden sonra 10 (on) \u0130\u015e g\u00fcn\u00fc i\u00e7erisinde ilgili bankaya iade edilir. Bu tutar\u0131n bankaya iadesinden sonra ALICI hesaplar\u0131na yans\u0131mas\u0131 tamamen banka islem s\u00fcreci ile ilgili oldugundan, ALICI, olas\u0131 gecikmeler i\u00e7in SATICI\u2019n\u0131n herhangi bir sekilde m\u00fcdahalede bulunmas\u0131n\u0131n m\u00fcmk\u00fcn olamayacag\u0131n\u0131 ve SATICI taraf\u0131ndan kredi kart\u0131na iade edilen tutar\u0131n banka taraf\u0131ndan ALICI hesab\u0131na yans\u0131t\u0131lmas\u0131n\u0131n ortalama 2 ile 3 haftay\u0131 bulabilecegini pe\u015finen kabul etmektedir.<\/p>\n<p>4.3 ALICI, Hizmet Paketi\u2019nin nitelikleri, fiyat\u0131, \u00f6deme \u015fekli ve teslimata ili\u015fkin olarak SATICI taraf\u0131ndan kendisine Online Platform \u00fczerinden sunulan bilgileri okudu\u011funu, anlad\u0131\u011f\u0131n\u0131, eksiksiz olarak bilgilendi\u011fini ve elektronik ortamda teyit etti\u011fini beyan etmektedir.<\/p>\n<p>4.4 ALICI, se\u00e7mi\u015f oldu\u011fu Hizmet Paketi\u2019nin gereklerinin ifa edilebilmesi i\u00e7in 6698 say\u0131l\u0131 Ki\u015fisel Verileri Koruma Kanunu uyar\u0131nca \u00f6zel nitelikli ki\u015fisel veri say\u0131lan sa\u011fl\u0131k verilerinin t\u0131bbi kons\u00fcltasyon amac\u0131 ile s\u0131n\u0131rl\u0131 olmak kayd\u0131yla gerek sat\u0131c\u0131 gerek anla\u015fmal\u0131 sa\u011fl\u0131k kurulu\u015flar\u0131nca i\u015flenmesine a\u00e7\u0131k olarak r\u0131za g\u00f6stermektedir.<\/p>\n<p>4.5 ALICI, talep ve \u015fik\u00e2yetlerini SATICI \u2018n\u0131n yukar\u0131da yeralan ve web adresinde belirtilmi\u015f \u00a0ileti\u015fim kanallar\u0131na ula\u015ft\u0131rabilir. SATICI talep ve \u015fik\u00e2yetleri de\u011ferlendirerek ALICI\u2019ya en k\u0131sa zamanda geri d\u00f6n\u00fc\u015f yapar.<\/p>\n<p>4.6 ALICI, i\u015fbu S\u00f6zle\u015fme\u2019yi elektronik ortamda onaylamakla, SATICI taraf\u0131ndan t\u00fcketiciye verilmesi gereken adres, sipari\u015fi verdi\u011fi \u00fcr\u00fcnlere ait temel \u00f6zellikler, hizmetin sunulaca\u011f\u0131 sa\u011fl\u0131k kurulu\u015fu ve \u00a0\u00fcr\u00fcnlerin vergiler d\u00e2hil fiyat\u0131, \u00f6deme ve teslimat bilgilerini de do\u011fru ve eksiksiz olarak edindi\u011fini teyit etmi\u015f olur.<\/p>\n<h3>MADDE 5 \u2013CAYMA HAKKI<\/h3>\n<p>5.1. ALICI, s\u00f6zle\u015fme konusu s\u00f6zle\u015fmeyi akdetti\u011fi tarihten \u00a0itibaren 14 g\u00fcn i\u00e7inde hi\u00e7bir sebep g\u00f6stermek zorunda olmaks\u0131z\u0131n cayma hakk\u0131na sahiptir.<\/p>\n<p>Cayma hakk\u0131n\u0131n kullan\u0131lmas\u0131 i\u00e7in 14 g\u00fcnl\u00fck s\u00fcre i\u00e7inde SATICI\u2019ya eposta ile bildirimde bulunulmas\u0131 \u015feklinde olacakt\u0131r. \u00a0Cayma hakk\u0131 s\u00fcresi sona ermemi\u015f olsa dahi\u00a0 t\u00fcketicinin onay\u0131 ile hizmetin ifas\u0131na ba\u015fland\u0131\u011f\u0131nda cayma hakk\u0131 kullan\u0131lamaz \u00a0\u00a0SATICININ sa\u011fl\u0131k kurulu\u015funda ve ula\u015ft\u0131rma, konaklama (otel vs) \u00a0\u00a0dahil hen\u00fcz \u00a0hi\u00e7bir rezervasyon dahi yap\u0131lmam\u0131\u015f\u00a0 olmas\u0131 da \u015fartt\u0131r; T\u00dcKET\u0130C\u0130N\u0130N TALEP VEYA TERC\u0130H\u0130 \u00dcZER\u0130NE SATICININ sa\u011fl\u0131k kurulu\u015funda veya ula\u015ft\u0131rma veya konaklama kurulu\u015flar\u0131ndan herhangi birinde dahi rezervasyon \u00a0yapt\u0131rm\u0131\u015f olmas\u0131 hizmetin ifas\u0131na ba\u015fland\u0131\u011f\u0131 anlam\u0131ndad\u0131r ve bu durum cayma hakk\u0131n\u0131 d\u00fc\u015f\u00fcr\u00fcr.<\/p>\n<p>Cayma hakk\u0131n\u0131 kullanan al\u0131c\u0131n\u0131n \u00a0kendisine fatura ke\u015fide edilmi\u015f ise ayr\u0131ca faturay\u0131 da iadesi\u00a0 ve \u00a0iade edilecek faturan\u0131n \u00fczerine \u201ciade faturad\u0131r\u201d yazmas\u0131 ve imzalamas\u0131 zorunludur.<\/p>\n<p>Cayma hakk\u0131, yukar\u0131da belirtilen hallerde ve \u00a0s\u00fcresinde ve usul\u00fcnce kullan\u0131ld\u0131\u011f\u0131 takdire ge\u00e7erli olup \u00a0\u00a0ge\u00e7erli cayma halinde\u00a0 \u00a0masraflar SATICI\u2019 ya aittir.\u00a0 Aksi halde hi\u00e7bir bedel iadesi yap\u0131lmaz.<\/p>\n<p>ALICI, i\u015f bu s\u00f6zle\u015fmeyi kabul etmekle, cayma hakk\u0131 konusunda bilgilendirildi\u011fini pe\u015finen kabul eder.<\/p>\n<p>5.2. \u00dcr\u00fcn\u00fcn herhangi ba\u015fka bir \u00fcr\u00fcn ile de\u011fi\u015ftirilmesine ili\u015fkin istemler SATICI\u2019n\u0131n anla\u015fmal\u0131 sa\u011fl\u0131k kurulu\u015flar\u0131nda bir ba\u015fka sa\u011fl\u0131k hizmeti ile\u00a0 i\u015fletmelerin uygunluk durumu m\u00fcsait ise\u00a0 de\u011fi\u015ftirilebilir . De\u011fi\u015fim talebi CAYMA hakk\u0131 olarak d\u00fc\u015f\u00fcn\u00fclemez.<\/p>\n<h3>MADDE 6 \u2013 UYGULANACAK HUKUK<\/h3>\n<p>Taraflar S\u00f6zle\u015fme\u2019nin tatbik ve tefsirinden do\u011facak ihtilaflar\u0131n \u00e7\u00f6z\u00fcm\u00fcnde T\u00fcrk Hukuku\u2019nun uygulanmas\u0131n\u0131 kabul ve beyan etmi\u015flerdir.<\/p>\n<h3>MADDE 7- DEL\u0130L ANLA\u015eMASI<\/h3>\n<p>Bu S\u00f6zle\u015fmeden ve\/veya uygulanmas\u0131ndan do\u011fabilecek her t\u00fcrl\u00fc uyu\u015fmazl\u0131\u011f\u0131n \u00e7\u00f6z\u00fcm\u00fcnde Sat\u0131c\u0131 kay\u0131tlar\u0131 (bilgisayar-ses kay\u0131tlar\u0131 gibi manyetik ortamdaki kay\u0131tlar d\u00e2hil) kesin delil olu\u015fturur.<\/p>\n<h3>MADDE 8 &#8211; YETK\u0130L\u0130 MAHKEME<\/h3>\n<p>Bu Sat\u0131\u015f s\u00f6zle\u015fmenin uygulanmas\u0131nda, \u00a0T\u00fcketici Hakem Heyetlerinin g\u00f6rev s\u0131n\u0131rlar\u0131n\u0131 a\u015fan (<strong><em>2023 y\u0131l\u0131 i\u00e7in de\u011feri 66.000 (altm\u0131\u015falt\u0131 bin) T\u00fcrk Liras\u0131n\u0131n alt\u0131nda bulunan t\u00fcketici uyu\u015fmazl\u0131klar\u0131nda, \u00a0\u0130l veya \u0130l\u00e7e T\u00fcketici Hakem Heyetlerine ba\u015fvuru yap\u0131labilecektir) <\/em><\/strong>ihtilaflarda \u00a0\u0130stanbul Anadolu Mahkemeleri ve \u0130cra Daireleri yetkilidir.<\/p>\n","protected":false},"excerpt":{"rendered":"<p>MESAFEL\u0130 SATI\u015e S\u00d6ZLE\u015eMES\u0130 MADDE 1 \u2013 TARAFLAR 1.1 &#8211; SATICI \u00dcnvan\u0131 : BELLA GRUP TUR\u0130ZM MED\u0130KAL TEKST\u0130L TEM\u0130ZL\u0130K KIRTAS\u0130YE GIDA \u0130N\u015eAAT \u0130THALAT VE \u0130HRACAT SAN.T\u0130C.LTD.\u015eT\u0130. Adresi : Atalar mahallesi \u00c7anakkale caddesi no55\/A Kartal\/\u0130STANBUL Eposta adresi: info@bellatourism.com 1.2 \u2013 ALICI Ad\u0131 Soyad\u0131 : (BELLA GRUP TUR\u0130ZM MED\u0130KAL TEKST\u0130L TEM\u0130ZL\u0130K KIRTAS\u0130YE GIDA \u0130N\u015eAAT \u0130THALAT VE \u0130HRACAT SAN.T\u0130C.LTD.\u015eT\u0130.\u2019ne [&hellip;]<\/p>\n","protected":false},"author":1,"featured_media":0,"parent":0,"menu_order":0,"comment_status":"closed","ping_status":"closed","template":"","meta":{"footnotes":""},"yoast_head":"<!-- This site is optimized with the Yoast SEO plugin v23.5 - https:\/\/yoast.com\/wordpress\/plugins\/seo\/ -->\n<title>Mesafeli Sat\u0131\u015f S\u00f6zle\u015fmesi - Bella Tourism<\/title>\n<meta name=\"robots\" content=\"index, follow, max-snippet:-1, max-image-preview:large, max-video-preview:-1\" \/>\n<link rel=\"canonical\" href=\"https:\/\/bellatourism.com\/tr\/mesafeli-satis-sozlesmesi\/\" \/>\n<meta property=\"og:locale\" content=\"tr_TR\" \/>\n<meta property=\"og:type\" content=\"article\" \/>\n<meta property=\"og:title\" content=\"Mesafeli Sat\u0131\u015f S\u00f6zle\u015fmesi - Bella Tourism\" \/>\n<meta property=\"og:description\" content=\"MESAFEL\u0130 SATI\u015e S\u00d6ZLE\u015eMES\u0130 MADDE 1 \u2013 TARAFLAR 1.1 &#8211; SATICI \u00dcnvan\u0131 : BELLA GRUP TUR\u0130ZM MED\u0130KAL TEKST\u0130L TEM\u0130ZL\u0130K KIRTAS\u0130YE GIDA \u0130N\u015eAAT \u0130THALAT VE \u0130HRACAT SAN.T\u0130C.LTD.\u015eT\u0130. Adresi : Atalar mahallesi \u00c7anakkale caddesi no55\/A Kartal\/\u0130STANBUL Eposta adresi: info@bellatourism.com 1.2 \u2013 ALICI Ad\u0131 Soyad\u0131 : (BELLA GRUP TUR\u0130ZM MED\u0130KAL TEKST\u0130L TEM\u0130ZL\u0130K KIRTAS\u0130YE GIDA \u0130N\u015eAAT \u0130THALAT VE \u0130HRACAT SAN.T\u0130C.LTD.\u015eT\u0130.\u2019ne [&hellip;]\" \/>\n<meta property=\"og:url\" content=\"https:\/\/bellatourism.com\/tr\/mesafeli-satis-sozlesmesi\/\" \/>\n<meta property=\"og:site_name\" content=\"Bella Tourism\" \/>\n<meta property=\"article:publisher\" content=\"https:\/\/www.facebook.com\/bellahealthtourism\" \/>\n<meta property=\"article:modified_time\" content=\"2023-04-24T11:32:58+00:00\" \/>\n<meta name=\"twitter:card\" content=\"summary_large_image\" \/>\n<meta name=\"twitter:label1\" content=\"Tahmini okuma s\u00fcresi\" \/>\n\t<meta name=\"twitter:data1\" content=\"7 dakika\" \/>\n<script type=\"application\/ld+json\" class=\"yoast-schema-graph\">{\"@context\":\"https:\/\/schema.org\",\"@graph\":[{\"@type\":\"WebPage\",\"@id\":\"https:\/\/bellatourism.com\/tr\/mesafeli-satis-sozlesmesi\/\",\"url\":\"https:\/\/bellatourism.com\/tr\/mesafeli-satis-sozlesmesi\/\",\"name\":\"Mesafeli Sat\u0131\u015f S\u00f6zle\u015fmesi - Bella Tourism\",\"isPartOf\":{\"@id\":\"https:\/\/bellatourism.com\/tr\/#website\"},\"datePublished\":\"2023-04-24T09:40:44+00:00\",\"dateModified\":\"2023-04-24T11:32:58+00:00\",\"breadcrumb\":{\"@id\":\"https:\/\/bellatourism.com\/tr\/mesafeli-satis-sozlesmesi\/#breadcrumb\"},\"inLanguage\":\"tr\",\"potentialAction\":[{\"@type\":\"ReadAction\",\"target\":[\"https:\/\/bellatourism.com\/tr\/mesafeli-satis-sozlesmesi\/\"]}]},{\"@type\":\"BreadcrumbList\",\"@id\":\"https:\/\/bellatourism.com\/tr\/mesafeli-satis-sozlesmesi\/#breadcrumb\",\"itemListElement\":[{\"@type\":\"ListItem\",\"position\":1,\"name\":\"Home\",\"item\":\"https:\/\/bellatourism.com\/tr\/\"},{\"@type\":\"ListItem\",\"position\":2,\"name\":\"Mesafeli Sat\u0131\u015f S\u00f6zle\u015fmesi\"}]},{\"@type\":\"WebSite\",\"@id\":\"https:\/\/bellatourism.com\/tr\/#website\",\"url\":\"https:\/\/bellatourism.com\/tr\/\",\"name\":\"Bella Tourism - Health Tourism In Turkey\",\"description\":\"Bella Tourism\",\"publisher\":{\"@id\":\"https:\/\/bellatourism.com\/tr\/#organization\"},\"potentialAction\":[{\"@type\":\"SearchAction\",\"target\":{\"@type\":\"EntryPoint\",\"urlTemplate\":\"https:\/\/bellatourism.com\/tr\/?s={search_term_string}\"},\"query-input\":{\"@type\":\"PropertyValueSpecification\",\"valueRequired\":true,\"valueName\":\"search_term_string\"}}],\"inLanguage\":\"tr\"},{\"@type\":\"Organization\",\"@id\":\"https:\/\/bellatourism.com\/tr\/#organization\",\"name\":\"Bella Tourism - Health Tourism In Turkey\",\"url\":\"https:\/\/bellatourism.com\/tr\/\",\"logo\":{\"@type\":\"ImageObject\",\"inLanguage\":\"tr\",\"@id\":\"https:\/\/bellatourism.com\/tr\/#\/schema\/logo\/image\/\",\"url\":\"https:\/\/bellatourism.com\/wp-content\/uploads\/2022\/05\/Bella-Tourism-Logo-Dosyasi-01.png\",\"contentUrl\":\"https:\/\/bellatourism.com\/wp-content\/uploads\/2022\/05\/Bella-Tourism-Logo-Dosyasi-01.png\",\"width\":200,\"height\":84,\"caption\":\"Bella Tourism - Health Tourism In Turkey\"},\"image\":{\"@id\":\"https:\/\/bellatourism.com\/tr\/#\/schema\/logo\/image\/\"},\"sameAs\":[\"https:\/\/www.facebook.com\/bellahealthtourism\",\"https:\/\/www.instagram.com\/bellahealthtourism\/\",\"https:\/\/www.linkedin.com\/company\/bella-health-tourism\/\"]}]}<\/script>\n<!-- \/ Yoast SEO plugin. -->","yoast_head_json":{"title":"Mesafeli Sat\u0131\u015f S\u00f6zle\u015fmesi - Bella Tourism","robots":{"index":"index","follow":"follow","max-snippet":"max-snippet:-1","max-image-preview":"max-image-preview:large","max-video-preview":"max-video-preview:-1"},"canonical":"https:\/\/bellatourism.com\/tr\/mesafeli-satis-sozlesmesi\/","og_locale":"tr_TR","og_type":"article","og_title":"Mesafeli Sat\u0131\u015f S\u00f6zle\u015fmesi - Bella Tourism","og_description":"MESAFEL\u0130 SATI\u015e S\u00d6ZLE\u015eMES\u0130 MADDE 1 \u2013 TARAFLAR 1.1 &#8211; SATICI \u00dcnvan\u0131 : BELLA GRUP TUR\u0130ZM MED\u0130KAL TEKST\u0130L TEM\u0130ZL\u0130K KIRTAS\u0130YE GIDA \u0130N\u015eAAT \u0130THALAT VE \u0130HRACAT SAN.T\u0130C.LTD.\u015eT\u0130. Adresi : Atalar mahallesi \u00c7anakkale caddesi no55\/A Kartal\/\u0130STANBUL Eposta adresi: info@bellatourism.com 1.2 \u2013 ALICI Ad\u0131 Soyad\u0131 : (BELLA GRUP TUR\u0130ZM MED\u0130KAL TEKST\u0130L TEM\u0130ZL\u0130K KIRTAS\u0130YE GIDA \u0130N\u015eAAT \u0130THALAT VE \u0130HRACAT SAN.T\u0130C.LTD.\u015eT\u0130.\u2019ne [&hellip;]","og_url":"https:\/\/bellatourism.com\/tr\/mesafeli-satis-sozlesmesi\/","og_site_name":"Bella Tourism","article_publisher":"https:\/\/www.facebook.com\/bellahealthtourism","article_modified_time":"2023-04-24T11:32:58+00:00","twitter_card":"summary_large_image","twitter_misc":{"Tahmini okuma s\u00fcresi":"7 dakika"},"schema":{"@context":"https:\/\/schema.org","@graph":[{"@type":"WebPage","@id":"https:\/\/bellatourism.com\/tr\/mesafeli-satis-sozlesmesi\/","url":"https:\/\/bellatourism.com\/tr\/mesafeli-satis-sozlesmesi\/","name":"Mesafeli Sat\u0131\u015f S\u00f6zle\u015fmesi - Bella Tourism","isPartOf":{"@id":"https:\/\/bellatourism.com\/tr\/#website"},"datePublished":"2023-04-24T09:40:44+00:00","dateModified":"2023-04-24T11:32:58+00:00","breadcrumb":{"@id":"https:\/\/bellatourism.com\/tr\/mesafeli-satis-sozlesmesi\/#breadcrumb"},"inLanguage":"tr","potentialAction":[{"@type":"ReadAction","target":["https:\/\/bellatourism.com\/tr\/mesafeli-satis-sozlesmesi\/"]}]},{"@type":"BreadcrumbList","@id":"https:\/\/bellatourism.com\/tr\/mesafeli-satis-sozlesmesi\/#breadcrumb","itemListElement":[{"@type":"ListItem","position":1,"name":"Home","item":"https:\/\/bellatourism.com\/tr\/"},{"@type":"ListItem","position":2,"name":"Mesafeli Sat\u0131\u015f S\u00f6zle\u015fmesi"}]},{"@type":"WebSite","@id":"https:\/\/bellatourism.com\/tr\/#website","url":"https:\/\/bellatourism.com\/tr\/","name":"Bella Tourism - Health Tourism In Turkey","description":"Bella Tourism","publisher":{"@id":"https:\/\/bellatourism.com\/tr\/#organization"},"potentialAction":[{"@type":"SearchAction","target":{"@type":"EntryPoint","urlTemplate":"https:\/\/bellatourism.com\/tr\/?s={search_term_string}"},"query-input":{"@type":"PropertyValueSpecification","valueRequired":true,"valueName":"search_term_string"}}],"inLanguage":"tr"},{"@type":"Organization","@id":"https:\/\/bellatourism.com\/tr\/#organization","name":"Bella Tourism - Health Tourism In Turkey","url":"https:\/\/bellatourism.com\/tr\/","logo":{"@type":"ImageObject","inLanguage":"tr","@id":"https:\/\/bellatourism.com\/tr\/#\/schema\/logo\/image\/","url":"https:\/\/bellatourism.com\/wp-content\/uploads\/2022\/05\/Bella-Tourism-Logo-Dosyasi-01.png","contentUrl":"https:\/\/bellatourism.com\/wp-content\/uploads\/2022\/05\/Bella-Tourism-Logo-Dosyasi-01.png","width":200,"height":84,"caption":"Bella Tourism - Health Tourism In Turkey"},"image":{"@id":"https:\/\/bellatourism.com\/tr\/#\/schema\/logo\/image\/"},"sameAs":["https:\/\/www.facebook.com\/bellahealthtourism","https:\/\/www.instagram.com\/bellahealthtourism\/","https:\/\/www.linkedin.com\/company\/bella-health-tourism\/"]}]}},"_links":{"self":[{"href":"https:\/\/bellatourism.com\/tr\/wp-json\/wp\/v2\/pages\/32173"}],"collection":[{"href":"https:\/\/bellatourism.com\/tr\/wp-json\/wp\/v2\/pages"}],"about":[{"href":"https:\/\/bellatourism.com\/tr\/wp-json\/wp\/v2\/types\/page"}],"author":[{"embeddable":true,"href":"https:\/\/bellatourism.com\/tr\/wp-json\/wp\/v2\/users\/1"}],"replies":[{"embeddable":true,"href":"https:\/\/bellatourism.com\/tr\/wp-json\/wp\/v2\/comments?post=32173"}],"version-history":[{"count":3,"href":"https:\/\/bellatourism.com\/tr\/wp-json\/wp\/v2\/pages\/32173\/revisions"}],"predecessor-version":[{"id":32176,"href":"https:\/\/bellatourism.com\/tr\/wp-json\/wp\/v2\/pages\/32173\/revisions\/32176"}],"wp:attachment":[{"href":"https:\/\/bellatourism.com\/tr\/wp-json\/wp\/v2\/media?parent=32173"}],"curies":[{"name":"wp","href":"https:\/\/api.w.org\/{rel}","templated":true}]}}