{"id":31518,"date":"2023-03-20T11:53:05","date_gmt":"2023-03-20T11:53:05","guid":{"rendered":"https:\/\/bellatourism.com\/?page_id=31518"},"modified":"2023-03-20T11:57:18","modified_gmt":"2023-03-20T11:57:18","slug":"liposuction","status":"publish","type":"page","link":"https:\/\/bellatourism.com\/tr\/liposuction\/","title":{"rendered":"Liposuction"},"content":{"rendered":"<p><strong>Liposuction basit bir anlat\u0131mla v\u00fccudumuzun belli b\u00f6l\u00fcmlerinde bulunan spor ve diyetle vermeyi ba\u015faramad\u0131\u011f\u0131m\u0131z diren\u00e7li ya\u011flar\u0131n s\u0131v\u0131 ile eritilmesi ve sonras\u0131nda ince kan\u00fcller yard\u0131m\u0131yla v\u00fccuttan \u00e7ekilerek ya\u011flar\u0131n al\u0131nmas\u0131 i\u015flemidir.<\/strong> Liposuction hi\u00e7bir zaman bir kilo verme \/ zay\u0131flama y\u00f6ntemi olmam\u0131\u015ft\u0131r. Liposuction b\u00f6lgesel ya\u011flardan kurtulma \u015feklidir. Liposuction ile v\u00fccuttan al\u0131nabilecek ya\u011f miktar\u0131 3 ila 5 kg ge\u00e7emez. Bu sebeple liposuction yapt\u0131rmak isteyen ki\u015filer mutlaka ideal kilolar\u0131na inmeyi hedeflemeli sonras\u0131nda diyet ve sporla ile veremedi\u011fi ya\u011flar i\u00e7in liposuctiona ba\u015fvurmal\u0131d\u0131r.<\/p>\n<p>Liposuction s\u0131ras\u0131nda cerrah taraf\u0131ndan kan\u00fcl ad\u0131 verilen ince, i\u00e7i bo\u015f bir t\u00fcp istenilen b\u00f6lgeden yap\u0131lan k\u00fc\u00e7\u00fck kesilerden girecektir. Kan\u00fcl kullan\u0131m\u0131 ile fazla ya\u011f h\u00fccreleri emilerek daha p\u00fcr\u00fczs\u00fcz, daha konturlu bir g\u00f6r\u00fcn\u00fcm ortaya \u00e7\u0131kar. Prosed\u00fcr\u00fcn kapsam\u0131, hastan\u0131n lokal veya genel anestezi alt\u0131nda olup olmad\u0131\u011f\u0131n\u0131 belirleyecektir.<\/p>\n<p>Geleneksel liposuction, lazer yard\u0131ml\u0131 liposuction, ultrason yard\u0131ml\u0131 liposuction ve g\u00fc\u00e7 yard\u0131ml\u0131 liposuction mevcut \u00e7e\u015fitli \u00e7e\u015fitlerden sadece birka\u00e7\u0131d\u0131r. Her tekni\u011fin art\u0131lar\u0131 ve eksileri vard\u0131r ve cerrah, hastan\u0131n gereksinimlerine ve hedeflerine g\u00f6re en iyi stratejiyi se\u00e7ecektir.<\/p>\n<p>Liposuction&#8217;\u0131 takip eden haftalarda hasta iyile\u015firken \u015fi\u015flik, morarma ve a\u011fr\u0131 hissedebilir. Ameliyattan sonraki birka\u00e7 hafta boyunca, hastalar\u0131n \u00f6dem kontrol\u00fcne yard\u0131mc\u0131 olmas\u0131 ve iyile\u015fme s\u00fcrecini desteklemesi i\u00e7in bir kompresyon giysisi giymesi gerekecektir. \u00c7o\u011fu hasta bir veya iki hafta i\u00e7inde i\u015fine ve g\u00fcnl\u00fck aktivitelerine d\u00f6nebilir, ancak en iyisi birka\u00e7 hafta a\u015f\u0131r\u0131 egzersizden ka\u00e7\u0131nmakt\u0131r.<\/p>\n<p>Tedavinin etkilerini s\u00fcrd\u00fcrmek i\u00e7in, hastalar\u0131n dengeli bir diyet ve d\u00fczenli egzersiz dahil olmak \u00fczere sa\u011fl\u0131kl\u0131 bir ya\u015fam tarz\u0131 s\u00fcrd\u00fcrmeleri gerekecektir. Fazla ya\u011flar\u0131 gidermek ve v\u00fccut hatlar\u0131n\u0131 iyile\u015ftirmek i\u00e7in etkili bir yakla\u015f\u0131m olsa da, iyi ya\u015faman\u0131n yerine ge\u00e7emez. Herhangi bir cerrahi operasyonda oldu\u011fu gibi, liposuction da kanama, enfeksiyon ve his de\u011fi\u015fiklikleri gibi ek riskler ve potansiyel komplikasyonlar ta\u015f\u0131r. Hastalar, ameliyat\u0131 yapt\u0131rmadan \u00f6nce se\u00e7eneklerini dikkatlice incelemeli ve kalifiye ve yetkin bir cerrah se\u00e7melidir.<\/p>\n","protected":false},"excerpt":{"rendered":"<p>Liposuction basit bir anlat\u0131mla v\u00fccudumuzun belli b\u00f6l\u00fcmlerinde bulunan spor ve diyetle vermeyi ba\u015faramad\u0131\u011f\u0131m\u0131z diren\u00e7li ya\u011flar\u0131n s\u0131v\u0131 ile eritilmesi ve sonras\u0131nda ince kan\u00fcller yard\u0131m\u0131yla v\u00fccuttan \u00e7ekilerek ya\u011flar\u0131n al\u0131nmas\u0131 i\u015flemidir. Liposuction hi\u00e7bir zaman bir kilo verme \/ zay\u0131flama y\u00f6ntemi olmam\u0131\u015ft\u0131r. Liposuction b\u00f6lgesel ya\u011flardan kurtulma \u015feklidir. Liposuction ile v\u00fccuttan al\u0131nabilecek ya\u011f miktar\u0131 3 ila 5 kg ge\u00e7emez. Bu [&hellip;]<\/p>\n","protected":false},"author":1,"featured_media":31436,"parent":0,"menu_order":0,"comment_status":"closed","ping_status":"closed","template":"","meta":{"footnotes":""},"yoast_head":"<!-- This site is optimized with the Yoast SEO plugin v23.5 - https:\/\/yoast.com\/wordpress\/plugins\/seo\/ -->\n<title>Liposuction - Bella Tourism<\/title>\n<meta name=\"description\" content=\"Liposuction basit bir anlat\u0131mla v\u00fccudumuzun belli b\u00f6l\u00fcmlerinde bulunan spor ve diyetle vermeyi ba\u015faramad\u0131\u011f\u0131m\u0131z diren\u00e7li ya\u011flar\u0131n s\u0131v\u0131 ile eritilmesi ve sonras\u0131nda ince kan\u00fcller yard\u0131m\u0131yla v\u00fccuttan \u00e7ekilerek ya\u011flar\u0131n al\u0131nmas\u0131 i\u015flemidir.\" \/>\n<meta name=\"robots\" content=\"index, follow, max-snippet:-1, max-image-preview:large, max-video-preview:-1\" \/>\n<link rel=\"canonical\" href=\"https:\/\/bellatourism.com\/tr\/liposuction\/\" \/>\n<meta property=\"og:locale\" content=\"tr_TR\" \/>\n<meta property=\"og:type\" content=\"article\" \/>\n<meta property=\"og:title\" content=\"Liposuction - Bella Tourism\" \/>\n<meta property=\"og:description\" content=\"Liposuction basit bir anlat\u0131mla v\u00fccudumuzun belli b\u00f6l\u00fcmlerinde bulunan spor ve diyetle vermeyi ba\u015faramad\u0131\u011f\u0131m\u0131z diren\u00e7li ya\u011flar\u0131n s\u0131v\u0131 ile eritilmesi ve sonras\u0131nda ince kan\u00fcller yard\u0131m\u0131yla v\u00fccuttan \u00e7ekilerek ya\u011flar\u0131n al\u0131nmas\u0131 i\u015flemidir.\" \/>\n<meta property=\"og:url\" content=\"https:\/\/bellatourism.com\/tr\/liposuction\/\" \/>\n<meta property=\"og:site_name\" content=\"Bella Tourism\" \/>\n<meta property=\"article:publisher\" content=\"https:\/\/www.facebook.com\/bellahealthtourism\" \/>\n<meta property=\"article:modified_time\" content=\"2023-03-20T11:57:18+00:00\" \/>\n<meta property=\"og:image\" content=\"https:\/\/bellatourism.com\/wp-content\/uploads\/2023\/03\/liposuction-2-scaled.webp\" \/>\n\t<meta property=\"og:image:width\" content=\"2560\" \/>\n\t<meta property=\"og:image:height\" content=\"640\" \/>\n\t<meta property=\"og:image:type\" content=\"image\/webp\" \/>\n<meta name=\"twitter:card\" content=\"summary_large_image\" \/>\n<meta name=\"twitter:label1\" content=\"Tahmini okuma s\u00fcresi\" \/>\n\t<meta name=\"twitter:data1\" content=\"2 dakika\" \/>\n<script type=\"application\/ld+json\" class=\"yoast-schema-graph\">{\"@context\":\"https:\/\/schema.org\",\"@graph\":[{\"@type\":\"WebPage\",\"@id\":\"https:\/\/bellatourism.com\/tr\/liposuction\/\",\"url\":\"https:\/\/bellatourism.com\/tr\/liposuction\/\",\"name\":\"Liposuction - Bella Tourism\",\"isPartOf\":{\"@id\":\"https:\/\/bellatourism.com\/tr\/#website\"},\"primaryImageOfPage\":{\"@id\":\"https:\/\/bellatourism.com\/tr\/liposuction\/#primaryimage\"},\"image\":{\"@id\":\"https:\/\/bellatourism.com\/tr\/liposuction\/#primaryimage\"},\"thumbnailUrl\":\"https:\/\/bellatourism.com\/wp-content\/uploads\/2023\/03\/liposuction-2-scaled.webp\",\"datePublished\":\"2023-03-20T11:53:05+00:00\",\"dateModified\":\"2023-03-20T11:57:18+00:00\",\"description\":\"Liposuction basit bir anlat\u0131mla v\u00fccudumuzun belli b\u00f6l\u00fcmlerinde bulunan spor ve diyetle vermeyi ba\u015faramad\u0131\u011f\u0131m\u0131z diren\u00e7li ya\u011flar\u0131n s\u0131v\u0131 ile eritilmesi ve sonras\u0131nda ince kan\u00fcller yard\u0131m\u0131yla v\u00fccuttan \u00e7ekilerek ya\u011flar\u0131n al\u0131nmas\u0131 i\u015flemidir.\",\"breadcrumb\":{\"@id\":\"https:\/\/bellatourism.com\/tr\/liposuction\/#breadcrumb\"},\"inLanguage\":\"tr\",\"potentialAction\":[{\"@type\":\"ReadAction\",\"target\":[\"https:\/\/bellatourism.com\/tr\/liposuction\/\"]}]},{\"@type\":\"ImageObject\",\"inLanguage\":\"tr\",\"@id\":\"https:\/\/bellatourism.com\/tr\/liposuction\/#primaryimage\",\"url\":\"https:\/\/bellatourism.com\/wp-content\/uploads\/2023\/03\/liposuction-2-scaled.webp\",\"contentUrl\":\"https:\/\/bellatourism.com\/wp-content\/uploads\/2023\/03\/liposuction-2-scaled.webp\",\"width\":2560,\"height\":640,\"caption\":\"Liposuction\"},{\"@type\":\"BreadcrumbList\",\"@id\":\"https:\/\/bellatourism.com\/tr\/liposuction\/#breadcrumb\",\"itemListElement\":[{\"@type\":\"ListItem\",\"position\":1,\"name\":\"Home\",\"item\":\"https:\/\/bellatourism.com\/tr\/\"},{\"@type\":\"ListItem\",\"position\":2,\"name\":\"Liposuction\"}]},{\"@type\":\"WebSite\",\"@id\":\"https:\/\/bellatourism.com\/tr\/#website\",\"url\":\"https:\/\/bellatourism.com\/tr\/\",\"name\":\"Bella Tourism - Health Tourism In Turkey\",\"description\":\"Bella Tourism\",\"publisher\":{\"@id\":\"https:\/\/bellatourism.com\/tr\/#organization\"},\"potentialAction\":[{\"@type\":\"SearchAction\",\"target\":{\"@type\":\"EntryPoint\",\"urlTemplate\":\"https:\/\/bellatourism.com\/tr\/?s={search_term_string}\"},\"query-input\":{\"@type\":\"PropertyValueSpecification\",\"valueRequired\":true,\"valueName\":\"search_term_string\"}}],\"inLanguage\":\"tr\"},{\"@type\":\"Organization\",\"@id\":\"https:\/\/bellatourism.com\/tr\/#organization\",\"name\":\"Bella Tourism - Health Tourism In Turkey\",\"url\":\"https:\/\/bellatourism.com\/tr\/\",\"logo\":{\"@type\":\"ImageObject\",\"inLanguage\":\"tr\",\"@id\":\"https:\/\/bellatourism.com\/tr\/#\/schema\/logo\/image\/\",\"url\":\"https:\/\/bellatourism.com\/wp-content\/uploads\/2022\/05\/Bella-Tourism-Logo-Dosyasi-01.png\",\"contentUrl\":\"https:\/\/bellatourism.com\/wp-content\/uploads\/2022\/05\/Bella-Tourism-Logo-Dosyasi-01.png\",\"width\":200,\"height\":84,\"caption\":\"Bella Tourism - Health Tourism In Turkey\"},\"image\":{\"@id\":\"https:\/\/bellatourism.com\/tr\/#\/schema\/logo\/image\/\"},\"sameAs\":[\"https:\/\/www.facebook.com\/bellahealthtourism\",\"https:\/\/www.instagram.com\/bellahealthtourism\/\",\"https:\/\/www.linkedin.com\/company\/bella-health-tourism\/\"]}]}<\/script>\n<!-- \/ Yoast SEO plugin. -->","yoast_head_json":{"title":"Liposuction - Bella Tourism","description":"Liposuction basit bir anlat\u0131mla v\u00fccudumuzun belli b\u00f6l\u00fcmlerinde bulunan spor ve diyetle vermeyi ba\u015faramad\u0131\u011f\u0131m\u0131z diren\u00e7li ya\u011flar\u0131n s\u0131v\u0131 ile eritilmesi ve sonras\u0131nda ince kan\u00fcller yard\u0131m\u0131yla v\u00fccuttan \u00e7ekilerek ya\u011flar\u0131n al\u0131nmas\u0131 i\u015flemidir.","robots":{"index":"index","follow":"follow","max-snippet":"max-snippet:-1","max-image-preview":"max-image-preview:large","max-video-preview":"max-video-preview:-1"},"canonical":"https:\/\/bellatourism.com\/tr\/liposuction\/","og_locale":"tr_TR","og_type":"article","og_title":"Liposuction - Bella Tourism","og_description":"Liposuction basit bir anlat\u0131mla v\u00fccudumuzun belli b\u00f6l\u00fcmlerinde bulunan spor ve diyetle vermeyi ba\u015faramad\u0131\u011f\u0131m\u0131z diren\u00e7li ya\u011flar\u0131n s\u0131v\u0131 ile eritilmesi ve sonras\u0131nda ince kan\u00fcller yard\u0131m\u0131yla v\u00fccuttan \u00e7ekilerek ya\u011flar\u0131n al\u0131nmas\u0131 i\u015flemidir.","og_url":"https:\/\/bellatourism.com\/tr\/liposuction\/","og_site_name":"Bella Tourism","article_publisher":"https:\/\/www.facebook.com\/bellahealthtourism","article_modified_time":"2023-03-20T11:57:18+00:00","og_image":[{"width":2560,"height":640,"url":"https:\/\/bellatourism.com\/wp-content\/uploads\/2023\/03\/liposuction-2-scaled.webp","type":"image\/webp"}],"twitter_card":"summary_large_image","twitter_misc":{"Tahmini okuma s\u00fcresi":"2 dakika"},"schema":{"@context":"https:\/\/schema.org","@graph":[{"@type":"WebPage","@id":"https:\/\/bellatourism.com\/tr\/liposuction\/","url":"https:\/\/bellatourism.com\/tr\/liposuction\/","name":"Liposuction - Bella Tourism","isPartOf":{"@id":"https:\/\/bellatourism.com\/tr\/#website"},"primaryImageOfPage":{"@id":"https:\/\/bellatourism.com\/tr\/liposuction\/#primaryimage"},"image":{"@id":"https:\/\/bellatourism.com\/tr\/liposuction\/#primaryimage"},"thumbnailUrl":"https:\/\/bellatourism.com\/wp-content\/uploads\/2023\/03\/liposuction-2-scaled.webp","datePublished":"2023-03-20T11:53:05+00:00","dateModified":"2023-03-20T11:57:18+00:00","description":"Liposuction basit bir anlat\u0131mla v\u00fccudumuzun belli b\u00f6l\u00fcmlerinde bulunan spor ve diyetle vermeyi ba\u015faramad\u0131\u011f\u0131m\u0131z diren\u00e7li ya\u011flar\u0131n s\u0131v\u0131 ile eritilmesi ve sonras\u0131nda ince kan\u00fcller yard\u0131m\u0131yla v\u00fccuttan \u00e7ekilerek ya\u011flar\u0131n al\u0131nmas\u0131 i\u015flemidir.","breadcrumb":{"@id":"https:\/\/bellatourism.com\/tr\/liposuction\/#breadcrumb"},"inLanguage":"tr","potentialAction":[{"@type":"ReadAction","target":["https:\/\/bellatourism.com\/tr\/liposuction\/"]}]},{"@type":"ImageObject","inLanguage":"tr","@id":"https:\/\/bellatourism.com\/tr\/liposuction\/#primaryimage","url":"https:\/\/bellatourism.com\/wp-content\/uploads\/2023\/03\/liposuction-2-scaled.webp","contentUrl":"https:\/\/bellatourism.com\/wp-content\/uploads\/2023\/03\/liposuction-2-scaled.webp","width":2560,"height":640,"caption":"Liposuction"},{"@type":"BreadcrumbList","@id":"https:\/\/bellatourism.com\/tr\/liposuction\/#breadcrumb","itemListElement":[{"@type":"ListItem","position":1,"name":"Home","item":"https:\/\/bellatourism.com\/tr\/"},{"@type":"ListItem","position":2,"name":"Liposuction"}]},{"@type":"WebSite","@id":"https:\/\/bellatourism.com\/tr\/#website","url":"https:\/\/bellatourism.com\/tr\/","name":"Bella Tourism - Health Tourism In Turkey","description":"Bella Tourism","publisher":{"@id":"https:\/\/bellatourism.com\/tr\/#organization"},"potentialAction":[{"@type":"SearchAction","target":{"@type":"EntryPoint","urlTemplate":"https:\/\/bellatourism.com\/tr\/?s={search_term_string}"},"query-input":{"@type":"PropertyValueSpecification","valueRequired":true,"valueName":"search_term_string"}}],"inLanguage":"tr"},{"@type":"Organization","@id":"https:\/\/bellatourism.com\/tr\/#organization","name":"Bella Tourism - Health Tourism In Turkey","url":"https:\/\/bellatourism.com\/tr\/","logo":{"@type":"ImageObject","inLanguage":"tr","@id":"https:\/\/bellatourism.com\/tr\/#\/schema\/logo\/image\/","url":"https:\/\/bellatourism.com\/wp-content\/uploads\/2022\/05\/Bella-Tourism-Logo-Dosyasi-01.png","contentUrl":"https:\/\/bellatourism.com\/wp-content\/uploads\/2022\/05\/Bella-Tourism-Logo-Dosyasi-01.png","width":200,"height":84,"caption":"Bella Tourism - Health Tourism In Turkey"},"image":{"@id":"https:\/\/bellatourism.com\/tr\/#\/schema\/logo\/image\/"},"sameAs":["https:\/\/www.facebook.com\/bellahealthtourism","https:\/\/www.instagram.com\/bellahealthtourism\/","https:\/\/www.linkedin.com\/company\/bella-health-tourism\/"]}]}},"_links":{"self":[{"href":"https:\/\/bellatourism.com\/tr\/wp-json\/wp\/v2\/pages\/31518"}],"collection":[{"href":"https:\/\/bellatourism.com\/tr\/wp-json\/wp\/v2\/pages"}],"about":[{"href":"https:\/\/bellatourism.com\/tr\/wp-json\/wp\/v2\/types\/page"}],"author":[{"embeddable":true,"href":"https:\/\/bellatourism.com\/tr\/wp-json\/wp\/v2\/users\/1"}],"replies":[{"embeddable":true,"href":"https:\/\/bellatourism.com\/tr\/wp-json\/wp\/v2\/comments?post=31518"}],"version-history":[{"count":1,"href":"https:\/\/bellatourism.com\/tr\/wp-json\/wp\/v2\/pages\/31518\/revisions"}],"predecessor-version":[{"id":31519,"href":"https:\/\/bellatourism.com\/tr\/wp-json\/wp\/v2\/pages\/31518\/revisions\/31519"}],"wp:featuredmedia":[{"embeddable":true,"href":"https:\/\/bellatourism.com\/tr\/wp-json\/wp\/v2\/media\/31436"}],"wp:attachment":[{"href":"https:\/\/bellatourism.com\/tr\/wp-json\/wp\/v2\/media?parent=31518"}],"curies":[{"name":"wp","href":"https:\/\/api.w.org\/{rel}","templated":true}]}}