{"id":31497,"date":"2023-03-20T11:13:29","date_gmt":"2023-03-20T11:13:29","guid":{"rendered":"https:\/\/bellatourism.com\/?page_id=31497"},"modified":"2023-03-20T11:22:20","modified_gmt":"2023-03-20T11:22:20","slug":"kulak-estetigi-otoplasti","status":"publish","type":"page","link":"https:\/\/bellatourism.com\/tr\/kulak-estetigi-otoplasti\/","title":{"rendered":"Kulak Esteti\u011fi (Otoplasti)"},"content":{"rendered":"<p>Kep\u00e7e kulak \u00f6zellikle erken ya\u015f, okul d\u00f6nemi \u00e7ocuklar\u0131 i\u00e7in akran zorbal\u0131\u011f\u0131yla ilk kar\u015f\u0131la\u015fman\u0131n sebebidir. \u00c7ocukluk d\u00f6nemlerinden itibaren ki\u015finin kulaklar\u0131 sebebiyle dalga konusu edilmesi ileri ya\u015flarda ciddi travmatik etkiler yaratabilir. Kep\u00e7e kulak sendromunu genellikle genetik fakt\u00f6rlerin bir sonucu olsa da kulak k\u0131k\u0131rdaklar\u0131n\u0131n yeterli geli\u015fimi g\u00f6sterememesi ya da zay\u0131f olmas\u0131 sebebiyle \u00f6ne, yana do\u011fru daha a\u00e7\u0131l\u0131 ve sark\u0131k durmas\u0131d\u0131r. 5 ya\u015f itibariyle kulak geli\u015fimi tamamlan\u0131r ve bu ya\u015ftan itibaren ki\u015fi istedi\u011fi zaman kulak esteti\u011fi operasyonuna girebilir. Eri\u015fkin bir insan bu ameliyat\u0131 istedi\u011fi zaman olurken, \u00f6zellikle ailelere bu operasyonu \u00e7ocu\u011fun okul \u00e7a\u011f\u0131ndan \u00f6nce yapt\u0131r\u0131lmas\u0131 \u00f6nerilir.<\/p>\n<p>Kula\u011f\u0131n arkas\u0131ndaki k\u00fc\u00e7\u00fck kesiler genellikle cerrah taraf\u0131ndan altta yatan k\u0131k\u0131rda\u011fa eri\u015fmek i\u00e7in ameliyat s\u0131ras\u0131nda yap\u0131l\u0131r. Daha sonra k\u0131k\u0131rdak, kula\u011fa daha do\u011fal bir kontur vermeye ve belirginli\u011fini azaltmaya yard\u0131mc\u0131 olabilecek \u00e7entikleme veya diki\u015f atma gibi y\u00f6ntemlerle yeniden \u015fekillendirilecektir.<\/p>\n<p>Cerrah, k\u0131k\u0131rdak yeniden \u015fekillendirildikten sonra kula\u011f\u0131 ba\u015fa yakla\u015ft\u0131racak ve iyile\u015firken yerinde tutmak i\u00e7in diki\u015fler veya ba\u015fka aletler kullanabilir. Kesileri kapatmak i\u00e7in cerrahi yap\u0131\u015ft\u0131r\u0131c\u0131 veya diki\u015flerin kullan\u0131lmas\u0131n\u0131n ard\u0131ndan, ba\u015flang\u0131\u00e7ta iyile\u015firken kapal\u0131 kalmas\u0131 i\u00e7in kula\u011f\u0131n \u00fczerine bir bandaj veya pansuman yap\u0131l\u0131r.<\/p>\n<p>Otoplasti iyile\u015fmesi normalde birka\u00e7 hafta s\u00fcrer ve bu s\u00fcre zarf\u0131nda hastan\u0131n a\u011f\u0131r faaliyetlerden ka\u00e7\u0131nmas\u0131 ve kulaklar\u0131n\u0131n \u00e7arpmas\u0131n\u0131 veya yaralanmas\u0131n\u0131 \u00f6nlemek i\u00e7in ekstra \u00f6zen g\u00f6stermesi gerekir. Ameliyattan sonraki ilk birka\u00e7 g\u00fcn bir miktar \u015fi\u015flik ve morarma olmas\u0131 normal olsa da, bu yan etkiler zamanla ge\u00e7er ve hastalar\u0131n \u00e7o\u011fu birka\u00e7 hafta i\u00e7inde normal aktivitelerine d\u00f6nebilir.<\/p>\n<p>Sonu\u00e7 olarak otoplasti, bir\u00e7ok hastan\u0131n daha \u00f6zg\u00fcvenli hissetmesine yard\u0131mc\u0131 olabilir ve \u015fi\u015fkin veya bozuk \u015fekilli kulaklar\u0131n g\u00f6r\u00fcn\u00fcm\u00fcn\u00fc azaltarak ya\u015fam kalitelerini y\u00fckseltebilir. Otoplasti baz\u0131 riskler ve potansiyel dezavantajlar i\u00e7erir, bu nedenle hastalar\u0131n tedaviyi yapt\u0131rmadan \u00f6nce se\u00e7eneklerini dikkatlice tartmalar\u0131 ve kalifiye ve deneyimli bir cerrah se\u00e7meleri \u00e7ok \u00f6nemlidir.<\/p>\n","protected":false},"excerpt":{"rendered":"<p>Kep\u00e7e kulak \u00f6zellikle erken ya\u015f, okul d\u00f6nemi \u00e7ocuklar\u0131 i\u00e7in akran zorbal\u0131\u011f\u0131yla ilk kar\u015f\u0131la\u015fman\u0131n sebebidir. \u00c7ocukluk d\u00f6nemlerinden itibaren ki\u015finin kulaklar\u0131 sebebiyle dalga konusu edilmesi ileri ya\u015flarda ciddi travmatik etkiler yaratabilir. Kep\u00e7e kulak sendromunu genellikle genetik fakt\u00f6rlerin bir sonucu olsa da kulak k\u0131k\u0131rdaklar\u0131n\u0131n yeterli geli\u015fimi g\u00f6sterememesi ya da zay\u0131f olmas\u0131 sebebiyle \u00f6ne, yana do\u011fru daha a\u00e7\u0131l\u0131 ve [&hellip;]<\/p>\n","protected":false},"author":1,"featured_media":31491,"parent":0,"menu_order":0,"comment_status":"closed","ping_status":"closed","template":"","meta":{"footnotes":""},"yoast_head":"<!-- This site is optimized with the Yoast SEO plugin v23.5 - https:\/\/yoast.com\/wordpress\/plugins\/seo\/ -->\n<title>Kulak Esteti\u011fi (Otoplasti) - Bella Tourism<\/title>\n<meta name=\"description\" content=\"5 ya\u015f itibariyle kulak geli\u015fimi tamamlan\u0131r ve bu ya\u015ftan itibaren ki\u015fi istedi\u011fi zaman kulak esteti\u011fi operasyonuna girebilir. Eri\u015fkin bir insan bu ameliyat\u0131 istedi\u011fi zaman olurken, \u00f6zellikle ailelere bu operasyonu \u00e7ocu\u011fun okul \u00e7a\u011f\u0131ndan \u00f6nce yapt\u0131r\u0131lmas\u0131 \u00f6nerilir.\" \/>\n<meta name=\"robots\" content=\"index, follow, max-snippet:-1, max-image-preview:large, max-video-preview:-1\" \/>\n<link rel=\"canonical\" href=\"https:\/\/bellatourism.com\/tr\/kulak-estetigi-otoplasti\/\" \/>\n<meta property=\"og:locale\" content=\"tr_TR\" \/>\n<meta property=\"og:type\" content=\"article\" \/>\n<meta property=\"og:title\" content=\"Kulak Esteti\u011fi (Otoplasti) - Bella Tourism\" \/>\n<meta property=\"og:description\" content=\"5 ya\u015f itibariyle kulak geli\u015fimi tamamlan\u0131r ve bu ya\u015ftan itibaren ki\u015fi istedi\u011fi zaman kulak esteti\u011fi operasyonuna girebilir. Eri\u015fkin bir insan bu ameliyat\u0131 istedi\u011fi zaman olurken, \u00f6zellikle ailelere bu operasyonu \u00e7ocu\u011fun okul \u00e7a\u011f\u0131ndan \u00f6nce yapt\u0131r\u0131lmas\u0131 \u00f6nerilir.\" \/>\n<meta property=\"og:url\" content=\"https:\/\/bellatourism.com\/tr\/kulak-estetigi-otoplasti\/\" \/>\n<meta property=\"og:site_name\" content=\"Bella Tourism\" \/>\n<meta property=\"article:publisher\" content=\"https:\/\/www.facebook.com\/bellahealthtourism\" \/>\n<meta property=\"article:modified_time\" content=\"2023-03-20T11:22:20+00:00\" \/>\n<meta property=\"og:image\" content=\"https:\/\/bellatourism.com\/wp-content\/uploads\/2023\/03\/prominent-ear-surgery.webp\" \/>\n\t<meta property=\"og:image:width\" content=\"1600\" \/>\n\t<meta property=\"og:image:height\" content=\"400\" \/>\n\t<meta property=\"og:image:type\" content=\"image\/webp\" \/>\n<meta name=\"twitter:card\" content=\"summary_large_image\" \/>\n<meta name=\"twitter:label1\" content=\"Tahmini okuma s\u00fcresi\" \/>\n\t<meta name=\"twitter:data1\" content=\"2 dakika\" \/>\n<script type=\"application\/ld+json\" class=\"yoast-schema-graph\">{\"@context\":\"https:\/\/schema.org\",\"@graph\":[{\"@type\":\"WebPage\",\"@id\":\"https:\/\/bellatourism.com\/tr\/kulak-estetigi-otoplasti\/\",\"url\":\"https:\/\/bellatourism.com\/tr\/kulak-estetigi-otoplasti\/\",\"name\":\"Kulak Esteti\u011fi (Otoplasti) - Bella Tourism\",\"isPartOf\":{\"@id\":\"https:\/\/bellatourism.com\/tr\/#website\"},\"primaryImageOfPage\":{\"@id\":\"https:\/\/bellatourism.com\/tr\/kulak-estetigi-otoplasti\/#primaryimage\"},\"image\":{\"@id\":\"https:\/\/bellatourism.com\/tr\/kulak-estetigi-otoplasti\/#primaryimage\"},\"thumbnailUrl\":\"https:\/\/bellatourism.com\/wp-content\/uploads\/2023\/03\/prominent-ear-surgery.webp\",\"datePublished\":\"2023-03-20T11:13:29+00:00\",\"dateModified\":\"2023-03-20T11:22:20+00:00\",\"description\":\"5 ya\u015f itibariyle kulak geli\u015fimi tamamlan\u0131r ve bu ya\u015ftan itibaren ki\u015fi istedi\u011fi zaman kulak esteti\u011fi operasyonuna girebilir. Eri\u015fkin bir insan bu ameliyat\u0131 istedi\u011fi zaman olurken, \u00f6zellikle ailelere bu operasyonu \u00e7ocu\u011fun okul \u00e7a\u011f\u0131ndan \u00f6nce yapt\u0131r\u0131lmas\u0131 \u00f6nerilir.\",\"breadcrumb\":{\"@id\":\"https:\/\/bellatourism.com\/tr\/kulak-estetigi-otoplasti\/#breadcrumb\"},\"inLanguage\":\"tr\",\"potentialAction\":[{\"@type\":\"ReadAction\",\"target\":[\"https:\/\/bellatourism.com\/tr\/kulak-estetigi-otoplasti\/\"]}]},{\"@type\":\"ImageObject\",\"inLanguage\":\"tr\",\"@id\":\"https:\/\/bellatourism.com\/tr\/kulak-estetigi-otoplasti\/#primaryimage\",\"url\":\"https:\/\/bellatourism.com\/wp-content\/uploads\/2023\/03\/prominent-ear-surgery.webp\",\"contentUrl\":\"https:\/\/bellatourism.com\/wp-content\/uploads\/2023\/03\/prominent-ear-surgery.webp\",\"width\":1600,\"height\":400,\"caption\":\"The prominent ear aesthetics\"},{\"@type\":\"BreadcrumbList\",\"@id\":\"https:\/\/bellatourism.com\/tr\/kulak-estetigi-otoplasti\/#breadcrumb\",\"itemListElement\":[{\"@type\":\"ListItem\",\"position\":1,\"name\":\"Home\",\"item\":\"https:\/\/bellatourism.com\/tr\/\"},{\"@type\":\"ListItem\",\"position\":2,\"name\":\"Kulak Esteti\u011fi (Otoplasti)\"}]},{\"@type\":\"WebSite\",\"@id\":\"https:\/\/bellatourism.com\/tr\/#website\",\"url\":\"https:\/\/bellatourism.com\/tr\/\",\"name\":\"Bella Tourism - Health Tourism In Turkey\",\"description\":\"Bella Tourism\",\"publisher\":{\"@id\":\"https:\/\/bellatourism.com\/tr\/#organization\"},\"potentialAction\":[{\"@type\":\"SearchAction\",\"target\":{\"@type\":\"EntryPoint\",\"urlTemplate\":\"https:\/\/bellatourism.com\/tr\/?s={search_term_string}\"},\"query-input\":{\"@type\":\"PropertyValueSpecification\",\"valueRequired\":true,\"valueName\":\"search_term_string\"}}],\"inLanguage\":\"tr\"},{\"@type\":\"Organization\",\"@id\":\"https:\/\/bellatourism.com\/tr\/#organization\",\"name\":\"Bella Tourism - Health Tourism In Turkey\",\"url\":\"https:\/\/bellatourism.com\/tr\/\",\"logo\":{\"@type\":\"ImageObject\",\"inLanguage\":\"tr\",\"@id\":\"https:\/\/bellatourism.com\/tr\/#\/schema\/logo\/image\/\",\"url\":\"https:\/\/bellatourism.com\/wp-content\/uploads\/2022\/05\/Bella-Tourism-Logo-Dosyasi-01.png\",\"contentUrl\":\"https:\/\/bellatourism.com\/wp-content\/uploads\/2022\/05\/Bella-Tourism-Logo-Dosyasi-01.png\",\"width\":200,\"height\":84,\"caption\":\"Bella Tourism - Health Tourism In Turkey\"},\"image\":{\"@id\":\"https:\/\/bellatourism.com\/tr\/#\/schema\/logo\/image\/\"},\"sameAs\":[\"https:\/\/www.facebook.com\/bellahealthtourism\",\"https:\/\/www.instagram.com\/bellahealthtourism\/\",\"https:\/\/www.linkedin.com\/company\/bella-health-tourism\/\"]}]}<\/script>\n<!-- \/ Yoast SEO plugin. -->","yoast_head_json":{"title":"Kulak Esteti\u011fi (Otoplasti) - Bella Tourism","description":"5 ya\u015f itibariyle kulak geli\u015fimi tamamlan\u0131r ve bu ya\u015ftan itibaren ki\u015fi istedi\u011fi zaman kulak esteti\u011fi operasyonuna girebilir. Eri\u015fkin bir insan bu ameliyat\u0131 istedi\u011fi zaman olurken, \u00f6zellikle ailelere bu operasyonu \u00e7ocu\u011fun okul \u00e7a\u011f\u0131ndan \u00f6nce yapt\u0131r\u0131lmas\u0131 \u00f6nerilir.","robots":{"index":"index","follow":"follow","max-snippet":"max-snippet:-1","max-image-preview":"max-image-preview:large","max-video-preview":"max-video-preview:-1"},"canonical":"https:\/\/bellatourism.com\/tr\/kulak-estetigi-otoplasti\/","og_locale":"tr_TR","og_type":"article","og_title":"Kulak Esteti\u011fi (Otoplasti) - Bella Tourism","og_description":"5 ya\u015f itibariyle kulak geli\u015fimi tamamlan\u0131r ve bu ya\u015ftan itibaren ki\u015fi istedi\u011fi zaman kulak esteti\u011fi operasyonuna girebilir. Eri\u015fkin bir insan bu ameliyat\u0131 istedi\u011fi zaman olurken, \u00f6zellikle ailelere bu operasyonu \u00e7ocu\u011fun okul \u00e7a\u011f\u0131ndan \u00f6nce yapt\u0131r\u0131lmas\u0131 \u00f6nerilir.","og_url":"https:\/\/bellatourism.com\/tr\/kulak-estetigi-otoplasti\/","og_site_name":"Bella Tourism","article_publisher":"https:\/\/www.facebook.com\/bellahealthtourism","article_modified_time":"2023-03-20T11:22:20+00:00","og_image":[{"width":1600,"height":400,"url":"https:\/\/bellatourism.com\/wp-content\/uploads\/2023\/03\/prominent-ear-surgery.webp","type":"image\/webp"}],"twitter_card":"summary_large_image","twitter_misc":{"Tahmini okuma s\u00fcresi":"2 dakika"},"schema":{"@context":"https:\/\/schema.org","@graph":[{"@type":"WebPage","@id":"https:\/\/bellatourism.com\/tr\/kulak-estetigi-otoplasti\/","url":"https:\/\/bellatourism.com\/tr\/kulak-estetigi-otoplasti\/","name":"Kulak Esteti\u011fi (Otoplasti) - Bella Tourism","isPartOf":{"@id":"https:\/\/bellatourism.com\/tr\/#website"},"primaryImageOfPage":{"@id":"https:\/\/bellatourism.com\/tr\/kulak-estetigi-otoplasti\/#primaryimage"},"image":{"@id":"https:\/\/bellatourism.com\/tr\/kulak-estetigi-otoplasti\/#primaryimage"},"thumbnailUrl":"https:\/\/bellatourism.com\/wp-content\/uploads\/2023\/03\/prominent-ear-surgery.webp","datePublished":"2023-03-20T11:13:29+00:00","dateModified":"2023-03-20T11:22:20+00:00","description":"5 ya\u015f itibariyle kulak geli\u015fimi tamamlan\u0131r ve bu ya\u015ftan itibaren ki\u015fi istedi\u011fi zaman kulak esteti\u011fi operasyonuna girebilir. Eri\u015fkin bir insan bu ameliyat\u0131 istedi\u011fi zaman olurken, \u00f6zellikle ailelere bu operasyonu \u00e7ocu\u011fun okul \u00e7a\u011f\u0131ndan \u00f6nce yapt\u0131r\u0131lmas\u0131 \u00f6nerilir.","breadcrumb":{"@id":"https:\/\/bellatourism.com\/tr\/kulak-estetigi-otoplasti\/#breadcrumb"},"inLanguage":"tr","potentialAction":[{"@type":"ReadAction","target":["https:\/\/bellatourism.com\/tr\/kulak-estetigi-otoplasti\/"]}]},{"@type":"ImageObject","inLanguage":"tr","@id":"https:\/\/bellatourism.com\/tr\/kulak-estetigi-otoplasti\/#primaryimage","url":"https:\/\/bellatourism.com\/wp-content\/uploads\/2023\/03\/prominent-ear-surgery.webp","contentUrl":"https:\/\/bellatourism.com\/wp-content\/uploads\/2023\/03\/prominent-ear-surgery.webp","width":1600,"height":400,"caption":"The prominent ear aesthetics"},{"@type":"BreadcrumbList","@id":"https:\/\/bellatourism.com\/tr\/kulak-estetigi-otoplasti\/#breadcrumb","itemListElement":[{"@type":"ListItem","position":1,"name":"Home","item":"https:\/\/bellatourism.com\/tr\/"},{"@type":"ListItem","position":2,"name":"Kulak Esteti\u011fi (Otoplasti)"}]},{"@type":"WebSite","@id":"https:\/\/bellatourism.com\/tr\/#website","url":"https:\/\/bellatourism.com\/tr\/","name":"Bella Tourism - Health Tourism In Turkey","description":"Bella Tourism","publisher":{"@id":"https:\/\/bellatourism.com\/tr\/#organization"},"potentialAction":[{"@type":"SearchAction","target":{"@type":"EntryPoint","urlTemplate":"https:\/\/bellatourism.com\/tr\/?s={search_term_string}"},"query-input":{"@type":"PropertyValueSpecification","valueRequired":true,"valueName":"search_term_string"}}],"inLanguage":"tr"},{"@type":"Organization","@id":"https:\/\/bellatourism.com\/tr\/#organization","name":"Bella Tourism - Health Tourism In Turkey","url":"https:\/\/bellatourism.com\/tr\/","logo":{"@type":"ImageObject","inLanguage":"tr","@id":"https:\/\/bellatourism.com\/tr\/#\/schema\/logo\/image\/","url":"https:\/\/bellatourism.com\/wp-content\/uploads\/2022\/05\/Bella-Tourism-Logo-Dosyasi-01.png","contentUrl":"https:\/\/bellatourism.com\/wp-content\/uploads\/2022\/05\/Bella-Tourism-Logo-Dosyasi-01.png","width":200,"height":84,"caption":"Bella Tourism - Health Tourism In Turkey"},"image":{"@id":"https:\/\/bellatourism.com\/tr\/#\/schema\/logo\/image\/"},"sameAs":["https:\/\/www.facebook.com\/bellahealthtourism","https:\/\/www.instagram.com\/bellahealthtourism\/","https:\/\/www.linkedin.com\/company\/bella-health-tourism\/"]}]}},"_links":{"self":[{"href":"https:\/\/bellatourism.com\/tr\/wp-json\/wp\/v2\/pages\/31497"}],"collection":[{"href":"https:\/\/bellatourism.com\/tr\/wp-json\/wp\/v2\/pages"}],"about":[{"href":"https:\/\/bellatourism.com\/tr\/wp-json\/wp\/v2\/types\/page"}],"author":[{"embeddable":true,"href":"https:\/\/bellatourism.com\/tr\/wp-json\/wp\/v2\/users\/1"}],"replies":[{"embeddable":true,"href":"https:\/\/bellatourism.com\/tr\/wp-json\/wp\/v2\/comments?post=31497"}],"version-history":[{"count":1,"href":"https:\/\/bellatourism.com\/tr\/wp-json\/wp\/v2\/pages\/31497\/revisions"}],"predecessor-version":[{"id":31498,"href":"https:\/\/bellatourism.com\/tr\/wp-json\/wp\/v2\/pages\/31497\/revisions\/31498"}],"wp:featuredmedia":[{"embeddable":true,"href":"https:\/\/bellatourism.com\/tr\/wp-json\/wp\/v2\/media\/31491"}],"wp:attachment":[{"href":"https:\/\/bellatourism.com\/tr\/wp-json\/wp\/v2\/media?parent=31497"}],"curies":[{"name":"wp","href":"https:\/\/api.w.org\/{rel}","templated":true}]}}