{"id":31136,"date":"2023-03-19T00:31:01","date_gmt":"2023-03-19T00:31:01","guid":{"rendered":"https:\/\/bellatourism.com\/ilasik-intralase-lasik\/"},"modified":"2023-03-19T00:31:01","modified_gmt":"2023-03-19T00:31:01","slug":"ilasik-intralase-lasik","status":"publish","type":"page","link":"https:\/\/bellatourism.com\/tr\/ilasik-intralase-lasik\/","title":{"rendered":"iLASIK (Intralase LASIK)"},"content":{"rendered":"<p>iLASIK y\u00f6ntemi, hipermetrop, metrop ve astigmat s\u0131k\u0131nt\u0131lar\u0131n\u0131n giderilmesi i\u00e7in kullan\u0131l\u0131r. iLASIK y\u00f6ntemi wavefront ve idesing teknolojisi kullan\u0131larak ki\u015fiye \u00f6zel planlanarak yap\u0131l\u0131r. Wavefront y\u00f6ntemiyle g\u00f6z\u00fcn detayl\u0131 analizi \u00e7\u0131kart\u0131l\u0131r. iDesign teknolojisiyle g\u00f6ze b\u0131\u00e7ak kullanmadan, lazerli tedavi uygulan\u0131r. Operasyon totalde 10 dk s\u00fcrer. Operasyon sonras\u0131 birka\u00e7 g\u00fcn bulan\u0131k g\u00f6rme ya\u015fanabilir. Total iyile\u015fme operasyon sonras\u0131 takribi iki hafta i\u00e7inde ger\u00e7ekle\u015fir.<\/p>\n<p>iLASIK, g\u00f6rme d\u00fczeltme i\u00e7in daha ki\u015fiselle\u015ftirilmi\u015f ve hassas bir tedavi olu\u015fturmak \u00fczere ileri teknolojiyi kullanan bir LASIK prosed\u00fcr\u00fc t\u00fcr\u00fcd\u00fcr. iLASIK iki teknolojiyi birle\u015ftirir: dalga cephesi analizi ve b\u0131\u00e7aks\u0131z lazer teknolojisi.<\/p>\n<p>Wavefront analizi, bir ki\u015finin g\u00f6z\u00fcn\u00fcn benzersiz \u00f6zelliklerini haritalayan bir te\u015fhis teknolojisi t\u00fcr\u00fcd\u00fcr. Bu harita daha sonra iLASIK prosed\u00fcr\u00fc s\u0131ras\u0131nda lazeri y\u00f6nlendirmek i\u00e7in kullan\u0131l\u0131r ve k\u00fc\u00e7\u00fck ve ince g\u00f6rme kusurlar\u0131n\u0131 bile d\u00fczeltebilen daha hassas ve ki\u015fiselle\u015ftirilmi\u015f bir tedaviye olanak tan\u0131r.<\/p>\n<p>LASIK i\u015fleminin ilk ad\u0131m\u0131nda kornea flebi olu\u015fturmak i\u00e7in femtosaniye lazer teknolojisi olarak da bilinen b\u0131\u00e7aks\u0131z lazer teknolojisi kullan\u0131lmaktad\u0131r. Bu teknoloji, komplikasyon riskini azaltan ve tedavinin do\u011frulu\u011funu art\u0131ran hassas ve tek bi\u00e7imli bir flep olu\u015fturmak i\u00e7in bir lazer kullan\u0131r.<\/p>\n<p>iLASIK&#8217;in geleneksel LASIK prosed\u00fcrlerine g\u00f6re bir\u00e7ok avantaj\u0131 vard\u0131r. Dalga cephesi analizinin kullan\u0131lmas\u0131, daha iyi g\u00f6rsel sonu\u00e7lar ve parlama ve haleler gibi daha az yan etki ile sonu\u00e7lanabilecek daha \u00f6zelle\u015ftirilmi\u015f ve hassas bir tedavi sa\u011flar. Ek olarak b\u0131\u00e7aks\u0131z lazer teknolojisinin kullan\u0131lmas\u0131 komplikasyon riskini azalt\u0131r ve prosed\u00fcr\u00fcn g\u00fcvenli\u011fini ve do\u011frulu\u011funu art\u0131r\u0131r.<\/p>\n<p>Genel olarak iLASIK, g\u00f6zl\u00fck veya kontakt lens ba\u011f\u0131ml\u0131l\u0131\u011f\u0131n\u0131 azaltmak isteyen bir\u00e7ok ki\u015fi i\u00e7in g\u00fcvenli ve etkili bir se\u00e7enektir. Ancak, herhangi bir cerrahi prosed\u00fcrde oldu\u011fu gibi, iLASIK&#8217;in ki\u015fisel ihtiya\u00e7lar\u0131n\u0131za uygun bir se\u00e7enek olup olmad\u0131\u011f\u0131n\u0131 belirlemek i\u00e7in kalifiye bir g\u00f6z uzman\u0131na dan\u0131\u015fman\u0131z \u00f6nemlidir.<\/p>\n","protected":false},"excerpt":{"rendered":"<p>iLASIK y\u00f6ntemi, hipermetrop, metrop ve astigmat s\u0131k\u0131nt\u0131lar\u0131n\u0131n giderilmesi i\u00e7in kullan\u0131l\u0131r. iLASIK y\u00f6ntemi wavefront ve idesing teknolojisi kullan\u0131larak ki\u015fiye \u00f6zel planlanarak yap\u0131l\u0131r. Wavefront y\u00f6ntemiyle g\u00f6z\u00fcn detayl\u0131 analizi \u00e7\u0131kart\u0131l\u0131r. iDesign teknolojisiyle g\u00f6ze b\u0131\u00e7ak kullanmadan, lazerli tedavi uygulan\u0131r. Operasyon totalde 10 dk s\u00fcrer. Operasyon sonras\u0131 birka\u00e7 g\u00fcn bulan\u0131k g\u00f6rme ya\u015fanabilir. Total iyile\u015fme operasyon sonras\u0131 takribi iki hafta i\u00e7inde [&hellip;]<\/p>\n","protected":false},"author":1,"featured_media":31132,"parent":0,"menu_order":0,"comment_status":"closed","ping_status":"closed","template":"","meta":{"footnotes":""},"yoast_head":"<!-- This site is optimized with the Yoast SEO plugin v23.5 - https:\/\/yoast.com\/wordpress\/plugins\/seo\/ -->\n<title>iLASIK (Intralase LASIK) - Bella Tourism<\/title>\n<meta name=\"description\" content=\"iLASIK y\u00f6ntemi, hipermetrop, metrop ve astigmat s\u0131k\u0131nt\u0131lar\u0131n\u0131n giderilmesi i\u00e7in kullan\u0131l\u0131r. iLASIK y\u00f6ntemi wavefront ve idesing teknolojisi kullan\u0131larak ki\u015fiye \u00f6zel planlanarak yap\u0131l\u0131r.\" \/>\n<meta name=\"robots\" content=\"index, follow, max-snippet:-1, max-image-preview:large, max-video-preview:-1\" \/>\n<link rel=\"canonical\" href=\"https:\/\/bellatourism.com\/tr\/ilasik-intralase-lasik\/\" \/>\n<meta property=\"og:locale\" content=\"tr_TR\" \/>\n<meta property=\"og:type\" content=\"article\" \/>\n<meta property=\"og:title\" content=\"iLASIK (Intralase LASIK) - Bella Tourism\" \/>\n<meta property=\"og:description\" content=\"iLASIK y\u00f6ntemi, hipermetrop, metrop ve astigmat s\u0131k\u0131nt\u0131lar\u0131n\u0131n giderilmesi i\u00e7in kullan\u0131l\u0131r. iLASIK y\u00f6ntemi wavefront ve idesing teknolojisi kullan\u0131larak ki\u015fiye \u00f6zel planlanarak yap\u0131l\u0131r.\" \/>\n<meta property=\"og:url\" content=\"https:\/\/bellatourism.com\/tr\/ilasik-intralase-lasik\/\" \/>\n<meta property=\"og:site_name\" content=\"Bella Tourism\" \/>\n<meta property=\"article:publisher\" content=\"https:\/\/www.facebook.com\/bellahealthtourism\" \/>\n<meta property=\"og:image\" content=\"https:\/\/bellatourism.com\/wp-content\/uploads\/2023\/03\/ilasik.webp\" \/>\n\t<meta property=\"og:image:width\" content=\"1600\" \/>\n\t<meta property=\"og:image:height\" content=\"400\" \/>\n\t<meta property=\"og:image:type\" content=\"image\/webp\" \/>\n<meta name=\"twitter:card\" content=\"summary_large_image\" \/>\n<meta name=\"twitter:label1\" content=\"Tahmini okuma s\u00fcresi\" \/>\n\t<meta name=\"twitter:data1\" content=\"2 dakika\" \/>\n<script type=\"application\/ld+json\" class=\"yoast-schema-graph\">{\"@context\":\"https:\/\/schema.org\",\"@graph\":[{\"@type\":\"WebPage\",\"@id\":\"https:\/\/bellatourism.com\/tr\/ilasik-intralase-lasik\/\",\"url\":\"https:\/\/bellatourism.com\/tr\/ilasik-intralase-lasik\/\",\"name\":\"iLASIK (Intralase LASIK) - Bella Tourism\",\"isPartOf\":{\"@id\":\"https:\/\/bellatourism.com\/tr\/#website\"},\"primaryImageOfPage\":{\"@id\":\"https:\/\/bellatourism.com\/tr\/ilasik-intralase-lasik\/#primaryimage\"},\"image\":{\"@id\":\"https:\/\/bellatourism.com\/tr\/ilasik-intralase-lasik\/#primaryimage\"},\"thumbnailUrl\":\"https:\/\/bellatourism.com\/wp-content\/uploads\/2023\/03\/ilasik.webp\",\"datePublished\":\"2023-03-19T00:31:01+00:00\",\"dateModified\":\"2023-03-19T00:31:01+00:00\",\"description\":\"iLASIK y\u00f6ntemi, hipermetrop, metrop ve astigmat s\u0131k\u0131nt\u0131lar\u0131n\u0131n giderilmesi i\u00e7in kullan\u0131l\u0131r. iLASIK y\u00f6ntemi wavefront ve idesing teknolojisi kullan\u0131larak ki\u015fiye \u00f6zel planlanarak yap\u0131l\u0131r.\",\"breadcrumb\":{\"@id\":\"https:\/\/bellatourism.com\/tr\/ilasik-intralase-lasik\/#breadcrumb\"},\"inLanguage\":\"tr\",\"potentialAction\":[{\"@type\":\"ReadAction\",\"target\":[\"https:\/\/bellatourism.com\/tr\/ilasik-intralase-lasik\/\"]}]},{\"@type\":\"ImageObject\",\"inLanguage\":\"tr\",\"@id\":\"https:\/\/bellatourism.com\/tr\/ilasik-intralase-lasik\/#primaryimage\",\"url\":\"https:\/\/bellatourism.com\/wp-content\/uploads\/2023\/03\/ilasik.webp\",\"contentUrl\":\"https:\/\/bellatourism.com\/wp-content\/uploads\/2023\/03\/ilasik.webp\",\"width\":1600,\"height\":400,\"caption\":\"iLASIK\"},{\"@type\":\"BreadcrumbList\",\"@id\":\"https:\/\/bellatourism.com\/tr\/ilasik-intralase-lasik\/#breadcrumb\",\"itemListElement\":[{\"@type\":\"ListItem\",\"position\":1,\"name\":\"Home\",\"item\":\"https:\/\/bellatourism.com\/tr\/\"},{\"@type\":\"ListItem\",\"position\":2,\"name\":\"iLASIK (Intralase LASIK)\"}]},{\"@type\":\"WebSite\",\"@id\":\"https:\/\/bellatourism.com\/tr\/#website\",\"url\":\"https:\/\/bellatourism.com\/tr\/\",\"name\":\"Bella Tourism - Health Tourism In Turkey\",\"description\":\"Bella Tourism\",\"publisher\":{\"@id\":\"https:\/\/bellatourism.com\/tr\/#organization\"},\"potentialAction\":[{\"@type\":\"SearchAction\",\"target\":{\"@type\":\"EntryPoint\",\"urlTemplate\":\"https:\/\/bellatourism.com\/tr\/?s={search_term_string}\"},\"query-input\":{\"@type\":\"PropertyValueSpecification\",\"valueRequired\":true,\"valueName\":\"search_term_string\"}}],\"inLanguage\":\"tr\"},{\"@type\":\"Organization\",\"@id\":\"https:\/\/bellatourism.com\/tr\/#organization\",\"name\":\"Bella Tourism - Health Tourism In Turkey\",\"url\":\"https:\/\/bellatourism.com\/tr\/\",\"logo\":{\"@type\":\"ImageObject\",\"inLanguage\":\"tr\",\"@id\":\"https:\/\/bellatourism.com\/tr\/#\/schema\/logo\/image\/\",\"url\":\"https:\/\/bellatourism.com\/wp-content\/uploads\/2022\/05\/Bella-Tourism-Logo-Dosyasi-01.png\",\"contentUrl\":\"https:\/\/bellatourism.com\/wp-content\/uploads\/2022\/05\/Bella-Tourism-Logo-Dosyasi-01.png\",\"width\":200,\"height\":84,\"caption\":\"Bella Tourism - Health Tourism In Turkey\"},\"image\":{\"@id\":\"https:\/\/bellatourism.com\/tr\/#\/schema\/logo\/image\/\"},\"sameAs\":[\"https:\/\/www.facebook.com\/bellahealthtourism\",\"https:\/\/www.instagram.com\/bellahealthtourism\/\",\"https:\/\/www.linkedin.com\/company\/bella-health-tourism\/\"]}]}<\/script>\n<!-- \/ Yoast SEO plugin. -->","yoast_head_json":{"title":"iLASIK (Intralase LASIK) - Bella Tourism","description":"iLASIK y\u00f6ntemi, hipermetrop, metrop ve astigmat s\u0131k\u0131nt\u0131lar\u0131n\u0131n giderilmesi i\u00e7in kullan\u0131l\u0131r. iLASIK y\u00f6ntemi wavefront ve idesing teknolojisi kullan\u0131larak ki\u015fiye \u00f6zel planlanarak yap\u0131l\u0131r.","robots":{"index":"index","follow":"follow","max-snippet":"max-snippet:-1","max-image-preview":"max-image-preview:large","max-video-preview":"max-video-preview:-1"},"canonical":"https:\/\/bellatourism.com\/tr\/ilasik-intralase-lasik\/","og_locale":"tr_TR","og_type":"article","og_title":"iLASIK (Intralase LASIK) - Bella Tourism","og_description":"iLASIK y\u00f6ntemi, hipermetrop, metrop ve astigmat s\u0131k\u0131nt\u0131lar\u0131n\u0131n giderilmesi i\u00e7in kullan\u0131l\u0131r. iLASIK y\u00f6ntemi wavefront ve idesing teknolojisi kullan\u0131larak ki\u015fiye \u00f6zel planlanarak yap\u0131l\u0131r.","og_url":"https:\/\/bellatourism.com\/tr\/ilasik-intralase-lasik\/","og_site_name":"Bella Tourism","article_publisher":"https:\/\/www.facebook.com\/bellahealthtourism","og_image":[{"width":1600,"height":400,"url":"https:\/\/bellatourism.com\/wp-content\/uploads\/2023\/03\/ilasik.webp","type":"image\/webp"}],"twitter_card":"summary_large_image","twitter_misc":{"Tahmini okuma s\u00fcresi":"2 dakika"},"schema":{"@context":"https:\/\/schema.org","@graph":[{"@type":"WebPage","@id":"https:\/\/bellatourism.com\/tr\/ilasik-intralase-lasik\/","url":"https:\/\/bellatourism.com\/tr\/ilasik-intralase-lasik\/","name":"iLASIK (Intralase LASIK) - Bella Tourism","isPartOf":{"@id":"https:\/\/bellatourism.com\/tr\/#website"},"primaryImageOfPage":{"@id":"https:\/\/bellatourism.com\/tr\/ilasik-intralase-lasik\/#primaryimage"},"image":{"@id":"https:\/\/bellatourism.com\/tr\/ilasik-intralase-lasik\/#primaryimage"},"thumbnailUrl":"https:\/\/bellatourism.com\/wp-content\/uploads\/2023\/03\/ilasik.webp","datePublished":"2023-03-19T00:31:01+00:00","dateModified":"2023-03-19T00:31:01+00:00","description":"iLASIK y\u00f6ntemi, hipermetrop, metrop ve astigmat s\u0131k\u0131nt\u0131lar\u0131n\u0131n giderilmesi i\u00e7in kullan\u0131l\u0131r. iLASIK y\u00f6ntemi wavefront ve idesing teknolojisi kullan\u0131larak ki\u015fiye \u00f6zel planlanarak yap\u0131l\u0131r.","breadcrumb":{"@id":"https:\/\/bellatourism.com\/tr\/ilasik-intralase-lasik\/#breadcrumb"},"inLanguage":"tr","potentialAction":[{"@type":"ReadAction","target":["https:\/\/bellatourism.com\/tr\/ilasik-intralase-lasik\/"]}]},{"@type":"ImageObject","inLanguage":"tr","@id":"https:\/\/bellatourism.com\/tr\/ilasik-intralase-lasik\/#primaryimage","url":"https:\/\/bellatourism.com\/wp-content\/uploads\/2023\/03\/ilasik.webp","contentUrl":"https:\/\/bellatourism.com\/wp-content\/uploads\/2023\/03\/ilasik.webp","width":1600,"height":400,"caption":"iLASIK"},{"@type":"BreadcrumbList","@id":"https:\/\/bellatourism.com\/tr\/ilasik-intralase-lasik\/#breadcrumb","itemListElement":[{"@type":"ListItem","position":1,"name":"Home","item":"https:\/\/bellatourism.com\/tr\/"},{"@type":"ListItem","position":2,"name":"iLASIK (Intralase LASIK)"}]},{"@type":"WebSite","@id":"https:\/\/bellatourism.com\/tr\/#website","url":"https:\/\/bellatourism.com\/tr\/","name":"Bella Tourism - Health Tourism In Turkey","description":"Bella Tourism","publisher":{"@id":"https:\/\/bellatourism.com\/tr\/#organization"},"potentialAction":[{"@type":"SearchAction","target":{"@type":"EntryPoint","urlTemplate":"https:\/\/bellatourism.com\/tr\/?s={search_term_string}"},"query-input":{"@type":"PropertyValueSpecification","valueRequired":true,"valueName":"search_term_string"}}],"inLanguage":"tr"},{"@type":"Organization","@id":"https:\/\/bellatourism.com\/tr\/#organization","name":"Bella Tourism - Health Tourism In Turkey","url":"https:\/\/bellatourism.com\/tr\/","logo":{"@type":"ImageObject","inLanguage":"tr","@id":"https:\/\/bellatourism.com\/tr\/#\/schema\/logo\/image\/","url":"https:\/\/bellatourism.com\/wp-content\/uploads\/2022\/05\/Bella-Tourism-Logo-Dosyasi-01.png","contentUrl":"https:\/\/bellatourism.com\/wp-content\/uploads\/2022\/05\/Bella-Tourism-Logo-Dosyasi-01.png","width":200,"height":84,"caption":"Bella Tourism - Health Tourism In Turkey"},"image":{"@id":"https:\/\/bellatourism.com\/tr\/#\/schema\/logo\/image\/"},"sameAs":["https:\/\/www.facebook.com\/bellahealthtourism","https:\/\/www.instagram.com\/bellahealthtourism\/","https:\/\/www.linkedin.com\/company\/bella-health-tourism\/"]}]}},"_links":{"self":[{"href":"https:\/\/bellatourism.com\/tr\/wp-json\/wp\/v2\/pages\/31136"}],"collection":[{"href":"https:\/\/bellatourism.com\/tr\/wp-json\/wp\/v2\/pages"}],"about":[{"href":"https:\/\/bellatourism.com\/tr\/wp-json\/wp\/v2\/types\/page"}],"author":[{"embeddable":true,"href":"https:\/\/bellatourism.com\/tr\/wp-json\/wp\/v2\/users\/1"}],"replies":[{"embeddable":true,"href":"https:\/\/bellatourism.com\/tr\/wp-json\/wp\/v2\/comments?post=31136"}],"version-history":[{"count":0,"href":"https:\/\/bellatourism.com\/tr\/wp-json\/wp\/v2\/pages\/31136\/revisions"}],"wp:featuredmedia":[{"embeddable":true,"href":"https:\/\/bellatourism.com\/tr\/wp-json\/wp\/v2\/media\/31132"}],"wp:attachment":[{"href":"https:\/\/bellatourism.com\/tr\/wp-json\/wp\/v2\/media?parent=31136"}],"curies":[{"name":"wp","href":"https:\/\/api.w.org\/{rel}","templated":true}]}}