{"id":31127,"date":"2023-03-19T00:20:47","date_gmt":"2023-03-19T00:20:47","guid":{"rendered":"https:\/\/bellatourism.com\/lasik-excima-lazer\/"},"modified":"2023-03-19T00:20:47","modified_gmt":"2023-03-19T00:20:47","slug":"lasik-excima-lazer","status":"publish","type":"page","link":"https:\/\/bellatourism.com\/tr\/lasik-excima-lazer\/","title":{"rendered":"Lasik (Excima Lazer)"},"content":{"rendered":"<p>LASIK y\u00f6ntemi, hipermetrop ve miyop s\u0131k\u0131nt\u0131lar\u0131n\u0131n giderilmesi i\u00e7in kullan\u0131l\u0131r. Korneadan kald\u0131r\u0131lan bir kapak\u00e7\u0131\u011f\u0131n (korneal flep) geriye al\u0131narak, alt\u0131nda kalan dokuya excimer lazer \u0131\u015f\u0131n\u0131 verilmesi i\u015flemidir. \u0130\u015flem, anestezik damla yard\u0131m\u0131yla yap\u0131lmaktad\u0131r. Operasyon ge\u00e7iren ki\u015fi herhangi bir a\u011fr\u0131\/ac\u0131 hissetmez. Operasyon sonras\u0131 takriben 3\/4 g\u00fcn i\u00e7inde hasta g\u00f6rme i\u015flevleri d\u00fczelmeye ba\u015flar.<\/p>\n<p>LASIK (Laser-Assisted in Situ Keratomileusis) ile, g\u00f6r\u00fc\u015f\u00fc iyile\u015ftirmek ve g\u00f6zl\u00fck veya kontakt lens ihtiyac\u0131n\u0131 azaltmak veya ortadan kald\u0131rmak i\u00e7in g\u00f6z\u00fcn korneas\u0131 bir lazer kullan\u0131larak yeniden \u015fekillendirilir. Astigmat, miyop, uza\u011f\u0131 g\u00f6rememe gibi bir\u00e7ok g\u00f6rme sorunu LASIK ile tedavi edilebilir.<\/p>\n<p>LASIK ameliyat\u0131ndan \u00f6nce hastan\u0131n g\u00f6z\u00fcn\u00fc uyu\u015fturmak i\u00e7in anestezik damlalar kullan\u0131l\u0131r ve korneada k\u00fc\u00e7\u00fck, dairesel bir flep olu\u015fturmak i\u00e7in bir mikrokeratom veya femtosaniye lazer kullan\u0131l\u0131r. Flep geri katland\u0131ktan sonra, az miktarda kornea dokusunu \u00e7\u0131karmak, korneay\u0131 yeniden \u015fekillendirmek ve g\u00f6rme sorununu gidermek i\u00e7in bir excimer lazer kullan\u0131l\u0131r. Daha sonra flep, diki\u015fe ihtiya\u00e7 duymadan yap\u0131\u015ft\u0131\u011f\u0131 tedavi edilen b\u00f6lge \u00fczerine dikkatlice yeniden uygulan\u0131r.<\/p>\n<p>Ayaktan LASIK i\u00e7in ortalama s\u00fcre her g\u00f6z i\u00e7in 30 dakikadan azd\u0131r. Tedaviyi takiben, hastalar genellikle birka\u00e7 g\u00fcn i\u00e7inde \u00e7ok az rahats\u0131zl\u0131k veya iyile\u015fme s\u00fcresi ile daha iyi g\u00f6rme fark ederler.<\/p>\n<p>G\u00f6zl\u00fck veya kontakt lenslere olan ba\u011f\u0131ml\u0131l\u0131\u011f\u0131n\u0131 azaltmak isteyen bir\u00e7ok ki\u015fi i\u00e7in LASIK g\u00fcvenli ve pratik bir se\u00e7imdir. Herkes i\u00e7in uygun de\u011fildir, bu nedenle uzman bir g\u00f6z doktoru her hastan\u0131n ihtiya\u00e7lar\u0131n\u0131 ayr\u0131 ayr\u0131 de\u011ferlendirmeli ve en iyi eylem plan\u0131 i\u00e7in bir \u00f6neride bulunmal\u0131d\u0131r. Ancak LASIK cerrahi bir i\u015flem oldu\u011fu i\u00e7in g\u00f6rme kayb\u0131, kama\u015fma, g\u00f6z kurulu\u011fu gibi yapt\u0131rmadan \u00f6nce dikkatle incelenmesi gereken baz\u0131 tehlikeler vard\u0131r.<\/p>\n","protected":false},"excerpt":{"rendered":"<p>LASIK y\u00f6ntemi, hipermetrop ve miyop s\u0131k\u0131nt\u0131lar\u0131n\u0131n giderilmesi i\u00e7in kullan\u0131l\u0131r. Korneadan kald\u0131r\u0131lan bir kapak\u00e7\u0131\u011f\u0131n (korneal flep) geriye al\u0131narak, alt\u0131nda kalan dokuya excimer lazer \u0131\u015f\u0131n\u0131 verilmesi i\u015flemidir. \u0130\u015flem, anestezik damla yard\u0131m\u0131yla yap\u0131lmaktad\u0131r. Operasyon ge\u00e7iren ki\u015fi herhangi bir a\u011fr\u0131\/ac\u0131 hissetmez. Operasyon sonras\u0131 takriben 3\/4 g\u00fcn i\u00e7inde hasta g\u00f6rme i\u015flevleri d\u00fczelmeye ba\u015flar. LASIK (Laser-Assisted in Situ Keratomileusis) ile, g\u00f6r\u00fc\u015f\u00fc [&hellip;]<\/p>\n","protected":false},"author":1,"featured_media":31123,"parent":0,"menu_order":0,"comment_status":"closed","ping_status":"closed","template":"","meta":{"footnotes":""},"yoast_head":"<!-- This site is optimized with the Yoast SEO plugin v23.5 - https:\/\/yoast.com\/wordpress\/plugins\/seo\/ -->\n<title>Lasik (Excima Lazer) - Bella Tourism<\/title>\n<meta name=\"description\" content=\"LASIK y\u00f6ntemi, hipermetrop ve miyop s\u0131k\u0131nt\u0131lar\u0131n\u0131n giderilmesi i\u00e7in kullan\u0131l\u0131r. Korneadan kald\u0131r\u0131lan bir kapak\u00e7\u0131\u011f\u0131n (korneal flep) geriye al\u0131narak, alt\u0131nda kalan dokuya excimer lazer \u0131\u015f\u0131n\u0131 verilmesi i\u015flemidir.\" \/>\n<meta name=\"robots\" content=\"index, follow, max-snippet:-1, max-image-preview:large, max-video-preview:-1\" \/>\n<link rel=\"canonical\" href=\"https:\/\/bellatourism.com\/tr\/lasik-excima-lazer\/\" \/>\n<meta property=\"og:locale\" content=\"tr_TR\" \/>\n<meta property=\"og:type\" content=\"article\" \/>\n<meta property=\"og:title\" content=\"Lasik (Excima Lazer) - Bella Tourism\" \/>\n<meta property=\"og:description\" content=\"LASIK y\u00f6ntemi, hipermetrop ve miyop s\u0131k\u0131nt\u0131lar\u0131n\u0131n giderilmesi i\u00e7in kullan\u0131l\u0131r. Korneadan kald\u0131r\u0131lan bir kapak\u00e7\u0131\u011f\u0131n (korneal flep) geriye al\u0131narak, alt\u0131nda kalan dokuya excimer lazer \u0131\u015f\u0131n\u0131 verilmesi i\u015flemidir.\" \/>\n<meta property=\"og:url\" content=\"https:\/\/bellatourism.com\/tr\/lasik-excima-lazer\/\" \/>\n<meta property=\"og:site_name\" content=\"Bella Tourism\" \/>\n<meta property=\"article:publisher\" content=\"https:\/\/www.facebook.com\/bellahealthtourism\" \/>\n<meta property=\"og:image\" content=\"https:\/\/bellatourism.com\/wp-content\/uploads\/2023\/03\/lasik.webp\" \/>\n\t<meta property=\"og:image:width\" content=\"1600\" \/>\n\t<meta property=\"og:image:height\" content=\"400\" \/>\n\t<meta property=\"og:image:type\" content=\"image\/webp\" \/>\n<meta name=\"twitter:card\" content=\"summary_large_image\" \/>\n<meta name=\"twitter:label1\" content=\"Tahmini okuma s\u00fcresi\" \/>\n\t<meta name=\"twitter:data1\" content=\"2 dakika\" \/>\n<script type=\"application\/ld+json\" class=\"yoast-schema-graph\">{\"@context\":\"https:\/\/schema.org\",\"@graph\":[{\"@type\":\"WebPage\",\"@id\":\"https:\/\/bellatourism.com\/tr\/lasik-excima-lazer\/\",\"url\":\"https:\/\/bellatourism.com\/tr\/lasik-excima-lazer\/\",\"name\":\"Lasik (Excima Lazer) - Bella Tourism\",\"isPartOf\":{\"@id\":\"https:\/\/bellatourism.com\/tr\/#website\"},\"primaryImageOfPage\":{\"@id\":\"https:\/\/bellatourism.com\/tr\/lasik-excima-lazer\/#primaryimage\"},\"image\":{\"@id\":\"https:\/\/bellatourism.com\/tr\/lasik-excima-lazer\/#primaryimage\"},\"thumbnailUrl\":\"https:\/\/bellatourism.com\/wp-content\/uploads\/2023\/03\/lasik.webp\",\"datePublished\":\"2023-03-19T00:20:47+00:00\",\"dateModified\":\"2023-03-19T00:20:47+00:00\",\"description\":\"LASIK y\u00f6ntemi, hipermetrop ve miyop s\u0131k\u0131nt\u0131lar\u0131n\u0131n giderilmesi i\u00e7in kullan\u0131l\u0131r. Korneadan kald\u0131r\u0131lan bir kapak\u00e7\u0131\u011f\u0131n (korneal flep) geriye al\u0131narak, alt\u0131nda kalan dokuya excimer lazer \u0131\u015f\u0131n\u0131 verilmesi i\u015flemidir.\",\"breadcrumb\":{\"@id\":\"https:\/\/bellatourism.com\/tr\/lasik-excima-lazer\/#breadcrumb\"},\"inLanguage\":\"tr\",\"potentialAction\":[{\"@type\":\"ReadAction\",\"target\":[\"https:\/\/bellatourism.com\/tr\/lasik-excima-lazer\/\"]}]},{\"@type\":\"ImageObject\",\"inLanguage\":\"tr\",\"@id\":\"https:\/\/bellatourism.com\/tr\/lasik-excima-lazer\/#primaryimage\",\"url\":\"https:\/\/bellatourism.com\/wp-content\/uploads\/2023\/03\/lasik.webp\",\"contentUrl\":\"https:\/\/bellatourism.com\/wp-content\/uploads\/2023\/03\/lasik.webp\",\"width\":1600,\"height\":400,\"caption\":\"Lasik (\"},{\"@type\":\"BreadcrumbList\",\"@id\":\"https:\/\/bellatourism.com\/tr\/lasik-excima-lazer\/#breadcrumb\",\"itemListElement\":[{\"@type\":\"ListItem\",\"position\":1,\"name\":\"Home\",\"item\":\"https:\/\/bellatourism.com\/tr\/\"},{\"@type\":\"ListItem\",\"position\":2,\"name\":\"Lasik (Excima Lazer)\"}]},{\"@type\":\"WebSite\",\"@id\":\"https:\/\/bellatourism.com\/tr\/#website\",\"url\":\"https:\/\/bellatourism.com\/tr\/\",\"name\":\"Bella Tourism - Health Tourism In Turkey\",\"description\":\"Bella Tourism\",\"publisher\":{\"@id\":\"https:\/\/bellatourism.com\/tr\/#organization\"},\"potentialAction\":[{\"@type\":\"SearchAction\",\"target\":{\"@type\":\"EntryPoint\",\"urlTemplate\":\"https:\/\/bellatourism.com\/tr\/?s={search_term_string}\"},\"query-input\":{\"@type\":\"PropertyValueSpecification\",\"valueRequired\":true,\"valueName\":\"search_term_string\"}}],\"inLanguage\":\"tr\"},{\"@type\":\"Organization\",\"@id\":\"https:\/\/bellatourism.com\/tr\/#organization\",\"name\":\"Bella Tourism - Health Tourism In Turkey\",\"url\":\"https:\/\/bellatourism.com\/tr\/\",\"logo\":{\"@type\":\"ImageObject\",\"inLanguage\":\"tr\",\"@id\":\"https:\/\/bellatourism.com\/tr\/#\/schema\/logo\/image\/\",\"url\":\"https:\/\/bellatourism.com\/wp-content\/uploads\/2022\/05\/Bella-Tourism-Logo-Dosyasi-01.png\",\"contentUrl\":\"https:\/\/bellatourism.com\/wp-content\/uploads\/2022\/05\/Bella-Tourism-Logo-Dosyasi-01.png\",\"width\":200,\"height\":84,\"caption\":\"Bella Tourism - Health Tourism In Turkey\"},\"image\":{\"@id\":\"https:\/\/bellatourism.com\/tr\/#\/schema\/logo\/image\/\"},\"sameAs\":[\"https:\/\/www.facebook.com\/bellahealthtourism\",\"https:\/\/www.instagram.com\/bellahealthtourism\/\",\"https:\/\/www.linkedin.com\/company\/bella-health-tourism\/\"]}]}<\/script>\n<!-- \/ Yoast SEO plugin. -->","yoast_head_json":{"title":"Lasik (Excima Lazer) - Bella Tourism","description":"LASIK y\u00f6ntemi, hipermetrop ve miyop s\u0131k\u0131nt\u0131lar\u0131n\u0131n giderilmesi i\u00e7in kullan\u0131l\u0131r. Korneadan kald\u0131r\u0131lan bir kapak\u00e7\u0131\u011f\u0131n (korneal flep) geriye al\u0131narak, alt\u0131nda kalan dokuya excimer lazer \u0131\u015f\u0131n\u0131 verilmesi i\u015flemidir.","robots":{"index":"index","follow":"follow","max-snippet":"max-snippet:-1","max-image-preview":"max-image-preview:large","max-video-preview":"max-video-preview:-1"},"canonical":"https:\/\/bellatourism.com\/tr\/lasik-excima-lazer\/","og_locale":"tr_TR","og_type":"article","og_title":"Lasik (Excima Lazer) - Bella Tourism","og_description":"LASIK y\u00f6ntemi, hipermetrop ve miyop s\u0131k\u0131nt\u0131lar\u0131n\u0131n giderilmesi i\u00e7in kullan\u0131l\u0131r. Korneadan kald\u0131r\u0131lan bir kapak\u00e7\u0131\u011f\u0131n (korneal flep) geriye al\u0131narak, alt\u0131nda kalan dokuya excimer lazer \u0131\u015f\u0131n\u0131 verilmesi i\u015flemidir.","og_url":"https:\/\/bellatourism.com\/tr\/lasik-excima-lazer\/","og_site_name":"Bella Tourism","article_publisher":"https:\/\/www.facebook.com\/bellahealthtourism","og_image":[{"width":1600,"height":400,"url":"https:\/\/bellatourism.com\/wp-content\/uploads\/2023\/03\/lasik.webp","type":"image\/webp"}],"twitter_card":"summary_large_image","twitter_misc":{"Tahmini okuma s\u00fcresi":"2 dakika"},"schema":{"@context":"https:\/\/schema.org","@graph":[{"@type":"WebPage","@id":"https:\/\/bellatourism.com\/tr\/lasik-excima-lazer\/","url":"https:\/\/bellatourism.com\/tr\/lasik-excima-lazer\/","name":"Lasik (Excima Lazer) - Bella Tourism","isPartOf":{"@id":"https:\/\/bellatourism.com\/tr\/#website"},"primaryImageOfPage":{"@id":"https:\/\/bellatourism.com\/tr\/lasik-excima-lazer\/#primaryimage"},"image":{"@id":"https:\/\/bellatourism.com\/tr\/lasik-excima-lazer\/#primaryimage"},"thumbnailUrl":"https:\/\/bellatourism.com\/wp-content\/uploads\/2023\/03\/lasik.webp","datePublished":"2023-03-19T00:20:47+00:00","dateModified":"2023-03-19T00:20:47+00:00","description":"LASIK y\u00f6ntemi, hipermetrop ve miyop s\u0131k\u0131nt\u0131lar\u0131n\u0131n giderilmesi i\u00e7in kullan\u0131l\u0131r. Korneadan kald\u0131r\u0131lan bir kapak\u00e7\u0131\u011f\u0131n (korneal flep) geriye al\u0131narak, alt\u0131nda kalan dokuya excimer lazer \u0131\u015f\u0131n\u0131 verilmesi i\u015flemidir.","breadcrumb":{"@id":"https:\/\/bellatourism.com\/tr\/lasik-excima-lazer\/#breadcrumb"},"inLanguage":"tr","potentialAction":[{"@type":"ReadAction","target":["https:\/\/bellatourism.com\/tr\/lasik-excima-lazer\/"]}]},{"@type":"ImageObject","inLanguage":"tr","@id":"https:\/\/bellatourism.com\/tr\/lasik-excima-lazer\/#primaryimage","url":"https:\/\/bellatourism.com\/wp-content\/uploads\/2023\/03\/lasik.webp","contentUrl":"https:\/\/bellatourism.com\/wp-content\/uploads\/2023\/03\/lasik.webp","width":1600,"height":400,"caption":"Lasik ("},{"@type":"BreadcrumbList","@id":"https:\/\/bellatourism.com\/tr\/lasik-excima-lazer\/#breadcrumb","itemListElement":[{"@type":"ListItem","position":1,"name":"Home","item":"https:\/\/bellatourism.com\/tr\/"},{"@type":"ListItem","position":2,"name":"Lasik (Excima Lazer)"}]},{"@type":"WebSite","@id":"https:\/\/bellatourism.com\/tr\/#website","url":"https:\/\/bellatourism.com\/tr\/","name":"Bella Tourism - Health Tourism In Turkey","description":"Bella Tourism","publisher":{"@id":"https:\/\/bellatourism.com\/tr\/#organization"},"potentialAction":[{"@type":"SearchAction","target":{"@type":"EntryPoint","urlTemplate":"https:\/\/bellatourism.com\/tr\/?s={search_term_string}"},"query-input":{"@type":"PropertyValueSpecification","valueRequired":true,"valueName":"search_term_string"}}],"inLanguage":"tr"},{"@type":"Organization","@id":"https:\/\/bellatourism.com\/tr\/#organization","name":"Bella Tourism - Health Tourism In Turkey","url":"https:\/\/bellatourism.com\/tr\/","logo":{"@type":"ImageObject","inLanguage":"tr","@id":"https:\/\/bellatourism.com\/tr\/#\/schema\/logo\/image\/","url":"https:\/\/bellatourism.com\/wp-content\/uploads\/2022\/05\/Bella-Tourism-Logo-Dosyasi-01.png","contentUrl":"https:\/\/bellatourism.com\/wp-content\/uploads\/2022\/05\/Bella-Tourism-Logo-Dosyasi-01.png","width":200,"height":84,"caption":"Bella Tourism - Health Tourism In Turkey"},"image":{"@id":"https:\/\/bellatourism.com\/tr\/#\/schema\/logo\/image\/"},"sameAs":["https:\/\/www.facebook.com\/bellahealthtourism","https:\/\/www.instagram.com\/bellahealthtourism\/","https:\/\/www.linkedin.com\/company\/bella-health-tourism\/"]}]}},"_links":{"self":[{"href":"https:\/\/bellatourism.com\/tr\/wp-json\/wp\/v2\/pages\/31127"}],"collection":[{"href":"https:\/\/bellatourism.com\/tr\/wp-json\/wp\/v2\/pages"}],"about":[{"href":"https:\/\/bellatourism.com\/tr\/wp-json\/wp\/v2\/types\/page"}],"author":[{"embeddable":true,"href":"https:\/\/bellatourism.com\/tr\/wp-json\/wp\/v2\/users\/1"}],"replies":[{"embeddable":true,"href":"https:\/\/bellatourism.com\/tr\/wp-json\/wp\/v2\/comments?post=31127"}],"version-history":[{"count":0,"href":"https:\/\/bellatourism.com\/tr\/wp-json\/wp\/v2\/pages\/31127\/revisions"}],"wp:featuredmedia":[{"embeddable":true,"href":"https:\/\/bellatourism.com\/tr\/wp-json\/wp\/v2\/media\/31123"}],"wp:attachment":[{"href":"https:\/\/bellatourism.com\/tr\/wp-json\/wp\/v2\/media?parent=31127"}],"curies":[{"name":"wp","href":"https:\/\/api.w.org\/{rel}","templated":true}]}}