{"id":31118,"date":"2023-03-18T23:58:01","date_gmt":"2023-03-18T23:58:01","guid":{"rendered":"https:\/\/bellatourism.com\/no-touch-lazer\/"},"modified":"2023-03-18T23:58:01","modified_gmt":"2023-03-18T23:58:01","slug":"no-touch-lazer","status":"publish","type":"page","link":"https:\/\/bellatourism.com\/tr\/no-touch-lazer\/","title":{"rendered":"No Touch Lazer"},"content":{"rendered":"<p>No Touch Lazer i\u015flemi bir ameliyat i\u015flemi de\u011fildir. \u0130\u015flem g\u00f6ze temas etmeden yap\u0131l\u0131r. Uza\u011f\u0131 ve yak\u0131n\u0131 g\u00f6rme problemi ya\u015fayan ki\u015filere uygulan\u0131r. G\u00f6z, anestezik damla yard\u0131m\u0131yla uyu\u015fturulur ve g\u00f6ze kesi yap\u0131lmadan dakikalar i\u00e7inde i\u015flem tamamlan\u0131r.<\/p>\n<p>Retina y\u0131rt\u0131klar\u0131, retina delikleri ve kafes dejenerasyonu gibi baz\u0131 g\u00f6z problemleri i\u00e7in, temass\u0131z lazer yakla\u015f\u0131m\u0131 daha az invaziv bir lazer tedavisi sa\u011flar. Operasyon i\u00e7in, g\u00f6z\u00fcn etkilenen b\u00f6lgesine hassas, d\u00fc\u015f\u00fck enerjili \u0131\u015f\u0131k darbeleri g\u00f6nderen \u00f6zel bir lazer kullan\u0131l\u0131r.<\/p>\n<p>Tedavi boyunca hastan\u0131n g\u00f6z\u00fcn\u00fc uyu\u015fturmak i\u00e7in lokal anestezik kullan\u0131l\u0131rken, lazer \u0131\u015f\u0131n\u0131n\u0131n odaklanmas\u0131na yard\u0131mc\u0131 olmak i\u00e7in hastan\u0131n g\u00f6z\u00fcne \u00f6zelle\u015ftirilmi\u015f bir kontakt lens yerle\u015ftirilir. Daha sonra y\u0131rt\u0131k veya delik kapat\u0131l\u0131r ve hasarl\u0131 b\u00f6lgenin kenarlar\u0131nda k\u00fc\u00e7\u00fck, noktasal yan\u0131klar olu\u015fturmak i\u00e7in lazer kullan\u0131larak yay\u0131lmas\u0131 \u00f6nlenir. Lazer hassas ve d\u00fczenli bir \u015fekilde kullan\u0131ld\u0131\u011f\u0131 i\u00e7in operasyon s\u0131ras\u0131nda hastan\u0131n herhangi bir a\u011fr\u0131 ve rahats\u0131zl\u0131k duymamas\u0131 gerekir.<\/p>\n<p>Temass\u0131z lazer yakla\u015f\u0131m\u0131n\u0131n herhangi bir kesi veya enjeksiyon i\u00e7ermemesi, herhangi bir enfeksiyon veya yara izi olas\u0131l\u0131\u011f\u0131n\u0131 ortadan kald\u0131r\u0131r. Bu, ana avantajlar\u0131ndan biridir. Ayr\u0131ca ayaktan tedavi ortam\u0131nda tedavi h\u0131zl\u0131 ve kolay bir \u015fekilde tamamlanabilmekte ve hastalar\u0131n b\u00fcy\u00fck bir \u00e7o\u011funlu\u011fu normal aktivitelerine hemen d\u00f6nebilmektedir.<\/p>\n<p>Genel olarak, temass\u0131z lazer yakla\u015f\u0131m\u0131, birka\u00e7 g\u00f6z problemi i\u00e7in g\u00fcvenli ve etkili bir tedavi se\u00e7ene\u011fidir ve hastalar, \u00e7ok az veya hi\u00e7 kesi gerektirmedi\u011fi ve h\u0131zl\u0131 bir \u015fekilde iyile\u015fti\u011fi i\u00e7in s\u0131kl\u0131kla bunu tercih eder. T\u00fcm g\u00f6z problemlerinin bu y\u00f6ntemle tedavi edilemeyece\u011fini ak\u0131lda tutmak \u00e7ok \u00f6nemlidir, bu nedenle yetenekli bir g\u00f6z uzman\u0131 hastan\u0131n spesifik ihtiya\u00e7lar\u0131n\u0131 de\u011ferlendirmeli ve en iyi hareket tarz\u0131n\u0131 \u00f6nermelidir.<\/p>\n","protected":false},"excerpt":{"rendered":"<p>No Touch Lazer i\u015flemi bir ameliyat i\u015flemi de\u011fildir. \u0130\u015flem g\u00f6ze temas etmeden yap\u0131l\u0131r. Uza\u011f\u0131 ve yak\u0131n\u0131 g\u00f6rme problemi ya\u015fayan ki\u015filere uygulan\u0131r. G\u00f6z, anestezik damla yard\u0131m\u0131yla uyu\u015fturulur ve g\u00f6ze kesi yap\u0131lmadan dakikalar i\u00e7inde i\u015flem tamamlan\u0131r. Retina y\u0131rt\u0131klar\u0131, retina delikleri ve kafes dejenerasyonu gibi baz\u0131 g\u00f6z problemleri i\u00e7in, temass\u0131z lazer yakla\u015f\u0131m\u0131 daha az invaziv bir lazer tedavisi [&hellip;]<\/p>\n","protected":false},"author":1,"featured_media":31115,"parent":0,"menu_order":0,"comment_status":"closed","ping_status":"closed","template":"","meta":{"footnotes":""},"yoast_head":"<!-- This site is optimized with the Yoast SEO plugin v23.5 - https:\/\/yoast.com\/wordpress\/plugins\/seo\/ -->\n<title>No Touch Lazer - Bella Tourism<\/title>\n<meta name=\"description\" content=\"No Touch Lazer i\u015flemi bir ameliyat i\u015flemi de\u011fildir. \u0130\u015flem g\u00f6ze temas etmeden yap\u0131l\u0131r. Uza\u011f\u0131 ve yak\u0131n\u0131 g\u00f6rme problemi ya\u015fayan ki\u015filere uygulan\u0131r.\" \/>\n<meta name=\"robots\" content=\"index, follow, max-snippet:-1, max-image-preview:large, max-video-preview:-1\" \/>\n<link rel=\"canonical\" href=\"https:\/\/bellatourism.com\/tr\/no-touch-lazer\/\" \/>\n<meta property=\"og:locale\" content=\"tr_TR\" \/>\n<meta property=\"og:type\" content=\"article\" \/>\n<meta property=\"og:title\" content=\"No Touch Lazer - Bella Tourism\" \/>\n<meta property=\"og:description\" content=\"No Touch Lazer i\u015flemi bir ameliyat i\u015flemi de\u011fildir. \u0130\u015flem g\u00f6ze temas etmeden yap\u0131l\u0131r. Uza\u011f\u0131 ve yak\u0131n\u0131 g\u00f6rme problemi ya\u015fayan ki\u015filere uygulan\u0131r.\" \/>\n<meta property=\"og:url\" content=\"https:\/\/bellatourism.com\/tr\/no-touch-lazer\/\" \/>\n<meta property=\"og:site_name\" content=\"Bella Tourism\" \/>\n<meta property=\"article:publisher\" content=\"https:\/\/www.facebook.com\/bellahealthtourism\" \/>\n<meta property=\"og:image\" content=\"https:\/\/bellatourism.com\/wp-content\/uploads\/2023\/03\/no-touch-laser.webp\" \/>\n\t<meta property=\"og:image:width\" content=\"1600\" \/>\n\t<meta property=\"og:image:height\" content=\"400\" \/>\n\t<meta property=\"og:image:type\" content=\"image\/webp\" \/>\n<meta name=\"twitter:card\" content=\"summary_large_image\" \/>\n<meta name=\"twitter:label1\" content=\"Tahmini okuma s\u00fcresi\" \/>\n\t<meta name=\"twitter:data1\" content=\"2 dakika\" \/>\n<script type=\"application\/ld+json\" class=\"yoast-schema-graph\">{\"@context\":\"https:\/\/schema.org\",\"@graph\":[{\"@type\":\"WebPage\",\"@id\":\"https:\/\/bellatourism.com\/tr\/no-touch-lazer\/\",\"url\":\"https:\/\/bellatourism.com\/tr\/no-touch-lazer\/\",\"name\":\"No Touch Lazer - Bella Tourism\",\"isPartOf\":{\"@id\":\"https:\/\/bellatourism.com\/tr\/#website\"},\"primaryImageOfPage\":{\"@id\":\"https:\/\/bellatourism.com\/tr\/no-touch-lazer\/#primaryimage\"},\"image\":{\"@id\":\"https:\/\/bellatourism.com\/tr\/no-touch-lazer\/#primaryimage\"},\"thumbnailUrl\":\"https:\/\/bellatourism.com\/wp-content\/uploads\/2023\/03\/no-touch-laser.webp\",\"datePublished\":\"2023-03-18T23:58:01+00:00\",\"dateModified\":\"2023-03-18T23:58:01+00:00\",\"description\":\"No Touch Lazer i\u015flemi bir ameliyat i\u015flemi de\u011fildir. \u0130\u015flem g\u00f6ze temas etmeden yap\u0131l\u0131r. Uza\u011f\u0131 ve yak\u0131n\u0131 g\u00f6rme problemi ya\u015fayan ki\u015filere uygulan\u0131r.\",\"breadcrumb\":{\"@id\":\"https:\/\/bellatourism.com\/tr\/no-touch-lazer\/#breadcrumb\"},\"inLanguage\":\"tr\",\"potentialAction\":[{\"@type\":\"ReadAction\",\"target\":[\"https:\/\/bellatourism.com\/tr\/no-touch-lazer\/\"]}]},{\"@type\":\"ImageObject\",\"inLanguage\":\"tr\",\"@id\":\"https:\/\/bellatourism.com\/tr\/no-touch-lazer\/#primaryimage\",\"url\":\"https:\/\/bellatourism.com\/wp-content\/uploads\/2023\/03\/no-touch-laser.webp\",\"contentUrl\":\"https:\/\/bellatourism.com\/wp-content\/uploads\/2023\/03\/no-touch-laser.webp\",\"width\":1600,\"height\":400,\"caption\":\"No Touch Laser\"},{\"@type\":\"BreadcrumbList\",\"@id\":\"https:\/\/bellatourism.com\/tr\/no-touch-lazer\/#breadcrumb\",\"itemListElement\":[{\"@type\":\"ListItem\",\"position\":1,\"name\":\"Home\",\"item\":\"https:\/\/bellatourism.com\/tr\/\"},{\"@type\":\"ListItem\",\"position\":2,\"name\":\"No Touch Lazer\"}]},{\"@type\":\"WebSite\",\"@id\":\"https:\/\/bellatourism.com\/tr\/#website\",\"url\":\"https:\/\/bellatourism.com\/tr\/\",\"name\":\"Bella Tourism - Health Tourism In Turkey\",\"description\":\"Bella Tourism\",\"publisher\":{\"@id\":\"https:\/\/bellatourism.com\/tr\/#organization\"},\"potentialAction\":[{\"@type\":\"SearchAction\",\"target\":{\"@type\":\"EntryPoint\",\"urlTemplate\":\"https:\/\/bellatourism.com\/tr\/?s={search_term_string}\"},\"query-input\":{\"@type\":\"PropertyValueSpecification\",\"valueRequired\":true,\"valueName\":\"search_term_string\"}}],\"inLanguage\":\"tr\"},{\"@type\":\"Organization\",\"@id\":\"https:\/\/bellatourism.com\/tr\/#organization\",\"name\":\"Bella Tourism - Health Tourism In Turkey\",\"url\":\"https:\/\/bellatourism.com\/tr\/\",\"logo\":{\"@type\":\"ImageObject\",\"inLanguage\":\"tr\",\"@id\":\"https:\/\/bellatourism.com\/tr\/#\/schema\/logo\/image\/\",\"url\":\"https:\/\/bellatourism.com\/wp-content\/uploads\/2022\/05\/Bella-Tourism-Logo-Dosyasi-01.png\",\"contentUrl\":\"https:\/\/bellatourism.com\/wp-content\/uploads\/2022\/05\/Bella-Tourism-Logo-Dosyasi-01.png\",\"width\":200,\"height\":84,\"caption\":\"Bella Tourism - Health Tourism In Turkey\"},\"image\":{\"@id\":\"https:\/\/bellatourism.com\/tr\/#\/schema\/logo\/image\/\"},\"sameAs\":[\"https:\/\/www.facebook.com\/bellahealthtourism\",\"https:\/\/www.instagram.com\/bellahealthtourism\/\",\"https:\/\/www.linkedin.com\/company\/bella-health-tourism\/\"]}]}<\/script>\n<!-- \/ Yoast SEO plugin. -->","yoast_head_json":{"title":"No Touch Lazer - Bella Tourism","description":"No Touch Lazer i\u015flemi bir ameliyat i\u015flemi de\u011fildir. \u0130\u015flem g\u00f6ze temas etmeden yap\u0131l\u0131r. Uza\u011f\u0131 ve yak\u0131n\u0131 g\u00f6rme problemi ya\u015fayan ki\u015filere uygulan\u0131r.","robots":{"index":"index","follow":"follow","max-snippet":"max-snippet:-1","max-image-preview":"max-image-preview:large","max-video-preview":"max-video-preview:-1"},"canonical":"https:\/\/bellatourism.com\/tr\/no-touch-lazer\/","og_locale":"tr_TR","og_type":"article","og_title":"No Touch Lazer - Bella Tourism","og_description":"No Touch Lazer i\u015flemi bir ameliyat i\u015flemi de\u011fildir. \u0130\u015flem g\u00f6ze temas etmeden yap\u0131l\u0131r. Uza\u011f\u0131 ve yak\u0131n\u0131 g\u00f6rme problemi ya\u015fayan ki\u015filere uygulan\u0131r.","og_url":"https:\/\/bellatourism.com\/tr\/no-touch-lazer\/","og_site_name":"Bella Tourism","article_publisher":"https:\/\/www.facebook.com\/bellahealthtourism","og_image":[{"width":1600,"height":400,"url":"https:\/\/bellatourism.com\/wp-content\/uploads\/2023\/03\/no-touch-laser.webp","type":"image\/webp"}],"twitter_card":"summary_large_image","twitter_misc":{"Tahmini okuma s\u00fcresi":"2 dakika"},"schema":{"@context":"https:\/\/schema.org","@graph":[{"@type":"WebPage","@id":"https:\/\/bellatourism.com\/tr\/no-touch-lazer\/","url":"https:\/\/bellatourism.com\/tr\/no-touch-lazer\/","name":"No Touch Lazer - Bella Tourism","isPartOf":{"@id":"https:\/\/bellatourism.com\/tr\/#website"},"primaryImageOfPage":{"@id":"https:\/\/bellatourism.com\/tr\/no-touch-lazer\/#primaryimage"},"image":{"@id":"https:\/\/bellatourism.com\/tr\/no-touch-lazer\/#primaryimage"},"thumbnailUrl":"https:\/\/bellatourism.com\/wp-content\/uploads\/2023\/03\/no-touch-laser.webp","datePublished":"2023-03-18T23:58:01+00:00","dateModified":"2023-03-18T23:58:01+00:00","description":"No Touch Lazer i\u015flemi bir ameliyat i\u015flemi de\u011fildir. \u0130\u015flem g\u00f6ze temas etmeden yap\u0131l\u0131r. Uza\u011f\u0131 ve yak\u0131n\u0131 g\u00f6rme problemi ya\u015fayan ki\u015filere uygulan\u0131r.","breadcrumb":{"@id":"https:\/\/bellatourism.com\/tr\/no-touch-lazer\/#breadcrumb"},"inLanguage":"tr","potentialAction":[{"@type":"ReadAction","target":["https:\/\/bellatourism.com\/tr\/no-touch-lazer\/"]}]},{"@type":"ImageObject","inLanguage":"tr","@id":"https:\/\/bellatourism.com\/tr\/no-touch-lazer\/#primaryimage","url":"https:\/\/bellatourism.com\/wp-content\/uploads\/2023\/03\/no-touch-laser.webp","contentUrl":"https:\/\/bellatourism.com\/wp-content\/uploads\/2023\/03\/no-touch-laser.webp","width":1600,"height":400,"caption":"No Touch Laser"},{"@type":"BreadcrumbList","@id":"https:\/\/bellatourism.com\/tr\/no-touch-lazer\/#breadcrumb","itemListElement":[{"@type":"ListItem","position":1,"name":"Home","item":"https:\/\/bellatourism.com\/tr\/"},{"@type":"ListItem","position":2,"name":"No Touch Lazer"}]},{"@type":"WebSite","@id":"https:\/\/bellatourism.com\/tr\/#website","url":"https:\/\/bellatourism.com\/tr\/","name":"Bella Tourism - Health Tourism In Turkey","description":"Bella Tourism","publisher":{"@id":"https:\/\/bellatourism.com\/tr\/#organization"},"potentialAction":[{"@type":"SearchAction","target":{"@type":"EntryPoint","urlTemplate":"https:\/\/bellatourism.com\/tr\/?s={search_term_string}"},"query-input":{"@type":"PropertyValueSpecification","valueRequired":true,"valueName":"search_term_string"}}],"inLanguage":"tr"},{"@type":"Organization","@id":"https:\/\/bellatourism.com\/tr\/#organization","name":"Bella Tourism - Health Tourism In Turkey","url":"https:\/\/bellatourism.com\/tr\/","logo":{"@type":"ImageObject","inLanguage":"tr","@id":"https:\/\/bellatourism.com\/tr\/#\/schema\/logo\/image\/","url":"https:\/\/bellatourism.com\/wp-content\/uploads\/2022\/05\/Bella-Tourism-Logo-Dosyasi-01.png","contentUrl":"https:\/\/bellatourism.com\/wp-content\/uploads\/2022\/05\/Bella-Tourism-Logo-Dosyasi-01.png","width":200,"height":84,"caption":"Bella Tourism - Health Tourism In Turkey"},"image":{"@id":"https:\/\/bellatourism.com\/tr\/#\/schema\/logo\/image\/"},"sameAs":["https:\/\/www.facebook.com\/bellahealthtourism","https:\/\/www.instagram.com\/bellahealthtourism\/","https:\/\/www.linkedin.com\/company\/bella-health-tourism\/"]}]}},"_links":{"self":[{"href":"https:\/\/bellatourism.com\/tr\/wp-json\/wp\/v2\/pages\/31118"}],"collection":[{"href":"https:\/\/bellatourism.com\/tr\/wp-json\/wp\/v2\/pages"}],"about":[{"href":"https:\/\/bellatourism.com\/tr\/wp-json\/wp\/v2\/types\/page"}],"author":[{"embeddable":true,"href":"https:\/\/bellatourism.com\/tr\/wp-json\/wp\/v2\/users\/1"}],"replies":[{"embeddable":true,"href":"https:\/\/bellatourism.com\/tr\/wp-json\/wp\/v2\/comments?post=31118"}],"version-history":[{"count":0,"href":"https:\/\/bellatourism.com\/tr\/wp-json\/wp\/v2\/pages\/31118\/revisions"}],"wp:featuredmedia":[{"embeddable":true,"href":"https:\/\/bellatourism.com\/tr\/wp-json\/wp\/v2\/media\/31115"}],"wp:attachment":[{"href":"https:\/\/bellatourism.com\/tr\/wp-json\/wp\/v2\/media?parent=31118"}],"curies":[{"name":"wp","href":"https:\/\/api.w.org\/{rel}","templated":true}]}}