{"id":31105,"date":"2023-03-18T23:47:50","date_gmt":"2023-03-18T23:47:50","guid":{"rendered":"https:\/\/bellatourism.com\/dis-implanti\/"},"modified":"2023-03-20T15:50:28","modified_gmt":"2023-03-20T15:50:28","slug":"dis-implanti","status":"publish","type":"page","link":"https:\/\/bellatourism.com\/tr\/dis-implanti\/","title":{"rendered":"Di\u015f \u0130mplant\u0131"},"content":{"rendered":"<p>Di\u015f implant\u0131, di\u015f kayb\u0131n\u0131n yerine konan, titanyum bir vida yard\u0131m\u0131yla di\u015f etlerine yerle\u015ftirilen bir di\u015f protezi i\u015flemidir. Di\u015f implant\u0131, di\u015fli protezler (kendi di\u015finizin \u00fcst\u00fcne uygulanan protezler) gibi g\u00f6r\u00fcn\u00fcr ve \u00e7al\u0131\u015f\u0131r, ancak di\u015fli protezlere g\u00f6re daha kal\u0131c\u0131 ve dayan\u0131kl\u0131d\u0131r.<\/p>\n<p>Di\u015f implantlar\u0131, di\u015f kayb\u0131 nedeniyle olu\u015fan bo\u015flu\u011fu doldurmak, di\u015fli protezlerin d\u00fc\u015fmesini veya kaymas\u0131n\u0131 \u00f6nlemek, di\u015f etlerinin bozulmas\u0131n\u0131 engellemek ve ayn\u0131 zamanda di\u015fli protezlere g\u00f6re daha kal\u0131c\u0131 ve dayan\u0131kl\u0131 bir di\u015f yap\u0131s\u0131 sunmak i\u00e7in tercih edilmektedir.<\/p>\n<p>Implant uygulamas\u0131 birka\u00e7 a\u015famadan olu\u015fur ve hastan\u0131n yap\u0131s\u0131 da g\u00f6z \u00f6n\u00fcnde bulundurularak bir tedavi s\u00fcreci planlan\u0131r.<\/p>\n<p>Implant uygulamas\u0131 i\u00e7in \u00f6ncelikle, panoramik r\u00f6ntgen ve 3d di\u015f tomografileri \u00e7ekilerek ki\u015finin \u0131mplant tedavisine uygun olup olmad\u0131\u011f\u0131na karar verilir. Uygun bulunan hastalar i\u00e7in ilk a\u015fama olan, \u0131mplant yerle\u015ftirme i\u015flemi ba\u015flar. Bu i\u015flemin s\u00fcresi hastaya ka\u00e7 adet \u0131mplant yap\u0131laca\u011f\u0131na g\u00f6re de\u011fi\u015fmekle beraber her \u0131mplant i\u015flemi i\u00e7in ortalama s\u00fcre 30 dkd\u0131r. \u0130\u015flem tercihe g\u00f6re lokal veya genel anestezi ile yap\u0131labilir. A\u011fr\u0131s\u0131z ve ac\u0131s\u0131z bir s\u00fcre\u00e7tir. Yerle\u015fen \u0131mplantlar\u0131n v\u00fccuda kabul\u00fc\/ reaksiyon vermesi 7-10 g\u00fcnl\u00fck bir s\u00fcre\u00e7tir bu s\u00fcrenin sonunda ve ileride ger\u00e7ekle\u015fecek herhangi bir reaksiyon s\u00f6z konusu de\u011fildir.<\/p>\n<p>Implantlar\u0131n yerle\u015fmesinden sonra bekleme s\u00fcreci ba\u015flamaktad\u0131r. Implantlar\u0131n \u00fczerine yerle\u015fecek protezler i\u00e7in \u0131mplantlar\u0131n yerle\u015ftirilen alanda tamamen kaynamas\u0131 gerekmektedir. Bu s\u00fcre hastan\u0131n yap\u0131s\u0131na g\u00f6re de\u011fi\u015fmekle beraber ortalama 2-4 ayl\u0131k bir s\u00fcreyi kapsar. Bekleme s\u00fcrecinde \u0131mplant \u00fcst\u00fcne yerle\u015fecek protezler i\u00e7in gerekli \u00f6l\u00e7\u00fcler al\u0131n\u0131r ve protezler haz\u0131rlanmaya, olu\u015fturulmaya ba\u015flan\u0131l\u0131r. Bu a\u015famada size en uygun ve estetik sonucun ortaya \u00e7\u0131kmas\u0131 i\u00e7in birka\u00e7 defa prova edilmesi gerekecektir.<\/p>\n<p>Bekleme ve haz\u0131rl\u0131k s\u00fcrecinin bitimiyle haz\u0131rlanan protezler, \u0131mplantlar \u00fczerine yerle\u015ftirilir ve art\u0131k hasta \u00f6m\u00fcr boyu rahat\u00e7a kullanabilece\u011fi di\u015flerine kavu\u015fmu\u015f olur.<\/p>\n","protected":false},"excerpt":{"rendered":"<p>Di\u015f implant\u0131, di\u015f kayb\u0131n\u0131n yerine konan, titanyum bir vida yard\u0131m\u0131yla di\u015f etlerine yerle\u015ftirilen bir di\u015f protezi i\u015flemidir. Di\u015f implant\u0131, di\u015fli protezler (kendi di\u015finizin \u00fcst\u00fcne uygulanan protezler) gibi g\u00f6r\u00fcn\u00fcr ve \u00e7al\u0131\u015f\u0131r, ancak di\u015fli protezlere g\u00f6re daha kal\u0131c\u0131 ve dayan\u0131kl\u0131d\u0131r. Di\u015f implantlar\u0131, di\u015f kayb\u0131 nedeniyle olu\u015fan bo\u015flu\u011fu doldurmak, di\u015fli protezlerin d\u00fc\u015fmesini veya kaymas\u0131n\u0131 \u00f6nlemek, di\u015f etlerinin bozulmas\u0131n\u0131 [&hellip;]<\/p>\n","protected":false},"author":1,"featured_media":31030,"parent":0,"menu_order":0,"comment_status":"closed","ping_status":"closed","template":"","meta":{"footnotes":""},"yoast_head":"<!-- This site is optimized with the Yoast SEO plugin v23.5 - https:\/\/yoast.com\/wordpress\/plugins\/seo\/ -->\n<title>Di\u015f \u0130mplant\u0131 - Bella Tourism<\/title>\n<meta name=\"description\" content=\"Di\u015f implant\u0131, di\u015f kayb\u0131n\u0131n yerine konan, titanyum bir vida yard\u0131m\u0131yla di\u015f etlerine yerle\u015ftirilen bir di\u015f protezi i\u015flemidir.\" \/>\n<meta name=\"robots\" content=\"index, follow, max-snippet:-1, max-image-preview:large, max-video-preview:-1\" \/>\n<link rel=\"canonical\" href=\"https:\/\/bellatourism.com\/tr\/dis-implanti\/\" \/>\n<meta property=\"og:locale\" content=\"tr_TR\" \/>\n<meta property=\"og:type\" content=\"article\" \/>\n<meta property=\"og:title\" content=\"Di\u015f \u0130mplant\u0131 - Bella Tourism\" \/>\n<meta property=\"og:description\" content=\"Di\u015f implant\u0131, di\u015f kayb\u0131n\u0131n yerine konan, titanyum bir vida yard\u0131m\u0131yla di\u015f etlerine yerle\u015ftirilen bir di\u015f protezi i\u015flemidir.\" \/>\n<meta property=\"og:url\" content=\"https:\/\/bellatourism.com\/tr\/dis-implanti\/\" \/>\n<meta property=\"og:site_name\" content=\"Bella Tourism\" \/>\n<meta property=\"article:publisher\" content=\"https:\/\/www.facebook.com\/bellahealthtourism\" \/>\n<meta property=\"article:modified_time\" content=\"2023-03-20T15:50:28+00:00\" \/>\n<meta property=\"og:image\" content=\"https:\/\/bellatourism.com\/wp-content\/uploads\/2023\/03\/implant.webp\" \/>\n\t<meta property=\"og:image:width\" content=\"1600\" \/>\n\t<meta property=\"og:image:height\" content=\"400\" \/>\n\t<meta property=\"og:image:type\" content=\"image\/webp\" \/>\n<meta name=\"twitter:card\" content=\"summary_large_image\" \/>\n<meta name=\"twitter:label1\" content=\"Tahmini okuma s\u00fcresi\" \/>\n\t<meta name=\"twitter:data1\" content=\"2 dakika\" \/>\n<script type=\"application\/ld+json\" class=\"yoast-schema-graph\">{\"@context\":\"https:\/\/schema.org\",\"@graph\":[{\"@type\":\"WebPage\",\"@id\":\"https:\/\/bellatourism.com\/tr\/dis-implanti\/\",\"url\":\"https:\/\/bellatourism.com\/tr\/dis-implanti\/\",\"name\":\"Di\u015f \u0130mplant\u0131 - Bella Tourism\",\"isPartOf\":{\"@id\":\"https:\/\/bellatourism.com\/tr\/#website\"},\"primaryImageOfPage\":{\"@id\":\"https:\/\/bellatourism.com\/tr\/dis-implanti\/#primaryimage\"},\"image\":{\"@id\":\"https:\/\/bellatourism.com\/tr\/dis-implanti\/#primaryimage\"},\"thumbnailUrl\":\"https:\/\/bellatourism.com\/wp-content\/uploads\/2023\/03\/implant.webp\",\"datePublished\":\"2023-03-18T23:47:50+00:00\",\"dateModified\":\"2023-03-20T15:50:28+00:00\",\"description\":\"Di\u015f implant\u0131, di\u015f kayb\u0131n\u0131n yerine konan, titanyum bir vida yard\u0131m\u0131yla di\u015f etlerine yerle\u015ftirilen bir di\u015f protezi i\u015flemidir.\",\"breadcrumb\":{\"@id\":\"https:\/\/bellatourism.com\/tr\/dis-implanti\/#breadcrumb\"},\"inLanguage\":\"tr\",\"potentialAction\":[{\"@type\":\"ReadAction\",\"target\":[\"https:\/\/bellatourism.com\/tr\/dis-implanti\/\"]}]},{\"@type\":\"ImageObject\",\"inLanguage\":\"tr\",\"@id\":\"https:\/\/bellatourism.com\/tr\/dis-implanti\/#primaryimage\",\"url\":\"https:\/\/bellatourism.com\/wp-content\/uploads\/2023\/03\/implant.webp\",\"contentUrl\":\"https:\/\/bellatourism.com\/wp-content\/uploads\/2023\/03\/implant.webp\",\"width\":1600,\"height\":400,\"caption\":\"Dental Implant\"},{\"@type\":\"BreadcrumbList\",\"@id\":\"https:\/\/bellatourism.com\/tr\/dis-implanti\/#breadcrumb\",\"itemListElement\":[{\"@type\":\"ListItem\",\"position\":1,\"name\":\"Home\",\"item\":\"https:\/\/bellatourism.com\/tr\/\"},{\"@type\":\"ListItem\",\"position\":2,\"name\":\"Di\u015f \u0130mplant\u0131\"}]},{\"@type\":\"WebSite\",\"@id\":\"https:\/\/bellatourism.com\/tr\/#website\",\"url\":\"https:\/\/bellatourism.com\/tr\/\",\"name\":\"Bella Tourism - Health Tourism In Turkey\",\"description\":\"Bella Tourism\",\"publisher\":{\"@id\":\"https:\/\/bellatourism.com\/tr\/#organization\"},\"potentialAction\":[{\"@type\":\"SearchAction\",\"target\":{\"@type\":\"EntryPoint\",\"urlTemplate\":\"https:\/\/bellatourism.com\/tr\/?s={search_term_string}\"},\"query-input\":{\"@type\":\"PropertyValueSpecification\",\"valueRequired\":true,\"valueName\":\"search_term_string\"}}],\"inLanguage\":\"tr\"},{\"@type\":\"Organization\",\"@id\":\"https:\/\/bellatourism.com\/tr\/#organization\",\"name\":\"Bella Tourism - Health Tourism In Turkey\",\"url\":\"https:\/\/bellatourism.com\/tr\/\",\"logo\":{\"@type\":\"ImageObject\",\"inLanguage\":\"tr\",\"@id\":\"https:\/\/bellatourism.com\/tr\/#\/schema\/logo\/image\/\",\"url\":\"https:\/\/bellatourism.com\/wp-content\/uploads\/2022\/05\/Bella-Tourism-Logo-Dosyasi-01.png\",\"contentUrl\":\"https:\/\/bellatourism.com\/wp-content\/uploads\/2022\/05\/Bella-Tourism-Logo-Dosyasi-01.png\",\"width\":200,\"height\":84,\"caption\":\"Bella Tourism - Health Tourism In Turkey\"},\"image\":{\"@id\":\"https:\/\/bellatourism.com\/tr\/#\/schema\/logo\/image\/\"},\"sameAs\":[\"https:\/\/www.facebook.com\/bellahealthtourism\",\"https:\/\/www.instagram.com\/bellahealthtourism\/\",\"https:\/\/www.linkedin.com\/company\/bella-health-tourism\/\"]}]}<\/script>\n<!-- \/ Yoast SEO plugin. -->","yoast_head_json":{"title":"Di\u015f \u0130mplant\u0131 - Bella Tourism","description":"Di\u015f implant\u0131, di\u015f kayb\u0131n\u0131n yerine konan, titanyum bir vida yard\u0131m\u0131yla di\u015f etlerine yerle\u015ftirilen bir di\u015f protezi i\u015flemidir.","robots":{"index":"index","follow":"follow","max-snippet":"max-snippet:-1","max-image-preview":"max-image-preview:large","max-video-preview":"max-video-preview:-1"},"canonical":"https:\/\/bellatourism.com\/tr\/dis-implanti\/","og_locale":"tr_TR","og_type":"article","og_title":"Di\u015f \u0130mplant\u0131 - Bella Tourism","og_description":"Di\u015f implant\u0131, di\u015f kayb\u0131n\u0131n yerine konan, titanyum bir vida yard\u0131m\u0131yla di\u015f etlerine yerle\u015ftirilen bir di\u015f protezi i\u015flemidir.","og_url":"https:\/\/bellatourism.com\/tr\/dis-implanti\/","og_site_name":"Bella Tourism","article_publisher":"https:\/\/www.facebook.com\/bellahealthtourism","article_modified_time":"2023-03-20T15:50:28+00:00","og_image":[{"width":1600,"height":400,"url":"https:\/\/bellatourism.com\/wp-content\/uploads\/2023\/03\/implant.webp","type":"image\/webp"}],"twitter_card":"summary_large_image","twitter_misc":{"Tahmini okuma s\u00fcresi":"2 dakika"},"schema":{"@context":"https:\/\/schema.org","@graph":[{"@type":"WebPage","@id":"https:\/\/bellatourism.com\/tr\/dis-implanti\/","url":"https:\/\/bellatourism.com\/tr\/dis-implanti\/","name":"Di\u015f \u0130mplant\u0131 - Bella Tourism","isPartOf":{"@id":"https:\/\/bellatourism.com\/tr\/#website"},"primaryImageOfPage":{"@id":"https:\/\/bellatourism.com\/tr\/dis-implanti\/#primaryimage"},"image":{"@id":"https:\/\/bellatourism.com\/tr\/dis-implanti\/#primaryimage"},"thumbnailUrl":"https:\/\/bellatourism.com\/wp-content\/uploads\/2023\/03\/implant.webp","datePublished":"2023-03-18T23:47:50+00:00","dateModified":"2023-03-20T15:50:28+00:00","description":"Di\u015f implant\u0131, di\u015f kayb\u0131n\u0131n yerine konan, titanyum bir vida yard\u0131m\u0131yla di\u015f etlerine yerle\u015ftirilen bir di\u015f protezi i\u015flemidir.","breadcrumb":{"@id":"https:\/\/bellatourism.com\/tr\/dis-implanti\/#breadcrumb"},"inLanguage":"tr","potentialAction":[{"@type":"ReadAction","target":["https:\/\/bellatourism.com\/tr\/dis-implanti\/"]}]},{"@type":"ImageObject","inLanguage":"tr","@id":"https:\/\/bellatourism.com\/tr\/dis-implanti\/#primaryimage","url":"https:\/\/bellatourism.com\/wp-content\/uploads\/2023\/03\/implant.webp","contentUrl":"https:\/\/bellatourism.com\/wp-content\/uploads\/2023\/03\/implant.webp","width":1600,"height":400,"caption":"Dental Implant"},{"@type":"BreadcrumbList","@id":"https:\/\/bellatourism.com\/tr\/dis-implanti\/#breadcrumb","itemListElement":[{"@type":"ListItem","position":1,"name":"Home","item":"https:\/\/bellatourism.com\/tr\/"},{"@type":"ListItem","position":2,"name":"Di\u015f \u0130mplant\u0131"}]},{"@type":"WebSite","@id":"https:\/\/bellatourism.com\/tr\/#website","url":"https:\/\/bellatourism.com\/tr\/","name":"Bella Tourism - Health Tourism In Turkey","description":"Bella Tourism","publisher":{"@id":"https:\/\/bellatourism.com\/tr\/#organization"},"potentialAction":[{"@type":"SearchAction","target":{"@type":"EntryPoint","urlTemplate":"https:\/\/bellatourism.com\/tr\/?s={search_term_string}"},"query-input":{"@type":"PropertyValueSpecification","valueRequired":true,"valueName":"search_term_string"}}],"inLanguage":"tr"},{"@type":"Organization","@id":"https:\/\/bellatourism.com\/tr\/#organization","name":"Bella Tourism - Health Tourism In Turkey","url":"https:\/\/bellatourism.com\/tr\/","logo":{"@type":"ImageObject","inLanguage":"tr","@id":"https:\/\/bellatourism.com\/tr\/#\/schema\/logo\/image\/","url":"https:\/\/bellatourism.com\/wp-content\/uploads\/2022\/05\/Bella-Tourism-Logo-Dosyasi-01.png","contentUrl":"https:\/\/bellatourism.com\/wp-content\/uploads\/2022\/05\/Bella-Tourism-Logo-Dosyasi-01.png","width":200,"height":84,"caption":"Bella Tourism - Health Tourism In Turkey"},"image":{"@id":"https:\/\/bellatourism.com\/tr\/#\/schema\/logo\/image\/"},"sameAs":["https:\/\/www.facebook.com\/bellahealthtourism","https:\/\/www.instagram.com\/bellahealthtourism\/","https:\/\/www.linkedin.com\/company\/bella-health-tourism\/"]}]}},"_links":{"self":[{"href":"https:\/\/bellatourism.com\/tr\/wp-json\/wp\/v2\/pages\/31105"}],"collection":[{"href":"https:\/\/bellatourism.com\/tr\/wp-json\/wp\/v2\/pages"}],"about":[{"href":"https:\/\/bellatourism.com\/tr\/wp-json\/wp\/v2\/types\/page"}],"author":[{"embeddable":true,"href":"https:\/\/bellatourism.com\/tr\/wp-json\/wp\/v2\/users\/1"}],"replies":[{"embeddable":true,"href":"https:\/\/bellatourism.com\/tr\/wp-json\/wp\/v2\/comments?post=31105"}],"version-history":[{"count":1,"href":"https:\/\/bellatourism.com\/tr\/wp-json\/wp\/v2\/pages\/31105\/revisions"}],"predecessor-version":[{"id":31619,"href":"https:\/\/bellatourism.com\/tr\/wp-json\/wp\/v2\/pages\/31105\/revisions\/31619"}],"wp:featuredmedia":[{"embeddable":true,"href":"https:\/\/bellatourism.com\/tr\/wp-json\/wp\/v2\/media\/31030"}],"wp:attachment":[{"href":"https:\/\/bellatourism.com\/tr\/wp-json\/wp\/v2\/media?parent=31105"}],"curies":[{"name":"wp","href":"https:\/\/api.w.org\/{rel}","templated":true}]}}