{"id":30305,"date":"2023-02-16T22:46:16","date_gmt":"2023-02-16T22:46:16","guid":{"rendered":"https:\/\/bellatourism.com\/?page_id=30305"},"modified":"2023-03-21T03:20:28","modified_gmt":"2023-03-21T03:20:28","slug":"dis-tedavileri","status":"publish","type":"page","link":"https:\/\/bellatourism.com\/tr\/dis-tedavileri\/","title":{"rendered":"Di\u015f Tedavileri"},"content":{"rendered":"<h2><a href=\"\/tr\/gulus-tasarimi\/\">G\u00fcl\u00fc\u015f Tasar\u0131m\u0131 (Smile Design)<\/a><\/h2>\n<p><span style=\"font-weight: 400;\">Estetik olarak di\u015f ve di\u015f eti yap\u0131s\u0131ndan memnun olmayan hastalar i\u00e7in bilgisayar ortam\u0131nda ki\u015finin dudak, y\u00fcz yap\u0131s\u0131 ve ten rengine g\u00f6re olu\u015fturulan \u00f6zel bir di\u015f esteti\u011fi planlamas\u0131 ve uygulamas\u0131d\u0131r. Temel olarak g\u00fcl\u00fc\u015f simetrisi baz al\u0131n\u0131r. Ama\u00e7 en do\u011fal ve en estetik g\u00f6r\u00fcn\u00fcm\u00fc elde etmektir. Estetik g\u00f6r\u00fcn\u00fcm\u00fc\/yap\u0131y\u0131 bozan etmenler iyi analiz edilmeli ve eksiksiz bir \u015fekilde b\u00fct\u00fcnsel s\u0131k\u0131nt\u0131lara odaklan\u0131lmal\u0131d\u0131r. (di\u015f eti sa\u011fl\u0131\u011f\u0131, di\u015feti seviyelerine ait denge, \u00e7ene yap\u0131s\u0131 vs) Yap\u0131lan analizler sonucu ki\u015fiye \u00f6zg\u00fc tasar\u0131mlar ortaya \u00e7\u0131kar\u0131l\u0131r ve bu tasar\u0131mlar ge\u00e7ici materyallerle hastaya prova edilir. \u0130stenen prototipe karar verildikten sonra birka\u00e7 g\u00fcn i\u00e7inde tasar\u0131m tamamlanarak hastaya uygulan\u0131r.<\/span><\/p>\n<h2><a href=\"\/tr\/yaprak-porselen\/\">Yaprak Porselen (Porselen Lamina Veneer)<\/a><\/h2>\n<p><span style=\"font-weight: 400;\">Yaprak laminalar, \u00e7ok ince yap\u0131l\u0131 porselen seramiklerin di\u015f \u00fczerine uyguland\u0131\u011f\u0131, di\u015flerdeki estetik g\u00f6r\u00fcnt\u00fcy\u00fc ve b\u00fct\u00fcnl\u00fc\u011f\u00fc sa\u011flamak amac\u0131yla yap\u0131lan bir estetik di\u015f tedavi y\u00f6ntemidir.<\/span><\/p>\n<p><span style=\"font-weight: 400;\">Estetik di\u015f tedavisinde en yayg\u0131n kullan\u0131lan ve en do\u011fal sonucu veren y\u00f6ntem porselen lamina uygulamas\u0131d\u0131r \u00e7\u00fcnk\u00fc porselen laminalar ge\u00e7irgendir ve \u0131\u015f\u0131\u011f\u0131 yans\u0131t\u0131r. Uygulamadan \u00f6nce di\u015fte herhangi bir kesme yap\u0131lmaz bu sebeple hastada konu\u015fma g\u00fc\u00e7l\u00fc\u011f\u00fc ve yeme i\u00e7me problemi ya\u015fanmaz. Ayr\u0131k di\u015fler kolayca birle\u015ftirilir, beyazlatma problemi ya\u015fanan di\u015flerde uygulan\u0131r ve bir daha sararma g\u00f6zlemlenmez. A\u011fr\u0131l\u0131 bir tedavi y\u00f6ntemi de\u011fildir \u00e7o\u011funlukla laminalar di\u015f y\u00fczeyine m\u00fcdahale gerektirmeden yerle\u015ftirilir. Tedavi s\u00fcresi genelde bir haftay\u0131 ge\u00e7memektedir.<\/span><\/p>\n<h2><a href=\"\/tr\/zirkonyum-kaplama\/\">Zirkonyum Kaplama<\/a><\/h2>\n<p><span style=\"font-weight: 400;\">Zirkonyum kaplama di\u011fer porselen kaplamalara g\u00f6re di\u015f eti uyumu ve do\u011fal di\u015f g\u00f6r\u00fcnt\u00fcs\u00fcne sahipli\u011fi ( \u0131\u015f\u0131k ge\u00e7irgenli\u011fi) sebebiyle daha \u00e7ok tercih edilir. Sa\u011flamd\u0131r ve kendi do\u011fal di\u015fleriniz gibi bas\u0131 uygulayabilirsiniz. Metal destekli porselenlerdeki gibi di\u015f eti \u00fczerinde gri renklendirme yapmaz. Bu uygulamada di\u015flere kesi yap\u0131l\u0131r. Kesi uygulamas\u0131ndan sonra di\u015flere ge\u00e7ici di\u015fler yap\u0131l\u0131r ve di\u015feti uyumu sa\u011flan\u0131r. Al\u0131nan \u00f6l\u00e7\u00fclerle birebir uyumlu zirkonyum kaplamalar elde edilir. Tedavi s\u00fcreci tasar\u0131m olu\u015fturulduktan sonra kontroller ve d\u00fczeltmelerle beraber maksimum 10 g\u00fcn s\u00fcrer.<\/span><\/p>\n<h2><a href=\"\/tr\/dis-implanti\/\">Di\u015f \u0130mplant\u0131<\/a><\/h2>\n<p><span style=\"font-weight: 400;\">Di\u015f implant\u0131, di\u015f kayb\u0131n\u0131n yerine konan, titanyum bir vida yard\u0131m\u0131yla di\u015f etlerine yerle\u015ftirilen bir di\u015f protezi i\u015flemidir. Di\u015f implant\u0131, di\u015fli protezler (kendi di\u015finizin \u00fcst\u00fcne uygulanan protezler) gibi g\u00f6r\u00fcn\u00fcr ve \u00e7al\u0131\u015f\u0131r, ancak di\u015fli protezlere g\u00f6re daha kal\u0131c\u0131 ve dayan\u0131kl\u0131d\u0131r.<\/span><\/p>\n<p><span style=\"font-weight: 400;\">Di\u015f implantlar\u0131, di\u015f kayb\u0131 nedeniyle olu\u015fan bo\u015flu\u011fu doldurmak, di\u015fli protezlerin d\u00fc\u015fmesini veya kaymas\u0131n\u0131 \u00f6nlemek, di\u015f etlerinin bozulmas\u0131n\u0131 engellemek ve ayn\u0131 zamanda di\u015fli protezlere g\u00f6re daha kal\u0131c\u0131 ve dayan\u0131kl\u0131 bir di\u015f yap\u0131s\u0131 sunmak i\u00e7in tercih edilmektedir.<\/span><\/p>\n<p><span style=\"font-weight: 400;\">Implant uygulamas\u0131 birka\u00e7 a\u015famadan olu\u015fur ve hastan\u0131n yap\u0131s\u0131 da g\u00f6z \u00f6n\u00fcnde bulundurularak bir tedavi s\u00fcreci planlan\u0131r.\u00a0<\/span><\/p>\n<p><span style=\"font-weight: 400;\">Implant uygulamas\u0131 i\u00e7in \u00f6ncelikle, panoramik r\u00f6ntgen ve 3 boyutlu di\u015f tomografileri \u00e7ekilerek ki\u015finin \u0131mplant tedavisine uygun olup olmad\u0131\u011f\u0131na karar verilir. Uygun bulunan hastalar i\u00e7in ilk a\u015fama olan, \u0131mplant yerle\u015ftirme i\u015flemi ba\u015flar. Bu i\u015flemin s\u00fcresi hastaya ka\u00e7 adet \u0131mplant yap\u0131laca\u011f\u0131na g\u00f6re de\u011fi\u015fmekle beraber her \u0131mplant i\u015flemi i\u00e7in ortalama s\u00fcre 30 dkd\u0131r. \u0130\u015flem tercihe g\u00f6re lokal veya genel anestezi ile yap\u0131labilir. A\u011fr\u0131s\u0131z ve ac\u0131s\u0131z bir s\u00fcre\u00e7tir. Yerle\u015fen \u0131mplantlar\u0131n v\u00fccuda kabul\u00fc\/ reaksiyon vermesi 7-10 g\u00fcnl\u00fck bir s\u00fcre\u00e7tir bu s\u00fcrenin sonunda ve ileride ger\u00e7ekle\u015fecek herhangi bir reaksiyon s\u00f6z konusu de\u011fildir.<\/span><\/p>\n<p><span style=\"font-weight: 400;\">Implantlar\u0131n yerle\u015fmesinden sonra bekleme s\u00fcreci ba\u015flamaktad\u0131r. Implantlar\u0131n \u00fczerine yerle\u015fecek protezler i\u00e7in \u0131mplantlar\u0131n yerle\u015ftirilen alanda tamamen kaynamas\u0131 gerekmektedir. Bu s\u00fcre hastan\u0131n yap\u0131s\u0131na g\u00f6re de\u011fi\u015fmekle beraber ortalama 2-4 ayl\u0131k bir s\u00fcreyi kapsar. Bekleme s\u00fcrecinde \u0131mplant \u00fcst\u00fcne yerle\u015fecek protezler i\u00e7in gerekli \u00f6l\u00e7\u00fcler al\u0131n\u0131r ve protezler haz\u0131rlanmaya, olu\u015fturulmaya ba\u015flan\u0131l\u0131r. Bu a\u015famada size en uygun ve estetik sonucun ortaya \u00e7\u0131kmas\u0131 i\u00e7in birka\u00e7 defa prova edilmesi gerekecektir.<\/span><\/p>\n<p><span style=\"font-weight: 400;\">Bekleme ve haz\u0131rl\u0131k s\u00fcrecinin bitimiyle haz\u0131rlanan protezler, \u0131mplantlar \u00fczerine yerle\u015ftirilir ve art\u0131k hasta \u00f6m\u00fcr boyu rahat\u00e7a kullanabilece\u011fi di\u015flerine kavu\u015fmu\u015f olur.<\/span><\/p>\n","protected":false},"excerpt":{"rendered":"<p>G\u00fcl\u00fc\u015f Tasar\u0131m\u0131 (Smile Design) Estetik olarak di\u015f ve di\u015f eti yap\u0131s\u0131ndan memnun olmayan hastalar i\u00e7in bilgisayar ortam\u0131nda ki\u015finin dudak, y\u00fcz yap\u0131s\u0131 ve ten rengine g\u00f6re olu\u015fturulan \u00f6zel bir di\u015f esteti\u011fi planlamas\u0131 ve uygulamas\u0131d\u0131r. Temel olarak g\u00fcl\u00fc\u015f simetrisi baz al\u0131n\u0131r. Ama\u00e7 en do\u011fal ve en estetik g\u00f6r\u00fcn\u00fcm\u00fc elde etmektir. Estetik g\u00f6r\u00fcn\u00fcm\u00fc\/yap\u0131y\u0131 bozan etmenler iyi analiz edilmeli [&hellip;]<\/p>\n","protected":false},"author":1,"featured_media":31046,"parent":0,"menu_order":0,"comment_status":"closed","ping_status":"closed","template":"","meta":{"footnotes":""},"yoast_head":"<!-- This site is optimized with the Yoast SEO plugin v23.5 - https:\/\/yoast.com\/wordpress\/plugins\/seo\/ -->\n<title>Di\u015f Tedavileri - Bella Tourism<\/title>\n<meta name=\"robots\" content=\"index, follow, max-snippet:-1, max-image-preview:large, max-video-preview:-1\" \/>\n<link rel=\"canonical\" href=\"https:\/\/bellatourism.com\/tr\/dis-tedavileri\/\" \/>\n<meta property=\"og:locale\" content=\"tr_TR\" \/>\n<meta property=\"og:type\" content=\"article\" \/>\n<meta property=\"og:title\" content=\"Di\u015f Tedavileri - Bella Tourism\" \/>\n<meta property=\"og:description\" content=\"G\u00fcl\u00fc\u015f Tasar\u0131m\u0131 (Smile Design) Estetik olarak di\u015f ve di\u015f eti yap\u0131s\u0131ndan memnun olmayan hastalar i\u00e7in bilgisayar ortam\u0131nda ki\u015finin dudak, y\u00fcz yap\u0131s\u0131 ve ten rengine g\u00f6re olu\u015fturulan \u00f6zel bir di\u015f esteti\u011fi planlamas\u0131 ve uygulamas\u0131d\u0131r. Temel olarak g\u00fcl\u00fc\u015f simetrisi baz al\u0131n\u0131r. Ama\u00e7 en do\u011fal ve en estetik g\u00f6r\u00fcn\u00fcm\u00fc elde etmektir. Estetik g\u00f6r\u00fcn\u00fcm\u00fc\/yap\u0131y\u0131 bozan etmenler iyi analiz edilmeli [&hellip;]\" \/>\n<meta property=\"og:url\" content=\"https:\/\/bellatourism.com\/tr\/dis-tedavileri\/\" \/>\n<meta property=\"og:site_name\" content=\"Bella Tourism\" \/>\n<meta property=\"article:publisher\" content=\"https:\/\/www.facebook.com\/bellahealthtourism\" \/>\n<meta property=\"article:modified_time\" content=\"2023-03-21T03:20:28+00:00\" \/>\n<meta property=\"og:image\" content=\"https:\/\/bellatourism.com\/wp-content\/uploads\/2023\/03\/smile-design.webp\" \/>\n\t<meta property=\"og:image:width\" content=\"1600\" \/>\n\t<meta property=\"og:image:height\" content=\"400\" \/>\n\t<meta property=\"og:image:type\" content=\"image\/webp\" \/>\n<meta name=\"twitter:card\" content=\"summary_large_image\" \/>\n<meta name=\"twitter:label1\" content=\"Tahmini okuma s\u00fcresi\" \/>\n\t<meta name=\"twitter:data1\" content=\"3 dakika\" \/>\n<script type=\"application\/ld+json\" class=\"yoast-schema-graph\">{\"@context\":\"https:\/\/schema.org\",\"@graph\":[{\"@type\":\"WebPage\",\"@id\":\"https:\/\/bellatourism.com\/tr\/dis-tedavileri\/\",\"url\":\"https:\/\/bellatourism.com\/tr\/dis-tedavileri\/\",\"name\":\"Di\u015f Tedavileri - Bella Tourism\",\"isPartOf\":{\"@id\":\"https:\/\/bellatourism.com\/tr\/#website\"},\"primaryImageOfPage\":{\"@id\":\"https:\/\/bellatourism.com\/tr\/dis-tedavileri\/#primaryimage\"},\"image\":{\"@id\":\"https:\/\/bellatourism.com\/tr\/dis-tedavileri\/#primaryimage\"},\"thumbnailUrl\":\"https:\/\/bellatourism.com\/wp-content\/uploads\/2023\/03\/smile-design.webp\",\"datePublished\":\"2023-02-16T22:46:16+00:00\",\"dateModified\":\"2023-03-21T03:20:28+00:00\",\"breadcrumb\":{\"@id\":\"https:\/\/bellatourism.com\/tr\/dis-tedavileri\/#breadcrumb\"},\"inLanguage\":\"tr\",\"potentialAction\":[{\"@type\":\"ReadAction\",\"target\":[\"https:\/\/bellatourism.com\/tr\/dis-tedavileri\/\"]}]},{\"@type\":\"ImageObject\",\"inLanguage\":\"tr\",\"@id\":\"https:\/\/bellatourism.com\/tr\/dis-tedavileri\/#primaryimage\",\"url\":\"https:\/\/bellatourism.com\/wp-content\/uploads\/2023\/03\/smile-design.webp\",\"contentUrl\":\"https:\/\/bellatourism.com\/wp-content\/uploads\/2023\/03\/smile-design.webp\",\"width\":1600,\"height\":400,\"caption\":\"Smile Design\"},{\"@type\":\"BreadcrumbList\",\"@id\":\"https:\/\/bellatourism.com\/tr\/dis-tedavileri\/#breadcrumb\",\"itemListElement\":[{\"@type\":\"ListItem\",\"position\":1,\"name\":\"Home\",\"item\":\"https:\/\/bellatourism.com\/tr\/\"},{\"@type\":\"ListItem\",\"position\":2,\"name\":\"Di\u015f Tedavileri\"}]},{\"@type\":\"WebSite\",\"@id\":\"https:\/\/bellatourism.com\/tr\/#website\",\"url\":\"https:\/\/bellatourism.com\/tr\/\",\"name\":\"Bella Tourism - Health Tourism In Turkey\",\"description\":\"Bella Tourism\",\"publisher\":{\"@id\":\"https:\/\/bellatourism.com\/tr\/#organization\"},\"potentialAction\":[{\"@type\":\"SearchAction\",\"target\":{\"@type\":\"EntryPoint\",\"urlTemplate\":\"https:\/\/bellatourism.com\/tr\/?s={search_term_string}\"},\"query-input\":{\"@type\":\"PropertyValueSpecification\",\"valueRequired\":true,\"valueName\":\"search_term_string\"}}],\"inLanguage\":\"tr\"},{\"@type\":\"Organization\",\"@id\":\"https:\/\/bellatourism.com\/tr\/#organization\",\"name\":\"Bella Tourism - Health Tourism In Turkey\",\"url\":\"https:\/\/bellatourism.com\/tr\/\",\"logo\":{\"@type\":\"ImageObject\",\"inLanguage\":\"tr\",\"@id\":\"https:\/\/bellatourism.com\/tr\/#\/schema\/logo\/image\/\",\"url\":\"https:\/\/bellatourism.com\/wp-content\/uploads\/2022\/05\/Bella-Tourism-Logo-Dosyasi-01.png\",\"contentUrl\":\"https:\/\/bellatourism.com\/wp-content\/uploads\/2022\/05\/Bella-Tourism-Logo-Dosyasi-01.png\",\"width\":200,\"height\":84,\"caption\":\"Bella Tourism - Health Tourism In Turkey\"},\"image\":{\"@id\":\"https:\/\/bellatourism.com\/tr\/#\/schema\/logo\/image\/\"},\"sameAs\":[\"https:\/\/www.facebook.com\/bellahealthtourism\",\"https:\/\/www.instagram.com\/bellahealthtourism\/\",\"https:\/\/www.linkedin.com\/company\/bella-health-tourism\/\"]}]}<\/script>\n<!-- \/ Yoast SEO plugin. -->","yoast_head_json":{"title":"Di\u015f Tedavileri - Bella Tourism","robots":{"index":"index","follow":"follow","max-snippet":"max-snippet:-1","max-image-preview":"max-image-preview:large","max-video-preview":"max-video-preview:-1"},"canonical":"https:\/\/bellatourism.com\/tr\/dis-tedavileri\/","og_locale":"tr_TR","og_type":"article","og_title":"Di\u015f Tedavileri - Bella Tourism","og_description":"G\u00fcl\u00fc\u015f Tasar\u0131m\u0131 (Smile Design) Estetik olarak di\u015f ve di\u015f eti yap\u0131s\u0131ndan memnun olmayan hastalar i\u00e7in bilgisayar ortam\u0131nda ki\u015finin dudak, y\u00fcz yap\u0131s\u0131 ve ten rengine g\u00f6re olu\u015fturulan \u00f6zel bir di\u015f esteti\u011fi planlamas\u0131 ve uygulamas\u0131d\u0131r. Temel olarak g\u00fcl\u00fc\u015f simetrisi baz al\u0131n\u0131r. Ama\u00e7 en do\u011fal ve en estetik g\u00f6r\u00fcn\u00fcm\u00fc elde etmektir. Estetik g\u00f6r\u00fcn\u00fcm\u00fc\/yap\u0131y\u0131 bozan etmenler iyi analiz edilmeli [&hellip;]","og_url":"https:\/\/bellatourism.com\/tr\/dis-tedavileri\/","og_site_name":"Bella Tourism","article_publisher":"https:\/\/www.facebook.com\/bellahealthtourism","article_modified_time":"2023-03-21T03:20:28+00:00","og_image":[{"width":1600,"height":400,"url":"https:\/\/bellatourism.com\/wp-content\/uploads\/2023\/03\/smile-design.webp","type":"image\/webp"}],"twitter_card":"summary_large_image","twitter_misc":{"Tahmini okuma s\u00fcresi":"3 dakika"},"schema":{"@context":"https:\/\/schema.org","@graph":[{"@type":"WebPage","@id":"https:\/\/bellatourism.com\/tr\/dis-tedavileri\/","url":"https:\/\/bellatourism.com\/tr\/dis-tedavileri\/","name":"Di\u015f Tedavileri - Bella Tourism","isPartOf":{"@id":"https:\/\/bellatourism.com\/tr\/#website"},"primaryImageOfPage":{"@id":"https:\/\/bellatourism.com\/tr\/dis-tedavileri\/#primaryimage"},"image":{"@id":"https:\/\/bellatourism.com\/tr\/dis-tedavileri\/#primaryimage"},"thumbnailUrl":"https:\/\/bellatourism.com\/wp-content\/uploads\/2023\/03\/smile-design.webp","datePublished":"2023-02-16T22:46:16+00:00","dateModified":"2023-03-21T03:20:28+00:00","breadcrumb":{"@id":"https:\/\/bellatourism.com\/tr\/dis-tedavileri\/#breadcrumb"},"inLanguage":"tr","potentialAction":[{"@type":"ReadAction","target":["https:\/\/bellatourism.com\/tr\/dis-tedavileri\/"]}]},{"@type":"ImageObject","inLanguage":"tr","@id":"https:\/\/bellatourism.com\/tr\/dis-tedavileri\/#primaryimage","url":"https:\/\/bellatourism.com\/wp-content\/uploads\/2023\/03\/smile-design.webp","contentUrl":"https:\/\/bellatourism.com\/wp-content\/uploads\/2023\/03\/smile-design.webp","width":1600,"height":400,"caption":"Smile Design"},{"@type":"BreadcrumbList","@id":"https:\/\/bellatourism.com\/tr\/dis-tedavileri\/#breadcrumb","itemListElement":[{"@type":"ListItem","position":1,"name":"Home","item":"https:\/\/bellatourism.com\/tr\/"},{"@type":"ListItem","position":2,"name":"Di\u015f Tedavileri"}]},{"@type":"WebSite","@id":"https:\/\/bellatourism.com\/tr\/#website","url":"https:\/\/bellatourism.com\/tr\/","name":"Bella Tourism - Health Tourism In Turkey","description":"Bella Tourism","publisher":{"@id":"https:\/\/bellatourism.com\/tr\/#organization"},"potentialAction":[{"@type":"SearchAction","target":{"@type":"EntryPoint","urlTemplate":"https:\/\/bellatourism.com\/tr\/?s={search_term_string}"},"query-input":{"@type":"PropertyValueSpecification","valueRequired":true,"valueName":"search_term_string"}}],"inLanguage":"tr"},{"@type":"Organization","@id":"https:\/\/bellatourism.com\/tr\/#organization","name":"Bella Tourism - Health Tourism In Turkey","url":"https:\/\/bellatourism.com\/tr\/","logo":{"@type":"ImageObject","inLanguage":"tr","@id":"https:\/\/bellatourism.com\/tr\/#\/schema\/logo\/image\/","url":"https:\/\/bellatourism.com\/wp-content\/uploads\/2022\/05\/Bella-Tourism-Logo-Dosyasi-01.png","contentUrl":"https:\/\/bellatourism.com\/wp-content\/uploads\/2022\/05\/Bella-Tourism-Logo-Dosyasi-01.png","width":200,"height":84,"caption":"Bella Tourism - Health Tourism In Turkey"},"image":{"@id":"https:\/\/bellatourism.com\/tr\/#\/schema\/logo\/image\/"},"sameAs":["https:\/\/www.facebook.com\/bellahealthtourism","https:\/\/www.instagram.com\/bellahealthtourism\/","https:\/\/www.linkedin.com\/company\/bella-health-tourism\/"]}]}},"_links":{"self":[{"href":"https:\/\/bellatourism.com\/tr\/wp-json\/wp\/v2\/pages\/30305"}],"collection":[{"href":"https:\/\/bellatourism.com\/tr\/wp-json\/wp\/v2\/pages"}],"about":[{"href":"https:\/\/bellatourism.com\/tr\/wp-json\/wp\/v2\/types\/page"}],"author":[{"embeddable":true,"href":"https:\/\/bellatourism.com\/tr\/wp-json\/wp\/v2\/users\/1"}],"replies":[{"embeddable":true,"href":"https:\/\/bellatourism.com\/tr\/wp-json\/wp\/v2\/comments?post=30305"}],"version-history":[{"count":4,"href":"https:\/\/bellatourism.com\/tr\/wp-json\/wp\/v2\/pages\/30305\/revisions"}],"predecessor-version":[{"id":31923,"href":"https:\/\/bellatourism.com\/tr\/wp-json\/wp\/v2\/pages\/30305\/revisions\/31923"}],"wp:featuredmedia":[{"embeddable":true,"href":"https:\/\/bellatourism.com\/tr\/wp-json\/wp\/v2\/media\/31046"}],"wp:attachment":[{"href":"https:\/\/bellatourism.com\/tr\/wp-json\/wp\/v2\/media?parent=30305"}],"curies":[{"name":"wp","href":"https:\/\/api.w.org\/{rel}","templated":true}]}}