{"id":30280,"date":"2023-02-15T11:11:31","date_gmt":"2023-02-15T11:11:31","guid":{"rendered":"https:\/\/bellatourism.com\/?page_id=30280"},"modified":"2023-03-21T01:24:42","modified_gmt":"2023-03-21T01:24:42","slug":"sakal-ekimi","status":"publish","type":"page","link":"https:\/\/bellatourism.com\/tr\/sakal-ekimi\/","title":{"rendered":"Sakal Ekimi"},"content":{"rendered":"<p>Sakal ekimi son y\u0131llarda en az sa\u00e7 ekimi kadar ra\u011fbet g\u00f6rmektedir. Erkeklerin makyaj\u0131 say\u0131lan sa\u00e7 ve sakal, d\u0131\u015f g\u00f6r\u00fcn\u00fc\u015f\u00fc ve buna ba\u011fl\u0131 olarak psikolojik y\u00f6nden \u00f6zg\u00fcveni de do\u011frudan etkilemektedir. Sakal ekiminde alt\u0131n orana ba\u011fl\u0131 kalarak ekilecek alan\u0131n \u00e7izim tasar\u0131m\u0131n\u0131 do\u011fru planlamak en \u00f6nemli fakt\u00f6rd\u00fcr. Sakal ekimi ki\u015finin ciddi bir sa\u011fl\u0131k problemi olmad\u0131\u011f\u0131 takdirde herkese uygulanabilir ve don\u00f6r b\u00f6lgeden yeterli say\u0131 elde edilebilirse, ki\u015fi sa\u00e7 ve sakal operasyonuna tek seferde girebilir.<\/p>\n<p>Yeterli say\u0131 al\u0131namayaca\u011f\u0131 d\u00fc\u015f\u00fcn\u00fcl\u00fcyorsa, yap\u0131lan i\u015flemden bir sene sonra (don\u00f6r b\u00f6lge kendini toparlad\u0131\u011f\u0131nda) sakal ekimine de girilebilir. Sakal ekimi, san\u0131ld\u0131\u011f\u0131n\u0131n aksine var olan sakallar\u0131n\u0131zdan greft al\u0131narak yap\u0131lmamaktad\u0131r. Bir\u00e7ok insan, bu yanl\u0131\u015f bilgiye dayanarak sakal ekimi yapt\u0131ramayaca\u011f\u0131n\u0131, sakal\u0131ndan yeterli say\u0131n\u0131n al\u0131namayaca\u011f\u0131n\u0131 d\u00fc\u015f\u00fcn\u00fcr. Sakal ekimi, ayn\u0131 sa\u00e7 ekimindeki gibi FUE tekni\u011fiyle, don\u00f6r b\u00f6lgeden (iki kulak aras\u0131 ense b\u00f6lgesi) toplanan k\u00f6klerin y\u00fcze ekilmesi i\u015flemidir. Al\u0131nan greftler; yine sa\u00e7 ekiminde oldu\u011fu gibi Safir ya DHI y\u00f6ntemiyle ekilebilir. Y\u00fcz yap\u0131s\u0131, sa\u00e7 yap\u0131s\u0131na g\u00f6re daha yumu\u015fak oldu\u011fundan sakal ekiminde e\u011fer safir tekni\u011fi kullan\u0131l\u0131yorsa a\u00e7\u0131lacak kanallara ekstra hassas davran\u0131lmal\u0131d\u0131r.<\/p>\n<p>Sa\u00e7 ve sakal\u0131n yap\u0131lar\u0131 birbirinden farkl\u0131d\u0131r ve sakallar genelde tek k\u00f6klerden olu\u015fur. Bu sebeple sakal ekimi yaparken dikkat edilmesi gereken en \u00f6nemli \u015fey al\u0131nan k\u00f6klerin sakallara benzerli\u011fi olmal\u0131d\u0131r yap\u0131s\u0131 itibariyle benzerlik g\u00f6stermeyen k\u00f6kler ekilmemelidir. Sa\u00e7lar yap\u0131s\u0131 itibariyle tekli,2li,3l\u00fc k\u00f6klerden olu\u015fabilir. Birden fazla k\u00f6k say\u0131s\u0131na sahip greftler ayr\u0131\u015ft\u0131r\u0131lmadan ekilmemeli, al\u0131m s\u0131ras\u0131nda sakala uygun tekli k\u00f6kler tercih edilmelidir. Ekilen sakallara y\u00f6n verme sa\u00e7 ekiminde de oldu\u011fu gibi \u00e7ok \u00f6nemlidir. Ekim esnas\u0131nda k\u00f6k yap\u0131s\u0131na ve y\u00f6n\u00fcne dikkat edilmezse ortaya do\u011fall\u0131ktan uzak \u00e7irkin bir g\u00f6r\u00fcnt\u00fc \u00e7\u0131kar ve maalesef telafi edilemez.<\/p>\n","protected":false},"excerpt":{"rendered":"<p>Sakal ekimi son y\u0131llarda en az sa\u00e7 ekimi kadar ra\u011fbet g\u00f6rmektedir. Erkeklerin makyaj\u0131 say\u0131lan sa\u00e7 ve sakal, d\u0131\u015f g\u00f6r\u00fcn\u00fc\u015f\u00fc ve buna ba\u011fl\u0131 olarak psikolojik y\u00f6nden \u00f6zg\u00fcveni de do\u011frudan etkilemektedir. Sakal ekiminde alt\u0131n orana ba\u011fl\u0131 kalarak ekilecek alan\u0131n \u00e7izim tasar\u0131m\u0131n\u0131 do\u011fru planlamak en \u00f6nemli fakt\u00f6rd\u00fcr. Sakal ekimi ki\u015finin ciddi bir sa\u011fl\u0131k problemi olmad\u0131\u011f\u0131 takdirde herkese uygulanabilir [&hellip;]<\/p>\n","protected":false},"author":1,"featured_media":30990,"parent":0,"menu_order":0,"comment_status":"closed","ping_status":"closed","template":"","meta":{"footnotes":""},"yoast_head":"<!-- This site is optimized with the Yoast SEO plugin v23.5 - https:\/\/yoast.com\/wordpress\/plugins\/seo\/ -->\n<title>Sakal Ekimi - Bella Tourism<\/title>\n<meta name=\"description\" content=\"Sakal ekimi son y\u0131llarda en az sa\u00e7 ekimi kadar ra\u011fbet g\u00f6rmektedir. Erkeklerin makyaj\u0131 say\u0131lan sa\u00e7 ve sakal, d\u0131\u015f g\u00f6r\u00fcn\u00fc\u015f\u00fc ve buna ba\u011fl\u0131...\" \/>\n<meta name=\"robots\" content=\"index, follow, max-snippet:-1, max-image-preview:large, max-video-preview:-1\" \/>\n<link rel=\"canonical\" href=\"https:\/\/bellatourism.com\/tr\/sakal-ekimi\/\" \/>\n<meta property=\"og:locale\" content=\"tr_TR\" \/>\n<meta property=\"og:type\" content=\"article\" \/>\n<meta property=\"og:title\" content=\"Sakal Ekimi - Bella Tourism\" \/>\n<meta property=\"og:description\" content=\"Sakal ekimi son y\u0131llarda en az sa\u00e7 ekimi kadar ra\u011fbet g\u00f6rmektedir. Erkeklerin makyaj\u0131 say\u0131lan sa\u00e7 ve sakal, d\u0131\u015f g\u00f6r\u00fcn\u00fc\u015f\u00fc ve buna ba\u011fl\u0131...\" \/>\n<meta property=\"og:url\" content=\"https:\/\/bellatourism.com\/tr\/sakal-ekimi\/\" \/>\n<meta property=\"og:site_name\" content=\"Bella Tourism\" \/>\n<meta property=\"article:publisher\" content=\"https:\/\/www.facebook.com\/bellahealthtourism\" \/>\n<meta property=\"article:modified_time\" content=\"2023-03-21T01:24:42+00:00\" \/>\n<meta property=\"og:image\" content=\"https:\/\/bellatourism.com\/wp-content\/uploads\/2023\/03\/beard-transplant-scaled.webp\" \/>\n\t<meta property=\"og:image:width\" content=\"2560\" \/>\n\t<meta property=\"og:image:height\" content=\"640\" \/>\n\t<meta property=\"og:image:type\" content=\"image\/webp\" \/>\n<meta name=\"twitter:card\" content=\"summary_large_image\" \/>\n<meta name=\"twitter:label1\" content=\"Tahmini okuma s\u00fcresi\" \/>\n\t<meta name=\"twitter:data1\" content=\"2 dakika\" \/>\n<script type=\"application\/ld+json\" class=\"yoast-schema-graph\">{\"@context\":\"https:\/\/schema.org\",\"@graph\":[{\"@type\":\"WebPage\",\"@id\":\"https:\/\/bellatourism.com\/tr\/sakal-ekimi\/\",\"url\":\"https:\/\/bellatourism.com\/tr\/sakal-ekimi\/\",\"name\":\"Sakal Ekimi - Bella Tourism\",\"isPartOf\":{\"@id\":\"https:\/\/bellatourism.com\/tr\/#website\"},\"primaryImageOfPage\":{\"@id\":\"https:\/\/bellatourism.com\/tr\/sakal-ekimi\/#primaryimage\"},\"image\":{\"@id\":\"https:\/\/bellatourism.com\/tr\/sakal-ekimi\/#primaryimage\"},\"thumbnailUrl\":\"https:\/\/bellatourism.com\/wp-content\/uploads\/2023\/03\/beard-transplant-scaled.webp\",\"datePublished\":\"2023-02-15T11:11:31+00:00\",\"dateModified\":\"2023-03-21T01:24:42+00:00\",\"description\":\"Sakal ekimi son y\u0131llarda en az sa\u00e7 ekimi kadar ra\u011fbet g\u00f6rmektedir. Erkeklerin makyaj\u0131 say\u0131lan sa\u00e7 ve sakal, d\u0131\u015f g\u00f6r\u00fcn\u00fc\u015f\u00fc ve buna ba\u011fl\u0131...\",\"breadcrumb\":{\"@id\":\"https:\/\/bellatourism.com\/tr\/sakal-ekimi\/#breadcrumb\"},\"inLanguage\":\"tr\",\"potentialAction\":[{\"@type\":\"ReadAction\",\"target\":[\"https:\/\/bellatourism.com\/tr\/sakal-ekimi\/\"]}]},{\"@type\":\"ImageObject\",\"inLanguage\":\"tr\",\"@id\":\"https:\/\/bellatourism.com\/tr\/sakal-ekimi\/#primaryimage\",\"url\":\"https:\/\/bellatourism.com\/wp-content\/uploads\/2023\/03\/beard-transplant-scaled.webp\",\"contentUrl\":\"https:\/\/bellatourism.com\/wp-content\/uploads\/2023\/03\/beard-transplant-scaled.webp\",\"width\":2560,\"height\":640,\"caption\":\"Beard Transplant\"},{\"@type\":\"BreadcrumbList\",\"@id\":\"https:\/\/bellatourism.com\/tr\/sakal-ekimi\/#breadcrumb\",\"itemListElement\":[{\"@type\":\"ListItem\",\"position\":1,\"name\":\"Home\",\"item\":\"https:\/\/bellatourism.com\/tr\/\"},{\"@type\":\"ListItem\",\"position\":2,\"name\":\"Sakal Ekimi\"}]},{\"@type\":\"WebSite\",\"@id\":\"https:\/\/bellatourism.com\/tr\/#website\",\"url\":\"https:\/\/bellatourism.com\/tr\/\",\"name\":\"Bella Tourism - Health Tourism In Turkey\",\"description\":\"Bella Tourism\",\"publisher\":{\"@id\":\"https:\/\/bellatourism.com\/tr\/#organization\"},\"potentialAction\":[{\"@type\":\"SearchAction\",\"target\":{\"@type\":\"EntryPoint\",\"urlTemplate\":\"https:\/\/bellatourism.com\/tr\/?s={search_term_string}\"},\"query-input\":{\"@type\":\"PropertyValueSpecification\",\"valueRequired\":true,\"valueName\":\"search_term_string\"}}],\"inLanguage\":\"tr\"},{\"@type\":\"Organization\",\"@id\":\"https:\/\/bellatourism.com\/tr\/#organization\",\"name\":\"Bella Tourism - Health Tourism In Turkey\",\"url\":\"https:\/\/bellatourism.com\/tr\/\",\"logo\":{\"@type\":\"ImageObject\",\"inLanguage\":\"tr\",\"@id\":\"https:\/\/bellatourism.com\/tr\/#\/schema\/logo\/image\/\",\"url\":\"https:\/\/bellatourism.com\/wp-content\/uploads\/2022\/05\/Bella-Tourism-Logo-Dosyasi-01.png\",\"contentUrl\":\"https:\/\/bellatourism.com\/wp-content\/uploads\/2022\/05\/Bella-Tourism-Logo-Dosyasi-01.png\",\"width\":200,\"height\":84,\"caption\":\"Bella Tourism - Health Tourism In Turkey\"},\"image\":{\"@id\":\"https:\/\/bellatourism.com\/tr\/#\/schema\/logo\/image\/\"},\"sameAs\":[\"https:\/\/www.facebook.com\/bellahealthtourism\",\"https:\/\/www.instagram.com\/bellahealthtourism\/\",\"https:\/\/www.linkedin.com\/company\/bella-health-tourism\/\"]}]}<\/script>\n<!-- \/ Yoast SEO plugin. -->","yoast_head_json":{"title":"Sakal Ekimi - Bella Tourism","description":"Sakal ekimi son y\u0131llarda en az sa\u00e7 ekimi kadar ra\u011fbet g\u00f6rmektedir. Erkeklerin makyaj\u0131 say\u0131lan sa\u00e7 ve sakal, d\u0131\u015f g\u00f6r\u00fcn\u00fc\u015f\u00fc ve buna ba\u011fl\u0131...","robots":{"index":"index","follow":"follow","max-snippet":"max-snippet:-1","max-image-preview":"max-image-preview:large","max-video-preview":"max-video-preview:-1"},"canonical":"https:\/\/bellatourism.com\/tr\/sakal-ekimi\/","og_locale":"tr_TR","og_type":"article","og_title":"Sakal Ekimi - Bella Tourism","og_description":"Sakal ekimi son y\u0131llarda en az sa\u00e7 ekimi kadar ra\u011fbet g\u00f6rmektedir. Erkeklerin makyaj\u0131 say\u0131lan sa\u00e7 ve sakal, d\u0131\u015f g\u00f6r\u00fcn\u00fc\u015f\u00fc ve buna ba\u011fl\u0131...","og_url":"https:\/\/bellatourism.com\/tr\/sakal-ekimi\/","og_site_name":"Bella Tourism","article_publisher":"https:\/\/www.facebook.com\/bellahealthtourism","article_modified_time":"2023-03-21T01:24:42+00:00","og_image":[{"width":2560,"height":640,"url":"https:\/\/bellatourism.com\/wp-content\/uploads\/2023\/03\/beard-transplant-scaled.webp","type":"image\/webp"}],"twitter_card":"summary_large_image","twitter_misc":{"Tahmini okuma s\u00fcresi":"2 dakika"},"schema":{"@context":"https:\/\/schema.org","@graph":[{"@type":"WebPage","@id":"https:\/\/bellatourism.com\/tr\/sakal-ekimi\/","url":"https:\/\/bellatourism.com\/tr\/sakal-ekimi\/","name":"Sakal Ekimi - Bella Tourism","isPartOf":{"@id":"https:\/\/bellatourism.com\/tr\/#website"},"primaryImageOfPage":{"@id":"https:\/\/bellatourism.com\/tr\/sakal-ekimi\/#primaryimage"},"image":{"@id":"https:\/\/bellatourism.com\/tr\/sakal-ekimi\/#primaryimage"},"thumbnailUrl":"https:\/\/bellatourism.com\/wp-content\/uploads\/2023\/03\/beard-transplant-scaled.webp","datePublished":"2023-02-15T11:11:31+00:00","dateModified":"2023-03-21T01:24:42+00:00","description":"Sakal ekimi son y\u0131llarda en az sa\u00e7 ekimi kadar ra\u011fbet g\u00f6rmektedir. Erkeklerin makyaj\u0131 say\u0131lan sa\u00e7 ve sakal, d\u0131\u015f g\u00f6r\u00fcn\u00fc\u015f\u00fc ve buna ba\u011fl\u0131...","breadcrumb":{"@id":"https:\/\/bellatourism.com\/tr\/sakal-ekimi\/#breadcrumb"},"inLanguage":"tr","potentialAction":[{"@type":"ReadAction","target":["https:\/\/bellatourism.com\/tr\/sakal-ekimi\/"]}]},{"@type":"ImageObject","inLanguage":"tr","@id":"https:\/\/bellatourism.com\/tr\/sakal-ekimi\/#primaryimage","url":"https:\/\/bellatourism.com\/wp-content\/uploads\/2023\/03\/beard-transplant-scaled.webp","contentUrl":"https:\/\/bellatourism.com\/wp-content\/uploads\/2023\/03\/beard-transplant-scaled.webp","width":2560,"height":640,"caption":"Beard Transplant"},{"@type":"BreadcrumbList","@id":"https:\/\/bellatourism.com\/tr\/sakal-ekimi\/#breadcrumb","itemListElement":[{"@type":"ListItem","position":1,"name":"Home","item":"https:\/\/bellatourism.com\/tr\/"},{"@type":"ListItem","position":2,"name":"Sakal Ekimi"}]},{"@type":"WebSite","@id":"https:\/\/bellatourism.com\/tr\/#website","url":"https:\/\/bellatourism.com\/tr\/","name":"Bella Tourism - Health Tourism In Turkey","description":"Bella Tourism","publisher":{"@id":"https:\/\/bellatourism.com\/tr\/#organization"},"potentialAction":[{"@type":"SearchAction","target":{"@type":"EntryPoint","urlTemplate":"https:\/\/bellatourism.com\/tr\/?s={search_term_string}"},"query-input":{"@type":"PropertyValueSpecification","valueRequired":true,"valueName":"search_term_string"}}],"inLanguage":"tr"},{"@type":"Organization","@id":"https:\/\/bellatourism.com\/tr\/#organization","name":"Bella Tourism - Health Tourism In Turkey","url":"https:\/\/bellatourism.com\/tr\/","logo":{"@type":"ImageObject","inLanguage":"tr","@id":"https:\/\/bellatourism.com\/tr\/#\/schema\/logo\/image\/","url":"https:\/\/bellatourism.com\/wp-content\/uploads\/2022\/05\/Bella-Tourism-Logo-Dosyasi-01.png","contentUrl":"https:\/\/bellatourism.com\/wp-content\/uploads\/2022\/05\/Bella-Tourism-Logo-Dosyasi-01.png","width":200,"height":84,"caption":"Bella Tourism - Health Tourism In Turkey"},"image":{"@id":"https:\/\/bellatourism.com\/tr\/#\/schema\/logo\/image\/"},"sameAs":["https:\/\/www.facebook.com\/bellahealthtourism","https:\/\/www.instagram.com\/bellahealthtourism\/","https:\/\/www.linkedin.com\/company\/bella-health-tourism\/"]}]}},"_links":{"self":[{"href":"https:\/\/bellatourism.com\/tr\/wp-json\/wp\/v2\/pages\/30280"}],"collection":[{"href":"https:\/\/bellatourism.com\/tr\/wp-json\/wp\/v2\/pages"}],"about":[{"href":"https:\/\/bellatourism.com\/tr\/wp-json\/wp\/v2\/types\/page"}],"author":[{"embeddable":true,"href":"https:\/\/bellatourism.com\/tr\/wp-json\/wp\/v2\/users\/1"}],"replies":[{"embeddable":true,"href":"https:\/\/bellatourism.com\/tr\/wp-json\/wp\/v2\/comments?post=30280"}],"version-history":[{"count":3,"href":"https:\/\/bellatourism.com\/tr\/wp-json\/wp\/v2\/pages\/30280\/revisions"}],"predecessor-version":[{"id":31882,"href":"https:\/\/bellatourism.com\/tr\/wp-json\/wp\/v2\/pages\/30280\/revisions\/31882"}],"wp:featuredmedia":[{"embeddable":true,"href":"https:\/\/bellatourism.com\/tr\/wp-json\/wp\/v2\/media\/30990"}],"wp:attachment":[{"href":"https:\/\/bellatourism.com\/tr\/wp-json\/wp\/v2\/media?parent=30280"}],"curies":[{"name":"wp","href":"https:\/\/api.w.org\/{rel}","templated":true}]}}