{"id":32181,"date":"2023-04-24T09:40:44","date_gmt":"2023-04-24T09:40:44","guid":{"rendered":"https:\/\/bellatourism.com\/?page_id=32181"},"modified":"2023-04-24T13:02:24","modified_gmt":"2023-04-24T13:02:24","slug":"contrat-de-vente-a-distance","status":"publish","type":"page","link":"https:\/\/bellatourism.com\/fr\/contrat-de-vente-a-distance\/","title":{"rendered":"CONTRAT DE VENTE \u00c0 DISTANCE"},"content":{"rendered":"<h2>CONTRAT DE VENTE \u00c0 DISTANCE<\/h2>\n<h3>ARTICLE 1 &#8211; PARTIES<\/h3>\n<p>1.1 &#8211; VENDEUR Titre : BELLA GRUP TUR\u0130ZM MED\u0130KAL TEKST\u0130L TEM\u0130ZL\u0130K KIRTAS\u0130YE GIDA \u0130N\u015eAAT \u0130THALAT VE \u0130HRACAT SAN.T\u0130C.LTD.\u015eT\u0130.<br \/>\nAdresse : Atalar mahallesi \u00c7anakkale caddesi no55\/A Kartal\/\u0130STANBUL<br \/>\nEmail : info@bellatourism.com<\/p>\n<p>1.2 \u2013 ACHETEUR<br \/>\nPr\u00e9nom et nom : Les num\u00e9ros de t\u00e9l\u00e9phone de (BELLA GRUP TUR\u0130ZM MED\u0130KAL TEKST\u0130L TEM\u0130ZL\u0130K KIRTAS\u0130YE GIDA \u0130N\u015eAAT \u0130THALAT VE \u0130HRACAT SAN.T\u0130C.LTD.\u015eT\u0130. &#8211; les conversations WhatsApp &#8211; les comptes de m\u00e9dias sociaux sont les personnes qui ont \u00e9t\u00e9 contact\u00e9es et dont les noms sont mentionn\u00e9s dans ces canaux.<br \/>\nAdresse :<br \/>\nT\u00e9l\u00e9phone :<br \/>\nEmail :<\/p>\n<h3>ARTICLE 2 &#8211; BUT<\/h3>\n<p>2. L&rsquo;objet du pr\u00e9sent contrat est la d\u00e9termination des droits et obligations des parties conform\u00e9ment aux dispositions de la loi n\u00b0 6502 sur la protection des consommateurs et du r\u00e8glement sur les contrats \u00e0 distance publi\u00e9 en application de cette loi, en ce qui concerne la vente et la livraison des services\/produits command\u00e9s par l&rsquo;ACHETEUR par voie \u00e9lectronique sur le site Internet du VENDEUR et dont les qualifications et le prix de vente sont sp\u00e9cifi\u00e9s. Le pr\u00e9sent contrat r\u00e9git les droits et obligations mutuels des parties en ce qui concerne la m\u00e9diation de l&rsquo;achat par\u00a0 l&rsquo;ACHETEUR de divers services de sant\u00e9 et ensembles de services de sant\u00e9 (\u00ab\u00a0ensemble de services\u00a0\u00bb) dans des \u00e9tablissements de sant\u00e9 tiers par l&rsquo;interm\u00e9diaire du site web et des applications\u00a0 t\u00e9l\u00e9phoniques Bella Tourism du VENDEUR (\u00ab\u00a0plateforme en ligne\u00a0\u00bb), ainsi que la fourniture du transport et de l&rsquo;acheminement jusqu&rsquo;\u00e0 l&rsquo;\u00e9tablissement de sant\u00e9.<\/p>\n<h3>ARTICLE 2- OBJET:<\/h3>\n<p>2.1 L&rsquo;objet du pr\u00e9sent contrat est de contacter les \u00e9tablissements de sant\u00e9 requis pour les services de sant\u00e9 publi\u00e9s sur le site Web de Bella Tourism du vendeur, de contacter les \u00e9tablissements de sant\u00e9 requis pour les services de sant\u00e9 publi\u00e9s sur le site Web de Bella Tourism du vendeur, de servir d&rsquo;interm\u00e9diaire pour leur inscription, de fournir le transport et le transport au jour et \u00e0 l&rsquo;heure requis, que l&rsquo;acheteur a command\u00e9s par voie \u00e9lectronique, conform\u00e9ment aux dispositions de la loi n\u00b0 6502 sur la protection des consommateurs et du r\u00e8glement sur les principes d&rsquo;application et les proc\u00e9dures des contrats \u00e0 distance concernant la vente et la livraison des biens \/ services avec les qualifications mentionn\u00e9es dans le contrat et le prix de vente sp\u00e9cifi\u00e9 dans le contrat, accepte et d\u00e9clare qu&rsquo;il dispose d&rsquo;informations sur les qualit\u00e9s essentielles des biens\/services faisant l&rsquo;objet de la vente, le prix de vente, le mode de paiement, le mode et les conditions de livraison, etc., toutes les informations pr\u00e9liminaires sur les biens\/services faisant l&rsquo;objet de la vente et le droit de \u00ab\u00a0r\u00e9tractation\u00a0\u00bb, confirme ces informations pr\u00e9liminaires par voie \u00e9lectronique et commande ensuite les biens\/services conform\u00e9ment aux dispositions du pr\u00e9sent contrat, et les informations pr\u00e9liminaires et la facture sur le site Internet Bella Tourism du Vendeur font partie int\u00e9grante du pr\u00e9sent contrat.<\/p>\n<p>2.2 L&rsquo;acheteur peut acheter le service, le prix, la livraison et les autres conditions de vente du service, du prix, de la livraison et des autres conditions de vente sp\u00e9cifi\u00e9es sur le site web, la quantit\u00e9, l&rsquo;itin\u00e9raire et la forme d&rsquo;exp\u00e9dition\/de livraison, la quantit\u00e9, le prix de vente, le mode de paiement du produit sp\u00e9cifi\u00e9 conform\u00e9ment aux dispositions du pr\u00e9sent contrat. Il est n\u00e9cessaire de s\u00e9lectionner le type de service achet\u00e9, le nombre d&rsquo;itin\u00e9raires d&rsquo;exp\u00e9dition\/de transport et les types d&rsquo;itin\u00e9raires d&rsquo;exp\u00e9dition\/de transport et les formulaires via le site Web de Bella Tourism et les comptes et num\u00e9ros de contact des m\u00e9dias sociaux de Bella Tourism, et de payer le prix de vente du service et les frais d&rsquo;exp\u00e9dition et de transport au vendeur conform\u00e9ment au mode de paiement<br \/>\nsp\u00e9cifi\u00e9 dans le pr\u00e9sent contrat et d&rsquo;informer le vendeur de l&rsquo;adresse de livraison, de la personne \u00e0 livrer et des informations relatives \u00e0 l&rsquo;adresse de facturation concernant le service.<\/p>\n<p>2.3 Les informations sur les produits et les modes de paiement faisant l&rsquo;objet du pr\u00e9sent contrat sont les suivants :<br \/>\nType de produit : M\u00e9diation en mati\u00e8re de soins de sant\u00e9-H\u00f4tellerie-TransfertTraduction et conseil<br \/>\nMode de paiement : Commande par correspondance &#8211; Carte de cr\u00e9dit<br \/>\nServices \u00e0 fournir : H\u00e9bergement \u00e0 l&rsquo;h\u00f4tel &#8211; Traduction et conseils &#8211; Services de transfert<br \/>\nPersonne devant recevoir le service : Les num\u00e9ros de t\u00e9l\u00e9phone de (BELLA GRUP TUR\u0130ZM MED\u0130KAL TEKST\u0130L TEM\u0130ZL\u0130K KIRTAS\u0130YE GIDA \u0130N\u015eAAT \u0130THALAT VE \u0130HRACAT\u00a0 SAN.T\u0130C.LTD.\u015eT\u0130. &#8211; les conversations WhatsApp &#8211; les comptes de m\u00e9dias sociaux sont les personnes qui ont \u00e9t\u00e9 contact\u00e9es et dont les noms sont mentionn\u00e9s dans ces canaux.<br \/>\nAdresse de facturation : L&rsquo;obligation de livraison du VENDEUR sera d\u00e9termin\u00e9e en fonction de la disponibilit\u00e9 de l&rsquo;\u00e9tablissement de sant\u00e9 concern\u00e9.<\/p>\n<h3>ARTICLE 3 &#8211; LIVRAISON DU PRODUIT \/ R\u00c9CEPTION DU SERVICE<\/h3>\n<p>3.1. L&rsquo;ACHETEUR PEUT B\u00c9N\u00c9FICIER DU SERVICE EXCLUSIVEMENT PAR LUIM\u00caME. Il ne peut pas demander \u00e0 quelqu&rsquo;un d&rsquo;autre d&rsquo;en b\u00e9n\u00e9ficier \u00e0 sa place.<\/p>\n<p>3.2. LE VENDEUR EST TENU D&rsquo;ASSURER LA COORDINATION N\u00c9CESSAIRE POUR QUE L&rsquo;ACHETEUR PUISSE B\u00c9N\u00c9FICIER DU SERVICE DE SANT\u00c9 ET DE TRANSPORTER L&rsquo;ACHETEUR JUSQU&rsquo;\u00c0 L&rsquo;\u00c9TABLISSEMENT DE SANT\u00c9. Si le vendeur ne peut pas livrer le produit faisant l&rsquo;objet du contrat dans un d\u00e9lai de 30 jours en raison de circonstances extraordinaires telles que l&rsquo;\u00e9tat de l&rsquo;\u00e9tablissement de sant\u00e9 contract\u00e9 n&rsquo;est pas suffisant, une opposition m\u00e9t\u00e9orologique emp\u00eachant le transport, l&rsquo;interruption du transport, une gr\u00e8ve, une maladie \u00e9pid\u00e9mique, il est tenu d&rsquo;en informer l&rsquo;acheteur dans le m\u00eame d\u00e9lai. Dans ce cas, l&rsquo;acheteur peut utiliser l&rsquo;un des droits d&rsquo;annuler la commande, de remplacer le produit faisant l&rsquo;objet du contrat par un pr\u00e9c\u00e9dent, le cas \u00e9ch\u00e9ant, et\/ou de reporter le d\u00e9lai de livraison jusqu&rsquo;\u00e0 l&rsquo;\u00e9limination de la situation pr\u00e9ventive. Si l&rsquo;acheteur annule la commande, le montant pay\u00e9 sera rembours\u00e9 comme indiqu\u00e9 ci-dessus.<\/p>\n<p>3.3 L&rsquo;ACHETEUR EST TENU D&rsquo;\u00caTRE PR\u00caT AU JOUR, \u00c0 L&rsquo;HEURE ET \u00c0 L&rsquo;ENDROIT INDIQU\u00c9S. L&rsquo;ACHETEUR A LE DROIT DE REPORTER LA VENTE D&rsquo;UNE FOIS SEULEMENT S&rsquo;IL LE NOTIFIE AU MOINS 15 JOURS \u00c0 L&rsquo;AVANCE. SI L&rsquo;ACHETEUR N&rsquo;EST PAS PR\u00c9SENT AU NOUVEAU JOUR ET \u00c0 LA NOUVELLE HEURE INDIQU\u00c9S LORS DU REPORT ET \u00c0 L&rsquo;ENDROIT SP\u00c9CIFI\u00c9, LE VENDEUR EST LIB\u00c9R\u00c9 DE SON OBLIGATION.<\/p>\n<p>3.4 Si, pour quelque raison que ce soit, le prix du paquet de services n&rsquo;est pas pay\u00e9 par l&rsquo;ACHETEUR ou si le paiement effectu\u00e9 est annul\u00e9 dans les registres de la banque, le vendeur est r\u00e9put\u00e9 lib\u00e9r\u00e9 de l&rsquo;obligation de fournir le service.<\/p>\n<p>3.5 LA RESPONSABILIT\u00c9 DU VENDEUR \u00c0 L&rsquo;\u00c9GARD DE L&rsquo;ACHETEUR PREND FIN LORSQUE LE VENDEUR LIVRE L&rsquo;ACHETEUR \u00c0 L&rsquo;\u00c9TABLISSEMENT DE SANT\u00c9 DE SON CHOIX ET QUE LE CONSENTEMENT \u00c9CLAIR\u00c9 D\u00c9LIVR\u00c9 PAR L&rsquo;\u00c9TABLISSEMENT DE SANT\u00c9 EST SIGN\u00c9 PAR L\u2019ACHETEUR. \u00c0 PARTIR DE CE MOMENT, LA RELATION DE PATIENT AVEC LE M\u00c9DECIN EST \u00c9TABLIE ET L&rsquo;INSTITUTION DE SANT\u00c9 CONCERN\u00c9E EST EXCLUSIVEMENT RESPONSABLE DES PRATIQUES M\u00c9DICALES ; LE VENDEUR N&rsquo;EST PAS<br \/>\nGARANT ET GARANT DES PRATIQUES M\u00c9DICALES DE L&rsquo;INSTITUTION DE SANT\u00c9. L&rsquo;ACHETEUR L&rsquo;ACCEPTE PAR AVANCE.<\/p>\n<p>3.6 Si le b\u00e9n\u00e9ficiaire, qui vient recevoir des services de sant\u00e9, donne des r\u00e9ponses incorrectes aux questions qui lui sont pos\u00e9es lors de la conclusion du contrat, ou si, pour des raisons impr\u00e9visibles telles que d&rsquo;autres maladies ou allergies, etc. qu&rsquo;il ne conna\u00eet pas ou dont il n&rsquo;a pas connaissance, les examens pr\u00e9alables au traitement effectu\u00e9s par les \u00e9tablissements de sant\u00e9 r\u00e9v\u00e8lent un obstacle au traitement ou \u00e0 l&rsquo;op\u00e9ration et que l&rsquo;intervention m\u00e9dicale souhait\u00e9e ne peut \u00eatre effectu\u00e9e, L&rsquo;ACHETEUR ACCEPTE, D\u00c9CLARE ET S&rsquo;ENGAGE PAR AVANCE \u00c0 CE QUE LE VENDEUR N&rsquo;AIT AUCUNE RESPONSABILIT\u00c9, AUCUN REMBOURSEMENT, AUCUNE COMPENSATION MAT\u00c9RIELLE ET MORALE, ETC. DE LA PART DU VENDEUR DE QUELQUE MANI\u00c8RE QUE CE SOIT, QUEL QUE SOIT LE NOM SOUS LEQUEL IL SE TROUVE.<\/p>\n<h3>ARTICLE 4 \u2013 PAIMENET<\/h3>\n<p>4.1. Le prix \u00e0 payer pour les achats effectu\u00e9s sur ce site web ; PRIX DU PRODUIT + TVA + FRAIS D&rsquo;EXP\u00c9DITION + &#8230;&#8230;&#8230;&#8230;. TOTAL \u2026\u2026\u2026\u2026\u2026\u2026\u2026TL. Les num\u00e9ros de t\u00e9l\u00e9phone de (BELLA GRUP TUR\u0130ZM MED\u0130KAL TEKST\u0130L TEM\u0130ZL\u0130K KIRTAS\u0130YE GIDA \u0130N\u015eAAT \u0130THALAT VE \u0130HRACAT SAN.T\u0130C.LTD.\u015eT\u0130. &#8211; les conversations WhatsApp &#8211; les comptes de m\u00e9dias sociaux sont les personnes qui ont \u00e9t\u00e9 contact\u00e9es et dont les noms sont mentionn\u00e9s dans ces canaux.<\/p>\n<p>4.2. Pour les paiements effectu\u00e9s par l&rsquo;acheteur par carte de cr\u00e9dit, le montant du produit est retourn\u00e9 \u00e0 la banque concern\u00e9e dans les 10 (dix) jours ouvrables suivant l&rsquo;annulation de la commande par l&rsquo;acheteur. Etant donn\u00e9 que la r\u00e9percussion de ce montant sur les comptes de l&rsquo;acheteur apr\u00e8s le retour de ce montant \u00e0 la banque est enti\u00e8rement li\u00e9e au processus de transaction bancaire, l&rsquo;acheteur accepte \u00e0 l&rsquo;avance qu&rsquo;il ne sera pas possible pour le vendeur d&rsquo;intervenir de quelque mani\u00e8re que ce soit pour d&rsquo;\u00e9ventuels retards et que cela peut prendre en moyenne 2 \u00e0 3 semaines<br \/>\npour que le montant retourn\u00e9 \u00e0 la carte de cr\u00e9dit par le vendeur soit r\u00e9percut\u00e9 sur le compte de l&rsquo;acheteur par la banque.<\/p>\n<p>4.3 L&rsquo;ACHETEUR d\u00e9clare avoir lu, compris, pleinement inform\u00e9 et confirm\u00e9 \u00e9lectroniquement les informations fournies par le VENDEUR sur la Plateforme en ligne concernant les qualifications, le prix, le mode de paiement et la livraison du paquet de services.<\/p>\n<p>4.4 Afin de r\u00e9pondre aux exigences de l&rsquo;offre de services s\u00e9lectionn\u00e9e par l&rsquo;ACHETEUR, ce dernier consent express\u00e9ment au traitement des donn\u00e9es relatives \u00e0 la sant\u00e9, qui sont consid\u00e9r\u00e9es comme des donn\u00e9es personnelles de qualit\u00e9 sp\u00e9ciale conform\u00e9ment \u00e0 la loi sur la protection des donn\u00e9es personnelles n\u00b0 6698, par le vendeur et les \u00e9tablissements de sant\u00e9 sous contrat, \u00e0 condition qu&rsquo;elles soient limit\u00e9es \u00e0 l&rsquo;objectif de la consultation m\u00e9dicale.<\/p>\n<p>4.5 L&rsquo;ACHETEUR peut envoyer ses demandes et ses plaintes aux canaux de communication du VENDEUR sp\u00e9cifi\u00e9s ci-dessus et \u00e0 l&rsquo;adresse web. Le VENDEUR \u00e9value les demandes et les plaintes et les renvoie \u00e0 l&rsquo;ACHETEUR dans les plus brefs d\u00e9lais.<\/p>\n<p>4.6 En approuvant le pr\u00e9sent contrat par voie \u00e9lectronique, l&rsquo;acheteur confirme qu&rsquo;il a obtenu l&rsquo;adresse, les caract\u00e9ristiques essentielles des produits command\u00e9s par le vendeur, l&rsquo;\u00e9tablissement de sant\u00e9 o\u00f9 le service sera fourni et le prix des produits TTC, les informations relatives au paiement et \u00e0 la livraison qui doivent \u00eatre communiqu\u00e9es au consommateur par le vendeur.<\/p>\n<h3>ARTICLE 5 &#8211; DROIT DE RETRAIT<\/h3>\n<p>5.1. L&rsquo;ACHETEUR a le droit de se r\u00e9tracter dans un d\u00e9lai de 14 jours \u00e0 compter de la date de conclusion du contrat, sous r\u00e9serve du contrat, sans avoir \u00e0 justifier d&rsquo;un motif quelconque. Pour exercer le droit de r\u00e9tractation, le consommateur doit en informer le vendeur par courrier \u00e9lectronique dans un d\u00e9lai de 14 jours. M\u00eame si le d\u00e9lai de r\u00e9tractation n&rsquo;a pas expir\u00e9, le droit de r\u00e9tractation ne peut pas \u00eatre utilis\u00e9 lorsque l&rsquo;ex\u00e9cution du service a commenc\u00e9 avec l&rsquo;approbation du consommateur. Il est \u00e9galement n\u00e9cessaire qu&rsquo;aucune r\u00e9servation n&rsquo;ait encore \u00e9t\u00e9 faite, y compris dans l&rsquo;\u00e9tablissement de sant\u00e9 du VENDEUR et dans le transport, l&rsquo;h\u00e9bergement (h\u00f4tel, etc.) ; \u00e0 la demande ou \u00e0 la pr\u00e9f\u00e9rence du CONSOMMATEUR, le fait que le VENDEUR ait fait une r\u00e9servation m\u00eame dans l&rsquo;\u00e9tablissement de sant\u00e9 ou dans l&rsquo;un des \u00e9tablissements de transport ou d&rsquo;h\u00e9bergement signifie que l&rsquo;ex\u00e9cution du service a commenc\u00e9 et que cette situation r\u00e9duit le droit de r\u00e9tractation.<\/p>\n<p>Si l&rsquo;acheteur qui fait usage du droit de r\u00e9tractation a re\u00e7u une facture, il est \u00e9galement tenu de renvoyer la facture et d&rsquo;inscrire et de signer \u00ab\u00a0retour de facture\u00a0\u00bb sur la facture \u00e0 renvoyer. Le droit de r\u00e9tractation est valable dans les cas susmentionn\u00e9s et dans la mesure o\u00f9 il est utilis\u00e9 en temps voulu et en bonne et due forme, et en cas de r\u00e9tractation valable, les frais sont \u00e0 la charge du VENDEUR.<\/p>\n<p>Dans le cas contraire, aucun remboursement ne sera effectu\u00e9. En acceptant le pr\u00e9sent contrat, l&rsquo;ACHETEUR convient par avance qu&rsquo;il a \u00e9t\u00e9 inform\u00e9 du droit de r\u00e9tractation.<\/p>\n<p>5.2 Les demandes de remplacement du produit par un autre produit peuvent \u00eatre remplac\u00e9es par un autre service de sant\u00e9 dans les \u00e9tablissements de sant\u00e9 sous contrat avec le VENDEUR si l&rsquo;ad\u00e9quation des entreprises est disponible. La demande d&rsquo;\u00e9change ne peut \u00eatre consid\u00e9r\u00e9e comme un droit de r\u00e9tractation.<\/p>\n<h3>ARTICLE 6 &#8211; DROIT APPLICABLE<\/h3>\n<p>Les parties ont accept\u00e9 et d\u00e9clar\u00e9 que le droit turc sera appliqu\u00e9 pour le r\u00e8glement des litiges d\u00e9coulant de l&rsquo;application et de l&rsquo;interpr\u00e9tation de l\u2019accord.<\/p>\n<h3>ARTICLE 7 &#8211; ACCORD SUR LES PREUVES<\/h3>\n<p>Les documents du vendeur (y compris les documents sur support magn\u00e9tique tels que les documents audio-informatiques) constituent une preuve concluante dans la r\u00e9solution de tout litige pouvant r\u00e9sulter du pr\u00e9sent accord et\/ou de sa mise en \u0153uvre.<\/p>\n<h3>ARTICLE 8 &#8211; JURIDICTION COMP\u00c9TENTE<\/h3>\n<p>Dans le cadre de l&rsquo;ex\u00e9cution de ce contrat de vente, les tribunaux et les bureaux d&rsquo;ex\u00e9cution d&rsquo;Istanbul Anatolie sont comp\u00e9tents pour les litiges d\u00e9passant les limites de la comp\u00e9tence des comit\u00e9s d&rsquo;arbitrage des consommateurs (pour les litiges de consommation d&rsquo;une valeur inf\u00e9rieure \u00e0 66 000 (soixante-six mille) livres turques pour 2023, les demandes peuvent \u00eatre adress\u00e9es aux comit\u00e9s d&rsquo;arbitrage des consommateurs provinciaux ou de district).<\/p>\n<p>VENDEUR ACHETEUR<br \/>\nBELLA GRUP TUR\u0130ZM MED\u0130KAL TEKST\u0130L<br \/>\nTEM\u0130ZL\u0130K KIRTAS\u0130YE GIDA \u0130N\u015eAAT<br \/>\n\u0130THALAT VE \u0130HRACAT SAN.T\u0130C.LTD.\u015eT\u0130.<\/p>\n","protected":false},"excerpt":{"rendered":"<p>CONTRAT DE VENTE \u00c0 DISTANCE ARTICLE 1 &#8211; PARTIES 1.1 &#8211; VENDEUR Titre : BELLA GRUP TUR\u0130ZM MED\u0130KAL TEKST\u0130L TEM\u0130ZL\u0130K KIRTAS\u0130YE GIDA \u0130N\u015eAAT \u0130THALAT VE \u0130HRACAT SAN.T\u0130C.LTD.\u015eT\u0130. Adresse : Atalar mahallesi \u00c7anakkale caddesi no55\/A Kartal\/\u0130STANBUL Email : info@bellatourism.com 1.2 \u2013 ACHETEUR Pr\u00e9nom et nom : Les num\u00e9ros de t\u00e9l\u00e9phone de (BELLA GRUP TUR\u0130ZM MED\u0130KAL TEKST\u0130L [&hellip;]<\/p>\n","protected":false},"author":1,"featured_media":0,"parent":0,"menu_order":0,"comment_status":"closed","ping_status":"closed","template":"","meta":{"footnotes":""},"yoast_head":"<!-- This site is optimized with the Yoast SEO plugin v23.5 - https:\/\/yoast.com\/wordpress\/plugins\/seo\/ -->\n<title>CONTRAT DE VENTE \u00c0 DISTANCE - Bella Tourism<\/title>\n<meta name=\"robots\" content=\"index, follow, max-snippet:-1, max-image-preview:large, max-video-preview:-1\" \/>\n<link rel=\"canonical\" href=\"https:\/\/bellatourism.com\/fr\/contrat-de-vente-a-distance\/\" \/>\n<meta property=\"og:locale\" content=\"fr_FR\" \/>\n<meta property=\"og:type\" content=\"article\" \/>\n<meta property=\"og:title\" content=\"CONTRAT DE VENTE \u00c0 DISTANCE - Bella Tourism\" \/>\n<meta property=\"og:description\" content=\"CONTRAT DE VENTE \u00c0 DISTANCE ARTICLE 1 &#8211; PARTIES 1.1 &#8211; VENDEUR Titre : BELLA GRUP TUR\u0130ZM MED\u0130KAL TEKST\u0130L TEM\u0130ZL\u0130K KIRTAS\u0130YE GIDA \u0130N\u015eAAT \u0130THALAT VE \u0130HRACAT SAN.T\u0130C.LTD.\u015eT\u0130. Adresse : Atalar mahallesi \u00c7anakkale caddesi no55\/A Kartal\/\u0130STANBUL Email : info@bellatourism.com 1.2 \u2013 ACHETEUR Pr\u00e9nom et nom : Les num\u00e9ros de t\u00e9l\u00e9phone de (BELLA GRUP TUR\u0130ZM MED\u0130KAL TEKST\u0130L [&hellip;]\" \/>\n<meta property=\"og:url\" content=\"https:\/\/bellatourism.com\/fr\/contrat-de-vente-a-distance\/\" \/>\n<meta property=\"og:site_name\" content=\"Bella Tourism\" \/>\n<meta property=\"article:publisher\" content=\"https:\/\/www.facebook.com\/bellahealthtourism\" \/>\n<meta property=\"article:modified_time\" content=\"2023-04-24T13:02:24+00:00\" \/>\n<meta name=\"twitter:card\" content=\"summary_large_image\" \/>\n<meta name=\"twitter:label1\" content=\"Dur\u00e9e de lecture estim\u00e9e\" \/>\n\t<meta name=\"twitter:data1\" content=\"10 minutes\" \/>\n<script type=\"application\/ld+json\" class=\"yoast-schema-graph\">{\"@context\":\"https:\/\/schema.org\",\"@graph\":[{\"@type\":\"WebPage\",\"@id\":\"https:\/\/bellatourism.com\/fr\/contrat-de-vente-a-distance\/\",\"url\":\"https:\/\/bellatourism.com\/fr\/contrat-de-vente-a-distance\/\",\"name\":\"CONTRAT DE VENTE \u00c0 DISTANCE - Bella Tourism\",\"isPartOf\":{\"@id\":\"https:\/\/bellatourism.com\/tr\/#website\"},\"datePublished\":\"2023-04-24T09:40:44+00:00\",\"dateModified\":\"2023-04-24T13:02:24+00:00\",\"breadcrumb\":{\"@id\":\"https:\/\/bellatourism.com\/fr\/contrat-de-vente-a-distance\/#breadcrumb\"},\"inLanguage\":\"fr-FR\",\"potentialAction\":[{\"@type\":\"ReadAction\",\"target\":[\"https:\/\/bellatourism.com\/fr\/contrat-de-vente-a-distance\/\"]}]},{\"@type\":\"BreadcrumbList\",\"@id\":\"https:\/\/bellatourism.com\/fr\/contrat-de-vente-a-distance\/#breadcrumb\",\"itemListElement\":[{\"@type\":\"ListItem\",\"position\":1,\"name\":\"Home\",\"item\":\"https:\/\/bellatourism.com\/tr\/\"},{\"@type\":\"ListItem\",\"position\":2,\"name\":\"CONTRAT DE VENTE \u00c0 DISTANCE\"}]},{\"@type\":\"WebSite\",\"@id\":\"https:\/\/bellatourism.com\/tr\/#website\",\"url\":\"https:\/\/bellatourism.com\/tr\/\",\"name\":\"Bella Tourism - Health Tourism In Turkey\",\"description\":\"Bella Tourism\",\"publisher\":{\"@id\":\"https:\/\/bellatourism.com\/tr\/#organization\"},\"potentialAction\":[{\"@type\":\"SearchAction\",\"target\":{\"@type\":\"EntryPoint\",\"urlTemplate\":\"https:\/\/bellatourism.com\/tr\/?s={search_term_string}\"},\"query-input\":{\"@type\":\"PropertyValueSpecification\",\"valueRequired\":true,\"valueName\":\"search_term_string\"}}],\"inLanguage\":\"fr-FR\"},{\"@type\":\"Organization\",\"@id\":\"https:\/\/bellatourism.com\/tr\/#organization\",\"name\":\"Bella Tourism - Health Tourism In Turkey\",\"url\":\"https:\/\/bellatourism.com\/tr\/\",\"logo\":{\"@type\":\"ImageObject\",\"inLanguage\":\"fr-FR\",\"@id\":\"https:\/\/bellatourism.com\/tr\/#\/schema\/logo\/image\/\",\"url\":\"https:\/\/bellatourism.com\/wp-content\/uploads\/2022\/05\/Bella-Tourism-Logo-Dosyasi-01.png\",\"contentUrl\":\"https:\/\/bellatourism.com\/wp-content\/uploads\/2022\/05\/Bella-Tourism-Logo-Dosyasi-01.png\",\"width\":200,\"height\":84,\"caption\":\"Bella Tourism - Health Tourism In Turkey\"},\"image\":{\"@id\":\"https:\/\/bellatourism.com\/tr\/#\/schema\/logo\/image\/\"},\"sameAs\":[\"https:\/\/www.facebook.com\/bellahealthtourism\",\"https:\/\/www.instagram.com\/bellahealthtourism\/\",\"https:\/\/www.linkedin.com\/company\/bella-health-tourism\/\"]}]}<\/script>\n<!-- \/ Yoast SEO plugin. -->","yoast_head_json":{"title":"CONTRAT DE VENTE \u00c0 DISTANCE - Bella Tourism","robots":{"index":"index","follow":"follow","max-snippet":"max-snippet:-1","max-image-preview":"max-image-preview:large","max-video-preview":"max-video-preview:-1"},"canonical":"https:\/\/bellatourism.com\/fr\/contrat-de-vente-a-distance\/","og_locale":"fr_FR","og_type":"article","og_title":"CONTRAT DE VENTE \u00c0 DISTANCE - Bella Tourism","og_description":"CONTRAT DE VENTE \u00c0 DISTANCE ARTICLE 1 &#8211; PARTIES 1.1 &#8211; VENDEUR Titre : BELLA GRUP TUR\u0130ZM MED\u0130KAL TEKST\u0130L TEM\u0130ZL\u0130K KIRTAS\u0130YE GIDA \u0130N\u015eAAT \u0130THALAT VE \u0130HRACAT SAN.T\u0130C.LTD.\u015eT\u0130. Adresse : Atalar mahallesi \u00c7anakkale caddesi no55\/A Kartal\/\u0130STANBUL Email : info@bellatourism.com 1.2 \u2013 ACHETEUR Pr\u00e9nom et nom : Les num\u00e9ros de t\u00e9l\u00e9phone de (BELLA GRUP TUR\u0130ZM MED\u0130KAL TEKST\u0130L [&hellip;]","og_url":"https:\/\/bellatourism.com\/fr\/contrat-de-vente-a-distance\/","og_site_name":"Bella Tourism","article_publisher":"https:\/\/www.facebook.com\/bellahealthtourism","article_modified_time":"2023-04-24T13:02:24+00:00","twitter_card":"summary_large_image","twitter_misc":{"Dur\u00e9e de lecture estim\u00e9e":"10 minutes"},"schema":{"@context":"https:\/\/schema.org","@graph":[{"@type":"WebPage","@id":"https:\/\/bellatourism.com\/fr\/contrat-de-vente-a-distance\/","url":"https:\/\/bellatourism.com\/fr\/contrat-de-vente-a-distance\/","name":"CONTRAT DE VENTE \u00c0 DISTANCE - Bella Tourism","isPartOf":{"@id":"https:\/\/bellatourism.com\/tr\/#website"},"datePublished":"2023-04-24T09:40:44+00:00","dateModified":"2023-04-24T13:02:24+00:00","breadcrumb":{"@id":"https:\/\/bellatourism.com\/fr\/contrat-de-vente-a-distance\/#breadcrumb"},"inLanguage":"fr-FR","potentialAction":[{"@type":"ReadAction","target":["https:\/\/bellatourism.com\/fr\/contrat-de-vente-a-distance\/"]}]},{"@type":"BreadcrumbList","@id":"https:\/\/bellatourism.com\/fr\/contrat-de-vente-a-distance\/#breadcrumb","itemListElement":[{"@type":"ListItem","position":1,"name":"Home","item":"https:\/\/bellatourism.com\/tr\/"},{"@type":"ListItem","position":2,"name":"CONTRAT DE VENTE \u00c0 DISTANCE"}]},{"@type":"WebSite","@id":"https:\/\/bellatourism.com\/tr\/#website","url":"https:\/\/bellatourism.com\/tr\/","name":"Bella Tourism - Health Tourism In Turkey","description":"Bella Tourism","publisher":{"@id":"https:\/\/bellatourism.com\/tr\/#organization"},"potentialAction":[{"@type":"SearchAction","target":{"@type":"EntryPoint","urlTemplate":"https:\/\/bellatourism.com\/tr\/?s={search_term_string}"},"query-input":{"@type":"PropertyValueSpecification","valueRequired":true,"valueName":"search_term_string"}}],"inLanguage":"fr-FR"},{"@type":"Organization","@id":"https:\/\/bellatourism.com\/tr\/#organization","name":"Bella Tourism - Health Tourism In Turkey","url":"https:\/\/bellatourism.com\/tr\/","logo":{"@type":"ImageObject","inLanguage":"fr-FR","@id":"https:\/\/bellatourism.com\/tr\/#\/schema\/logo\/image\/","url":"https:\/\/bellatourism.com\/wp-content\/uploads\/2022\/05\/Bella-Tourism-Logo-Dosyasi-01.png","contentUrl":"https:\/\/bellatourism.com\/wp-content\/uploads\/2022\/05\/Bella-Tourism-Logo-Dosyasi-01.png","width":200,"height":84,"caption":"Bella Tourism - Health Tourism In Turkey"},"image":{"@id":"https:\/\/bellatourism.com\/tr\/#\/schema\/logo\/image\/"},"sameAs":["https:\/\/www.facebook.com\/bellahealthtourism","https:\/\/www.instagram.com\/bellahealthtourism\/","https:\/\/www.linkedin.com\/company\/bella-health-tourism\/"]}]}},"_links":{"self":[{"href":"https:\/\/bellatourism.com\/fr\/wp-json\/wp\/v2\/pages\/32181"}],"collection":[{"href":"https:\/\/bellatourism.com\/fr\/wp-json\/wp\/v2\/pages"}],"about":[{"href":"https:\/\/bellatourism.com\/fr\/wp-json\/wp\/v2\/types\/page"}],"author":[{"embeddable":true,"href":"https:\/\/bellatourism.com\/fr\/wp-json\/wp\/v2\/users\/1"}],"replies":[{"embeddable":true,"href":"https:\/\/bellatourism.com\/fr\/wp-json\/wp\/v2\/comments?post=32181"}],"version-history":[{"count":3,"href":"https:\/\/bellatourism.com\/fr\/wp-json\/wp\/v2\/pages\/32181\/revisions"}],"predecessor-version":[{"id":32218,"href":"https:\/\/bellatourism.com\/fr\/wp-json\/wp\/v2\/pages\/32181\/revisions\/32218"}],"wp:attachment":[{"href":"https:\/\/bellatourism.com\/fr\/wp-json\/wp\/v2\/media?parent=32181"}],"curies":[{"name":"wp","href":"https:\/\/api.w.org\/{rel}","templated":true}]}}