{"id":31527,"date":"2023-03-20T12:00:18","date_gmt":"2023-03-20T12:00:18","guid":{"rendered":"https:\/\/bellatourism.com\/?page_id=31527"},"modified":"2023-03-20T12:01:31","modified_gmt":"2023-03-20T12:01:31","slug":"esthetique-de-maternite-mommy-makeover","status":"publish","type":"page","link":"https:\/\/bellatourism.com\/fr\/esthetique-de-maternite-mommy-makeover\/","title":{"rendered":"Esthetique de Maternite (Mommy Makeover)"},"content":{"rendered":"<div class=\"vc_row wpb_row vc_row-fluid\" data-delay=\"0\">\n<div class=\"wpb_column vc_column_container vc_col-sm-12\" data-delay=\"0\">\n<div class=\"vc_column-inner \">\n<div class=\"wpb_wrapper\">\n<div class=\"wpb_text_column wpb_content_element \">\n<div class=\"wpb_wrapper\">\n<p>Cette proc\u00e9dure que nous appelons esth\u00e8tique de maternit\u00e9 a en fait \u00e9merg\u00e9 \u00e0 la suite de la fusion d\u2019un titre des proc\u00e9dures. Vous pouvez faire effectuer les proc\u00e9dures pr\u00e9vues pour l\u2019esth\u00e9tique de la maternit\u00e9 s\u00e9par\u00e9ment ou vous pouvez subir quelques op\u00e9rations \u00e0 la fois sous la forme de Mommy MakeOver. Comme son nom l\u2019indique cette op\u00e9ration est effectu\u00e9 a fin de restaurer les changements\u00a0du corps de la femme survenus suite \u00e0 la maternit\u00e9 et lui redonner un aspect esth\u00e9tique. De nombreuses femmes prennent trop de poids pendant la grossesse. Apr\u00e8s l\u2019accouchement ces d\u00e9p\u00f4ts de graisse provoquent le relachement cutan\u00e9 avec la r\u00e9duction des niveaux hormonaux normaux du corps et une perte de poids. Ces d\u00e9p\u00f4ts de graisse provoquent un affaissement avec le taux d\u2019hormones reviennent \u00e0 la normale et une perte de poids.<\/p>\n<p>Alors que la graisse dans certaines parties du corps ne peut pas \u00eatre perdue, la graisse r\u00e9sistante dans ces zones provoque une d\u00e9formation (ex. bras, \u00e9paules, dos, abdomen). Les seins qui gonflent et augmentent de volume avec la grossesse perdent du volume et s\u2019affaissent apr\u00e8s l\u2019allaitement. En m\u00eame temps le vagin peut perdre sa forme d\u2019avant et un\u00a0affaissement\u00a0peut appara\u00eetre sur les\u00a0l\u00e8vres internes\u00a0du\u00a0vagin apr\u00e8s l\u2019accouchement. Mommy Makeover comprend toutes ces proc\u00e9dures planifi\u00e9es en m\u00eame temps. Avant l\u2019op\u00e9ration, une liposuccion est effectu\u00e9e et les graisses r\u00e9gionales sont retir\u00e9es. Ensuite, on effectue la plastie abdominale et labiaplastie et l\u2019exc\u00e8s de graisse et de peau qui provoque l\u2019affaissement est retir\u00e9. Derni\u00e8rement avec une proth\u00e8se mammaire et un lifting les seins retrouvent leur forme ferme et tonique d\u2019avant. Mommy Makeover est une proc\u00e9dure personnalis\u00e9e. Alors que la personne peut subir toutes les proc\u00e9dures ci-dessus, il est possible d\u2019\u00e9viter les proc\u00e9dures dont elle n\u2019a pas besoin.<\/p>\n<\/div>\n<\/div>\n<\/div>\n<\/div>\n<\/div>\n<\/div>\n<div class=\"vc_row wpb_row vc_row-fluid\" data-delay=\"0\">\n<div class=\"wpb_column vc_column_container vc_col-sm-12\" data-delay=\"0\">\n<div class=\"vc_column-inner \">\n<div class=\"wpb_wrapper\"><\/div>\n<\/div>\n<\/div>\n<\/div>\n","protected":false},"excerpt":{"rendered":"<p>Cette proc\u00e9dure que nous appelons esth\u00e8tique de maternit\u00e9 a en fait \u00e9merg\u00e9 \u00e0 la suite de la fusion d\u2019un titre des proc\u00e9dures. Vous pouvez faire effectuer les proc\u00e9dures pr\u00e9vues pour l\u2019esth\u00e9tique de la maternit\u00e9 s\u00e9par\u00e9ment ou vous pouvez subir quelques op\u00e9rations \u00e0 la fois sous la forme de Mommy MakeOver. Comme son nom l\u2019indique cette [&hellip;]<\/p>\n","protected":false},"author":1,"featured_media":31523,"parent":0,"menu_order":0,"comment_status":"closed","ping_status":"closed","template":"","meta":{"footnotes":""},"yoast_head":"<!-- This site is optimized with the Yoast SEO plugin v23.5 - https:\/\/yoast.com\/wordpress\/plugins\/seo\/ -->\n<title>Esthetique de Maternite (Mommy Makeover) - Bella Tourism<\/title>\n<meta name=\"description\" content=\"Cette proc\u00e9dure que nous appelons esth\u00e8tique de maternit\u00e9 a en fait \u00e9merg\u00e9 \u00e0 la suite de la fusion d\u2019un titre des proc\u00e9dures.\" \/>\n<meta name=\"robots\" content=\"index, follow, max-snippet:-1, max-image-preview:large, max-video-preview:-1\" \/>\n<link rel=\"canonical\" href=\"https:\/\/bellatourism.com\/fr\/esthetique-de-maternite-mommy-makeover\/\" \/>\n<meta property=\"og:locale\" content=\"fr_FR\" \/>\n<meta property=\"og:type\" content=\"article\" \/>\n<meta property=\"og:title\" content=\"Esthetique de Maternite (Mommy Makeover) - Bella Tourism\" \/>\n<meta property=\"og:description\" content=\"Cette proc\u00e9dure que nous appelons esth\u00e8tique de maternit\u00e9 a en fait \u00e9merg\u00e9 \u00e0 la suite de la fusion d\u2019un titre des proc\u00e9dures.\" \/>\n<meta property=\"og:url\" content=\"https:\/\/bellatourism.com\/fr\/esthetique-de-maternite-mommy-makeover\/\" \/>\n<meta property=\"og:site_name\" content=\"Bella Tourism\" \/>\n<meta property=\"article:publisher\" content=\"https:\/\/www.facebook.com\/bellahealthtourism\" \/>\n<meta property=\"article:modified_time\" content=\"2023-03-20T12:01:31+00:00\" \/>\n<meta property=\"og:image\" content=\"https:\/\/bellatourism.com\/wp-content\/uploads\/2023\/03\/maternity-aesthetics.webp\" \/>\n\t<meta property=\"og:image:width\" content=\"1600\" \/>\n\t<meta property=\"og:image:height\" content=\"400\" \/>\n\t<meta property=\"og:image:type\" content=\"image\/webp\" \/>\n<meta name=\"twitter:card\" content=\"summary_large_image\" \/>\n<meta name=\"twitter:label1\" content=\"Dur\u00e9e de lecture estim\u00e9e\" \/>\n\t<meta name=\"twitter:data1\" content=\"2 minutes\" \/>\n<script type=\"application\/ld+json\" class=\"yoast-schema-graph\">{\"@context\":\"https:\/\/schema.org\",\"@graph\":[{\"@type\":\"WebPage\",\"@id\":\"https:\/\/bellatourism.com\/fr\/esthetique-de-maternite-mommy-makeover\/\",\"url\":\"https:\/\/bellatourism.com\/fr\/esthetique-de-maternite-mommy-makeover\/\",\"name\":\"Esthetique de Maternite (Mommy Makeover) - Bella Tourism\",\"isPartOf\":{\"@id\":\"https:\/\/bellatourism.com\/tr\/#website\"},\"primaryImageOfPage\":{\"@id\":\"https:\/\/bellatourism.com\/fr\/esthetique-de-maternite-mommy-makeover\/#primaryimage\"},\"image\":{\"@id\":\"https:\/\/bellatourism.com\/fr\/esthetique-de-maternite-mommy-makeover\/#primaryimage\"},\"thumbnailUrl\":\"https:\/\/bellatourism.com\/wp-content\/uploads\/2023\/03\/maternity-aesthetics.webp\",\"datePublished\":\"2023-03-20T12:00:18+00:00\",\"dateModified\":\"2023-03-20T12:01:31+00:00\",\"description\":\"Cette proc\u00e9dure que nous appelons esth\u00e8tique de maternit\u00e9 a en fait \u00e9merg\u00e9 \u00e0 la suite de la fusion d\u2019un titre des proc\u00e9dures.\",\"breadcrumb\":{\"@id\":\"https:\/\/bellatourism.com\/fr\/esthetique-de-maternite-mommy-makeover\/#breadcrumb\"},\"inLanguage\":\"fr-FR\",\"potentialAction\":[{\"@type\":\"ReadAction\",\"target\":[\"https:\/\/bellatourism.com\/fr\/esthetique-de-maternite-mommy-makeover\/\"]}]},{\"@type\":\"ImageObject\",\"inLanguage\":\"fr-FR\",\"@id\":\"https:\/\/bellatourism.com\/fr\/esthetique-de-maternite-mommy-makeover\/#primaryimage\",\"url\":\"https:\/\/bellatourism.com\/wp-content\/uploads\/2023\/03\/maternity-aesthetics.webp\",\"contentUrl\":\"https:\/\/bellatourism.com\/wp-content\/uploads\/2023\/03\/maternity-aesthetics.webp\",\"width\":1600,\"height\":400,\"caption\":\"Mommy Makeover\"},{\"@type\":\"BreadcrumbList\",\"@id\":\"https:\/\/bellatourism.com\/fr\/esthetique-de-maternite-mommy-makeover\/#breadcrumb\",\"itemListElement\":[{\"@type\":\"ListItem\",\"position\":1,\"name\":\"Home\",\"item\":\"https:\/\/bellatourism.com\/tr\/\"},{\"@type\":\"ListItem\",\"position\":2,\"name\":\"Esthetique de Maternite (Mommy Makeover)\"}]},{\"@type\":\"WebSite\",\"@id\":\"https:\/\/bellatourism.com\/tr\/#website\",\"url\":\"https:\/\/bellatourism.com\/tr\/\",\"name\":\"Bella Tourism - Health Tourism In Turkey\",\"description\":\"Bella Tourism\",\"publisher\":{\"@id\":\"https:\/\/bellatourism.com\/tr\/#organization\"},\"potentialAction\":[{\"@type\":\"SearchAction\",\"target\":{\"@type\":\"EntryPoint\",\"urlTemplate\":\"https:\/\/bellatourism.com\/tr\/?s={search_term_string}\"},\"query-input\":{\"@type\":\"PropertyValueSpecification\",\"valueRequired\":true,\"valueName\":\"search_term_string\"}}],\"inLanguage\":\"fr-FR\"},{\"@type\":\"Organization\",\"@id\":\"https:\/\/bellatourism.com\/tr\/#organization\",\"name\":\"Bella Tourism - Health Tourism In Turkey\",\"url\":\"https:\/\/bellatourism.com\/tr\/\",\"logo\":{\"@type\":\"ImageObject\",\"inLanguage\":\"fr-FR\",\"@id\":\"https:\/\/bellatourism.com\/tr\/#\/schema\/logo\/image\/\",\"url\":\"https:\/\/bellatourism.com\/wp-content\/uploads\/2022\/05\/Bella-Tourism-Logo-Dosyasi-01.png\",\"contentUrl\":\"https:\/\/bellatourism.com\/wp-content\/uploads\/2022\/05\/Bella-Tourism-Logo-Dosyasi-01.png\",\"width\":200,\"height\":84,\"caption\":\"Bella Tourism - Health Tourism In Turkey\"},\"image\":{\"@id\":\"https:\/\/bellatourism.com\/tr\/#\/schema\/logo\/image\/\"},\"sameAs\":[\"https:\/\/www.facebook.com\/bellahealthtourism\",\"https:\/\/www.instagram.com\/bellahealthtourism\/\",\"https:\/\/www.linkedin.com\/company\/bella-health-tourism\/\"]}]}<\/script>\n<!-- \/ Yoast SEO plugin. -->","yoast_head_json":{"title":"Esthetique de Maternite (Mommy Makeover) - Bella Tourism","description":"Cette proc\u00e9dure que nous appelons esth\u00e8tique de maternit\u00e9 a en fait \u00e9merg\u00e9 \u00e0 la suite de la fusion d\u2019un titre des proc\u00e9dures.","robots":{"index":"index","follow":"follow","max-snippet":"max-snippet:-1","max-image-preview":"max-image-preview:large","max-video-preview":"max-video-preview:-1"},"canonical":"https:\/\/bellatourism.com\/fr\/esthetique-de-maternite-mommy-makeover\/","og_locale":"fr_FR","og_type":"article","og_title":"Esthetique de Maternite (Mommy Makeover) - Bella Tourism","og_description":"Cette proc\u00e9dure que nous appelons esth\u00e8tique de maternit\u00e9 a en fait \u00e9merg\u00e9 \u00e0 la suite de la fusion d\u2019un titre des proc\u00e9dures.","og_url":"https:\/\/bellatourism.com\/fr\/esthetique-de-maternite-mommy-makeover\/","og_site_name":"Bella Tourism","article_publisher":"https:\/\/www.facebook.com\/bellahealthtourism","article_modified_time":"2023-03-20T12:01:31+00:00","og_image":[{"width":1600,"height":400,"url":"https:\/\/bellatourism.com\/wp-content\/uploads\/2023\/03\/maternity-aesthetics.webp","type":"image\/webp"}],"twitter_card":"summary_large_image","twitter_misc":{"Dur\u00e9e de lecture estim\u00e9e":"2 minutes"},"schema":{"@context":"https:\/\/schema.org","@graph":[{"@type":"WebPage","@id":"https:\/\/bellatourism.com\/fr\/esthetique-de-maternite-mommy-makeover\/","url":"https:\/\/bellatourism.com\/fr\/esthetique-de-maternite-mommy-makeover\/","name":"Esthetique de Maternite (Mommy Makeover) - Bella Tourism","isPartOf":{"@id":"https:\/\/bellatourism.com\/tr\/#website"},"primaryImageOfPage":{"@id":"https:\/\/bellatourism.com\/fr\/esthetique-de-maternite-mommy-makeover\/#primaryimage"},"image":{"@id":"https:\/\/bellatourism.com\/fr\/esthetique-de-maternite-mommy-makeover\/#primaryimage"},"thumbnailUrl":"https:\/\/bellatourism.com\/wp-content\/uploads\/2023\/03\/maternity-aesthetics.webp","datePublished":"2023-03-20T12:00:18+00:00","dateModified":"2023-03-20T12:01:31+00:00","description":"Cette proc\u00e9dure que nous appelons esth\u00e8tique de maternit\u00e9 a en fait \u00e9merg\u00e9 \u00e0 la suite de la fusion d\u2019un titre des proc\u00e9dures.","breadcrumb":{"@id":"https:\/\/bellatourism.com\/fr\/esthetique-de-maternite-mommy-makeover\/#breadcrumb"},"inLanguage":"fr-FR","potentialAction":[{"@type":"ReadAction","target":["https:\/\/bellatourism.com\/fr\/esthetique-de-maternite-mommy-makeover\/"]}]},{"@type":"ImageObject","inLanguage":"fr-FR","@id":"https:\/\/bellatourism.com\/fr\/esthetique-de-maternite-mommy-makeover\/#primaryimage","url":"https:\/\/bellatourism.com\/wp-content\/uploads\/2023\/03\/maternity-aesthetics.webp","contentUrl":"https:\/\/bellatourism.com\/wp-content\/uploads\/2023\/03\/maternity-aesthetics.webp","width":1600,"height":400,"caption":"Mommy Makeover"},{"@type":"BreadcrumbList","@id":"https:\/\/bellatourism.com\/fr\/esthetique-de-maternite-mommy-makeover\/#breadcrumb","itemListElement":[{"@type":"ListItem","position":1,"name":"Home","item":"https:\/\/bellatourism.com\/tr\/"},{"@type":"ListItem","position":2,"name":"Esthetique de Maternite (Mommy Makeover)"}]},{"@type":"WebSite","@id":"https:\/\/bellatourism.com\/tr\/#website","url":"https:\/\/bellatourism.com\/tr\/","name":"Bella Tourism - Health Tourism In Turkey","description":"Bella Tourism","publisher":{"@id":"https:\/\/bellatourism.com\/tr\/#organization"},"potentialAction":[{"@type":"SearchAction","target":{"@type":"EntryPoint","urlTemplate":"https:\/\/bellatourism.com\/tr\/?s={search_term_string}"},"query-input":{"@type":"PropertyValueSpecification","valueRequired":true,"valueName":"search_term_string"}}],"inLanguage":"fr-FR"},{"@type":"Organization","@id":"https:\/\/bellatourism.com\/tr\/#organization","name":"Bella Tourism - Health Tourism In Turkey","url":"https:\/\/bellatourism.com\/tr\/","logo":{"@type":"ImageObject","inLanguage":"fr-FR","@id":"https:\/\/bellatourism.com\/tr\/#\/schema\/logo\/image\/","url":"https:\/\/bellatourism.com\/wp-content\/uploads\/2022\/05\/Bella-Tourism-Logo-Dosyasi-01.png","contentUrl":"https:\/\/bellatourism.com\/wp-content\/uploads\/2022\/05\/Bella-Tourism-Logo-Dosyasi-01.png","width":200,"height":84,"caption":"Bella Tourism - Health Tourism In Turkey"},"image":{"@id":"https:\/\/bellatourism.com\/tr\/#\/schema\/logo\/image\/"},"sameAs":["https:\/\/www.facebook.com\/bellahealthtourism","https:\/\/www.instagram.com\/bellahealthtourism\/","https:\/\/www.linkedin.com\/company\/bella-health-tourism\/"]}]}},"_links":{"self":[{"href":"https:\/\/bellatourism.com\/fr\/wp-json\/wp\/v2\/pages\/31527"}],"collection":[{"href":"https:\/\/bellatourism.com\/fr\/wp-json\/wp\/v2\/pages"}],"about":[{"href":"https:\/\/bellatourism.com\/fr\/wp-json\/wp\/v2\/types\/page"}],"author":[{"embeddable":true,"href":"https:\/\/bellatourism.com\/fr\/wp-json\/wp\/v2\/users\/1"}],"replies":[{"embeddable":true,"href":"https:\/\/bellatourism.com\/fr\/wp-json\/wp\/v2\/comments?post=31527"}],"version-history":[{"count":1,"href":"https:\/\/bellatourism.com\/fr\/wp-json\/wp\/v2\/pages\/31527\/revisions"}],"predecessor-version":[{"id":31528,"href":"https:\/\/bellatourism.com\/fr\/wp-json\/wp\/v2\/pages\/31527\/revisions\/31528"}],"wp:featuredmedia":[{"embeddable":true,"href":"https:\/\/bellatourism.com\/fr\/wp-json\/wp\/v2\/media\/31523"}],"wp:attachment":[{"href":"https:\/\/bellatourism.com\/fr\/wp-json\/wp\/v2\/media?parent=31527"}],"curies":[{"name":"wp","href":"https:\/\/api.w.org\/{rel}","templated":true}]}}