{"id":31493,"date":"2023-03-20T11:13:29","date_gmt":"2023-03-20T11:13:29","guid":{"rendered":"https:\/\/bellatourism.com\/?page_id=31493"},"modified":"2023-03-20T11:16:45","modified_gmt":"2023-03-20T11:16:45","slug":"chirurgie-esthetique-des-oreilles","status":"publish","type":"page","link":"https:\/\/bellatourism.com\/fr\/chirurgie-esthetique-des-oreilles\/","title":{"rendered":"Chirurgie Esthetique des Oreilles"},"content":{"rendered":"<p>L\u2019oreille d\u00e9coll\u00e9e est la raison de la premi\u00e8re rencontre avec l\u2019intimidation par les pairs, en particulier pour les jeunes enfants et les enfants d\u2019\u00e2ge scolaire. Etre l\u2019objet de moqueries \u00e0 cause de ses or\u00e9illes depuis l\u2019enfance peut causer un traumatisme plus tard dans la vie de la personne. L\u2019oreille d\u00e9coll\u00e9e est g\u00e9n\u00e9ralement li\u00e9e \u00e0 des facteurs g\u00e9n\u00e9tiques. Il s\u2019agit d\u2019un\u00a0anomalie du cartilage qui\u00a0 donne l\u2019impression que l\u2019oreille est plate et projette l\u2019oreille en avant. A l\u2019\u00e2ge de 5 ans, le d\u00e9veloppement de l\u2019oreille est termin\u00e9 et \u00e0 partir de cet \u00e2ge, la personne peut subir cette op\u00e9ration \u00e0 tout moment. Bien qu\u2019un adulte puisse subir cette op\u00e9ration quand il le souhaite, il est recommand\u00e9 aux parents que leurs enfants subissent cette op\u00e9ration avant l\u2019\u00e2ge scolaire.<\/p>\n<p>De petites incisions derri\u00e8re l&rsquo;oreille sont souvent faites par le chirurgien pendant la chirurgie pour acc\u00e9der au cartilage sous-jacent. Le cartilage sera ensuite remodel\u00e9 \u00e0 l&rsquo;aide de m\u00e9thodes telles que la notation ou la suture, qui peuvent aider \u00e0 donner \u00e0 l&rsquo;oreille un contour plus naturel et \u00e0 r\u00e9duire sa pro\u00e9minence.<\/p>\n<p>Le chirurgien rapprochera l&rsquo;oreille de la t\u00eate une fois le cartilage remodel\u00e9 et il pourra utiliser des sutures ou d&rsquo;autres outils pour le maintenir en place pendant sa gu\u00e9rison. Suite \u00e0 l&rsquo;utilisation de colle chirurgicale ou de sutures pour fermer les incisions, un bandage ou un pansement est plac\u00e9 sur l&rsquo;oreille pour la maintenir couverte pendant sa gu\u00e9rison initiale.<\/p>\n<p>La r\u00e9cup\u00e9ration de l&rsquo;otoplastie prend normalement plusieurs semaines, au cours desquelles le patient doit s&rsquo;abstenir d&rsquo;activit\u00e9s lourdes et prendre des pr\u00e9cautions suppl\u00e9mentaires pour \u00e9viter de se cogner ou de se blesser les oreilles. Bien que certains gonflements et ecchymoses soient normaux dans les premiers jours suivant la chirurgie, ces effets secondaires finiront par dispara\u00eetre et la majorit\u00e9 des patients pourront reprendre leurs activit\u00e9s r\u00e9guli\u00e8res en quelques semaines.<\/p>\n<p>En fin de compte, l&rsquo;otoplastie peut aider de nombreux patients \u00e0 se sentir plus en confiance et \u00e0 am\u00e9liorer leur qualit\u00e9 de vie en r\u00e9duisant l&rsquo;apparence des oreilles bomb\u00e9es ou malform\u00e9es. L&rsquo;otoplastie comporte certains risques et inconv\u00e9nients potentiels, il est donc crucial que les patients \u00e9valuent soigneusement leurs options et choisissent un chirurgien qualifi\u00e9 et exp\u00e9riment\u00e9 avant de faire effectuer le traitement.<\/p>\n","protected":false},"excerpt":{"rendered":"<p>L\u2019oreille d\u00e9coll\u00e9e est la raison de la premi\u00e8re rencontre avec l\u2019intimidation par les pairs, en particulier pour les jeunes enfants et les enfants d\u2019\u00e2ge scolaire. Etre l\u2019objet de moqueries \u00e0 cause de ses or\u00e9illes depuis l\u2019enfance peut causer un traumatisme plus tard dans la vie de la personne. L\u2019oreille d\u00e9coll\u00e9e est g\u00e9n\u00e9ralement li\u00e9e \u00e0 des [&hellip;]<\/p>\n","protected":false},"author":1,"featured_media":31489,"parent":0,"menu_order":0,"comment_status":"closed","ping_status":"closed","template":"","meta":{"footnotes":""},"yoast_head":"<!-- This site is optimized with the Yoast SEO plugin v23.5 - https:\/\/yoast.com\/wordpress\/plugins\/seo\/ -->\n<title>Chirurgie Esthetique des Oreilles - Bella Tourism<\/title>\n<meta name=\"description\" content=\"L\u2019oreille d\u00e9coll\u00e9e est la raison de la premi\u00e8re rencontre avec l\u2019intimidation par les pairs, en particulier pour les jeunes enfants et les enfants d\u2019\u00e2ge scolaire.\" \/>\n<meta name=\"robots\" content=\"index, follow, max-snippet:-1, max-image-preview:large, max-video-preview:-1\" \/>\n<link rel=\"canonical\" href=\"https:\/\/bellatourism.com\/fr\/chirurgie-esthetique-des-oreilles\/\" \/>\n<meta property=\"og:locale\" content=\"fr_FR\" \/>\n<meta property=\"og:type\" content=\"article\" \/>\n<meta property=\"og:title\" content=\"Chirurgie Esthetique des Oreilles - Bella Tourism\" \/>\n<meta property=\"og:description\" content=\"L\u2019oreille d\u00e9coll\u00e9e est la raison de la premi\u00e8re rencontre avec l\u2019intimidation par les pairs, en particulier pour les jeunes enfants et les enfants d\u2019\u00e2ge scolaire.\" \/>\n<meta property=\"og:url\" content=\"https:\/\/bellatourism.com\/fr\/chirurgie-esthetique-des-oreilles\/\" \/>\n<meta property=\"og:site_name\" content=\"Bella Tourism\" \/>\n<meta property=\"article:publisher\" content=\"https:\/\/www.facebook.com\/bellahealthtourism\" \/>\n<meta property=\"article:modified_time\" content=\"2023-03-20T11:16:45+00:00\" \/>\n<meta property=\"og:image\" content=\"https:\/\/bellatourism.com\/wp-content\/uploads\/2023\/03\/prominent-ear-surgery.webp\" \/>\n\t<meta property=\"og:image:width\" content=\"1600\" \/>\n\t<meta property=\"og:image:height\" content=\"400\" \/>\n\t<meta property=\"og:image:type\" content=\"image\/webp\" \/>\n<meta name=\"twitter:card\" content=\"summary_large_image\" \/>\n<meta name=\"twitter:label1\" content=\"Dur\u00e9e de lecture estim\u00e9e\" \/>\n\t<meta name=\"twitter:data1\" content=\"2 minutes\" \/>\n<script type=\"application\/ld+json\" class=\"yoast-schema-graph\">{\"@context\":\"https:\/\/schema.org\",\"@graph\":[{\"@type\":\"WebPage\",\"@id\":\"https:\/\/bellatourism.com\/fr\/chirurgie-esthetique-des-oreilles\/\",\"url\":\"https:\/\/bellatourism.com\/fr\/chirurgie-esthetique-des-oreilles\/\",\"name\":\"Chirurgie Esthetique des Oreilles - Bella Tourism\",\"isPartOf\":{\"@id\":\"https:\/\/bellatourism.com\/tr\/#website\"},\"primaryImageOfPage\":{\"@id\":\"https:\/\/bellatourism.com\/fr\/chirurgie-esthetique-des-oreilles\/#primaryimage\"},\"image\":{\"@id\":\"https:\/\/bellatourism.com\/fr\/chirurgie-esthetique-des-oreilles\/#primaryimage\"},\"thumbnailUrl\":\"https:\/\/bellatourism.com\/wp-content\/uploads\/2023\/03\/prominent-ear-surgery.webp\",\"datePublished\":\"2023-03-20T11:13:29+00:00\",\"dateModified\":\"2023-03-20T11:16:45+00:00\",\"description\":\"L\u2019oreille d\u00e9coll\u00e9e est la raison de la premi\u00e8re rencontre avec l\u2019intimidation par les pairs, en particulier pour les jeunes enfants et les enfants d\u2019\u00e2ge scolaire.\",\"breadcrumb\":{\"@id\":\"https:\/\/bellatourism.com\/fr\/chirurgie-esthetique-des-oreilles\/#breadcrumb\"},\"inLanguage\":\"fr-FR\",\"potentialAction\":[{\"@type\":\"ReadAction\",\"target\":[\"https:\/\/bellatourism.com\/fr\/chirurgie-esthetique-des-oreilles\/\"]}]},{\"@type\":\"ImageObject\",\"inLanguage\":\"fr-FR\",\"@id\":\"https:\/\/bellatourism.com\/fr\/chirurgie-esthetique-des-oreilles\/#primaryimage\",\"url\":\"https:\/\/bellatourism.com\/wp-content\/uploads\/2023\/03\/prominent-ear-surgery.webp\",\"contentUrl\":\"https:\/\/bellatourism.com\/wp-content\/uploads\/2023\/03\/prominent-ear-surgery.webp\",\"width\":1600,\"height\":400,\"caption\":\"The prominent ear aesthetics\"},{\"@type\":\"BreadcrumbList\",\"@id\":\"https:\/\/bellatourism.com\/fr\/chirurgie-esthetique-des-oreilles\/#breadcrumb\",\"itemListElement\":[{\"@type\":\"ListItem\",\"position\":1,\"name\":\"Home\",\"item\":\"https:\/\/bellatourism.com\/tr\/\"},{\"@type\":\"ListItem\",\"position\":2,\"name\":\"Chirurgie Esthetique des Oreilles\"}]},{\"@type\":\"WebSite\",\"@id\":\"https:\/\/bellatourism.com\/tr\/#website\",\"url\":\"https:\/\/bellatourism.com\/tr\/\",\"name\":\"Bella Tourism - Health Tourism In Turkey\",\"description\":\"Bella Tourism\",\"publisher\":{\"@id\":\"https:\/\/bellatourism.com\/tr\/#organization\"},\"potentialAction\":[{\"@type\":\"SearchAction\",\"target\":{\"@type\":\"EntryPoint\",\"urlTemplate\":\"https:\/\/bellatourism.com\/tr\/?s={search_term_string}\"},\"query-input\":{\"@type\":\"PropertyValueSpecification\",\"valueRequired\":true,\"valueName\":\"search_term_string\"}}],\"inLanguage\":\"fr-FR\"},{\"@type\":\"Organization\",\"@id\":\"https:\/\/bellatourism.com\/tr\/#organization\",\"name\":\"Bella Tourism - Health Tourism In Turkey\",\"url\":\"https:\/\/bellatourism.com\/tr\/\",\"logo\":{\"@type\":\"ImageObject\",\"inLanguage\":\"fr-FR\",\"@id\":\"https:\/\/bellatourism.com\/tr\/#\/schema\/logo\/image\/\",\"url\":\"https:\/\/bellatourism.com\/wp-content\/uploads\/2022\/05\/Bella-Tourism-Logo-Dosyasi-01.png\",\"contentUrl\":\"https:\/\/bellatourism.com\/wp-content\/uploads\/2022\/05\/Bella-Tourism-Logo-Dosyasi-01.png\",\"width\":200,\"height\":84,\"caption\":\"Bella Tourism - Health Tourism In Turkey\"},\"image\":{\"@id\":\"https:\/\/bellatourism.com\/tr\/#\/schema\/logo\/image\/\"},\"sameAs\":[\"https:\/\/www.facebook.com\/bellahealthtourism\",\"https:\/\/www.instagram.com\/bellahealthtourism\/\",\"https:\/\/www.linkedin.com\/company\/bella-health-tourism\/\"]}]}<\/script>\n<!-- \/ Yoast SEO plugin. -->","yoast_head_json":{"title":"Chirurgie Esthetique des Oreilles - Bella Tourism","description":"L\u2019oreille d\u00e9coll\u00e9e est la raison de la premi\u00e8re rencontre avec l\u2019intimidation par les pairs, en particulier pour les jeunes enfants et les enfants d\u2019\u00e2ge scolaire.","robots":{"index":"index","follow":"follow","max-snippet":"max-snippet:-1","max-image-preview":"max-image-preview:large","max-video-preview":"max-video-preview:-1"},"canonical":"https:\/\/bellatourism.com\/fr\/chirurgie-esthetique-des-oreilles\/","og_locale":"fr_FR","og_type":"article","og_title":"Chirurgie Esthetique des Oreilles - Bella Tourism","og_description":"L\u2019oreille d\u00e9coll\u00e9e est la raison de la premi\u00e8re rencontre avec l\u2019intimidation par les pairs, en particulier pour les jeunes enfants et les enfants d\u2019\u00e2ge scolaire.","og_url":"https:\/\/bellatourism.com\/fr\/chirurgie-esthetique-des-oreilles\/","og_site_name":"Bella Tourism","article_publisher":"https:\/\/www.facebook.com\/bellahealthtourism","article_modified_time":"2023-03-20T11:16:45+00:00","og_image":[{"width":1600,"height":400,"url":"https:\/\/bellatourism.com\/wp-content\/uploads\/2023\/03\/prominent-ear-surgery.webp","type":"image\/webp"}],"twitter_card":"summary_large_image","twitter_misc":{"Dur\u00e9e de lecture estim\u00e9e":"2 minutes"},"schema":{"@context":"https:\/\/schema.org","@graph":[{"@type":"WebPage","@id":"https:\/\/bellatourism.com\/fr\/chirurgie-esthetique-des-oreilles\/","url":"https:\/\/bellatourism.com\/fr\/chirurgie-esthetique-des-oreilles\/","name":"Chirurgie Esthetique des Oreilles - Bella Tourism","isPartOf":{"@id":"https:\/\/bellatourism.com\/tr\/#website"},"primaryImageOfPage":{"@id":"https:\/\/bellatourism.com\/fr\/chirurgie-esthetique-des-oreilles\/#primaryimage"},"image":{"@id":"https:\/\/bellatourism.com\/fr\/chirurgie-esthetique-des-oreilles\/#primaryimage"},"thumbnailUrl":"https:\/\/bellatourism.com\/wp-content\/uploads\/2023\/03\/prominent-ear-surgery.webp","datePublished":"2023-03-20T11:13:29+00:00","dateModified":"2023-03-20T11:16:45+00:00","description":"L\u2019oreille d\u00e9coll\u00e9e est la raison de la premi\u00e8re rencontre avec l\u2019intimidation par les pairs, en particulier pour les jeunes enfants et les enfants d\u2019\u00e2ge scolaire.","breadcrumb":{"@id":"https:\/\/bellatourism.com\/fr\/chirurgie-esthetique-des-oreilles\/#breadcrumb"},"inLanguage":"fr-FR","potentialAction":[{"@type":"ReadAction","target":["https:\/\/bellatourism.com\/fr\/chirurgie-esthetique-des-oreilles\/"]}]},{"@type":"ImageObject","inLanguage":"fr-FR","@id":"https:\/\/bellatourism.com\/fr\/chirurgie-esthetique-des-oreilles\/#primaryimage","url":"https:\/\/bellatourism.com\/wp-content\/uploads\/2023\/03\/prominent-ear-surgery.webp","contentUrl":"https:\/\/bellatourism.com\/wp-content\/uploads\/2023\/03\/prominent-ear-surgery.webp","width":1600,"height":400,"caption":"The prominent ear aesthetics"},{"@type":"BreadcrumbList","@id":"https:\/\/bellatourism.com\/fr\/chirurgie-esthetique-des-oreilles\/#breadcrumb","itemListElement":[{"@type":"ListItem","position":1,"name":"Home","item":"https:\/\/bellatourism.com\/tr\/"},{"@type":"ListItem","position":2,"name":"Chirurgie Esthetique des Oreilles"}]},{"@type":"WebSite","@id":"https:\/\/bellatourism.com\/tr\/#website","url":"https:\/\/bellatourism.com\/tr\/","name":"Bella Tourism - Health Tourism In Turkey","description":"Bella Tourism","publisher":{"@id":"https:\/\/bellatourism.com\/tr\/#organization"},"potentialAction":[{"@type":"SearchAction","target":{"@type":"EntryPoint","urlTemplate":"https:\/\/bellatourism.com\/tr\/?s={search_term_string}"},"query-input":{"@type":"PropertyValueSpecification","valueRequired":true,"valueName":"search_term_string"}}],"inLanguage":"fr-FR"},{"@type":"Organization","@id":"https:\/\/bellatourism.com\/tr\/#organization","name":"Bella Tourism - Health Tourism In Turkey","url":"https:\/\/bellatourism.com\/tr\/","logo":{"@type":"ImageObject","inLanguage":"fr-FR","@id":"https:\/\/bellatourism.com\/tr\/#\/schema\/logo\/image\/","url":"https:\/\/bellatourism.com\/wp-content\/uploads\/2022\/05\/Bella-Tourism-Logo-Dosyasi-01.png","contentUrl":"https:\/\/bellatourism.com\/wp-content\/uploads\/2022\/05\/Bella-Tourism-Logo-Dosyasi-01.png","width":200,"height":84,"caption":"Bella Tourism - Health Tourism In Turkey"},"image":{"@id":"https:\/\/bellatourism.com\/tr\/#\/schema\/logo\/image\/"},"sameAs":["https:\/\/www.facebook.com\/bellahealthtourism","https:\/\/www.instagram.com\/bellahealthtourism\/","https:\/\/www.linkedin.com\/company\/bella-health-tourism\/"]}]}},"_links":{"self":[{"href":"https:\/\/bellatourism.com\/fr\/wp-json\/wp\/v2\/pages\/31493"}],"collection":[{"href":"https:\/\/bellatourism.com\/fr\/wp-json\/wp\/v2\/pages"}],"about":[{"href":"https:\/\/bellatourism.com\/fr\/wp-json\/wp\/v2\/types\/page"}],"author":[{"embeddable":true,"href":"https:\/\/bellatourism.com\/fr\/wp-json\/wp\/v2\/users\/1"}],"replies":[{"embeddable":true,"href":"https:\/\/bellatourism.com\/fr\/wp-json\/wp\/v2\/comments?post=31493"}],"version-history":[{"count":1,"href":"https:\/\/bellatourism.com\/fr\/wp-json\/wp\/v2\/pages\/31493\/revisions"}],"predecessor-version":[{"id":31494,"href":"https:\/\/bellatourism.com\/fr\/wp-json\/wp\/v2\/pages\/31493\/revisions\/31494"}],"wp:featuredmedia":[{"embeddable":true,"href":"https:\/\/bellatourism.com\/fr\/wp-json\/wp\/v2\/media\/31489"}],"wp:attachment":[{"href":"https:\/\/bellatourism.com\/fr\/wp-json\/wp\/v2\/media?parent=31493"}],"curies":[{"name":"wp","href":"https:\/\/api.w.org\/{rel}","templated":true}]}}