{"id":31125,"date":"2023-03-19T00:20:47","date_gmt":"2023-03-19T00:20:47","guid":{"rendered":"https:\/\/bellatourism.com\/lasik-laser-excimer\/"},"modified":"2023-03-19T00:20:47","modified_gmt":"2023-03-19T00:20:47","slug":"lasik-laser-excimer","status":"publish","type":"page","link":"https:\/\/bellatourism.com\/fr\/lasik-laser-excimer\/","title":{"rendered":"Lasik (Laser Excimer)"},"content":{"rendered":"<div class=\"wpb_text_column wpb_content_element \">\n<div class=\"wpb_wrapper\">\n<p>La m\u00e9thode LASIK est utilis\u00e9e pour corriger l\u2019hyperm\u00e9tropie et la myopie. La proc\u00e9dure consiste \u00e0 soulever le volet corn\u00e9en et d\u00e9livrer du faisceau laser excimer sous le volet corn\u00e9en. La proc\u00e9dure est r\u00e9alis\u00e9e en appliquant de\u00a0gouttes oculaires\u00a0contenant un\u00a0anesth\u00e9sique. Le patient ne ressent aucune douleur. Dans les 3-4 jours qui suivent l\u2019op\u00e9ration la vision du patient commence \u00e0 s\u2019am\u00e9liorer.<\/p>\n<\/div>\n<\/div>\n<div class=\"vc_separator wpb_content_element vc_separator_align_center vc_sep_width_100 vc_sep_pos_align_center vc_separator_no_text vc_sep_color_grey\">\n<p>Avec le LASIK (Laser-Assisted in Situ Keratomileusis), la corn\u00e9e de l&rsquo;\u0153il est remodel\u00e9e \u00e0 l&rsquo;aide d&rsquo;un laser pour am\u00e9liorer la vision et r\u00e9duire ou supprimer le besoin de lunettes ou de lentilles de contact. De nombreux probl\u00e8mes visuels, tels que l&rsquo;astigmatisme, la myopie et l&rsquo;hyperm\u00e9tropie, peuvent \u00eatre trait\u00e9s par LASIK.<\/p>\n<p>Des gouttes anesth\u00e9siques sont utilis\u00e9es pour engourdir l&rsquo;\u0153il du patient avant la chirurgie LASIK, et un microk\u00e9ratome ou un laser femtoseconde est utilis\u00e9 pour produire un minuscule volet circulaire dans la corn\u00e9e. Apr\u00e8s avoir repli\u00e9 le rabat, un laser excimer est utilis\u00e9 pour retirer une petite quantit\u00e9 de tissu corn\u00e9en, remodelant la corn\u00e9e et r\u00e9solvant le probl\u00e8me de la vue. Le lambeau est ensuite soigneusement r\u00e9appliqu\u00e9 sur la r\u00e9gion trait\u00e9e, o\u00f9 il adh\u00e8re sans avoir besoin de points de suture.<\/p>\n<p>Le temps moyen du LASIK en ambulatoire est inf\u00e9rieur \u00e0 30 minutes pour chaque \u0153il. Apr\u00e8s le traitement, les patients remarquent souvent une am\u00e9lioration de leur vision en quelques jours avec peu d&rsquo;inconfort ou de temps de r\u00e9cup\u00e9ration.<\/p>\n<p>Pour de nombreuses personnes qui souhaitent r\u00e9duire leur d\u00e9pendance aux lunettes ou aux lentilles de contact, le LASIK est un choix s\u00fbr et pratique. Il ne convient pas \u00e0 tout le monde, c&rsquo;est pourquoi un ophtalmologiste qualifi\u00e9 doit \u00e9valuer les besoins de chaque patient individuellement et faire une recommandation pour le meilleur plan d&rsquo;action. Cependant, le LASIK \u00e9tant un processus chirurgical, certains dangers doivent \u00eatre soigneusement examin\u00e9s avant de le faire, tels que la perte de vision, l&rsquo;\u00e9blouissement et la s\u00e9cheresse des yeux.<\/p>\n<\/div>\n","protected":false},"excerpt":{"rendered":"<p>La m\u00e9thode LASIK est utilis\u00e9e pour corriger l\u2019hyperm\u00e9tropie et la myopie. La proc\u00e9dure consiste \u00e0 soulever le volet corn\u00e9en et d\u00e9livrer du faisceau laser excimer sous le volet corn\u00e9en. La proc\u00e9dure est r\u00e9alis\u00e9e en appliquant de\u00a0gouttes oculaires\u00a0contenant un\u00a0anesth\u00e9sique. Le patient ne ressent aucune douleur. Dans les 3-4 jours qui suivent l\u2019op\u00e9ration la vision du patient [&hellip;]<\/p>\n","protected":false},"author":1,"featured_media":31121,"parent":0,"menu_order":0,"comment_status":"closed","ping_status":"closed","template":"","meta":{"footnotes":""},"yoast_head":"<!-- This site is optimized with the Yoast SEO plugin v23.5 - https:\/\/yoast.com\/wordpress\/plugins\/seo\/ -->\n<title>Lasik (Laser Excimer) - Bella Tourism<\/title>\n<meta name=\"description\" content=\"La m\u00e9thode LASIK est utilis\u00e9e pour corriger l\u2019hyperm\u00e9tropie et la myopie. La proc\u00e9dure consiste \u00e0 soulever le volet corn\u00e9en et d\u00e9livrer du faisceau laser excimer sous le volet corn\u00e9en.\" \/>\n<meta name=\"robots\" content=\"index, follow, max-snippet:-1, max-image-preview:large, max-video-preview:-1\" \/>\n<link rel=\"canonical\" href=\"https:\/\/bellatourism.com\/fr\/lasik-laser-excimer\/\" \/>\n<meta property=\"og:locale\" content=\"fr_FR\" \/>\n<meta property=\"og:type\" content=\"article\" \/>\n<meta property=\"og:title\" content=\"Lasik (Laser Excimer) - Bella Tourism\" \/>\n<meta property=\"og:description\" content=\"La m\u00e9thode LASIK est utilis\u00e9e pour corriger l\u2019hyperm\u00e9tropie et la myopie. La proc\u00e9dure consiste \u00e0 soulever le volet corn\u00e9en et d\u00e9livrer du faisceau laser excimer sous le volet corn\u00e9en.\" \/>\n<meta property=\"og:url\" content=\"https:\/\/bellatourism.com\/fr\/lasik-laser-excimer\/\" \/>\n<meta property=\"og:site_name\" content=\"Bella Tourism\" \/>\n<meta property=\"article:publisher\" content=\"https:\/\/www.facebook.com\/bellahealthtourism\" \/>\n<meta property=\"og:image\" content=\"https:\/\/bellatourism.com\/wp-content\/uploads\/2023\/03\/lasik.webp\" \/>\n\t<meta property=\"og:image:width\" content=\"1600\" \/>\n\t<meta property=\"og:image:height\" content=\"400\" \/>\n\t<meta property=\"og:image:type\" content=\"image\/webp\" \/>\n<meta name=\"twitter:card\" content=\"summary_large_image\" \/>\n<meta name=\"twitter:label1\" content=\"Dur\u00e9e de lecture estim\u00e9e\" \/>\n\t<meta name=\"twitter:data1\" content=\"2 minutes\" \/>\n<script type=\"application\/ld+json\" class=\"yoast-schema-graph\">{\"@context\":\"https:\/\/schema.org\",\"@graph\":[{\"@type\":\"WebPage\",\"@id\":\"https:\/\/bellatourism.com\/fr\/lasik-laser-excimer\/\",\"url\":\"https:\/\/bellatourism.com\/fr\/lasik-laser-excimer\/\",\"name\":\"Lasik (Laser Excimer) - Bella Tourism\",\"isPartOf\":{\"@id\":\"https:\/\/bellatourism.com\/tr\/#website\"},\"primaryImageOfPage\":{\"@id\":\"https:\/\/bellatourism.com\/fr\/lasik-laser-excimer\/#primaryimage\"},\"image\":{\"@id\":\"https:\/\/bellatourism.com\/fr\/lasik-laser-excimer\/#primaryimage\"},\"thumbnailUrl\":\"https:\/\/bellatourism.com\/wp-content\/uploads\/2023\/03\/lasik.webp\",\"datePublished\":\"2023-03-19T00:20:47+00:00\",\"dateModified\":\"2023-03-19T00:20:47+00:00\",\"description\":\"La m\u00e9thode LASIK est utilis\u00e9e pour corriger l\u2019hyperm\u00e9tropie et la myopie. La proc\u00e9dure consiste \u00e0 soulever le volet corn\u00e9en et d\u00e9livrer du faisceau laser excimer sous le volet corn\u00e9en.\",\"breadcrumb\":{\"@id\":\"https:\/\/bellatourism.com\/fr\/lasik-laser-excimer\/#breadcrumb\"},\"inLanguage\":\"fr-FR\",\"potentialAction\":[{\"@type\":\"ReadAction\",\"target\":[\"https:\/\/bellatourism.com\/fr\/lasik-laser-excimer\/\"]}]},{\"@type\":\"ImageObject\",\"inLanguage\":\"fr-FR\",\"@id\":\"https:\/\/bellatourism.com\/fr\/lasik-laser-excimer\/#primaryimage\",\"url\":\"https:\/\/bellatourism.com\/wp-content\/uploads\/2023\/03\/lasik.webp\",\"contentUrl\":\"https:\/\/bellatourism.com\/wp-content\/uploads\/2023\/03\/lasik.webp\",\"width\":1600,\"height\":400,\"caption\":\"Lasik (\"},{\"@type\":\"BreadcrumbList\",\"@id\":\"https:\/\/bellatourism.com\/fr\/lasik-laser-excimer\/#breadcrumb\",\"itemListElement\":[{\"@type\":\"ListItem\",\"position\":1,\"name\":\"Home\",\"item\":\"https:\/\/bellatourism.com\/tr\/\"},{\"@type\":\"ListItem\",\"position\":2,\"name\":\"Lasik (Laser Excimer)\"}]},{\"@type\":\"WebSite\",\"@id\":\"https:\/\/bellatourism.com\/tr\/#website\",\"url\":\"https:\/\/bellatourism.com\/tr\/\",\"name\":\"Bella Tourism - Health Tourism In Turkey\",\"description\":\"Bella Tourism\",\"publisher\":{\"@id\":\"https:\/\/bellatourism.com\/tr\/#organization\"},\"potentialAction\":[{\"@type\":\"SearchAction\",\"target\":{\"@type\":\"EntryPoint\",\"urlTemplate\":\"https:\/\/bellatourism.com\/tr\/?s={search_term_string}\"},\"query-input\":{\"@type\":\"PropertyValueSpecification\",\"valueRequired\":true,\"valueName\":\"search_term_string\"}}],\"inLanguage\":\"fr-FR\"},{\"@type\":\"Organization\",\"@id\":\"https:\/\/bellatourism.com\/tr\/#organization\",\"name\":\"Bella Tourism - Health Tourism In Turkey\",\"url\":\"https:\/\/bellatourism.com\/tr\/\",\"logo\":{\"@type\":\"ImageObject\",\"inLanguage\":\"fr-FR\",\"@id\":\"https:\/\/bellatourism.com\/tr\/#\/schema\/logo\/image\/\",\"url\":\"https:\/\/bellatourism.com\/wp-content\/uploads\/2022\/05\/Bella-Tourism-Logo-Dosyasi-01.png\",\"contentUrl\":\"https:\/\/bellatourism.com\/wp-content\/uploads\/2022\/05\/Bella-Tourism-Logo-Dosyasi-01.png\",\"width\":200,\"height\":84,\"caption\":\"Bella Tourism - Health Tourism In Turkey\"},\"image\":{\"@id\":\"https:\/\/bellatourism.com\/tr\/#\/schema\/logo\/image\/\"},\"sameAs\":[\"https:\/\/www.facebook.com\/bellahealthtourism\",\"https:\/\/www.instagram.com\/bellahealthtourism\/\",\"https:\/\/www.linkedin.com\/company\/bella-health-tourism\/\"]}]}<\/script>\n<!-- \/ Yoast SEO plugin. -->","yoast_head_json":{"title":"Lasik (Laser Excimer) - Bella Tourism","description":"La m\u00e9thode LASIK est utilis\u00e9e pour corriger l\u2019hyperm\u00e9tropie et la myopie. La proc\u00e9dure consiste \u00e0 soulever le volet corn\u00e9en et d\u00e9livrer du faisceau laser excimer sous le volet corn\u00e9en.","robots":{"index":"index","follow":"follow","max-snippet":"max-snippet:-1","max-image-preview":"max-image-preview:large","max-video-preview":"max-video-preview:-1"},"canonical":"https:\/\/bellatourism.com\/fr\/lasik-laser-excimer\/","og_locale":"fr_FR","og_type":"article","og_title":"Lasik (Laser Excimer) - Bella Tourism","og_description":"La m\u00e9thode LASIK est utilis\u00e9e pour corriger l\u2019hyperm\u00e9tropie et la myopie. La proc\u00e9dure consiste \u00e0 soulever le volet corn\u00e9en et d\u00e9livrer du faisceau laser excimer sous le volet corn\u00e9en.","og_url":"https:\/\/bellatourism.com\/fr\/lasik-laser-excimer\/","og_site_name":"Bella Tourism","article_publisher":"https:\/\/www.facebook.com\/bellahealthtourism","og_image":[{"width":1600,"height":400,"url":"https:\/\/bellatourism.com\/wp-content\/uploads\/2023\/03\/lasik.webp","type":"image\/webp"}],"twitter_card":"summary_large_image","twitter_misc":{"Dur\u00e9e de lecture estim\u00e9e":"2 minutes"},"schema":{"@context":"https:\/\/schema.org","@graph":[{"@type":"WebPage","@id":"https:\/\/bellatourism.com\/fr\/lasik-laser-excimer\/","url":"https:\/\/bellatourism.com\/fr\/lasik-laser-excimer\/","name":"Lasik (Laser Excimer) - Bella Tourism","isPartOf":{"@id":"https:\/\/bellatourism.com\/tr\/#website"},"primaryImageOfPage":{"@id":"https:\/\/bellatourism.com\/fr\/lasik-laser-excimer\/#primaryimage"},"image":{"@id":"https:\/\/bellatourism.com\/fr\/lasik-laser-excimer\/#primaryimage"},"thumbnailUrl":"https:\/\/bellatourism.com\/wp-content\/uploads\/2023\/03\/lasik.webp","datePublished":"2023-03-19T00:20:47+00:00","dateModified":"2023-03-19T00:20:47+00:00","description":"La m\u00e9thode LASIK est utilis\u00e9e pour corriger l\u2019hyperm\u00e9tropie et la myopie. La proc\u00e9dure consiste \u00e0 soulever le volet corn\u00e9en et d\u00e9livrer du faisceau laser excimer sous le volet corn\u00e9en.","breadcrumb":{"@id":"https:\/\/bellatourism.com\/fr\/lasik-laser-excimer\/#breadcrumb"},"inLanguage":"fr-FR","potentialAction":[{"@type":"ReadAction","target":["https:\/\/bellatourism.com\/fr\/lasik-laser-excimer\/"]}]},{"@type":"ImageObject","inLanguage":"fr-FR","@id":"https:\/\/bellatourism.com\/fr\/lasik-laser-excimer\/#primaryimage","url":"https:\/\/bellatourism.com\/wp-content\/uploads\/2023\/03\/lasik.webp","contentUrl":"https:\/\/bellatourism.com\/wp-content\/uploads\/2023\/03\/lasik.webp","width":1600,"height":400,"caption":"Lasik ("},{"@type":"BreadcrumbList","@id":"https:\/\/bellatourism.com\/fr\/lasik-laser-excimer\/#breadcrumb","itemListElement":[{"@type":"ListItem","position":1,"name":"Home","item":"https:\/\/bellatourism.com\/tr\/"},{"@type":"ListItem","position":2,"name":"Lasik (Laser Excimer)"}]},{"@type":"WebSite","@id":"https:\/\/bellatourism.com\/tr\/#website","url":"https:\/\/bellatourism.com\/tr\/","name":"Bella Tourism - Health Tourism In Turkey","description":"Bella Tourism","publisher":{"@id":"https:\/\/bellatourism.com\/tr\/#organization"},"potentialAction":[{"@type":"SearchAction","target":{"@type":"EntryPoint","urlTemplate":"https:\/\/bellatourism.com\/tr\/?s={search_term_string}"},"query-input":{"@type":"PropertyValueSpecification","valueRequired":true,"valueName":"search_term_string"}}],"inLanguage":"fr-FR"},{"@type":"Organization","@id":"https:\/\/bellatourism.com\/tr\/#organization","name":"Bella Tourism - Health Tourism In Turkey","url":"https:\/\/bellatourism.com\/tr\/","logo":{"@type":"ImageObject","inLanguage":"fr-FR","@id":"https:\/\/bellatourism.com\/tr\/#\/schema\/logo\/image\/","url":"https:\/\/bellatourism.com\/wp-content\/uploads\/2022\/05\/Bella-Tourism-Logo-Dosyasi-01.png","contentUrl":"https:\/\/bellatourism.com\/wp-content\/uploads\/2022\/05\/Bella-Tourism-Logo-Dosyasi-01.png","width":200,"height":84,"caption":"Bella Tourism - Health Tourism In Turkey"},"image":{"@id":"https:\/\/bellatourism.com\/tr\/#\/schema\/logo\/image\/"},"sameAs":["https:\/\/www.facebook.com\/bellahealthtourism","https:\/\/www.instagram.com\/bellahealthtourism\/","https:\/\/www.linkedin.com\/company\/bella-health-tourism\/"]}]}},"_links":{"self":[{"href":"https:\/\/bellatourism.com\/fr\/wp-json\/wp\/v2\/pages\/31125"}],"collection":[{"href":"https:\/\/bellatourism.com\/fr\/wp-json\/wp\/v2\/pages"}],"about":[{"href":"https:\/\/bellatourism.com\/fr\/wp-json\/wp\/v2\/types\/page"}],"author":[{"embeddable":true,"href":"https:\/\/bellatourism.com\/fr\/wp-json\/wp\/v2\/users\/1"}],"replies":[{"embeddable":true,"href":"https:\/\/bellatourism.com\/fr\/wp-json\/wp\/v2\/comments?post=31125"}],"version-history":[{"count":0,"href":"https:\/\/bellatourism.com\/fr\/wp-json\/wp\/v2\/pages\/31125\/revisions"}],"wp:featuredmedia":[{"embeddable":true,"href":"https:\/\/bellatourism.com\/fr\/wp-json\/wp\/v2\/media\/31121"}],"wp:attachment":[{"href":"https:\/\/bellatourism.com\/fr\/wp-json\/wp\/v2\/media?parent=31125"}],"curies":[{"name":"wp","href":"https:\/\/api.w.org\/{rel}","templated":true}]}}