{"id":30577,"date":"2022-02-07T11:26:42","date_gmt":"2022-02-07T11:26:42","guid":{"rendered":"https:\/\/bellatourism.com\/consultation-en-ligne-2\/"},"modified":"2023-03-10T12:41:15","modified_gmt":"2023-03-10T12:41:15","slug":"consultation-en-ligne-2","status":"publish","type":"page","link":"https:\/\/bellatourism.com\/fr\/consultation-en-ligne-2\/","title":{"rendered":"Consultation en ligne"},"content":{"rendered":"<p>[vc_row][vc_column width=\u00a0\u00bb1\/2&Prime;][vc_single_image image=\u00a0\u00bb21884&Prime; img_size=\u00a0\u00bbfull\u00a0\u00bb][\/vc_column][vc_column width=\u00a0\u00bb1\/2&Prime;][dt_sc_simple_heading type=\u00a0\u00bbbottom-separator\u00a0\u00bb tag=\u00a0\u00bbh1&Prime; text=\u00a0\u00bbOnline Consultation\u00a0\u00bb subtag=\u00a0\u00bbh4&Prime; subtext=\u00a0\u00bb\u00a0\u00bb]Lorem ipsum dolor sit amet, consectetur adipiscing elit. Morbi[\/dt_sc_simple_heading][dt_sc_empty_space margin_lg=\u00a0\u00bb10&Prime; margin_md=\u00a0\u00bb50&Prime; margin_sm=\u00a0\u00bb50&Prime; margin_xs=\u00a0\u00bb50&Prime; el_id=\u00a0\u00bb1644852402580-0de9937a-61ab\u00a0\u00bb][vc_column_text]<span style=\"font-weight: 400;\">Les ant\u00e9c\u00e9dents m\u00e9dicaux du patient et les documents et analyses des op\u00e9rations pr\u00e9c\u00e9dentes, le cas \u00e9ch\u00e9ant, qui souhaitent recevoir des services de sant\u00e9 de l&rsquo;\u00e9tranger sont obtenus par nos soins et envoy\u00e9s au m\u00e9decin sp\u00e9cialiste. Des m\u00e9decins des \u00e9tablissements de sant\u00e9 sous contrat avec Bella Tourism donnent leur avis sur l&rsquo;op\u00e9ration que le patient souhaite subir. Apr\u00e8s l&rsquo;avis de l\u2019expert, le patient qui souhaite recevoir des soins de sant\u00e9 est inform\u00e9 s&rsquo;il est apte \u00e0 \u00eatre op\u00e9rer. Les patients qui ne sont pas jug\u00e9s aptes par le m\u00e9decin sp\u00e9cialiste ne recevront pas de traitement. Pour les patients \u00e9ligibles on passe \u00e0 l&rsquo;\u00e9tape suivante: planification du traitement.<\/span>[\/vc_column_text][\/vc_column][\/vc_row]<\/p>\n","protected":false},"excerpt":{"rendered":"<p>[vc_row][vc_column width=\u00a0\u00bb1\/2&Prime;][vc_single_image image=\u00a0\u00bb21884&Prime; img_size=\u00a0\u00bbfull\u00a0\u00bb][\/vc_column][vc_column width=\u00a0\u00bb1\/2&Prime;][dt_sc_simple_heading type=\u00a0\u00bbbottom-separator\u00a0\u00bb tag=\u00a0\u00bbh1&Prime; text=\u00a0\u00bbOnline Consultation\u00a0\u00bb subtag=\u00a0\u00bbh4&Prime; subtext=\u00a0\u00bb\u00a0\u00bb]Lorem ipsum dolor sit amet, consectetur adipiscing elit. Morbi[\/dt_sc_simple_heading][dt_sc_empty_space margin_lg=\u00a0\u00bb10&Prime; margin_md=\u00a0\u00bb50&Prime; margin_sm=\u00a0\u00bb50&Prime; margin_xs=\u00a0\u00bb50&Prime; el_id=\u00a0\u00bb1644852402580-0de9937a-61ab\u00a0\u00bb][vc_column_text]Les ant\u00e9c\u00e9dents m\u00e9dicaux du patient et les documents et analyses des op\u00e9rations pr\u00e9c\u00e9dentes, le cas \u00e9ch\u00e9ant, qui souhaitent recevoir des services de sant\u00e9 de l&rsquo;\u00e9tranger sont obtenus par nos soins et envoy\u00e9s [&hellip;]<\/p>\n","protected":false},"author":1,"featured_media":0,"parent":0,"menu_order":6,"comment_status":"closed","ping_status":"closed","template":"","meta":{"footnotes":""},"yoast_head":"<!-- This site is optimized with the Yoast SEO plugin v23.5 - https:\/\/yoast.com\/wordpress\/plugins\/seo\/ -->\n<title>Consultation en ligne - Bella Tourism<\/title>\n<meta name=\"robots\" content=\"index, follow, max-snippet:-1, max-image-preview:large, max-video-preview:-1\" \/>\n<link rel=\"canonical\" href=\"https:\/\/bellatourism.com\/fr\/consultation-en-ligne-2\/\" \/>\n<meta property=\"og:locale\" content=\"fr_FR\" \/>\n<meta property=\"og:type\" content=\"article\" \/>\n<meta property=\"og:title\" content=\"Consultation en ligne - Bella Tourism\" \/>\n<meta property=\"og:description\" content=\"[vc_row][vc_column width=\u00a0\u00bb1\/2&Prime;][vc_single_image image=\u00a0\u00bb21884&Prime; img_size=\u00a0\u00bbfull\u00a0\u00bb][\/vc_column][vc_column width=\u00a0\u00bb1\/2&Prime;][dt_sc_simple_heading type=\u00a0\u00bbbottom-separator\u00a0\u00bb tag=\u00a0\u00bbh1&Prime; text=\u00a0\u00bbOnline Consultation\u00a0\u00bb subtag=\u00a0\u00bbh4&Prime; subtext=\u00a0\u00bb\u00a0\u00bb]Lorem ipsum dolor sit amet, consectetur adipiscing elit. Morbi[\/dt_sc_simple_heading][dt_sc_empty_space margin_lg=\u00a0\u00bb10&Prime; margin_md=\u00a0\u00bb50&Prime; margin_sm=\u00a0\u00bb50&Prime; margin_xs=\u00a0\u00bb50&Prime; el_id=\u00a0\u00bb1644852402580-0de9937a-61ab\u00a0\u00bb][vc_column_text]Les ant\u00e9c\u00e9dents m\u00e9dicaux du patient et les documents et analyses des op\u00e9rations pr\u00e9c\u00e9dentes, le cas \u00e9ch\u00e9ant, qui souhaitent recevoir des services de sant\u00e9 de l&rsquo;\u00e9tranger sont obtenus par nos soins et envoy\u00e9s [&hellip;]\" \/>\n<meta property=\"og:url\" content=\"https:\/\/bellatourism.com\/fr\/consultation-en-ligne-2\/\" \/>\n<meta property=\"og:site_name\" content=\"Bella Tourism\" \/>\n<meta property=\"article:publisher\" content=\"https:\/\/www.facebook.com\/bellahealthtourism\" \/>\n<meta property=\"article:modified_time\" content=\"2023-03-10T12:41:15+00:00\" \/>\n<meta name=\"twitter:card\" content=\"summary_large_image\" \/>\n<meta name=\"twitter:label1\" content=\"Dur\u00e9e de lecture estim\u00e9e\" \/>\n\t<meta name=\"twitter:data1\" content=\"1 minute\" \/>\n<script type=\"application\/ld+json\" class=\"yoast-schema-graph\">{\"@context\":\"https:\/\/schema.org\",\"@graph\":[{\"@type\":\"WebPage\",\"@id\":\"https:\/\/bellatourism.com\/fr\/consultation-en-ligne-2\/\",\"url\":\"https:\/\/bellatourism.com\/fr\/consultation-en-ligne-2\/\",\"name\":\"Consultation en ligne - Bella Tourism\",\"isPartOf\":{\"@id\":\"https:\/\/bellatourism.com\/tr\/#website\"},\"datePublished\":\"2022-02-07T11:26:42+00:00\",\"dateModified\":\"2023-03-10T12:41:15+00:00\",\"breadcrumb\":{\"@id\":\"https:\/\/bellatourism.com\/fr\/consultation-en-ligne-2\/#breadcrumb\"},\"inLanguage\":\"fr-FR\",\"potentialAction\":[{\"@type\":\"ReadAction\",\"target\":[\"https:\/\/bellatourism.com\/fr\/consultation-en-ligne-2\/\"]}]},{\"@type\":\"BreadcrumbList\",\"@id\":\"https:\/\/bellatourism.com\/fr\/consultation-en-ligne-2\/#breadcrumb\",\"itemListElement\":[{\"@type\":\"ListItem\",\"position\":1,\"name\":\"Home\",\"item\":\"https:\/\/bellatourism.com\/tr\/\"},{\"@type\":\"ListItem\",\"position\":2,\"name\":\"Consultation en ligne\"}]},{\"@type\":\"WebSite\",\"@id\":\"https:\/\/bellatourism.com\/tr\/#website\",\"url\":\"https:\/\/bellatourism.com\/tr\/\",\"name\":\"Bella Tourism - Health Tourism In Turkey\",\"description\":\"Bella Tourism\",\"publisher\":{\"@id\":\"https:\/\/bellatourism.com\/tr\/#organization\"},\"potentialAction\":[{\"@type\":\"SearchAction\",\"target\":{\"@type\":\"EntryPoint\",\"urlTemplate\":\"https:\/\/bellatourism.com\/tr\/?s={search_term_string}\"},\"query-input\":{\"@type\":\"PropertyValueSpecification\",\"valueRequired\":true,\"valueName\":\"search_term_string\"}}],\"inLanguage\":\"fr-FR\"},{\"@type\":\"Organization\",\"@id\":\"https:\/\/bellatourism.com\/tr\/#organization\",\"name\":\"Bella Tourism - Health Tourism In Turkey\",\"url\":\"https:\/\/bellatourism.com\/tr\/\",\"logo\":{\"@type\":\"ImageObject\",\"inLanguage\":\"fr-FR\",\"@id\":\"https:\/\/bellatourism.com\/tr\/#\/schema\/logo\/image\/\",\"url\":\"https:\/\/bellatourism.com\/wp-content\/uploads\/2022\/05\/Bella-Tourism-Logo-Dosyasi-01.png\",\"contentUrl\":\"https:\/\/bellatourism.com\/wp-content\/uploads\/2022\/05\/Bella-Tourism-Logo-Dosyasi-01.png\",\"width\":200,\"height\":84,\"caption\":\"Bella Tourism - Health Tourism In Turkey\"},\"image\":{\"@id\":\"https:\/\/bellatourism.com\/tr\/#\/schema\/logo\/image\/\"},\"sameAs\":[\"https:\/\/www.facebook.com\/bellahealthtourism\",\"https:\/\/www.instagram.com\/bellahealthtourism\/\",\"https:\/\/www.linkedin.com\/company\/bella-health-tourism\/\"]}]}<\/script>\n<!-- \/ Yoast SEO plugin. -->","yoast_head_json":{"title":"Consultation en ligne - Bella Tourism","robots":{"index":"index","follow":"follow","max-snippet":"max-snippet:-1","max-image-preview":"max-image-preview:large","max-video-preview":"max-video-preview:-1"},"canonical":"https:\/\/bellatourism.com\/fr\/consultation-en-ligne-2\/","og_locale":"fr_FR","og_type":"article","og_title":"Consultation en ligne - Bella Tourism","og_description":"[vc_row][vc_column width=\u00a0\u00bb1\/2&Prime;][vc_single_image image=\u00a0\u00bb21884&Prime; img_size=\u00a0\u00bbfull\u00a0\u00bb][\/vc_column][vc_column width=\u00a0\u00bb1\/2&Prime;][dt_sc_simple_heading type=\u00a0\u00bbbottom-separator\u00a0\u00bb tag=\u00a0\u00bbh1&Prime; text=\u00a0\u00bbOnline Consultation\u00a0\u00bb subtag=\u00a0\u00bbh4&Prime; subtext=\u00a0\u00bb\u00a0\u00bb]Lorem ipsum dolor sit amet, consectetur adipiscing elit. Morbi[\/dt_sc_simple_heading][dt_sc_empty_space margin_lg=\u00a0\u00bb10&Prime; margin_md=\u00a0\u00bb50&Prime; margin_sm=\u00a0\u00bb50&Prime; margin_xs=\u00a0\u00bb50&Prime; el_id=\u00a0\u00bb1644852402580-0de9937a-61ab\u00a0\u00bb][vc_column_text]Les ant\u00e9c\u00e9dents m\u00e9dicaux du patient et les documents et analyses des op\u00e9rations pr\u00e9c\u00e9dentes, le cas \u00e9ch\u00e9ant, qui souhaitent recevoir des services de sant\u00e9 de l&rsquo;\u00e9tranger sont obtenus par nos soins et envoy\u00e9s [&hellip;]","og_url":"https:\/\/bellatourism.com\/fr\/consultation-en-ligne-2\/","og_site_name":"Bella Tourism","article_publisher":"https:\/\/www.facebook.com\/bellahealthtourism","article_modified_time":"2023-03-10T12:41:15+00:00","twitter_card":"summary_large_image","twitter_misc":{"Dur\u00e9e de lecture estim\u00e9e":"1 minute"},"schema":{"@context":"https:\/\/schema.org","@graph":[{"@type":"WebPage","@id":"https:\/\/bellatourism.com\/fr\/consultation-en-ligne-2\/","url":"https:\/\/bellatourism.com\/fr\/consultation-en-ligne-2\/","name":"Consultation en ligne - Bella Tourism","isPartOf":{"@id":"https:\/\/bellatourism.com\/tr\/#website"},"datePublished":"2022-02-07T11:26:42+00:00","dateModified":"2023-03-10T12:41:15+00:00","breadcrumb":{"@id":"https:\/\/bellatourism.com\/fr\/consultation-en-ligne-2\/#breadcrumb"},"inLanguage":"fr-FR","potentialAction":[{"@type":"ReadAction","target":["https:\/\/bellatourism.com\/fr\/consultation-en-ligne-2\/"]}]},{"@type":"BreadcrumbList","@id":"https:\/\/bellatourism.com\/fr\/consultation-en-ligne-2\/#breadcrumb","itemListElement":[{"@type":"ListItem","position":1,"name":"Home","item":"https:\/\/bellatourism.com\/tr\/"},{"@type":"ListItem","position":2,"name":"Consultation en ligne"}]},{"@type":"WebSite","@id":"https:\/\/bellatourism.com\/tr\/#website","url":"https:\/\/bellatourism.com\/tr\/","name":"Bella Tourism - Health Tourism In Turkey","description":"Bella Tourism","publisher":{"@id":"https:\/\/bellatourism.com\/tr\/#organization"},"potentialAction":[{"@type":"SearchAction","target":{"@type":"EntryPoint","urlTemplate":"https:\/\/bellatourism.com\/tr\/?s={search_term_string}"},"query-input":{"@type":"PropertyValueSpecification","valueRequired":true,"valueName":"search_term_string"}}],"inLanguage":"fr-FR"},{"@type":"Organization","@id":"https:\/\/bellatourism.com\/tr\/#organization","name":"Bella Tourism - Health Tourism In Turkey","url":"https:\/\/bellatourism.com\/tr\/","logo":{"@type":"ImageObject","inLanguage":"fr-FR","@id":"https:\/\/bellatourism.com\/tr\/#\/schema\/logo\/image\/","url":"https:\/\/bellatourism.com\/wp-content\/uploads\/2022\/05\/Bella-Tourism-Logo-Dosyasi-01.png","contentUrl":"https:\/\/bellatourism.com\/wp-content\/uploads\/2022\/05\/Bella-Tourism-Logo-Dosyasi-01.png","width":200,"height":84,"caption":"Bella Tourism - Health Tourism In Turkey"},"image":{"@id":"https:\/\/bellatourism.com\/tr\/#\/schema\/logo\/image\/"},"sameAs":["https:\/\/www.facebook.com\/bellahealthtourism","https:\/\/www.instagram.com\/bellahealthtourism\/","https:\/\/www.linkedin.com\/company\/bella-health-tourism\/"]}]}},"_links":{"self":[{"href":"https:\/\/bellatourism.com\/fr\/wp-json\/wp\/v2\/pages\/30577"}],"collection":[{"href":"https:\/\/bellatourism.com\/fr\/wp-json\/wp\/v2\/pages"}],"about":[{"href":"https:\/\/bellatourism.com\/fr\/wp-json\/wp\/v2\/types\/page"}],"author":[{"embeddable":true,"href":"https:\/\/bellatourism.com\/fr\/wp-json\/wp\/v2\/users\/1"}],"replies":[{"embeddable":true,"href":"https:\/\/bellatourism.com\/fr\/wp-json\/wp\/v2\/comments?post=30577"}],"version-history":[{"count":3,"href":"https:\/\/bellatourism.com\/fr\/wp-json\/wp\/v2\/pages\/30577\/revisions"}],"predecessor-version":[{"id":30580,"href":"https:\/\/bellatourism.com\/fr\/wp-json\/wp\/v2\/pages\/30577\/revisions\/30580"}],"wp:attachment":[{"href":"https:\/\/bellatourism.com\/fr\/wp-json\/wp\/v2\/media?parent=30577"}],"curies":[{"name":"wp","href":"https:\/\/api.w.org\/{rel}","templated":true}]}}