{"id":30541,"date":"2023-02-15T11:34:15","date_gmt":"2023-02-15T11:34:15","guid":{"rendered":"https:\/\/bellatourism.com\/mesotherapie-cheveux\/"},"modified":"2023-03-19T02:23:30","modified_gmt":"2023-03-19T02:23:30","slug":"mesotherapie-cheveux","status":"publish","type":"page","link":"https:\/\/bellatourism.com\/fr\/mesotherapie-cheveux\/","title":{"rendered":"M\u00e9soth\u00e9rapie Cheveux"},"content":{"rendered":"<p>La m\u00e9soth\u00e9rapie cheveux est une proc\u00e9dure pour prot\u00e9ger et renforcer les cheveux pr\u00e9sents. Les cheveux peuvent \u00eatre affect\u00e9s par de nombreux facteurs externes en raison des conditions de la vie quotidienne et ces facteurs peuvent d\u00e9grader la structure capillaire.\u00a0 Bien que des facteurs g\u00e9n\u00e9tiques et hormonaux jouent un r\u00f4le important dans la perte de cheveux cela peut \u00e9galement survenir \u00e0 la suite d\u2019une mauvaise utilisation de produits cosm\u00e9tiques inappropri\u00e9s ou de proc\u00e9dures inutiles effectu\u00e9es sur les cheveux. Avec une m\u00e9soth\u00e9rapie cheveux r\u00e9guli\u00e8re les cheveux peuvent retrouver la pleine sant\u00e9.\u00a0 La m\u00e9soth\u00e9rapie cheveux consiste \u00e0 appliquer les vitamines (A, B1, B2, B3, B5, B6, C, Zinc, Biotine, Acide amin\u00e9) n\u00e9cessaires aux cheveux sous forme de dermaroller -qui consiste \u00e0 pratiquer des micro-injections- 6 mois apr\u00e8s la greffe. Il est recommand\u00e9 de le faire comme une cure par p\u00e9riodes de 3 ou 6 mois.<\/p>\n<p>Selon les demandes sp\u00e9cifiques du patient, la solution utilis\u00e9e dans la m\u00e9soth\u00e9rapie capillaire peut changer, mais elle combine fr\u00e9quemment des nutriments comme la biotine, des acides amin\u00e9s et des vitamines comme B6 et B12.<\/p>\n<p>Le but de la th\u00e9rapie est d&rsquo;augmenter le flux sanguin, de fournir les nutriments n\u00e9cessaires au d\u00e9veloppement des cheveux et de r\u00e9duire l&rsquo;inflammation du cuir chevelu, ce qui peut favoriser une croissance saine des cheveux.<\/p>\n<p>La m\u00e9soth\u00e9rapie capillaire est couramment conseill\u00e9e pour les personnes souffrant de perte de cheveux ou de cheveux clairsem\u00e9s, mais elle peut \u00e9galement \u00eatre utilis\u00e9e comme pr\u00e9caution prophylactique pour les personnes ayant des ant\u00e9c\u00e9dents familiaux de perte de cheveux. La proc\u00e9dure est normalement effectu\u00e9e sur un certain nombre de s\u00e9ances, les avantages \u00e9tant apparents apr\u00e8s quelques s\u00e9ances. Comme pour toute proc\u00e9dure cosm\u00e9tique, il est crucial d&rsquo;obtenir les conseils d&rsquo;un expert qualifi\u00e9 avant de d\u00e9cider si la m\u00e9soth\u00e9rapie capillaire est un choix efficace pour vos besoins particuliers.<\/p>\n","protected":false},"excerpt":{"rendered":"<p>La m\u00e9soth\u00e9rapie cheveux est une proc\u00e9dure pour prot\u00e9ger et renforcer les cheveux pr\u00e9sents. Les cheveux peuvent \u00eatre affect\u00e9s par de nombreux facteurs externes en raison des conditions de la vie quotidienne et ces facteurs peuvent d\u00e9grader la structure capillaire.\u00a0 Bien que des facteurs g\u00e9n\u00e9tiques et hormonaux jouent un r\u00f4le important dans la perte de cheveux [&hellip;]<\/p>\n","protected":false},"author":1,"featured_media":31020,"parent":0,"menu_order":0,"comment_status":"closed","ping_status":"closed","template":"","meta":{"footnotes":""},"yoast_head":"<!-- This site is optimized with the Yoast SEO plugin v23.5 - https:\/\/yoast.com\/wordpress\/plugins\/seo\/ -->\n<title>M\u00e9soth\u00e9rapie Cheveux - Bella Tourism<\/title>\n<meta name=\"description\" content=\"La m\u00e9soth\u00e9rapie cheveux est une proc\u00e9dure pour prot\u00e9ger et renforcer les cheveux pr\u00e9sents. Les cheveux peuvent \u00eatre affect\u00e9s par de nombreux facteurs externes en raison des conditions de la vie quotidienne et ces facteurs peuvent d\u00e9grader la structure capillaire.\" \/>\n<meta name=\"robots\" content=\"index, follow, max-snippet:-1, max-image-preview:large, max-video-preview:-1\" \/>\n<link rel=\"canonical\" href=\"https:\/\/bellatourism.com\/fr\/mesotherapie-cheveux\/\" \/>\n<meta property=\"og:locale\" content=\"fr_FR\" \/>\n<meta property=\"og:type\" content=\"article\" \/>\n<meta property=\"og:title\" content=\"M\u00e9soth\u00e9rapie Cheveux - Bella Tourism\" \/>\n<meta property=\"og:description\" content=\"La m\u00e9soth\u00e9rapie cheveux est une proc\u00e9dure pour prot\u00e9ger et renforcer les cheveux pr\u00e9sents. Les cheveux peuvent \u00eatre affect\u00e9s par de nombreux facteurs externes en raison des conditions de la vie quotidienne et ces facteurs peuvent d\u00e9grader la structure capillaire.\" \/>\n<meta property=\"og:url\" content=\"https:\/\/bellatourism.com\/fr\/mesotherapie-cheveux\/\" \/>\n<meta property=\"og:site_name\" content=\"Bella Tourism\" \/>\n<meta property=\"article:publisher\" content=\"https:\/\/www.facebook.com\/bellahealthtourism\" \/>\n<meta property=\"article:modified_time\" content=\"2023-03-19T02:23:30+00:00\" \/>\n<meta property=\"og:image\" content=\"https:\/\/bellatourism.com\/wp-content\/uploads\/2023\/03\/hair-mesotherapy.webp\" \/>\n\t<meta property=\"og:image:width\" content=\"1600\" \/>\n\t<meta property=\"og:image:height\" content=\"400\" \/>\n\t<meta property=\"og:image:type\" content=\"image\/webp\" \/>\n<meta name=\"twitter:card\" content=\"summary_large_image\" \/>\n<meta name=\"twitter:label1\" content=\"Dur\u00e9e de lecture estim\u00e9e\" \/>\n\t<meta name=\"twitter:data1\" content=\"2 minutes\" \/>\n<script type=\"application\/ld+json\" class=\"yoast-schema-graph\">{\"@context\":\"https:\/\/schema.org\",\"@graph\":[{\"@type\":\"WebPage\",\"@id\":\"https:\/\/bellatourism.com\/fr\/mesotherapie-cheveux\/\",\"url\":\"https:\/\/bellatourism.com\/fr\/mesotherapie-cheveux\/\",\"name\":\"M\u00e9soth\u00e9rapie Cheveux - Bella Tourism\",\"isPartOf\":{\"@id\":\"https:\/\/bellatourism.com\/tr\/#website\"},\"primaryImageOfPage\":{\"@id\":\"https:\/\/bellatourism.com\/fr\/mesotherapie-cheveux\/#primaryimage\"},\"image\":{\"@id\":\"https:\/\/bellatourism.com\/fr\/mesotherapie-cheveux\/#primaryimage\"},\"thumbnailUrl\":\"https:\/\/bellatourism.com\/wp-content\/uploads\/2023\/03\/hair-mesotherapy.webp\",\"datePublished\":\"2023-02-15T11:34:15+00:00\",\"dateModified\":\"2023-03-19T02:23:30+00:00\",\"description\":\"La m\u00e9soth\u00e9rapie cheveux est une proc\u00e9dure pour prot\u00e9ger et renforcer les cheveux pr\u00e9sents. Les cheveux peuvent \u00eatre affect\u00e9s par de nombreux facteurs externes en raison des conditions de la vie quotidienne et ces facteurs peuvent d\u00e9grader la structure capillaire.\",\"breadcrumb\":{\"@id\":\"https:\/\/bellatourism.com\/fr\/mesotherapie-cheveux\/#breadcrumb\"},\"inLanguage\":\"fr-FR\",\"potentialAction\":[{\"@type\":\"ReadAction\",\"target\":[\"https:\/\/bellatourism.com\/fr\/mesotherapie-cheveux\/\"]}]},{\"@type\":\"ImageObject\",\"inLanguage\":\"fr-FR\",\"@id\":\"https:\/\/bellatourism.com\/fr\/mesotherapie-cheveux\/#primaryimage\",\"url\":\"https:\/\/bellatourism.com\/wp-content\/uploads\/2023\/03\/hair-mesotherapy.webp\",\"contentUrl\":\"https:\/\/bellatourism.com\/wp-content\/uploads\/2023\/03\/hair-mesotherapy.webp\",\"width\":1600,\"height\":400},{\"@type\":\"BreadcrumbList\",\"@id\":\"https:\/\/bellatourism.com\/fr\/mesotherapie-cheveux\/#breadcrumb\",\"itemListElement\":[{\"@type\":\"ListItem\",\"position\":1,\"name\":\"Home\",\"item\":\"https:\/\/bellatourism.com\/tr\/\"},{\"@type\":\"ListItem\",\"position\":2,\"name\":\"M\u00e9soth\u00e9rapie Cheveux\"}]},{\"@type\":\"WebSite\",\"@id\":\"https:\/\/bellatourism.com\/tr\/#website\",\"url\":\"https:\/\/bellatourism.com\/tr\/\",\"name\":\"Bella Tourism - Health Tourism In Turkey\",\"description\":\"Bella Tourism\",\"publisher\":{\"@id\":\"https:\/\/bellatourism.com\/tr\/#organization\"},\"potentialAction\":[{\"@type\":\"SearchAction\",\"target\":{\"@type\":\"EntryPoint\",\"urlTemplate\":\"https:\/\/bellatourism.com\/tr\/?s={search_term_string}\"},\"query-input\":{\"@type\":\"PropertyValueSpecification\",\"valueRequired\":true,\"valueName\":\"search_term_string\"}}],\"inLanguage\":\"fr-FR\"},{\"@type\":\"Organization\",\"@id\":\"https:\/\/bellatourism.com\/tr\/#organization\",\"name\":\"Bella Tourism - Health Tourism In Turkey\",\"url\":\"https:\/\/bellatourism.com\/tr\/\",\"logo\":{\"@type\":\"ImageObject\",\"inLanguage\":\"fr-FR\",\"@id\":\"https:\/\/bellatourism.com\/tr\/#\/schema\/logo\/image\/\",\"url\":\"https:\/\/bellatourism.com\/wp-content\/uploads\/2022\/05\/Bella-Tourism-Logo-Dosyasi-01.png\",\"contentUrl\":\"https:\/\/bellatourism.com\/wp-content\/uploads\/2022\/05\/Bella-Tourism-Logo-Dosyasi-01.png\",\"width\":200,\"height\":84,\"caption\":\"Bella Tourism - Health Tourism In Turkey\"},\"image\":{\"@id\":\"https:\/\/bellatourism.com\/tr\/#\/schema\/logo\/image\/\"},\"sameAs\":[\"https:\/\/www.facebook.com\/bellahealthtourism\",\"https:\/\/www.instagram.com\/bellahealthtourism\/\",\"https:\/\/www.linkedin.com\/company\/bella-health-tourism\/\"]}]}<\/script>\n<!-- \/ Yoast SEO plugin. -->","yoast_head_json":{"title":"M\u00e9soth\u00e9rapie Cheveux - Bella Tourism","description":"La m\u00e9soth\u00e9rapie cheveux est une proc\u00e9dure pour prot\u00e9ger et renforcer les cheveux pr\u00e9sents. Les cheveux peuvent \u00eatre affect\u00e9s par de nombreux facteurs externes en raison des conditions de la vie quotidienne et ces facteurs peuvent d\u00e9grader la structure capillaire.","robots":{"index":"index","follow":"follow","max-snippet":"max-snippet:-1","max-image-preview":"max-image-preview:large","max-video-preview":"max-video-preview:-1"},"canonical":"https:\/\/bellatourism.com\/fr\/mesotherapie-cheveux\/","og_locale":"fr_FR","og_type":"article","og_title":"M\u00e9soth\u00e9rapie Cheveux - Bella Tourism","og_description":"La m\u00e9soth\u00e9rapie cheveux est une proc\u00e9dure pour prot\u00e9ger et renforcer les cheveux pr\u00e9sents. Les cheveux peuvent \u00eatre affect\u00e9s par de nombreux facteurs externes en raison des conditions de la vie quotidienne et ces facteurs peuvent d\u00e9grader la structure capillaire.","og_url":"https:\/\/bellatourism.com\/fr\/mesotherapie-cheveux\/","og_site_name":"Bella Tourism","article_publisher":"https:\/\/www.facebook.com\/bellahealthtourism","article_modified_time":"2023-03-19T02:23:30+00:00","og_image":[{"width":1600,"height":400,"url":"https:\/\/bellatourism.com\/wp-content\/uploads\/2023\/03\/hair-mesotherapy.webp","type":"image\/webp"}],"twitter_card":"summary_large_image","twitter_misc":{"Dur\u00e9e de lecture estim\u00e9e":"2 minutes"},"schema":{"@context":"https:\/\/schema.org","@graph":[{"@type":"WebPage","@id":"https:\/\/bellatourism.com\/fr\/mesotherapie-cheveux\/","url":"https:\/\/bellatourism.com\/fr\/mesotherapie-cheveux\/","name":"M\u00e9soth\u00e9rapie Cheveux - Bella Tourism","isPartOf":{"@id":"https:\/\/bellatourism.com\/tr\/#website"},"primaryImageOfPage":{"@id":"https:\/\/bellatourism.com\/fr\/mesotherapie-cheveux\/#primaryimage"},"image":{"@id":"https:\/\/bellatourism.com\/fr\/mesotherapie-cheveux\/#primaryimage"},"thumbnailUrl":"https:\/\/bellatourism.com\/wp-content\/uploads\/2023\/03\/hair-mesotherapy.webp","datePublished":"2023-02-15T11:34:15+00:00","dateModified":"2023-03-19T02:23:30+00:00","description":"La m\u00e9soth\u00e9rapie cheveux est une proc\u00e9dure pour prot\u00e9ger et renforcer les cheveux pr\u00e9sents. Les cheveux peuvent \u00eatre affect\u00e9s par de nombreux facteurs externes en raison des conditions de la vie quotidienne et ces facteurs peuvent d\u00e9grader la structure capillaire.","breadcrumb":{"@id":"https:\/\/bellatourism.com\/fr\/mesotherapie-cheveux\/#breadcrumb"},"inLanguage":"fr-FR","potentialAction":[{"@type":"ReadAction","target":["https:\/\/bellatourism.com\/fr\/mesotherapie-cheveux\/"]}]},{"@type":"ImageObject","inLanguage":"fr-FR","@id":"https:\/\/bellatourism.com\/fr\/mesotherapie-cheveux\/#primaryimage","url":"https:\/\/bellatourism.com\/wp-content\/uploads\/2023\/03\/hair-mesotherapy.webp","contentUrl":"https:\/\/bellatourism.com\/wp-content\/uploads\/2023\/03\/hair-mesotherapy.webp","width":1600,"height":400},{"@type":"BreadcrumbList","@id":"https:\/\/bellatourism.com\/fr\/mesotherapie-cheveux\/#breadcrumb","itemListElement":[{"@type":"ListItem","position":1,"name":"Home","item":"https:\/\/bellatourism.com\/tr\/"},{"@type":"ListItem","position":2,"name":"M\u00e9soth\u00e9rapie Cheveux"}]},{"@type":"WebSite","@id":"https:\/\/bellatourism.com\/tr\/#website","url":"https:\/\/bellatourism.com\/tr\/","name":"Bella Tourism - Health Tourism In Turkey","description":"Bella Tourism","publisher":{"@id":"https:\/\/bellatourism.com\/tr\/#organization"},"potentialAction":[{"@type":"SearchAction","target":{"@type":"EntryPoint","urlTemplate":"https:\/\/bellatourism.com\/tr\/?s={search_term_string}"},"query-input":{"@type":"PropertyValueSpecification","valueRequired":true,"valueName":"search_term_string"}}],"inLanguage":"fr-FR"},{"@type":"Organization","@id":"https:\/\/bellatourism.com\/tr\/#organization","name":"Bella Tourism - Health Tourism In Turkey","url":"https:\/\/bellatourism.com\/tr\/","logo":{"@type":"ImageObject","inLanguage":"fr-FR","@id":"https:\/\/bellatourism.com\/tr\/#\/schema\/logo\/image\/","url":"https:\/\/bellatourism.com\/wp-content\/uploads\/2022\/05\/Bella-Tourism-Logo-Dosyasi-01.png","contentUrl":"https:\/\/bellatourism.com\/wp-content\/uploads\/2022\/05\/Bella-Tourism-Logo-Dosyasi-01.png","width":200,"height":84,"caption":"Bella Tourism - Health Tourism In Turkey"},"image":{"@id":"https:\/\/bellatourism.com\/tr\/#\/schema\/logo\/image\/"},"sameAs":["https:\/\/www.facebook.com\/bellahealthtourism","https:\/\/www.instagram.com\/bellahealthtourism\/","https:\/\/www.linkedin.com\/company\/bella-health-tourism\/"]}]}},"_links":{"self":[{"href":"https:\/\/bellatourism.com\/fr\/wp-json\/wp\/v2\/pages\/30541"}],"collection":[{"href":"https:\/\/bellatourism.com\/fr\/wp-json\/wp\/v2\/pages"}],"about":[{"href":"https:\/\/bellatourism.com\/fr\/wp-json\/wp\/v2\/types\/page"}],"author":[{"embeddable":true,"href":"https:\/\/bellatourism.com\/fr\/wp-json\/wp\/v2\/users\/1"}],"replies":[{"embeddable":true,"href":"https:\/\/bellatourism.com\/fr\/wp-json\/wp\/v2\/comments?post=30541"}],"version-history":[{"count":4,"href":"https:\/\/bellatourism.com\/fr\/wp-json\/wp\/v2\/pages\/30541\/revisions"}],"predecessor-version":[{"id":31224,"href":"https:\/\/bellatourism.com\/fr\/wp-json\/wp\/v2\/pages\/30541\/revisions\/31224"}],"wp:featuredmedia":[{"embeddable":true,"href":"https:\/\/bellatourism.com\/fr\/wp-json\/wp\/v2\/media\/31020"}],"wp:attachment":[{"href":"https:\/\/bellatourism.com\/fr\/wp-json\/wp\/v2\/media?parent=30541"}],"curies":[{"name":"wp","href":"https:\/\/api.w.org\/{rel}","templated":true}]}}