{"id":30532,"date":"2023-02-15T11:41:11","date_gmt":"2023-02-15T11:41:11","guid":{"rendered":"https:\/\/bellatourism.com\/threapie-par-cellules-souches-autologues\/"},"modified":"2023-03-21T20:56:37","modified_gmt":"2023-03-21T20:56:37","slug":"threapie-par-cellules-souches-autologues","status":"publish","type":"page","link":"https:\/\/bellatourism.com\/fr\/threapie-par-cellules-souches-autologues\/","title":{"rendered":"Threapie par Cellules Souches Autologues"},"content":{"rendered":"<p><span style=\"font-weight: 400;\">La th\u00e9rapie par cellules souches autologues dans la greffe de cheveux est bri\u00e8vement consiste \u00e0 injecter les cellules souches obtenues \u00e0 partir des follicules pileux pr\u00e9lev\u00e9s dans la zone donneuse de la personne (la nuque entre les deux oreilles) avec la technique Fue, apr\u00e8s avoir subi un processus sp\u00e9cial, dans le cuir chevelu de la personne. Les cellules souches sont des cellules r\u00e9g\u00e9n\u00e9ratives par nature. La greffe de cellules souches qui est pratiqu\u00e9e dans de nombreux domaines est une proc\u00e9dure consid\u00e9rablement th\u00e9rapeutique. La th\u00e9rapie par cellules souches autologues dans la zone capillaire peut \u00eatre utilis\u00e9e dans la greffe de cheveux ainsi que pour les personnes qui ne pr\u00e9voient pas de greffe de cheveux et qui ont une perte \/ un amincissement local des cheveux.<\/span><\/p>\n<p><span style=\"font-weight: 400;\">Le traitement par cellules souches autologues dans la greffe de cheveux est effectu\u00e9 juste avant le proc\u00e9dure de greffe de cheveux. Les follicules pileux pr\u00e9lev\u00e9s avec la technique Fue sont envoy\u00e9s pour pr\u00e9paration (en moyenne 40 minutes &#8211; 1 heure) tandis que le patient est pr\u00e9par\u00e9 pour le processus de transplantation, il n&rsquo;y a donc pas d&rsquo;attente suppl\u00e9mentaire. Une fois les cellules souches pr\u00e9par\u00e9es, elles sont inject\u00e9es dans les zones pr\u00e9vues pour \u00eatre transplant\u00e9es avant le d\u00e9but du processus de transplantation.<\/span><\/p>\n<p><span style=\"font-weight: 400;\">Le taux de succ\u00e8s et r\u00e9cup\u00e9ration de la greffe de cheveux avec des cellules souches autologues est de 50 \u00e0 60 % sup\u00e9rieur \u00e0 celui de la greffe sans traitement par cellules souches. La th\u00e9rapie par cellules souches revitalise les cheveux fins pr\u00e9sents et favorise \u00e9galement la formation de nouvelles cellules cili\u00e9es. De cette fa\u00e7on, alors que la p\u00e9riode de r\u00e9cup\u00e9ration et de croissance des cheveux apr\u00e8s la proc\u00e9dure est de 10 \u00e0 12 mois en moyenne, les r\u00e9sultats sont obtenus en 6 mois. Bien que la th\u00e9rapie par cellules souches puisse \u00eatre appliqu\u00e9e \u00e0 tous ceux qui le souhaitent, elle est particuli\u00e8rement recommand\u00e9e pour les patients qui ont une calvitie \u00e9tendue qu\u2019on ne peut pas couvrir en une seule s\u00e9ance car les cheveux malsains des personnes desquelles on ne peut pas avoir suffisamment de greffes peuvent \u00eatre revitaliser avec un traitement aux cellules souches, visant \u00e0 obtenir une apparence plus dense et un r\u00e9sultat qui ne n\u00e9cessitera pas une deuxi\u00e8me s\u00e9ance.<\/span><\/p>\n<p><span style=\"font-weight: 400;\">Le traitement ne provoque pas de r\u00e9action allergique.<\/span><\/p>\n","protected":false},"excerpt":{"rendered":"<p>La th\u00e9rapie par cellules souches autologues dans la greffe de cheveux est bri\u00e8vement consiste \u00e0 injecter les cellules souches obtenues \u00e0 partir des follicules pileux pr\u00e9lev\u00e9s dans la zone donneuse de la personne (la nuque entre les deux oreilles) avec la technique Fue, apr\u00e8s avoir subi un processus sp\u00e9cial, dans le cuir chevelu de la [&hellip;]<\/p>\n","protected":false},"author":1,"featured_media":30984,"parent":0,"menu_order":0,"comment_status":"closed","ping_status":"closed","template":"","meta":{"footnotes":""},"yoast_head":"<!-- This site is optimized with the Yoast SEO plugin v23.5 - https:\/\/yoast.com\/wordpress\/plugins\/seo\/ -->\n<title>Threapie par Cellules Souches Autologues - Bella Tourism<\/title>\n<meta name=\"description\" content=\"La th\u00e9rapie par cellules souches autologues dans la greffe de cheveux est bri\u00e8vement consiste \u00e0 injecter les cellules souches obtenues...\" \/>\n<meta name=\"robots\" content=\"index, follow, max-snippet:-1, max-image-preview:large, max-video-preview:-1\" \/>\n<link rel=\"canonical\" href=\"https:\/\/bellatourism.com\/fr\/threapie-par-cellules-souches-autologues\/\" \/>\n<meta property=\"og:locale\" content=\"fr_FR\" \/>\n<meta property=\"og:type\" content=\"article\" \/>\n<meta property=\"og:title\" content=\"Threapie par Cellules Souches Autologues - Bella Tourism\" \/>\n<meta property=\"og:description\" content=\"La th\u00e9rapie par cellules souches autologues dans la greffe de cheveux est bri\u00e8vement consiste \u00e0 injecter les cellules souches obtenues...\" \/>\n<meta property=\"og:url\" content=\"https:\/\/bellatourism.com\/fr\/threapie-par-cellules-souches-autologues\/\" \/>\n<meta property=\"og:site_name\" content=\"Bella Tourism\" \/>\n<meta property=\"article:publisher\" content=\"https:\/\/www.facebook.com\/bellahealthtourism\" \/>\n<meta property=\"article:modified_time\" content=\"2023-03-21T20:56:37+00:00\" \/>\n<meta property=\"og:image\" content=\"https:\/\/bellatourism.com\/wp-content\/uploads\/2023\/03\/autological-stem-cell-therapy-scaled.webp\" \/>\n\t<meta property=\"og:image:width\" content=\"2560\" \/>\n\t<meta property=\"og:image:height\" content=\"640\" \/>\n\t<meta property=\"og:image:type\" content=\"image\/webp\" \/>\n<meta name=\"twitter:card\" content=\"summary_large_image\" \/>\n<meta name=\"twitter:label1\" content=\"Dur\u00e9e de lecture estim\u00e9e\" \/>\n\t<meta name=\"twitter:data1\" content=\"2 minutes\" \/>\n<script type=\"application\/ld+json\" class=\"yoast-schema-graph\">{\"@context\":\"https:\/\/schema.org\",\"@graph\":[{\"@type\":\"WebPage\",\"@id\":\"https:\/\/bellatourism.com\/fr\/threapie-par-cellules-souches-autologues\/\",\"url\":\"https:\/\/bellatourism.com\/fr\/threapie-par-cellules-souches-autologues\/\",\"name\":\"Threapie par Cellules Souches Autologues - Bella Tourism\",\"isPartOf\":{\"@id\":\"https:\/\/bellatourism.com\/tr\/#website\"},\"primaryImageOfPage\":{\"@id\":\"https:\/\/bellatourism.com\/fr\/threapie-par-cellules-souches-autologues\/#primaryimage\"},\"image\":{\"@id\":\"https:\/\/bellatourism.com\/fr\/threapie-par-cellules-souches-autologues\/#primaryimage\"},\"thumbnailUrl\":\"https:\/\/bellatourism.com\/wp-content\/uploads\/2023\/03\/autological-stem-cell-therapy-scaled.webp\",\"datePublished\":\"2023-02-15T11:41:11+00:00\",\"dateModified\":\"2023-03-21T20:56:37+00:00\",\"description\":\"La th\u00e9rapie par cellules souches autologues dans la greffe de cheveux est bri\u00e8vement consiste \u00e0 injecter les cellules souches obtenues...\",\"breadcrumb\":{\"@id\":\"https:\/\/bellatourism.com\/fr\/threapie-par-cellules-souches-autologues\/#breadcrumb\"},\"inLanguage\":\"fr-FR\",\"potentialAction\":[{\"@type\":\"ReadAction\",\"target\":[\"https:\/\/bellatourism.com\/fr\/threapie-par-cellules-souches-autologues\/\"]}]},{\"@type\":\"ImageObject\",\"inLanguage\":\"fr-FR\",\"@id\":\"https:\/\/bellatourism.com\/fr\/threapie-par-cellules-souches-autologues\/#primaryimage\",\"url\":\"https:\/\/bellatourism.com\/wp-content\/uploads\/2023\/03\/autological-stem-cell-therapy-scaled.webp\",\"contentUrl\":\"https:\/\/bellatourism.com\/wp-content\/uploads\/2023\/03\/autological-stem-cell-therapy-scaled.webp\",\"width\":2560,\"height\":640,\"caption\":\"Autological Stem Cell Treapy\"},{\"@type\":\"BreadcrumbList\",\"@id\":\"https:\/\/bellatourism.com\/fr\/threapie-par-cellules-souches-autologues\/#breadcrumb\",\"itemListElement\":[{\"@type\":\"ListItem\",\"position\":1,\"name\":\"Home\",\"item\":\"https:\/\/bellatourism.com\/tr\/\"},{\"@type\":\"ListItem\",\"position\":2,\"name\":\"Threapie par Cellules Souches Autologues\"}]},{\"@type\":\"WebSite\",\"@id\":\"https:\/\/bellatourism.com\/tr\/#website\",\"url\":\"https:\/\/bellatourism.com\/tr\/\",\"name\":\"Bella Tourism - Health Tourism In Turkey\",\"description\":\"Bella Tourism\",\"publisher\":{\"@id\":\"https:\/\/bellatourism.com\/tr\/#organization\"},\"potentialAction\":[{\"@type\":\"SearchAction\",\"target\":{\"@type\":\"EntryPoint\",\"urlTemplate\":\"https:\/\/bellatourism.com\/tr\/?s={search_term_string}\"},\"query-input\":{\"@type\":\"PropertyValueSpecification\",\"valueRequired\":true,\"valueName\":\"search_term_string\"}}],\"inLanguage\":\"fr-FR\"},{\"@type\":\"Organization\",\"@id\":\"https:\/\/bellatourism.com\/tr\/#organization\",\"name\":\"Bella Tourism - Health Tourism In Turkey\",\"url\":\"https:\/\/bellatourism.com\/tr\/\",\"logo\":{\"@type\":\"ImageObject\",\"inLanguage\":\"fr-FR\",\"@id\":\"https:\/\/bellatourism.com\/tr\/#\/schema\/logo\/image\/\",\"url\":\"https:\/\/bellatourism.com\/wp-content\/uploads\/2022\/05\/Bella-Tourism-Logo-Dosyasi-01.png\",\"contentUrl\":\"https:\/\/bellatourism.com\/wp-content\/uploads\/2022\/05\/Bella-Tourism-Logo-Dosyasi-01.png\",\"width\":200,\"height\":84,\"caption\":\"Bella Tourism - Health Tourism In Turkey\"},\"image\":{\"@id\":\"https:\/\/bellatourism.com\/tr\/#\/schema\/logo\/image\/\"},\"sameAs\":[\"https:\/\/www.facebook.com\/bellahealthtourism\",\"https:\/\/www.instagram.com\/bellahealthtourism\/\",\"https:\/\/www.linkedin.com\/company\/bella-health-tourism\/\"]}]}<\/script>\n<!-- \/ Yoast SEO plugin. -->","yoast_head_json":{"title":"Threapie par Cellules Souches Autologues - Bella Tourism","description":"La th\u00e9rapie par cellules souches autologues dans la greffe de cheveux est bri\u00e8vement consiste \u00e0 injecter les cellules souches obtenues...","robots":{"index":"index","follow":"follow","max-snippet":"max-snippet:-1","max-image-preview":"max-image-preview:large","max-video-preview":"max-video-preview:-1"},"canonical":"https:\/\/bellatourism.com\/fr\/threapie-par-cellules-souches-autologues\/","og_locale":"fr_FR","og_type":"article","og_title":"Threapie par Cellules Souches Autologues - Bella Tourism","og_description":"La th\u00e9rapie par cellules souches autologues dans la greffe de cheveux est bri\u00e8vement consiste \u00e0 injecter les cellules souches obtenues...","og_url":"https:\/\/bellatourism.com\/fr\/threapie-par-cellules-souches-autologues\/","og_site_name":"Bella Tourism","article_publisher":"https:\/\/www.facebook.com\/bellahealthtourism","article_modified_time":"2023-03-21T20:56:37+00:00","og_image":[{"width":2560,"height":640,"url":"https:\/\/bellatourism.com\/wp-content\/uploads\/2023\/03\/autological-stem-cell-therapy-scaled.webp","type":"image\/webp"}],"twitter_card":"summary_large_image","twitter_misc":{"Dur\u00e9e de lecture estim\u00e9e":"2 minutes"},"schema":{"@context":"https:\/\/schema.org","@graph":[{"@type":"WebPage","@id":"https:\/\/bellatourism.com\/fr\/threapie-par-cellules-souches-autologues\/","url":"https:\/\/bellatourism.com\/fr\/threapie-par-cellules-souches-autologues\/","name":"Threapie par Cellules Souches Autologues - Bella Tourism","isPartOf":{"@id":"https:\/\/bellatourism.com\/tr\/#website"},"primaryImageOfPage":{"@id":"https:\/\/bellatourism.com\/fr\/threapie-par-cellules-souches-autologues\/#primaryimage"},"image":{"@id":"https:\/\/bellatourism.com\/fr\/threapie-par-cellules-souches-autologues\/#primaryimage"},"thumbnailUrl":"https:\/\/bellatourism.com\/wp-content\/uploads\/2023\/03\/autological-stem-cell-therapy-scaled.webp","datePublished":"2023-02-15T11:41:11+00:00","dateModified":"2023-03-21T20:56:37+00:00","description":"La th\u00e9rapie par cellules souches autologues dans la greffe de cheveux est bri\u00e8vement consiste \u00e0 injecter les cellules souches obtenues...","breadcrumb":{"@id":"https:\/\/bellatourism.com\/fr\/threapie-par-cellules-souches-autologues\/#breadcrumb"},"inLanguage":"fr-FR","potentialAction":[{"@type":"ReadAction","target":["https:\/\/bellatourism.com\/fr\/threapie-par-cellules-souches-autologues\/"]}]},{"@type":"ImageObject","inLanguage":"fr-FR","@id":"https:\/\/bellatourism.com\/fr\/threapie-par-cellules-souches-autologues\/#primaryimage","url":"https:\/\/bellatourism.com\/wp-content\/uploads\/2023\/03\/autological-stem-cell-therapy-scaled.webp","contentUrl":"https:\/\/bellatourism.com\/wp-content\/uploads\/2023\/03\/autological-stem-cell-therapy-scaled.webp","width":2560,"height":640,"caption":"Autological Stem Cell Treapy"},{"@type":"BreadcrumbList","@id":"https:\/\/bellatourism.com\/fr\/threapie-par-cellules-souches-autologues\/#breadcrumb","itemListElement":[{"@type":"ListItem","position":1,"name":"Home","item":"https:\/\/bellatourism.com\/tr\/"},{"@type":"ListItem","position":2,"name":"Threapie par Cellules Souches Autologues"}]},{"@type":"WebSite","@id":"https:\/\/bellatourism.com\/tr\/#website","url":"https:\/\/bellatourism.com\/tr\/","name":"Bella Tourism - Health Tourism In Turkey","description":"Bella Tourism","publisher":{"@id":"https:\/\/bellatourism.com\/tr\/#organization"},"potentialAction":[{"@type":"SearchAction","target":{"@type":"EntryPoint","urlTemplate":"https:\/\/bellatourism.com\/tr\/?s={search_term_string}"},"query-input":{"@type":"PropertyValueSpecification","valueRequired":true,"valueName":"search_term_string"}}],"inLanguage":"fr-FR"},{"@type":"Organization","@id":"https:\/\/bellatourism.com\/tr\/#organization","name":"Bella Tourism - Health Tourism In Turkey","url":"https:\/\/bellatourism.com\/tr\/","logo":{"@type":"ImageObject","inLanguage":"fr-FR","@id":"https:\/\/bellatourism.com\/tr\/#\/schema\/logo\/image\/","url":"https:\/\/bellatourism.com\/wp-content\/uploads\/2022\/05\/Bella-Tourism-Logo-Dosyasi-01.png","contentUrl":"https:\/\/bellatourism.com\/wp-content\/uploads\/2022\/05\/Bella-Tourism-Logo-Dosyasi-01.png","width":200,"height":84,"caption":"Bella Tourism - Health Tourism In Turkey"},"image":{"@id":"https:\/\/bellatourism.com\/tr\/#\/schema\/logo\/image\/"},"sameAs":["https:\/\/www.facebook.com\/bellahealthtourism","https:\/\/www.instagram.com\/bellahealthtourism\/","https:\/\/www.linkedin.com\/company\/bella-health-tourism\/"]}]}},"_links":{"self":[{"href":"https:\/\/bellatourism.com\/fr\/wp-json\/wp\/v2\/pages\/30532"}],"collection":[{"href":"https:\/\/bellatourism.com\/fr\/wp-json\/wp\/v2\/pages"}],"about":[{"href":"https:\/\/bellatourism.com\/fr\/wp-json\/wp\/v2\/types\/page"}],"author":[{"embeddable":true,"href":"https:\/\/bellatourism.com\/fr\/wp-json\/wp\/v2\/users\/1"}],"replies":[{"embeddable":true,"href":"https:\/\/bellatourism.com\/fr\/wp-json\/wp\/v2\/comments?post=30532"}],"version-history":[{"count":3,"href":"https:\/\/bellatourism.com\/fr\/wp-json\/wp\/v2\/pages\/30532\/revisions"}],"predecessor-version":[{"id":31991,"href":"https:\/\/bellatourism.com\/fr\/wp-json\/wp\/v2\/pages\/30532\/revisions\/31991"}],"wp:featuredmedia":[{"embeddable":true,"href":"https:\/\/bellatourism.com\/fr\/wp-json\/wp\/v2\/media\/30984"}],"wp:attachment":[{"href":"https:\/\/bellatourism.com\/fr\/wp-json\/wp\/v2\/media?parent=30532"}],"curies":[{"name":"wp","href":"https:\/\/api.w.org\/{rel}","templated":true}]}}