{"id":30526,"date":"2023-02-16T22:33:48","date_gmt":"2023-02-16T22:33:48","guid":{"rendered":"https:\/\/bellatourism.com\/esthetique-mammaire\/"},"modified":"2023-03-21T15:47:16","modified_gmt":"2023-03-21T15:47:16","slug":"esthetique-mammaire","status":"publish","type":"page","link":"https:\/\/bellatourism.com\/fr\/esthetique-mammaire\/","title":{"rendered":"Esthetique Mammaire"},"content":{"rendered":"<h2><a href=\"\/fr\/augmentation-mammaire\/\">Augmentation Mammaire<\/a><\/h2>\n<p>La proc\u00e9dure la plus simple et la plus indolore parmi les chirurgies esth\u00e9tiques mammaires est la proth\u00e8se mammaire. Elle se distingue des autres chirurgies mammaires par la mani\u00e8re dont la proth\u00e8se est appliqu\u00e9e et l&rsquo;aspect le plus esth\u00e9tique est obtenu avec la chirurgie de proth\u00e8se mammaire en ce sens qu&rsquo;elle ne laisse aucune cicatrice sur les seins. La chirurgie d&rsquo;augmentation mammaire est une op\u00e9ration pour les patientes qui ne sont pas satisfaites du volume de leurs seins et qui souhaitent que leur poitrine paraisse plus volumineuse. \u00c9tant donn\u00e9 que le sein est consid\u00e9r\u00e9 comme l&rsquo;\u00e9l\u00e9ment le plus important de la f\u00e9minit\u00e9 toutes les femmes\u00a0 qui ne sont pas satisfaites de leur seins peut facilement subir cette op\u00e9ration. Cela se fait en choisissant une proth\u00e8se adapt\u00e9e et de taille d\u00e9termin\u00e9e en tenant compte des dimensions et de la structure du corps de la personne (taille, poids, structure des \u00e9paules). La proc\u00e9dure est effectu\u00e9e en choisissant une proth\u00e8se adapt\u00e9e et de taille d\u00e9termin\u00e9e en tenant compte la taille et la morphologie du corps de la personne (taille, poids, forme d\u2019\u00e9paules). Les proc\u00e9dures douloureuses ne sont pas effectu\u00e9es comme par le pass\u00e9 gr\u00e2ce aux nouvelles technologies. On peut placer la proth\u00e8se mammaire avec une incision dans l\u2019aisselle, derri\u00e8re le muscle ou avec une incision <span style=\"font-weight: 400;\">dans le sillon sous mammaire. Apr\u00e8s l\u2019op\u00e9ration la patiente peut reprendre une vie normale en peu de temps. Les proth\u00e8ses sont divis\u00e9es en deux; le contenu peut \u00eatre soit en s\u00e9rum physiologique soit en gel de silicone. Bien que le risque de rupture des proth\u00e8ses soit faible (3%), pour les implants en s\u00e9rum physiologique, aucune cons\u00e9quence particuli\u00e8re n&rsquo;est \u00e0 envisager car il n\u2019y <\/span><span style=\"font-weight: 400;\">a aucune toxicit\u00e9. <\/span><span style=\"font-weight: 400;\">Le s\u00e9rum physiologique se r\u00e9sorbe spontan\u00e9ment dans l\u2019organisme. La fuite d\u2019une proth\u00e8se en gel de silicone peut passer inaper\u00e7u pendant au moins 1 an et avec une op\u00e9ration simple la proth\u00e8se peut \u00eatre remplac\u00e9e par une nouvelle.<\/span><\/p>\n<h2><a href=\"\/fr\/reduction-mammaire\/\">Reduction Mammaire<\/a><\/h2>\n<p>Reduction de mammaire est une intervention qui concerne les femmes qui ne sont pas satisfaites de l\u2019apparence de leurs seins et qui souffrent physiquement \u00e0 cause du poids des seins. La chirurgie de r\u00e9duction mammaire peut \u00eatre effectu\u00e9e \u2013 comme dans l\u2019op\u00e9ration d&rsquo;augmentation mammaire \u2013 si la taille de poitrine est disproportionn\u00e9e par rapport \u00e0 la morphologie de la patiente. La poitrine qui parait trop volumineuse affecte n\u00e9gativement l\u2019aspect esth\u00e8tique et peut entra\u00eener des r\u00e9percussions physiques. (par ex. douleur localis\u00e9e dans le bas du dos, douleur au cou, hernie, dos vo\u00fbt\u00e9..)<\/p>\n<p>Avoir le dos vo\u00fbt\u00e9, avoir du mal \u00e0 se tenir droit et essayer de cacher les seines tout le temps peuvent causer des probl\u00e8mes psychologique. Cette op\u00e9ration, laisse une cicatrice sur les seins. Apr\u00e8s un an la suture deviendra presque invisible avec l\u2019aide des cr\u00e8mes sp\u00e9ciales.<\/p>\n<p><a href=\"\/fr\/lifting-mammaire\/\">Lifting Mammaire<\/a><\/p>\n<p>Avec l&rsquo;\u00e2ge, les facteurs g\u00e9n\u00e9tiques ou la perte et prise de poids, les seins\u00a0peuvent s&rsquo;affaisser. M\u00eame si votre poitrine n&rsquo;est pas tr\u00e8s volumineuse l&rsquo;affaissement des seins peut causer un aspect inesth\u00e9tique. Le rel\u00e2chement des seins entra\u00eene l\u2019affaissement en donnant un aspect tombant. Dans cette op\u00e9ration, on ne parle pas d\u2019une reduction mammaire. Cette intervention consiste \u00e0 remodeler le tissu mammaire affaiss\u00e9 pour lui donner un aspect ferme. La proth\u00e8se peut \u00e9galement \u00eatre implant\u00e9e aux patientes qui souhaitent augmenter la taille de leur poitrine avec cette op\u00e9ration.<\/p>\n<h2><a href=\"https:\/\/bellatourism.com\/fr\/gynecomastie\/\">Gynecomastie<\/a><\/h2>\n<p>La\u00a0gyn\u00e9comastie\u00a0est un d\u00e9veloppement exag\u00e9r\u00e9 des glandes mammaires chez l&rsquo;homme. Bien que le traitement m\u00e9dicamenteux soit recommand\u00e9 pour la gyn\u00e9comastie chez les adolescents, elle peut survenir en raison de probl\u00e8mes hormonaux, m\u00e9dicaments et les st\u00e9ro\u00efdes <span style=\"font-weight: 400;\">\u00e0 un \u00e2ge avanc\u00e9. La\u00a0chirurgie\u00a0esth\u00e9tique\u00a0est le seul traitement efficace pour la\u00a0gyn\u00e9comastie. Chez certains patients le tissu adipeux est retir\u00e9 en effectuant une liposuccion avant la proc\u00e9dure. Chez les autres on pratique une l\u00e9g\u00e8re incision autour de l\u2019ar\u00e9ole, retire l\u2019exc\u00e9dent de tissu mammaire et retendre la peau flasque. Il n\u2019y a pas de repousse dans les seins apr\u00e8s l\u2019op\u00e9ration. Cette intervention peut r\u00e9duire le risque du cancer du sein qui peut aussi toucher les hommes.<\/span><\/p>\n","protected":false},"excerpt":{"rendered":"<p>Augmentation Mammaire La proc\u00e9dure la plus simple et la plus indolore parmi les chirurgies esth\u00e9tiques mammaires est la proth\u00e8se mammaire. Elle se distingue des autres chirurgies mammaires par la mani\u00e8re dont la proth\u00e8se est appliqu\u00e9e et l&rsquo;aspect le plus esth\u00e9tique est obtenu avec la chirurgie de proth\u00e8se mammaire en ce sens qu&rsquo;elle ne laisse aucune [&hellip;]<\/p>\n","protected":false},"author":1,"featured_media":31547,"parent":0,"menu_order":0,"comment_status":"closed","ping_status":"closed","template":"","meta":{"footnotes":""},"yoast_head":"<!-- This site is optimized with the Yoast SEO plugin v23.5 - https:\/\/yoast.com\/wordpress\/plugins\/seo\/ -->\n<title>Esthetique Mammaire - Bella Tourism<\/title>\n<meta name=\"robots\" content=\"index, follow, max-snippet:-1, max-image-preview:large, max-video-preview:-1\" \/>\n<link rel=\"canonical\" href=\"https:\/\/bellatourism.com\/fr\/esthetique-mammaire\/\" \/>\n<meta property=\"og:locale\" content=\"fr_FR\" \/>\n<meta property=\"og:type\" content=\"article\" \/>\n<meta property=\"og:title\" content=\"Esthetique Mammaire - Bella Tourism\" \/>\n<meta property=\"og:description\" content=\"Augmentation Mammaire La proc\u00e9dure la plus simple et la plus indolore parmi les chirurgies esth\u00e9tiques mammaires est la proth\u00e8se mammaire. Elle se distingue des autres chirurgies mammaires par la mani\u00e8re dont la proth\u00e8se est appliqu\u00e9e et l&rsquo;aspect le plus esth\u00e9tique est obtenu avec la chirurgie de proth\u00e8se mammaire en ce sens qu&rsquo;elle ne laisse aucune [&hellip;]\" \/>\n<meta property=\"og:url\" content=\"https:\/\/bellatourism.com\/fr\/esthetique-mammaire\/\" \/>\n<meta property=\"og:site_name\" content=\"Bella Tourism\" \/>\n<meta property=\"article:publisher\" content=\"https:\/\/www.facebook.com\/bellahealthtourism\" \/>\n<meta property=\"article:modified_time\" content=\"2023-03-21T15:47:16+00:00\" \/>\n<meta property=\"og:image\" content=\"https:\/\/bellatourism.com\/wp-content\/uploads\/2023\/03\/breast-enlargement-1.webp\" \/>\n\t<meta property=\"og:image:width\" content=\"1600\" \/>\n\t<meta property=\"og:image:height\" content=\"400\" \/>\n\t<meta property=\"og:image:type\" content=\"image\/webp\" \/>\n<meta name=\"twitter:card\" content=\"summary_large_image\" \/>\n<meta name=\"twitter:label1\" content=\"Dur\u00e9e de lecture estim\u00e9e\" \/>\n\t<meta name=\"twitter:data1\" content=\"3 minutes\" \/>\n<script type=\"application\/ld+json\" class=\"yoast-schema-graph\">{\"@context\":\"https:\/\/schema.org\",\"@graph\":[{\"@type\":\"WebPage\",\"@id\":\"https:\/\/bellatourism.com\/fr\/esthetique-mammaire\/\",\"url\":\"https:\/\/bellatourism.com\/fr\/esthetique-mammaire\/\",\"name\":\"Esthetique Mammaire - Bella Tourism\",\"isPartOf\":{\"@id\":\"https:\/\/bellatourism.com\/tr\/#website\"},\"primaryImageOfPage\":{\"@id\":\"https:\/\/bellatourism.com\/fr\/esthetique-mammaire\/#primaryimage\"},\"image\":{\"@id\":\"https:\/\/bellatourism.com\/fr\/esthetique-mammaire\/#primaryimage\"},\"thumbnailUrl\":\"https:\/\/bellatourism.com\/wp-content\/uploads\/2023\/03\/breast-enlargement-1.webp\",\"datePublished\":\"2023-02-16T22:33:48+00:00\",\"dateModified\":\"2023-03-21T15:47:16+00:00\",\"breadcrumb\":{\"@id\":\"https:\/\/bellatourism.com\/fr\/esthetique-mammaire\/#breadcrumb\"},\"inLanguage\":\"fr-FR\",\"potentialAction\":[{\"@type\":\"ReadAction\",\"target\":[\"https:\/\/bellatourism.com\/fr\/esthetique-mammaire\/\"]}]},{\"@type\":\"ImageObject\",\"inLanguage\":\"fr-FR\",\"@id\":\"https:\/\/bellatourism.com\/fr\/esthetique-mammaire\/#primaryimage\",\"url\":\"https:\/\/bellatourism.com\/wp-content\/uploads\/2023\/03\/breast-enlargement-1.webp\",\"contentUrl\":\"https:\/\/bellatourism.com\/wp-content\/uploads\/2023\/03\/breast-enlargement-1.webp\",\"width\":1600,\"height\":400,\"caption\":\"Breast Enlargement\"},{\"@type\":\"BreadcrumbList\",\"@id\":\"https:\/\/bellatourism.com\/fr\/esthetique-mammaire\/#breadcrumb\",\"itemListElement\":[{\"@type\":\"ListItem\",\"position\":1,\"name\":\"Home\",\"item\":\"https:\/\/bellatourism.com\/tr\/\"},{\"@type\":\"ListItem\",\"position\":2,\"name\":\"Esthetique Mammaire\"}]},{\"@type\":\"WebSite\",\"@id\":\"https:\/\/bellatourism.com\/tr\/#website\",\"url\":\"https:\/\/bellatourism.com\/tr\/\",\"name\":\"Bella Tourism - Health Tourism In Turkey\",\"description\":\"Bella Tourism\",\"publisher\":{\"@id\":\"https:\/\/bellatourism.com\/tr\/#organization\"},\"potentialAction\":[{\"@type\":\"SearchAction\",\"target\":{\"@type\":\"EntryPoint\",\"urlTemplate\":\"https:\/\/bellatourism.com\/tr\/?s={search_term_string}\"},\"query-input\":{\"@type\":\"PropertyValueSpecification\",\"valueRequired\":true,\"valueName\":\"search_term_string\"}}],\"inLanguage\":\"fr-FR\"},{\"@type\":\"Organization\",\"@id\":\"https:\/\/bellatourism.com\/tr\/#organization\",\"name\":\"Bella Tourism - Health Tourism In Turkey\",\"url\":\"https:\/\/bellatourism.com\/tr\/\",\"logo\":{\"@type\":\"ImageObject\",\"inLanguage\":\"fr-FR\",\"@id\":\"https:\/\/bellatourism.com\/tr\/#\/schema\/logo\/image\/\",\"url\":\"https:\/\/bellatourism.com\/wp-content\/uploads\/2022\/05\/Bella-Tourism-Logo-Dosyasi-01.png\",\"contentUrl\":\"https:\/\/bellatourism.com\/wp-content\/uploads\/2022\/05\/Bella-Tourism-Logo-Dosyasi-01.png\",\"width\":200,\"height\":84,\"caption\":\"Bella Tourism - Health Tourism In Turkey\"},\"image\":{\"@id\":\"https:\/\/bellatourism.com\/tr\/#\/schema\/logo\/image\/\"},\"sameAs\":[\"https:\/\/www.facebook.com\/bellahealthtourism\",\"https:\/\/www.instagram.com\/bellahealthtourism\/\",\"https:\/\/www.linkedin.com\/company\/bella-health-tourism\/\"]}]}<\/script>\n<!-- \/ Yoast SEO plugin. -->","yoast_head_json":{"title":"Esthetique Mammaire - Bella Tourism","robots":{"index":"index","follow":"follow","max-snippet":"max-snippet:-1","max-image-preview":"max-image-preview:large","max-video-preview":"max-video-preview:-1"},"canonical":"https:\/\/bellatourism.com\/fr\/esthetique-mammaire\/","og_locale":"fr_FR","og_type":"article","og_title":"Esthetique Mammaire - Bella Tourism","og_description":"Augmentation Mammaire La proc\u00e9dure la plus simple et la plus indolore parmi les chirurgies esth\u00e9tiques mammaires est la proth\u00e8se mammaire. Elle se distingue des autres chirurgies mammaires par la mani\u00e8re dont la proth\u00e8se est appliqu\u00e9e et l&rsquo;aspect le plus esth\u00e9tique est obtenu avec la chirurgie de proth\u00e8se mammaire en ce sens qu&rsquo;elle ne laisse aucune [&hellip;]","og_url":"https:\/\/bellatourism.com\/fr\/esthetique-mammaire\/","og_site_name":"Bella Tourism","article_publisher":"https:\/\/www.facebook.com\/bellahealthtourism","article_modified_time":"2023-03-21T15:47:16+00:00","og_image":[{"width":1600,"height":400,"url":"https:\/\/bellatourism.com\/wp-content\/uploads\/2023\/03\/breast-enlargement-1.webp","type":"image\/webp"}],"twitter_card":"summary_large_image","twitter_misc":{"Dur\u00e9e de lecture estim\u00e9e":"3 minutes"},"schema":{"@context":"https:\/\/schema.org","@graph":[{"@type":"WebPage","@id":"https:\/\/bellatourism.com\/fr\/esthetique-mammaire\/","url":"https:\/\/bellatourism.com\/fr\/esthetique-mammaire\/","name":"Esthetique Mammaire - Bella Tourism","isPartOf":{"@id":"https:\/\/bellatourism.com\/tr\/#website"},"primaryImageOfPage":{"@id":"https:\/\/bellatourism.com\/fr\/esthetique-mammaire\/#primaryimage"},"image":{"@id":"https:\/\/bellatourism.com\/fr\/esthetique-mammaire\/#primaryimage"},"thumbnailUrl":"https:\/\/bellatourism.com\/wp-content\/uploads\/2023\/03\/breast-enlargement-1.webp","datePublished":"2023-02-16T22:33:48+00:00","dateModified":"2023-03-21T15:47:16+00:00","breadcrumb":{"@id":"https:\/\/bellatourism.com\/fr\/esthetique-mammaire\/#breadcrumb"},"inLanguage":"fr-FR","potentialAction":[{"@type":"ReadAction","target":["https:\/\/bellatourism.com\/fr\/esthetique-mammaire\/"]}]},{"@type":"ImageObject","inLanguage":"fr-FR","@id":"https:\/\/bellatourism.com\/fr\/esthetique-mammaire\/#primaryimage","url":"https:\/\/bellatourism.com\/wp-content\/uploads\/2023\/03\/breast-enlargement-1.webp","contentUrl":"https:\/\/bellatourism.com\/wp-content\/uploads\/2023\/03\/breast-enlargement-1.webp","width":1600,"height":400,"caption":"Breast Enlargement"},{"@type":"BreadcrumbList","@id":"https:\/\/bellatourism.com\/fr\/esthetique-mammaire\/#breadcrumb","itemListElement":[{"@type":"ListItem","position":1,"name":"Home","item":"https:\/\/bellatourism.com\/tr\/"},{"@type":"ListItem","position":2,"name":"Esthetique Mammaire"}]},{"@type":"WebSite","@id":"https:\/\/bellatourism.com\/tr\/#website","url":"https:\/\/bellatourism.com\/tr\/","name":"Bella Tourism - Health Tourism In Turkey","description":"Bella Tourism","publisher":{"@id":"https:\/\/bellatourism.com\/tr\/#organization"},"potentialAction":[{"@type":"SearchAction","target":{"@type":"EntryPoint","urlTemplate":"https:\/\/bellatourism.com\/tr\/?s={search_term_string}"},"query-input":{"@type":"PropertyValueSpecification","valueRequired":true,"valueName":"search_term_string"}}],"inLanguage":"fr-FR"},{"@type":"Organization","@id":"https:\/\/bellatourism.com\/tr\/#organization","name":"Bella Tourism - Health Tourism In Turkey","url":"https:\/\/bellatourism.com\/tr\/","logo":{"@type":"ImageObject","inLanguage":"fr-FR","@id":"https:\/\/bellatourism.com\/tr\/#\/schema\/logo\/image\/","url":"https:\/\/bellatourism.com\/wp-content\/uploads\/2022\/05\/Bella-Tourism-Logo-Dosyasi-01.png","contentUrl":"https:\/\/bellatourism.com\/wp-content\/uploads\/2022\/05\/Bella-Tourism-Logo-Dosyasi-01.png","width":200,"height":84,"caption":"Bella Tourism - Health Tourism In Turkey"},"image":{"@id":"https:\/\/bellatourism.com\/tr\/#\/schema\/logo\/image\/"},"sameAs":["https:\/\/www.facebook.com\/bellahealthtourism","https:\/\/www.instagram.com\/bellahealthtourism\/","https:\/\/www.linkedin.com\/company\/bella-health-tourism\/"]}]}},"_links":{"self":[{"href":"https:\/\/bellatourism.com\/fr\/wp-json\/wp\/v2\/pages\/30526"}],"collection":[{"href":"https:\/\/bellatourism.com\/fr\/wp-json\/wp\/v2\/pages"}],"about":[{"href":"https:\/\/bellatourism.com\/fr\/wp-json\/wp\/v2\/types\/page"}],"author":[{"embeddable":true,"href":"https:\/\/bellatourism.com\/fr\/wp-json\/wp\/v2\/users\/1"}],"replies":[{"embeddable":true,"href":"https:\/\/bellatourism.com\/fr\/wp-json\/wp\/v2\/comments?post=30526"}],"version-history":[{"count":4,"href":"https:\/\/bellatourism.com\/fr\/wp-json\/wp\/v2\/pages\/30526\/revisions"}],"predecessor-version":[{"id":31948,"href":"https:\/\/bellatourism.com\/fr\/wp-json\/wp\/v2\/pages\/30526\/revisions\/31948"}],"wp:featuredmedia":[{"embeddable":true,"href":"https:\/\/bellatourism.com\/fr\/wp-json\/wp\/v2\/media\/31547"}],"wp:attachment":[{"href":"https:\/\/bellatourism.com\/fr\/wp-json\/wp\/v2\/media?parent=30526"}],"curies":[{"name":"wp","href":"https:\/\/api.w.org\/{rel}","templated":true}]}}