{"id":30514,"date":"2019-04-04T11:01:17","date_gmt":"2019-04-04T11:01:17","guid":{"rendered":"https:\/\/bellatourism.com\/a-propos\/"},"modified":"2023-05-23T23:57:27","modified_gmt":"2023-05-23T23:57:27","slug":"a-propos","status":"publish","type":"page","link":"https:\/\/bellatourism.com\/fr\/a-propos\/","title":{"rendered":"A Propos"},"content":{"rendered":"<p>Bella Health Tourism est une institution interm\u00e9diaire qui a \u00e9t\u00e9 cr\u00e9\u00e9e dans le but de garantir que les touristes de sant\u00e9 qui souhaitent recevoir des services de sant\u00e9 de l&rsquo;\u00e9tranger atteignent le service de sant\u00e9 le plus pr\u00e9cis en Turquie et poss\u00e8de un certificat d&rsquo;agence de voyage de classe A (document TURSAB n \u00b0 12730) enregistr\u00e9 aupr\u00e8s de TURSAB et le droit de faire du tourisme de sant\u00e9 international qui a un \u00abcertificat d&rsquo;autorisation sanitaire\u00bb.<\/p>\n<p>Chez Bella Tourism, nous organisons des organisations de tourisme de sant\u00e9 entre les principaux pays du continent europ\u00e9en tels que l&rsquo;Angleterre, la France, l&rsquo;Allemagne et les \u00c9tats-Unis &#8211; Canada et Turquie.<\/p>\n<p>Chez Bella Tourism, nous organisons l&rsquo;h\u00e9bergement et les transferts VIP en orientant les citoyens des pays qui souhaitent recevoir des services de sant\u00e9 vers un \u00e9tablissement de sant\u00e9 sp\u00e9cialis\u00e9 et de haute qualit\u00e9 dans le domaine dans lequel ils souhaitent recevoir une assistance.<\/p>\n<p>Tout en recevant ces services, le touriste de sant\u00e9 aura des traducteurs qui fourniront une aide et un soutien 24 heures sur 24 et 7 jours sur 7 dans leur langue maternelle pour toutes les questions, probl\u00e8mes et probl\u00e8mes possibles lors de la planification du voyage (y compris avant et apr\u00e8s).<\/p>\n<h3>H\u00f4pitaux partenaires<\/h3>\n<ul>\n<li>H\u00f4pital continental Hisar<\/li>\n<li>H\u00f4pital du cerveau NP<\/li>\n<li>H\u00f4pital r\u00e9gional de Pendik<\/li>\n<li>Examen DR Sait<\/li>\n<\/ul>\n<h3>H\u00f4tels partenaires<\/h3>\n<p>Kartal Titanic Business Otel<\/p>\n<h3>Questions fr\u00e9quemment pos\u00e9es<\/h3>\n<h4>Comment mon transport sera-t-il assur\u00e9 ?<\/h4>\n<p>D\u00e8s votre arriv\u00e9e en Turquie, nous vous accueillons \u00e0 l&rsquo;a\u00e9roport. Nous assurons votre transfert vers votre h\u00e9bergement confortablement avec nos v\u00e9hicules VIP.<\/p>\n<h4>Aidez-vous au transport aller-retour?<\/h4>\n<p>Apr\u00e8s la fin de votre voyage, nous organisons votre retour. Pendant votre transport de retour, notre assistant sp\u00e9cialement d\u00e9sign\u00e9 vous guide jusqu&rsquo;\u00e0 l&rsquo;a\u00e9roport.<\/p>\n","protected":false},"excerpt":{"rendered":"<p>Bella Health Tourism est une institution interm\u00e9diaire qui a \u00e9t\u00e9 cr\u00e9\u00e9e dans le but de garantir que les touristes de sant\u00e9 qui souhaitent recevoir des services de sant\u00e9 de l&rsquo;\u00e9tranger atteignent le service de sant\u00e9 le plus pr\u00e9cis en Turquie et poss\u00e8de un certificat d&rsquo;agence de voyage de classe A (document TURSAB n \u00b0 12730) [&hellip;]<\/p>\n","protected":false},"author":1,"featured_media":0,"parent":0,"menu_order":0,"comment_status":"closed","ping_status":"closed","template":"","meta":{"footnotes":""},"yoast_head":"<!-- This site is optimized with the Yoast SEO plugin v23.5 - https:\/\/yoast.com\/wordpress\/plugins\/seo\/ -->\n<title>A Propos - Bella Tourism<\/title>\n<meta name=\"robots\" content=\"index, follow, max-snippet:-1, max-image-preview:large, max-video-preview:-1\" \/>\n<link rel=\"canonical\" href=\"https:\/\/bellatourism.com\/fr\/a-propos\/\" \/>\n<meta property=\"og:locale\" content=\"fr_FR\" \/>\n<meta property=\"og:type\" content=\"article\" \/>\n<meta property=\"og:title\" content=\"A Propos - Bella Tourism\" \/>\n<meta property=\"og:description\" content=\"Bella Health Tourism est une institution interm\u00e9diaire qui a \u00e9t\u00e9 cr\u00e9\u00e9e dans le but de garantir que les touristes de sant\u00e9 qui souhaitent recevoir des services de sant\u00e9 de l&rsquo;\u00e9tranger atteignent le service de sant\u00e9 le plus pr\u00e9cis en Turquie et poss\u00e8de un certificat d&rsquo;agence de voyage de classe A (document TURSAB n \u00b0 12730) [&hellip;]\" \/>\n<meta property=\"og:url\" content=\"https:\/\/bellatourism.com\/fr\/a-propos\/\" \/>\n<meta property=\"og:site_name\" content=\"Bella Tourism\" \/>\n<meta property=\"article:publisher\" content=\"https:\/\/www.facebook.com\/bellahealthtourism\" \/>\n<meta property=\"article:modified_time\" content=\"2023-05-23T23:57:27+00:00\" \/>\n<meta name=\"twitter:card\" content=\"summary_large_image\" \/>\n<meta name=\"twitter:label1\" content=\"Dur\u00e9e de lecture estim\u00e9e\" \/>\n\t<meta name=\"twitter:data1\" content=\"2 minutes\" \/>\n<script type=\"application\/ld+json\" class=\"yoast-schema-graph\">{\"@context\":\"https:\/\/schema.org\",\"@graph\":[{\"@type\":\"WebPage\",\"@id\":\"https:\/\/bellatourism.com\/fr\/a-propos\/\",\"url\":\"https:\/\/bellatourism.com\/fr\/a-propos\/\",\"name\":\"A Propos - Bella Tourism\",\"isPartOf\":{\"@id\":\"https:\/\/bellatourism.com\/tr\/#website\"},\"datePublished\":\"2019-04-04T11:01:17+00:00\",\"dateModified\":\"2023-05-23T23:57:27+00:00\",\"breadcrumb\":{\"@id\":\"https:\/\/bellatourism.com\/fr\/a-propos\/#breadcrumb\"},\"inLanguage\":\"fr-FR\",\"potentialAction\":[{\"@type\":\"ReadAction\",\"target\":[\"https:\/\/bellatourism.com\/fr\/a-propos\/\"]}]},{\"@type\":\"BreadcrumbList\",\"@id\":\"https:\/\/bellatourism.com\/fr\/a-propos\/#breadcrumb\",\"itemListElement\":[{\"@type\":\"ListItem\",\"position\":1,\"name\":\"Home\",\"item\":\"https:\/\/bellatourism.com\/tr\/\"},{\"@type\":\"ListItem\",\"position\":2,\"name\":\"A Propos\"}]},{\"@type\":\"WebSite\",\"@id\":\"https:\/\/bellatourism.com\/tr\/#website\",\"url\":\"https:\/\/bellatourism.com\/tr\/\",\"name\":\"Bella Tourism - Health Tourism In Turkey\",\"description\":\"Bella Tourism\",\"publisher\":{\"@id\":\"https:\/\/bellatourism.com\/tr\/#organization\"},\"potentialAction\":[{\"@type\":\"SearchAction\",\"target\":{\"@type\":\"EntryPoint\",\"urlTemplate\":\"https:\/\/bellatourism.com\/tr\/?s={search_term_string}\"},\"query-input\":{\"@type\":\"PropertyValueSpecification\",\"valueRequired\":true,\"valueName\":\"search_term_string\"}}],\"inLanguage\":\"fr-FR\"},{\"@type\":\"Organization\",\"@id\":\"https:\/\/bellatourism.com\/tr\/#organization\",\"name\":\"Bella Tourism - Health Tourism In Turkey\",\"url\":\"https:\/\/bellatourism.com\/tr\/\",\"logo\":{\"@type\":\"ImageObject\",\"inLanguage\":\"fr-FR\",\"@id\":\"https:\/\/bellatourism.com\/tr\/#\/schema\/logo\/image\/\",\"url\":\"https:\/\/bellatourism.com\/wp-content\/uploads\/2022\/05\/Bella-Tourism-Logo-Dosyasi-01.png\",\"contentUrl\":\"https:\/\/bellatourism.com\/wp-content\/uploads\/2022\/05\/Bella-Tourism-Logo-Dosyasi-01.png\",\"width\":200,\"height\":84,\"caption\":\"Bella Tourism - Health Tourism In Turkey\"},\"image\":{\"@id\":\"https:\/\/bellatourism.com\/tr\/#\/schema\/logo\/image\/\"},\"sameAs\":[\"https:\/\/www.facebook.com\/bellahealthtourism\",\"https:\/\/www.instagram.com\/bellahealthtourism\/\",\"https:\/\/www.linkedin.com\/company\/bella-health-tourism\/\"]}]}<\/script>\n<!-- \/ Yoast SEO plugin. -->","yoast_head_json":{"title":"A Propos - Bella Tourism","robots":{"index":"index","follow":"follow","max-snippet":"max-snippet:-1","max-image-preview":"max-image-preview:large","max-video-preview":"max-video-preview:-1"},"canonical":"https:\/\/bellatourism.com\/fr\/a-propos\/","og_locale":"fr_FR","og_type":"article","og_title":"A Propos - Bella Tourism","og_description":"Bella Health Tourism est une institution interm\u00e9diaire qui a \u00e9t\u00e9 cr\u00e9\u00e9e dans le but de garantir que les touristes de sant\u00e9 qui souhaitent recevoir des services de sant\u00e9 de l&rsquo;\u00e9tranger atteignent le service de sant\u00e9 le plus pr\u00e9cis en Turquie et poss\u00e8de un certificat d&rsquo;agence de voyage de classe A (document TURSAB n \u00b0 12730) [&hellip;]","og_url":"https:\/\/bellatourism.com\/fr\/a-propos\/","og_site_name":"Bella Tourism","article_publisher":"https:\/\/www.facebook.com\/bellahealthtourism","article_modified_time":"2023-05-23T23:57:27+00:00","twitter_card":"summary_large_image","twitter_misc":{"Dur\u00e9e de lecture estim\u00e9e":"2 minutes"},"schema":{"@context":"https:\/\/schema.org","@graph":[{"@type":"WebPage","@id":"https:\/\/bellatourism.com\/fr\/a-propos\/","url":"https:\/\/bellatourism.com\/fr\/a-propos\/","name":"A Propos - Bella Tourism","isPartOf":{"@id":"https:\/\/bellatourism.com\/tr\/#website"},"datePublished":"2019-04-04T11:01:17+00:00","dateModified":"2023-05-23T23:57:27+00:00","breadcrumb":{"@id":"https:\/\/bellatourism.com\/fr\/a-propos\/#breadcrumb"},"inLanguage":"fr-FR","potentialAction":[{"@type":"ReadAction","target":["https:\/\/bellatourism.com\/fr\/a-propos\/"]}]},{"@type":"BreadcrumbList","@id":"https:\/\/bellatourism.com\/fr\/a-propos\/#breadcrumb","itemListElement":[{"@type":"ListItem","position":1,"name":"Home","item":"https:\/\/bellatourism.com\/tr\/"},{"@type":"ListItem","position":2,"name":"A Propos"}]},{"@type":"WebSite","@id":"https:\/\/bellatourism.com\/tr\/#website","url":"https:\/\/bellatourism.com\/tr\/","name":"Bella Tourism - Health Tourism In Turkey","description":"Bella Tourism","publisher":{"@id":"https:\/\/bellatourism.com\/tr\/#organization"},"potentialAction":[{"@type":"SearchAction","target":{"@type":"EntryPoint","urlTemplate":"https:\/\/bellatourism.com\/tr\/?s={search_term_string}"},"query-input":{"@type":"PropertyValueSpecification","valueRequired":true,"valueName":"search_term_string"}}],"inLanguage":"fr-FR"},{"@type":"Organization","@id":"https:\/\/bellatourism.com\/tr\/#organization","name":"Bella Tourism - Health Tourism In Turkey","url":"https:\/\/bellatourism.com\/tr\/","logo":{"@type":"ImageObject","inLanguage":"fr-FR","@id":"https:\/\/bellatourism.com\/tr\/#\/schema\/logo\/image\/","url":"https:\/\/bellatourism.com\/wp-content\/uploads\/2022\/05\/Bella-Tourism-Logo-Dosyasi-01.png","contentUrl":"https:\/\/bellatourism.com\/wp-content\/uploads\/2022\/05\/Bella-Tourism-Logo-Dosyasi-01.png","width":200,"height":84,"caption":"Bella Tourism - Health Tourism In Turkey"},"image":{"@id":"https:\/\/bellatourism.com\/tr\/#\/schema\/logo\/image\/"},"sameAs":["https:\/\/www.facebook.com\/bellahealthtourism","https:\/\/www.instagram.com\/bellahealthtourism\/","https:\/\/www.linkedin.com\/company\/bella-health-tourism\/"]}]}},"_links":{"self":[{"href":"https:\/\/bellatourism.com\/fr\/wp-json\/wp\/v2\/pages\/30514"}],"collection":[{"href":"https:\/\/bellatourism.com\/fr\/wp-json\/wp\/v2\/pages"}],"about":[{"href":"https:\/\/bellatourism.com\/fr\/wp-json\/wp\/v2\/types\/page"}],"author":[{"embeddable":true,"href":"https:\/\/bellatourism.com\/fr\/wp-json\/wp\/v2\/users\/1"}],"replies":[{"embeddable":true,"href":"https:\/\/bellatourism.com\/fr\/wp-json\/wp\/v2\/comments?post=30514"}],"version-history":[{"count":8,"href":"https:\/\/bellatourism.com\/fr\/wp-json\/wp\/v2\/pages\/30514\/revisions"}],"predecessor-version":[{"id":32251,"href":"https:\/\/bellatourism.com\/fr\/wp-json\/wp\/v2\/pages\/30514\/revisions\/32251"}],"wp:attachment":[{"href":"https:\/\/bellatourism.com\/fr\/wp-json\/wp\/v2\/media?parent=30514"}],"curies":[{"name":"wp","href":"https:\/\/api.w.org\/{rel}","templated":true}]}}