{"id":30508,"date":"2023-02-16T22:42:38","date_gmt":"2023-02-16T22:42:38","guid":{"rendered":"https:\/\/bellatourism.com\/esthetique-genitale\/"},"modified":"2023-03-20T15:38:23","modified_gmt":"2023-03-20T15:38:23","slug":"esthetique-genitale","status":"publish","type":"page","link":"https:\/\/bellatourism.com\/fr\/esthetique-genitale\/","title":{"rendered":"Esthetique Genitale"},"content":{"rendered":"<p><span style=\"font-weight: 400;\">Lorsque quand on dit \u2018\u2019esth\u00e9tique\u2019\u2019 on parle plut\u00f4t des chirurgies du nez ou des seins qui parfait l\u2019aspect esth\u00e9tique, les interventions esth\u00e9tiques vaginales sont devenues plus importantes pour les femmes que toutes les autres interventions chirurgicales esth\u00e9tiques. Comme on peut avoir besoin de la chirurgie esth\u00e9tique du corps en raison du vieillissement ou de l\u2019accouchement on peut egalement avoir besoin de chirurgie esth\u00e9tique du vagin pour ces m\u00eames raisons. Les femmes qui ne sont pas satisfaites de l&rsquo;aspect esth\u00e9tique de leurs vagins peuvent avoir des probl\u00e8mes psychologique et des troubles sexuelles. Cette op\u00e9ration qui vise \u00e0 r\u00e9tablir la fonction et l\u2019esth\u00e9tique du vagin am\u00e9liorent la vie sexuelle et le bien \u00eatre de la personne. C\u2019est pourquoi l&rsquo;esth\u00e9tique g\u00e9nitale n&rsquo;est plus une intervention chirurgicale \u00e0 garder secr\u00e8te. Comme dans toutes les autres interventions chirurgicales esth\u00e9tiques la personne reprend une vie normale en peu de temps et il n&rsquo;y a pas besoin de longues p\u00e9riodes de repos.<\/span><\/p>\n<h2>Labiaplastie<\/h2>\n<p><span style=\"font-weight: 400;\">Labiaplastie tire son nom des structures en forme de l\u00e8vres \u00e0 l&rsquo;ext\u00e9rieur du vagin. Selon l&rsquo;\u00e2ge ou des\u00a0 facteurs g\u00e9n\u00e9tiques ces l\u00e8vres peuvent \u00eatre \u00e9tir\u00e9es. Cette intervention consiste \u00e0 remodeler\/ r\u00e9duire les petites l\u00e8vres o\u00f9 on vise egalement \u00e0 augmenter le plaisir sexuelle.<\/span><\/p>\n<h2>Reserrement Vaginal<\/h2>\n<p><span style=\"font-weight: 400;\">Reserrement vaginal est une intervention chirurgicale esth\u00e9tique qui concerne les femmes qui ont un rel\u00e2chement des muscles vaginaux et l&rsquo;\u00e9largissement du canal vaginal due \u00e0 l\u2019\u00e2ge avanc\u00e9 ou \u00e0 l\u2019accouchement. Cette intervention vise egalement \u00e0 augmenter le plaisir sexuel. Dans cette op\u00e9ration tandis que l&rsquo;apparence externe de la peau vaginale externe est restaur\u00e9e, un r\u00e9tr\u00e9cissement du vagin est \u00e9galement effectu\u00e9. Le rel\u00e2chement des muscles vaginaux et l\u2019\u00e9largissement du canal vaginal diminuent le plaisir sexuel au fil du temps et entr\u00e2inent les effets psychologique n\u00e9gatifs. Avec cette intervention les canaux vaginaux sont r\u00e9tr\u00e9cis et la structure musculaires rel\u00e2ch\u00e9e est remodel\u00e9e chirurgicalement.<\/span><\/p>\n","protected":false},"excerpt":{"rendered":"<p>Lorsque quand on dit \u2018\u2019esth\u00e9tique\u2019\u2019 on parle plut\u00f4t des chirurgies du nez ou des seins qui parfait l\u2019aspect esth\u00e9tique, les interventions esth\u00e9tiques vaginales sont devenues plus importantes pour les femmes que toutes les autres interventions chirurgicales esth\u00e9tiques. Comme on peut avoir besoin de la chirurgie esth\u00e9tique du corps en raison du vieillissement ou de l\u2019accouchement [&hellip;]<\/p>\n","protected":false},"author":1,"featured_media":31596,"parent":0,"menu_order":0,"comment_status":"closed","ping_status":"closed","template":"","meta":{"footnotes":""},"yoast_head":"<!-- This site is optimized with the Yoast SEO plugin v23.5 - https:\/\/yoast.com\/wordpress\/plugins\/seo\/ -->\n<title>Esthetique Genitale - Bella Tourism<\/title>\n<meta name=\"description\" content=\"Lorsque quand on dit \u2018\u2019esth\u00e9tique\u2019\u2019 on parle plut\u00f4t des chirurgies du nez ou des seins qui parfait l\u2019aspect esth\u00e9tique, les interventions...\" \/>\n<meta name=\"robots\" content=\"index, follow, max-snippet:-1, max-image-preview:large, max-video-preview:-1\" \/>\n<link rel=\"canonical\" href=\"https:\/\/bellatourism.com\/fr\/esthetique-genitale\/\" \/>\n<meta property=\"og:locale\" content=\"fr_FR\" \/>\n<meta property=\"og:type\" content=\"article\" \/>\n<meta property=\"og:title\" content=\"Esthetique Genitale - Bella Tourism\" \/>\n<meta property=\"og:description\" content=\"Lorsque quand on dit \u2018\u2019esth\u00e9tique\u2019\u2019 on parle plut\u00f4t des chirurgies du nez ou des seins qui parfait l\u2019aspect esth\u00e9tique, les interventions...\" \/>\n<meta property=\"og:url\" content=\"https:\/\/bellatourism.com\/fr\/esthetique-genitale\/\" \/>\n<meta property=\"og:site_name\" content=\"Bella Tourism\" \/>\n<meta property=\"article:publisher\" content=\"https:\/\/www.facebook.com\/bellahealthtourism\" \/>\n<meta property=\"article:modified_time\" content=\"2023-03-20T15:38:23+00:00\" \/>\n<meta property=\"og:image\" content=\"https:\/\/bellatourism.com\/wp-content\/uploads\/2023\/03\/genital-aesthethic-1.webp\" \/>\n\t<meta property=\"og:image:width\" content=\"1600\" \/>\n\t<meta property=\"og:image:height\" content=\"400\" \/>\n\t<meta property=\"og:image:type\" content=\"image\/webp\" \/>\n<meta name=\"twitter:card\" content=\"summary_large_image\" \/>\n<meta name=\"twitter:label1\" content=\"Dur\u00e9e de lecture estim\u00e9e\" \/>\n\t<meta name=\"twitter:data1\" content=\"2 minutes\" \/>\n<script type=\"application\/ld+json\" class=\"yoast-schema-graph\">{\"@context\":\"https:\/\/schema.org\",\"@graph\":[{\"@type\":\"WebPage\",\"@id\":\"https:\/\/bellatourism.com\/fr\/esthetique-genitale\/\",\"url\":\"https:\/\/bellatourism.com\/fr\/esthetique-genitale\/\",\"name\":\"Esthetique Genitale - Bella Tourism\",\"isPartOf\":{\"@id\":\"https:\/\/bellatourism.com\/tr\/#website\"},\"primaryImageOfPage\":{\"@id\":\"https:\/\/bellatourism.com\/fr\/esthetique-genitale\/#primaryimage\"},\"image\":{\"@id\":\"https:\/\/bellatourism.com\/fr\/esthetique-genitale\/#primaryimage\"},\"thumbnailUrl\":\"https:\/\/bellatourism.com\/wp-content\/uploads\/2023\/03\/genital-aesthethic-1.webp\",\"datePublished\":\"2023-02-16T22:42:38+00:00\",\"dateModified\":\"2023-03-20T15:38:23+00:00\",\"description\":\"Lorsque quand on dit \u2018\u2019esth\u00e9tique\u2019\u2019 on parle plut\u00f4t des chirurgies du nez ou des seins qui parfait l\u2019aspect esth\u00e9tique, les interventions...\",\"breadcrumb\":{\"@id\":\"https:\/\/bellatourism.com\/fr\/esthetique-genitale\/#breadcrumb\"},\"inLanguage\":\"fr-FR\",\"potentialAction\":[{\"@type\":\"ReadAction\",\"target\":[\"https:\/\/bellatourism.com\/fr\/esthetique-genitale\/\"]}]},{\"@type\":\"ImageObject\",\"inLanguage\":\"fr-FR\",\"@id\":\"https:\/\/bellatourism.com\/fr\/esthetique-genitale\/#primaryimage\",\"url\":\"https:\/\/bellatourism.com\/wp-content\/uploads\/2023\/03\/genital-aesthethic-1.webp\",\"contentUrl\":\"https:\/\/bellatourism.com\/wp-content\/uploads\/2023\/03\/genital-aesthethic-1.webp\",\"width\":1600,\"height\":400,\"caption\":\"Genital Aesthetics\"},{\"@type\":\"BreadcrumbList\",\"@id\":\"https:\/\/bellatourism.com\/fr\/esthetique-genitale\/#breadcrumb\",\"itemListElement\":[{\"@type\":\"ListItem\",\"position\":1,\"name\":\"Home\",\"item\":\"https:\/\/bellatourism.com\/tr\/\"},{\"@type\":\"ListItem\",\"position\":2,\"name\":\"Esthetique Genitale\"}]},{\"@type\":\"WebSite\",\"@id\":\"https:\/\/bellatourism.com\/tr\/#website\",\"url\":\"https:\/\/bellatourism.com\/tr\/\",\"name\":\"Bella Tourism - Health Tourism In Turkey\",\"description\":\"Bella Tourism\",\"publisher\":{\"@id\":\"https:\/\/bellatourism.com\/tr\/#organization\"},\"potentialAction\":[{\"@type\":\"SearchAction\",\"target\":{\"@type\":\"EntryPoint\",\"urlTemplate\":\"https:\/\/bellatourism.com\/tr\/?s={search_term_string}\"},\"query-input\":{\"@type\":\"PropertyValueSpecification\",\"valueRequired\":true,\"valueName\":\"search_term_string\"}}],\"inLanguage\":\"fr-FR\"},{\"@type\":\"Organization\",\"@id\":\"https:\/\/bellatourism.com\/tr\/#organization\",\"name\":\"Bella Tourism - Health Tourism In Turkey\",\"url\":\"https:\/\/bellatourism.com\/tr\/\",\"logo\":{\"@type\":\"ImageObject\",\"inLanguage\":\"fr-FR\",\"@id\":\"https:\/\/bellatourism.com\/tr\/#\/schema\/logo\/image\/\",\"url\":\"https:\/\/bellatourism.com\/wp-content\/uploads\/2022\/05\/Bella-Tourism-Logo-Dosyasi-01.png\",\"contentUrl\":\"https:\/\/bellatourism.com\/wp-content\/uploads\/2022\/05\/Bella-Tourism-Logo-Dosyasi-01.png\",\"width\":200,\"height\":84,\"caption\":\"Bella Tourism - Health Tourism In Turkey\"},\"image\":{\"@id\":\"https:\/\/bellatourism.com\/tr\/#\/schema\/logo\/image\/\"},\"sameAs\":[\"https:\/\/www.facebook.com\/bellahealthtourism\",\"https:\/\/www.instagram.com\/bellahealthtourism\/\",\"https:\/\/www.linkedin.com\/company\/bella-health-tourism\/\"]}]}<\/script>\n<!-- \/ Yoast SEO plugin. -->","yoast_head_json":{"title":"Esthetique Genitale - Bella Tourism","description":"Lorsque quand on dit \u2018\u2019esth\u00e9tique\u2019\u2019 on parle plut\u00f4t des chirurgies du nez ou des seins qui parfait l\u2019aspect esth\u00e9tique, les interventions...","robots":{"index":"index","follow":"follow","max-snippet":"max-snippet:-1","max-image-preview":"max-image-preview:large","max-video-preview":"max-video-preview:-1"},"canonical":"https:\/\/bellatourism.com\/fr\/esthetique-genitale\/","og_locale":"fr_FR","og_type":"article","og_title":"Esthetique Genitale - Bella Tourism","og_description":"Lorsque quand on dit \u2018\u2019esth\u00e9tique\u2019\u2019 on parle plut\u00f4t des chirurgies du nez ou des seins qui parfait l\u2019aspect esth\u00e9tique, les interventions...","og_url":"https:\/\/bellatourism.com\/fr\/esthetique-genitale\/","og_site_name":"Bella Tourism","article_publisher":"https:\/\/www.facebook.com\/bellahealthtourism","article_modified_time":"2023-03-20T15:38:23+00:00","og_image":[{"width":1600,"height":400,"url":"https:\/\/bellatourism.com\/wp-content\/uploads\/2023\/03\/genital-aesthethic-1.webp","type":"image\/webp"}],"twitter_card":"summary_large_image","twitter_misc":{"Dur\u00e9e de lecture estim\u00e9e":"2 minutes"},"schema":{"@context":"https:\/\/schema.org","@graph":[{"@type":"WebPage","@id":"https:\/\/bellatourism.com\/fr\/esthetique-genitale\/","url":"https:\/\/bellatourism.com\/fr\/esthetique-genitale\/","name":"Esthetique Genitale - Bella Tourism","isPartOf":{"@id":"https:\/\/bellatourism.com\/tr\/#website"},"primaryImageOfPage":{"@id":"https:\/\/bellatourism.com\/fr\/esthetique-genitale\/#primaryimage"},"image":{"@id":"https:\/\/bellatourism.com\/fr\/esthetique-genitale\/#primaryimage"},"thumbnailUrl":"https:\/\/bellatourism.com\/wp-content\/uploads\/2023\/03\/genital-aesthethic-1.webp","datePublished":"2023-02-16T22:42:38+00:00","dateModified":"2023-03-20T15:38:23+00:00","description":"Lorsque quand on dit \u2018\u2019esth\u00e9tique\u2019\u2019 on parle plut\u00f4t des chirurgies du nez ou des seins qui parfait l\u2019aspect esth\u00e9tique, les interventions...","breadcrumb":{"@id":"https:\/\/bellatourism.com\/fr\/esthetique-genitale\/#breadcrumb"},"inLanguage":"fr-FR","potentialAction":[{"@type":"ReadAction","target":["https:\/\/bellatourism.com\/fr\/esthetique-genitale\/"]}]},{"@type":"ImageObject","inLanguage":"fr-FR","@id":"https:\/\/bellatourism.com\/fr\/esthetique-genitale\/#primaryimage","url":"https:\/\/bellatourism.com\/wp-content\/uploads\/2023\/03\/genital-aesthethic-1.webp","contentUrl":"https:\/\/bellatourism.com\/wp-content\/uploads\/2023\/03\/genital-aesthethic-1.webp","width":1600,"height":400,"caption":"Genital Aesthetics"},{"@type":"BreadcrumbList","@id":"https:\/\/bellatourism.com\/fr\/esthetique-genitale\/#breadcrumb","itemListElement":[{"@type":"ListItem","position":1,"name":"Home","item":"https:\/\/bellatourism.com\/tr\/"},{"@type":"ListItem","position":2,"name":"Esthetique Genitale"}]},{"@type":"WebSite","@id":"https:\/\/bellatourism.com\/tr\/#website","url":"https:\/\/bellatourism.com\/tr\/","name":"Bella Tourism - Health Tourism In Turkey","description":"Bella Tourism","publisher":{"@id":"https:\/\/bellatourism.com\/tr\/#organization"},"potentialAction":[{"@type":"SearchAction","target":{"@type":"EntryPoint","urlTemplate":"https:\/\/bellatourism.com\/tr\/?s={search_term_string}"},"query-input":{"@type":"PropertyValueSpecification","valueRequired":true,"valueName":"search_term_string"}}],"inLanguage":"fr-FR"},{"@type":"Organization","@id":"https:\/\/bellatourism.com\/tr\/#organization","name":"Bella Tourism - Health Tourism In Turkey","url":"https:\/\/bellatourism.com\/tr\/","logo":{"@type":"ImageObject","inLanguage":"fr-FR","@id":"https:\/\/bellatourism.com\/tr\/#\/schema\/logo\/image\/","url":"https:\/\/bellatourism.com\/wp-content\/uploads\/2022\/05\/Bella-Tourism-Logo-Dosyasi-01.png","contentUrl":"https:\/\/bellatourism.com\/wp-content\/uploads\/2022\/05\/Bella-Tourism-Logo-Dosyasi-01.png","width":200,"height":84,"caption":"Bella Tourism - Health Tourism In Turkey"},"image":{"@id":"https:\/\/bellatourism.com\/tr\/#\/schema\/logo\/image\/"},"sameAs":["https:\/\/www.facebook.com\/bellahealthtourism","https:\/\/www.instagram.com\/bellahealthtourism\/","https:\/\/www.linkedin.com\/company\/bella-health-tourism\/"]}]}},"_links":{"self":[{"href":"https:\/\/bellatourism.com\/fr\/wp-json\/wp\/v2\/pages\/30508"}],"collection":[{"href":"https:\/\/bellatourism.com\/fr\/wp-json\/wp\/v2\/pages"}],"about":[{"href":"https:\/\/bellatourism.com\/fr\/wp-json\/wp\/v2\/types\/page"}],"author":[{"embeddable":true,"href":"https:\/\/bellatourism.com\/fr\/wp-json\/wp\/v2\/users\/1"}],"replies":[{"embeddable":true,"href":"https:\/\/bellatourism.com\/fr\/wp-json\/wp\/v2\/comments?post=30508"}],"version-history":[{"count":4,"href":"https:\/\/bellatourism.com\/fr\/wp-json\/wp\/v2\/pages\/30508\/revisions"}],"predecessor-version":[{"id":31601,"href":"https:\/\/bellatourism.com\/fr\/wp-json\/wp\/v2\/pages\/30508\/revisions\/31601"}],"wp:featuredmedia":[{"embeddable":true,"href":"https:\/\/bellatourism.com\/fr\/wp-json\/wp\/v2\/media\/31596"}],"wp:attachment":[{"href":"https:\/\/bellatourism.com\/fr\/wp-json\/wp\/v2\/media?parent=30508"}],"curies":[{"name":"wp","href":"https:\/\/api.w.org\/{rel}","templated":true}]}}