{"id":31529,"date":"2023-03-20T12:00:18","date_gmt":"2023-03-20T12:00:18","guid":{"rendered":"https:\/\/bellatourism.com\/?page_id=31529"},"modified":"2023-03-20T12:03:15","modified_gmt":"2023-03-20T12:03:15","slug":"aesthetik-fur-mutter-nennen-mommy-makeover","status":"publish","type":"page","link":"https:\/\/bellatourism.com\/de\/aesthetik-fur-mutter-nennen-mommy-makeover\/","title":{"rendered":"\u00c4sthetik f\u00fcr M\u00fctter Nennen (Mommy MakeOver)"},"content":{"rendered":"<div class=\"vc_row wpb_row vc_row-fluid\" data-delay=\"0\">\n<div class=\"wpb_column vc_column_container vc_col-sm-12\" data-delay=\"0\">\n<div class=\"vc_column-inner \">\n<div class=\"wpb_wrapper\">\n<div class=\"wpb_text_column wpb_content_element \">\n<div class=\"wpb_wrapper\">\n<p>Dieser Prozess, den wir \u00c4sthetik f\u00fcr M\u00fctter nennen, entstand tats\u00e4chlich aus einer Kombination unterschiedlicher Eingriffe. Sie k\u00f6nnen die geplanten OPs in Bezug auf die \u00c4sthetik f\u00fcr die M\u00fctter alleine durchf\u00fchren oder mehrere Eingriffe gleichzeitig in Form von Mommy MakeOver durchf\u00fchren. Wie der Name schon sagt, wird dieses Vorgang durchgef\u00fchrt, um die negativen Richtungs\u00e4nderungen des K\u00f6rpers von Frauen nach der Geburt zu korrigieren und den K\u00f6rper wieder in sein vorheriges \u00e4sthetisches Erscheinungsbild zu bringen. Viele Frauen leiden mit der Schwangerschaft an einer \u00fcberm\u00e4\u00dfigen Gewichtszunahme. Nach der Geburt verursachen diese Fettansammlungen schlaffe Haut, wenn der K\u00f6rper auf normale Hormonspiegel sinkt und Gewicht verliert.<\/p>\n<p>W\u00e4hrend Fett an bestimmten Stellen des K\u00f6rpers nicht verloren gehen kann, f\u00fchrt das verbleibende Fett in diesen Bereichen verbleibt, zu Deformationen der Brust, die mit der Schwangerschaft anschwillt und voll wird u. nach der Stillzeit wieder schlaff wird. Auch kann die Vagina nach der Geburt ihre vorherige Form verlieren und an den inneren Lippen der Vagina k\u00f6nnen schlaffe Haut auftreten. Mommy MakeOver bedeutet, dass alle diese Eingriffe auf einmal geplant werden k\u00f6nnen. Vor der OP wird Liposuction durchgef\u00fchrt und regionale Fette werden entfernt. Danach werden Bauch-Lifting und Labioplastik durchgef\u00fchrt, \u00fcbersch\u00fcssiges Fett und Haut, die schlaffe Haut darstellen, werden korrigiert. Mit der neuesten Brustprothese und Lifting werden die Br\u00fcste wieder in ihre vorherige lebendige Form gebracht. Mommy MakeOver ist individuell. Die Person kann all die oben genannten OPs durchf\u00fchren lassen aber auch die weglassen, die sie nicht ben\u00f6tigen.<\/p>\n<\/div>\n<\/div>\n<\/div>\n<\/div>\n<\/div>\n<\/div>\n<div class=\"vc_row wpb_row vc_row-fluid\" data-delay=\"0\">\n<div class=\"wpb_column vc_column_container vc_col-sm-12\" data-delay=\"0\">\n<div class=\"vc_column-inner \">\n<div class=\"wpb_wrapper\"><\/div>\n<\/div>\n<\/div>\n<\/div>\n","protected":false},"excerpt":{"rendered":"<p>Dieser Prozess, den wir \u00c4sthetik f\u00fcr M\u00fctter nennen, entstand tats\u00e4chlich aus einer Kombination unterschiedlicher Eingriffe. Sie k\u00f6nnen die geplanten OPs in Bezug auf die \u00c4sthetik f\u00fcr die M\u00fctter alleine durchf\u00fchren oder mehrere Eingriffe gleichzeitig in Form von Mommy MakeOver durchf\u00fchren. Wie der Name schon sagt, wird dieses Vorgang durchgef\u00fchrt, um die negativen Richtungs\u00e4nderungen des K\u00f6rpers [&hellip;]<\/p>\n","protected":false},"author":1,"featured_media":31524,"parent":0,"menu_order":0,"comment_status":"closed","ping_status":"closed","template":"","meta":{"footnotes":""},"yoast_head":"<!-- This site is optimized with the Yoast SEO plugin v23.5 - https:\/\/yoast.com\/wordpress\/plugins\/seo\/ -->\n<title>\u00c4sthetik f\u00fcr M\u00fctter Nennen (Mommy MakeOver) - Bella Tourism<\/title>\n<meta name=\"description\" content=\"Dieser Prozess, den wir \u00c4sthetik f\u00fcr M\u00fctter nennen, entstand tats\u00e4chlich aus einer Kombination unterschiedlicher Eingriffe.\" \/>\n<meta name=\"robots\" content=\"index, follow, max-snippet:-1, max-image-preview:large, max-video-preview:-1\" \/>\n<link rel=\"canonical\" href=\"https:\/\/bellatourism.com\/de\/aesthetik-fur-mutter-nennen-mommy-makeover\/\" \/>\n<meta property=\"og:locale\" content=\"de_DE\" \/>\n<meta property=\"og:type\" content=\"article\" \/>\n<meta property=\"og:title\" content=\"\u00c4sthetik f\u00fcr M\u00fctter Nennen (Mommy MakeOver) - Bella Tourism\" \/>\n<meta property=\"og:description\" content=\"Dieser Prozess, den wir \u00c4sthetik f\u00fcr M\u00fctter nennen, entstand tats\u00e4chlich aus einer Kombination unterschiedlicher Eingriffe.\" \/>\n<meta property=\"og:url\" content=\"https:\/\/bellatourism.com\/de\/aesthetik-fur-mutter-nennen-mommy-makeover\/\" \/>\n<meta property=\"og:site_name\" content=\"Bella Tourism\" \/>\n<meta property=\"article:publisher\" content=\"https:\/\/www.facebook.com\/bellahealthtourism\" \/>\n<meta property=\"article:modified_time\" content=\"2023-03-20T12:03:15+00:00\" \/>\n<meta property=\"og:image\" content=\"https:\/\/bellatourism.com\/wp-content\/uploads\/2023\/03\/maternity-aesthetics.webp\" \/>\n\t<meta property=\"og:image:width\" content=\"1600\" \/>\n\t<meta property=\"og:image:height\" content=\"400\" \/>\n\t<meta property=\"og:image:type\" content=\"image\/webp\" \/>\n<meta name=\"twitter:card\" content=\"summary_large_image\" \/>\n<meta name=\"twitter:label1\" content=\"Gesch\u00e4tzte Lesezeit\" \/>\n\t<meta name=\"twitter:data1\" content=\"2\u00a0Minuten\" \/>\n<script type=\"application\/ld+json\" class=\"yoast-schema-graph\">{\"@context\":\"https:\/\/schema.org\",\"@graph\":[{\"@type\":\"WebPage\",\"@id\":\"https:\/\/bellatourism.com\/de\/aesthetik-fur-mutter-nennen-mommy-makeover\/\",\"url\":\"https:\/\/bellatourism.com\/de\/aesthetik-fur-mutter-nennen-mommy-makeover\/\",\"name\":\"\u00c4sthetik f\u00fcr M\u00fctter Nennen (Mommy MakeOver) - Bella Tourism\",\"isPartOf\":{\"@id\":\"https:\/\/bellatourism.com\/tr\/#website\"},\"primaryImageOfPage\":{\"@id\":\"https:\/\/bellatourism.com\/de\/aesthetik-fur-mutter-nennen-mommy-makeover\/#primaryimage\"},\"image\":{\"@id\":\"https:\/\/bellatourism.com\/de\/aesthetik-fur-mutter-nennen-mommy-makeover\/#primaryimage\"},\"thumbnailUrl\":\"https:\/\/bellatourism.com\/wp-content\/uploads\/2023\/03\/maternity-aesthetics.webp\",\"datePublished\":\"2023-03-20T12:00:18+00:00\",\"dateModified\":\"2023-03-20T12:03:15+00:00\",\"description\":\"Dieser Prozess, den wir \u00c4sthetik f\u00fcr M\u00fctter nennen, entstand tats\u00e4chlich aus einer Kombination unterschiedlicher Eingriffe.\",\"breadcrumb\":{\"@id\":\"https:\/\/bellatourism.com\/de\/aesthetik-fur-mutter-nennen-mommy-makeover\/#breadcrumb\"},\"inLanguage\":\"de\",\"potentialAction\":[{\"@type\":\"ReadAction\",\"target\":[\"https:\/\/bellatourism.com\/de\/aesthetik-fur-mutter-nennen-mommy-makeover\/\"]}]},{\"@type\":\"ImageObject\",\"inLanguage\":\"de\",\"@id\":\"https:\/\/bellatourism.com\/de\/aesthetik-fur-mutter-nennen-mommy-makeover\/#primaryimage\",\"url\":\"https:\/\/bellatourism.com\/wp-content\/uploads\/2023\/03\/maternity-aesthetics.webp\",\"contentUrl\":\"https:\/\/bellatourism.com\/wp-content\/uploads\/2023\/03\/maternity-aesthetics.webp\",\"width\":1600,\"height\":400,\"caption\":\"Mommy Makeover\"},{\"@type\":\"BreadcrumbList\",\"@id\":\"https:\/\/bellatourism.com\/de\/aesthetik-fur-mutter-nennen-mommy-makeover\/#breadcrumb\",\"itemListElement\":[{\"@type\":\"ListItem\",\"position\":1,\"name\":\"Home\",\"item\":\"https:\/\/bellatourism.com\/tr\/\"},{\"@type\":\"ListItem\",\"position\":2,\"name\":\"\u00c4sthetik f\u00fcr M\u00fctter Nennen (Mommy MakeOver)\"}]},{\"@type\":\"WebSite\",\"@id\":\"https:\/\/bellatourism.com\/tr\/#website\",\"url\":\"https:\/\/bellatourism.com\/tr\/\",\"name\":\"Bella Tourism - Health Tourism In Turkey\",\"description\":\"Bella Tourism\",\"publisher\":{\"@id\":\"https:\/\/bellatourism.com\/tr\/#organization\"},\"potentialAction\":[{\"@type\":\"SearchAction\",\"target\":{\"@type\":\"EntryPoint\",\"urlTemplate\":\"https:\/\/bellatourism.com\/tr\/?s={search_term_string}\"},\"query-input\":{\"@type\":\"PropertyValueSpecification\",\"valueRequired\":true,\"valueName\":\"search_term_string\"}}],\"inLanguage\":\"de\"},{\"@type\":\"Organization\",\"@id\":\"https:\/\/bellatourism.com\/tr\/#organization\",\"name\":\"Bella Tourism - Health Tourism In Turkey\",\"url\":\"https:\/\/bellatourism.com\/tr\/\",\"logo\":{\"@type\":\"ImageObject\",\"inLanguage\":\"de\",\"@id\":\"https:\/\/bellatourism.com\/tr\/#\/schema\/logo\/image\/\",\"url\":\"https:\/\/bellatourism.com\/wp-content\/uploads\/2022\/05\/Bella-Tourism-Logo-Dosyasi-01.png\",\"contentUrl\":\"https:\/\/bellatourism.com\/wp-content\/uploads\/2022\/05\/Bella-Tourism-Logo-Dosyasi-01.png\",\"width\":200,\"height\":84,\"caption\":\"Bella Tourism - Health Tourism In Turkey\"},\"image\":{\"@id\":\"https:\/\/bellatourism.com\/tr\/#\/schema\/logo\/image\/\"},\"sameAs\":[\"https:\/\/www.facebook.com\/bellahealthtourism\",\"https:\/\/www.instagram.com\/bellahealthtourism\/\",\"https:\/\/www.linkedin.com\/company\/bella-health-tourism\/\"]}]}<\/script>\n<!-- \/ Yoast SEO plugin. -->","yoast_head_json":{"title":"\u00c4sthetik f\u00fcr M\u00fctter Nennen (Mommy MakeOver) - Bella Tourism","description":"Dieser Prozess, den wir \u00c4sthetik f\u00fcr M\u00fctter nennen, entstand tats\u00e4chlich aus einer Kombination unterschiedlicher Eingriffe.","robots":{"index":"index","follow":"follow","max-snippet":"max-snippet:-1","max-image-preview":"max-image-preview:large","max-video-preview":"max-video-preview:-1"},"canonical":"https:\/\/bellatourism.com\/de\/aesthetik-fur-mutter-nennen-mommy-makeover\/","og_locale":"de_DE","og_type":"article","og_title":"\u00c4sthetik f\u00fcr M\u00fctter Nennen (Mommy MakeOver) - Bella Tourism","og_description":"Dieser Prozess, den wir \u00c4sthetik f\u00fcr M\u00fctter nennen, entstand tats\u00e4chlich aus einer Kombination unterschiedlicher Eingriffe.","og_url":"https:\/\/bellatourism.com\/de\/aesthetik-fur-mutter-nennen-mommy-makeover\/","og_site_name":"Bella Tourism","article_publisher":"https:\/\/www.facebook.com\/bellahealthtourism","article_modified_time":"2023-03-20T12:03:15+00:00","og_image":[{"width":1600,"height":400,"url":"https:\/\/bellatourism.com\/wp-content\/uploads\/2023\/03\/maternity-aesthetics.webp","type":"image\/webp"}],"twitter_card":"summary_large_image","twitter_misc":{"Gesch\u00e4tzte Lesezeit":"2\u00a0Minuten"},"schema":{"@context":"https:\/\/schema.org","@graph":[{"@type":"WebPage","@id":"https:\/\/bellatourism.com\/de\/aesthetik-fur-mutter-nennen-mommy-makeover\/","url":"https:\/\/bellatourism.com\/de\/aesthetik-fur-mutter-nennen-mommy-makeover\/","name":"\u00c4sthetik f\u00fcr M\u00fctter Nennen (Mommy MakeOver) - Bella Tourism","isPartOf":{"@id":"https:\/\/bellatourism.com\/tr\/#website"},"primaryImageOfPage":{"@id":"https:\/\/bellatourism.com\/de\/aesthetik-fur-mutter-nennen-mommy-makeover\/#primaryimage"},"image":{"@id":"https:\/\/bellatourism.com\/de\/aesthetik-fur-mutter-nennen-mommy-makeover\/#primaryimage"},"thumbnailUrl":"https:\/\/bellatourism.com\/wp-content\/uploads\/2023\/03\/maternity-aesthetics.webp","datePublished":"2023-03-20T12:00:18+00:00","dateModified":"2023-03-20T12:03:15+00:00","description":"Dieser Prozess, den wir \u00c4sthetik f\u00fcr M\u00fctter nennen, entstand tats\u00e4chlich aus einer Kombination unterschiedlicher Eingriffe.","breadcrumb":{"@id":"https:\/\/bellatourism.com\/de\/aesthetik-fur-mutter-nennen-mommy-makeover\/#breadcrumb"},"inLanguage":"de","potentialAction":[{"@type":"ReadAction","target":["https:\/\/bellatourism.com\/de\/aesthetik-fur-mutter-nennen-mommy-makeover\/"]}]},{"@type":"ImageObject","inLanguage":"de","@id":"https:\/\/bellatourism.com\/de\/aesthetik-fur-mutter-nennen-mommy-makeover\/#primaryimage","url":"https:\/\/bellatourism.com\/wp-content\/uploads\/2023\/03\/maternity-aesthetics.webp","contentUrl":"https:\/\/bellatourism.com\/wp-content\/uploads\/2023\/03\/maternity-aesthetics.webp","width":1600,"height":400,"caption":"Mommy Makeover"},{"@type":"BreadcrumbList","@id":"https:\/\/bellatourism.com\/de\/aesthetik-fur-mutter-nennen-mommy-makeover\/#breadcrumb","itemListElement":[{"@type":"ListItem","position":1,"name":"Home","item":"https:\/\/bellatourism.com\/tr\/"},{"@type":"ListItem","position":2,"name":"\u00c4sthetik f\u00fcr M\u00fctter Nennen (Mommy MakeOver)"}]},{"@type":"WebSite","@id":"https:\/\/bellatourism.com\/tr\/#website","url":"https:\/\/bellatourism.com\/tr\/","name":"Bella Tourism - Health Tourism In Turkey","description":"Bella Tourism","publisher":{"@id":"https:\/\/bellatourism.com\/tr\/#organization"},"potentialAction":[{"@type":"SearchAction","target":{"@type":"EntryPoint","urlTemplate":"https:\/\/bellatourism.com\/tr\/?s={search_term_string}"},"query-input":{"@type":"PropertyValueSpecification","valueRequired":true,"valueName":"search_term_string"}}],"inLanguage":"de"},{"@type":"Organization","@id":"https:\/\/bellatourism.com\/tr\/#organization","name":"Bella Tourism - Health Tourism In Turkey","url":"https:\/\/bellatourism.com\/tr\/","logo":{"@type":"ImageObject","inLanguage":"de","@id":"https:\/\/bellatourism.com\/tr\/#\/schema\/logo\/image\/","url":"https:\/\/bellatourism.com\/wp-content\/uploads\/2022\/05\/Bella-Tourism-Logo-Dosyasi-01.png","contentUrl":"https:\/\/bellatourism.com\/wp-content\/uploads\/2022\/05\/Bella-Tourism-Logo-Dosyasi-01.png","width":200,"height":84,"caption":"Bella Tourism - Health Tourism In Turkey"},"image":{"@id":"https:\/\/bellatourism.com\/tr\/#\/schema\/logo\/image\/"},"sameAs":["https:\/\/www.facebook.com\/bellahealthtourism","https:\/\/www.instagram.com\/bellahealthtourism\/","https:\/\/www.linkedin.com\/company\/bella-health-tourism\/"]}]}},"_links":{"self":[{"href":"https:\/\/bellatourism.com\/de\/wp-json\/wp\/v2\/pages\/31529"}],"collection":[{"href":"https:\/\/bellatourism.com\/de\/wp-json\/wp\/v2\/pages"}],"about":[{"href":"https:\/\/bellatourism.com\/de\/wp-json\/wp\/v2\/types\/page"}],"author":[{"embeddable":true,"href":"https:\/\/bellatourism.com\/de\/wp-json\/wp\/v2\/users\/1"}],"replies":[{"embeddable":true,"href":"https:\/\/bellatourism.com\/de\/wp-json\/wp\/v2\/comments?post=31529"}],"version-history":[{"count":1,"href":"https:\/\/bellatourism.com\/de\/wp-json\/wp\/v2\/pages\/31529\/revisions"}],"predecessor-version":[{"id":31530,"href":"https:\/\/bellatourism.com\/de\/wp-json\/wp\/v2\/pages\/31529\/revisions\/31530"}],"wp:featuredmedia":[{"embeddable":true,"href":"https:\/\/bellatourism.com\/de\/wp-json\/wp\/v2\/media\/31524"}],"wp:attachment":[{"href":"https:\/\/bellatourism.com\/de\/wp-json\/wp\/v2\/media?parent=31529"}],"curies":[{"name":"wp","href":"https:\/\/api.w.org\/{rel}","templated":true}]}}