{"id":31516,"date":"2023-03-20T11:53:05","date_gmt":"2023-03-20T11:53:05","guid":{"rendered":"https:\/\/bellatourism.com\/?page_id=31516"},"modified":"2023-03-20T11:56:09","modified_gmt":"2023-03-20T11:56:09","slug":"liposuction","status":"publish","type":"page","link":"https:\/\/bellatourism.com\/de\/liposuction\/","title":{"rendered":"Liposuction"},"content":{"rendered":"<p>Liposuction ist der Vorgang der Aufl\u00f6sung von Fetten, die wir in bestimmten Teilen unseres K\u00f6rpers durch Sport und Ern\u00e4hrung nicht loswerden k\u00f6nnen, die mit Fl\u00fcssigkeit aufgel\u00f6st und mit Hilfe von d\u00fcnnen Kan\u00fclen aus dem K\u00f6rper entfernt werden. Liposuction war niemals eine Methode zum Abnehmen. Liposuction ist eine Form von loswerden von regionalen Fetten. Die Menge an Fett, die mit Liposuction aus dem K\u00f6rper entfernt werden kann, darf die Menge von 3 bis 5 kg nicht \u00fcberschreiten. Daher sollten Personen, die Liposuction durchf\u00fchren m\u00f6chten, unbedingt ihr Idealgewicht abzielen und dann sich f\u00fcr Liposuction entscheiden, die Sie mit Di\u00e4t und Sport nicht verbrennen k\u00f6nnen.<\/p>\n<p>Ein d\u00fcnner, hohler Schlauch, der als Kan\u00fcle bezeichnet wird, wird vom Chirurgen w\u00e4hrend der Fettabsaugung durch kleine Einschnitte an der gew\u00fcnschten Stelle eingef\u00fchrt. Mit der Verwendung der Kan\u00fcle werden zus\u00e4tzliche Fettzellen abgesaugt, wodurch ein glatteres, konturierteres Aussehen sichtbar wird. Der Umfang des Eingriffs bestimmt, ob der Patient unter \u00f6rtlicher Bet\u00e4ubung oder Vollnarkose steht.<\/p>\n<p>Traditionelle Fettabsaugung, Laser-assistierte Fettabsaugung, Ultraschall-assistierte Fettabsaugung und Power-assistierte Fettabsaugung sind nur einige der verschiedenen verf\u00fcgbaren Varianten. Jede Technik hat Vor- und Nachteile, und der Chirurg w\u00e4hlt die beste Strategie basierend auf den Anforderungen und Zielen des Patienten.<\/p>\n<p>In den Wochen nach der Fettabsaugung kann der Patient Schwellungen, Bluterg\u00fcsse und Schmerzen versp\u00fcren, wenn er sich erholt. F\u00fcr mehrere Wochen nach der Operation m\u00fcssen die Patienten eine Kompressionskleidung tragen, um die \u00d6demkontrolle zu unterst\u00fctzen und den Heilungsprozess zu unterst\u00fctzen. Die meisten Patienten k\u00f6nnen ihre Arbeit und ihre t\u00e4glichen Aktivit\u00e4ten in ein oder zwei Wochen wieder aufnehmen, obwohl es am besten ist, ein paar Wochen lang \u00fcberm\u00e4\u00dfige k\u00f6rperliche Bet\u00e4tigung zu vermeiden.<\/p>\n<p>Um die Wirkung der Behandlung aufrechtzuerhalten, m\u00fcssen die Patienten einen gesunden Lebensstil beibehalten, einschlie\u00dflich einer ausgewogenen Ern\u00e4hrung und regelm\u00e4\u00dfiger Bewegung. Obwohl es ein effizienter Ansatz sein kann, um \u00fcbersch\u00fcssiges Fett zu entfernen und die K\u00f6rperkontur zu verbessern, ist es kein Ersatz f\u00fcr ein gutes Leben. Wie bei jedem chirurgischen Eingriff birgt die Fettabsaugung zus\u00e4tzliche Risiken und m\u00f6gliche Komplikationen, darunter Blutungen, Infektionen und Gef\u00fchlsschwankungen. Patienten sollten ihre Optionen sorgf\u00e4ltig pr\u00fcfen und einen qualifizierten und kompetenten Chirurgen ausw\u00e4hlen, bevor sie die Operation durchf\u00fchren lassen.<\/p>\n","protected":false},"excerpt":{"rendered":"<p>Liposuction ist der Vorgang der Aufl\u00f6sung von Fetten, die wir in bestimmten Teilen unseres K\u00f6rpers durch Sport und Ern\u00e4hrung nicht loswerden k\u00f6nnen, die mit Fl\u00fcssigkeit aufgel\u00f6st und mit Hilfe von d\u00fcnnen Kan\u00fclen aus dem K\u00f6rper entfernt werden. Liposuction war niemals eine Methode zum Abnehmen. Liposuction ist eine Form von loswerden von regionalen Fetten. Die Menge [&hellip;]<\/p>\n","protected":false},"author":1,"featured_media":31435,"parent":0,"menu_order":0,"comment_status":"closed","ping_status":"closed","template":"","meta":{"footnotes":""},"yoast_head":"<!-- This site is optimized with the Yoast SEO plugin v23.5 - https:\/\/yoast.com\/wordpress\/plugins\/seo\/ -->\n<title>Liposuction - Bella Tourism<\/title>\n<meta name=\"description\" content=\"Liposuction ist der Vorgang der Aufl\u00f6sung von Fetten, die wir in bestimmten Teilen unseres K\u00f6rpers durch Sport und Ern\u00e4hrung nicht loswerden k\u00f6nnen, die mit Fl\u00fcssigkeit aufgel\u00f6st und mit Hilfe von d\u00fcnnen Kan\u00fclen aus dem K\u00f6rper entfernt werden.\" \/>\n<meta name=\"robots\" content=\"index, follow, max-snippet:-1, max-image-preview:large, max-video-preview:-1\" \/>\n<link rel=\"canonical\" href=\"https:\/\/bellatourism.com\/de\/liposuction\/\" \/>\n<meta property=\"og:locale\" content=\"de_DE\" \/>\n<meta property=\"og:type\" content=\"article\" \/>\n<meta property=\"og:title\" content=\"Liposuction - Bella Tourism\" \/>\n<meta property=\"og:description\" content=\"Liposuction ist der Vorgang der Aufl\u00f6sung von Fetten, die wir in bestimmten Teilen unseres K\u00f6rpers durch Sport und Ern\u00e4hrung nicht loswerden k\u00f6nnen, die mit Fl\u00fcssigkeit aufgel\u00f6st und mit Hilfe von d\u00fcnnen Kan\u00fclen aus dem K\u00f6rper entfernt werden.\" \/>\n<meta property=\"og:url\" content=\"https:\/\/bellatourism.com\/de\/liposuction\/\" \/>\n<meta property=\"og:site_name\" content=\"Bella Tourism\" \/>\n<meta property=\"article:publisher\" content=\"https:\/\/www.facebook.com\/bellahealthtourism\" \/>\n<meta property=\"article:modified_time\" content=\"2023-03-20T11:56:09+00:00\" \/>\n<meta property=\"og:image\" content=\"https:\/\/bellatourism.com\/wp-content\/uploads\/2023\/03\/liposuction-2-scaled.webp\" \/>\n\t<meta property=\"og:image:width\" content=\"2560\" \/>\n\t<meta property=\"og:image:height\" content=\"640\" \/>\n\t<meta property=\"og:image:type\" content=\"image\/webp\" \/>\n<meta name=\"twitter:card\" content=\"summary_large_image\" \/>\n<meta name=\"twitter:label1\" content=\"Gesch\u00e4tzte Lesezeit\" \/>\n\t<meta name=\"twitter:data1\" content=\"2\u00a0Minuten\" \/>\n<script type=\"application\/ld+json\" class=\"yoast-schema-graph\">{\"@context\":\"https:\/\/schema.org\",\"@graph\":[{\"@type\":\"WebPage\",\"@id\":\"https:\/\/bellatourism.com\/de\/liposuction\/\",\"url\":\"https:\/\/bellatourism.com\/de\/liposuction\/\",\"name\":\"Liposuction - Bella Tourism\",\"isPartOf\":{\"@id\":\"https:\/\/bellatourism.com\/tr\/#website\"},\"primaryImageOfPage\":{\"@id\":\"https:\/\/bellatourism.com\/de\/liposuction\/#primaryimage\"},\"image\":{\"@id\":\"https:\/\/bellatourism.com\/de\/liposuction\/#primaryimage\"},\"thumbnailUrl\":\"https:\/\/bellatourism.com\/wp-content\/uploads\/2023\/03\/liposuction-2-scaled.webp\",\"datePublished\":\"2023-03-20T11:53:05+00:00\",\"dateModified\":\"2023-03-20T11:56:09+00:00\",\"description\":\"Liposuction ist der Vorgang der Aufl\u00f6sung von Fetten, die wir in bestimmten Teilen unseres K\u00f6rpers durch Sport und Ern\u00e4hrung nicht loswerden k\u00f6nnen, die mit Fl\u00fcssigkeit aufgel\u00f6st und mit Hilfe von d\u00fcnnen Kan\u00fclen aus dem K\u00f6rper entfernt werden.\",\"breadcrumb\":{\"@id\":\"https:\/\/bellatourism.com\/de\/liposuction\/#breadcrumb\"},\"inLanguage\":\"de\",\"potentialAction\":[{\"@type\":\"ReadAction\",\"target\":[\"https:\/\/bellatourism.com\/de\/liposuction\/\"]}]},{\"@type\":\"ImageObject\",\"inLanguage\":\"de\",\"@id\":\"https:\/\/bellatourism.com\/de\/liposuction\/#primaryimage\",\"url\":\"https:\/\/bellatourism.com\/wp-content\/uploads\/2023\/03\/liposuction-2-scaled.webp\",\"contentUrl\":\"https:\/\/bellatourism.com\/wp-content\/uploads\/2023\/03\/liposuction-2-scaled.webp\",\"width\":2560,\"height\":640,\"caption\":\"Liposuction\"},{\"@type\":\"BreadcrumbList\",\"@id\":\"https:\/\/bellatourism.com\/de\/liposuction\/#breadcrumb\",\"itemListElement\":[{\"@type\":\"ListItem\",\"position\":1,\"name\":\"Home\",\"item\":\"https:\/\/bellatourism.com\/tr\/\"},{\"@type\":\"ListItem\",\"position\":2,\"name\":\"Liposuction\"}]},{\"@type\":\"WebSite\",\"@id\":\"https:\/\/bellatourism.com\/tr\/#website\",\"url\":\"https:\/\/bellatourism.com\/tr\/\",\"name\":\"Bella Tourism - Health Tourism In Turkey\",\"description\":\"Bella Tourism\",\"publisher\":{\"@id\":\"https:\/\/bellatourism.com\/tr\/#organization\"},\"potentialAction\":[{\"@type\":\"SearchAction\",\"target\":{\"@type\":\"EntryPoint\",\"urlTemplate\":\"https:\/\/bellatourism.com\/tr\/?s={search_term_string}\"},\"query-input\":{\"@type\":\"PropertyValueSpecification\",\"valueRequired\":true,\"valueName\":\"search_term_string\"}}],\"inLanguage\":\"de\"},{\"@type\":\"Organization\",\"@id\":\"https:\/\/bellatourism.com\/tr\/#organization\",\"name\":\"Bella Tourism - Health Tourism In Turkey\",\"url\":\"https:\/\/bellatourism.com\/tr\/\",\"logo\":{\"@type\":\"ImageObject\",\"inLanguage\":\"de\",\"@id\":\"https:\/\/bellatourism.com\/tr\/#\/schema\/logo\/image\/\",\"url\":\"https:\/\/bellatourism.com\/wp-content\/uploads\/2022\/05\/Bella-Tourism-Logo-Dosyasi-01.png\",\"contentUrl\":\"https:\/\/bellatourism.com\/wp-content\/uploads\/2022\/05\/Bella-Tourism-Logo-Dosyasi-01.png\",\"width\":200,\"height\":84,\"caption\":\"Bella Tourism - Health Tourism In Turkey\"},\"image\":{\"@id\":\"https:\/\/bellatourism.com\/tr\/#\/schema\/logo\/image\/\"},\"sameAs\":[\"https:\/\/www.facebook.com\/bellahealthtourism\",\"https:\/\/www.instagram.com\/bellahealthtourism\/\",\"https:\/\/www.linkedin.com\/company\/bella-health-tourism\/\"]}]}<\/script>\n<!-- \/ Yoast SEO plugin. -->","yoast_head_json":{"title":"Liposuction - Bella Tourism","description":"Liposuction ist der Vorgang der Aufl\u00f6sung von Fetten, die wir in bestimmten Teilen unseres K\u00f6rpers durch Sport und Ern\u00e4hrung nicht loswerden k\u00f6nnen, die mit Fl\u00fcssigkeit aufgel\u00f6st und mit Hilfe von d\u00fcnnen Kan\u00fclen aus dem K\u00f6rper entfernt werden.","robots":{"index":"index","follow":"follow","max-snippet":"max-snippet:-1","max-image-preview":"max-image-preview:large","max-video-preview":"max-video-preview:-1"},"canonical":"https:\/\/bellatourism.com\/de\/liposuction\/","og_locale":"de_DE","og_type":"article","og_title":"Liposuction - Bella Tourism","og_description":"Liposuction ist der Vorgang der Aufl\u00f6sung von Fetten, die wir in bestimmten Teilen unseres K\u00f6rpers durch Sport und Ern\u00e4hrung nicht loswerden k\u00f6nnen, die mit Fl\u00fcssigkeit aufgel\u00f6st und mit Hilfe von d\u00fcnnen Kan\u00fclen aus dem K\u00f6rper entfernt werden.","og_url":"https:\/\/bellatourism.com\/de\/liposuction\/","og_site_name":"Bella Tourism","article_publisher":"https:\/\/www.facebook.com\/bellahealthtourism","article_modified_time":"2023-03-20T11:56:09+00:00","og_image":[{"width":2560,"height":640,"url":"https:\/\/bellatourism.com\/wp-content\/uploads\/2023\/03\/liposuction-2-scaled.webp","type":"image\/webp"}],"twitter_card":"summary_large_image","twitter_misc":{"Gesch\u00e4tzte Lesezeit":"2\u00a0Minuten"},"schema":{"@context":"https:\/\/schema.org","@graph":[{"@type":"WebPage","@id":"https:\/\/bellatourism.com\/de\/liposuction\/","url":"https:\/\/bellatourism.com\/de\/liposuction\/","name":"Liposuction - Bella Tourism","isPartOf":{"@id":"https:\/\/bellatourism.com\/tr\/#website"},"primaryImageOfPage":{"@id":"https:\/\/bellatourism.com\/de\/liposuction\/#primaryimage"},"image":{"@id":"https:\/\/bellatourism.com\/de\/liposuction\/#primaryimage"},"thumbnailUrl":"https:\/\/bellatourism.com\/wp-content\/uploads\/2023\/03\/liposuction-2-scaled.webp","datePublished":"2023-03-20T11:53:05+00:00","dateModified":"2023-03-20T11:56:09+00:00","description":"Liposuction ist der Vorgang der Aufl\u00f6sung von Fetten, die wir in bestimmten Teilen unseres K\u00f6rpers durch Sport und Ern\u00e4hrung nicht loswerden k\u00f6nnen, die mit Fl\u00fcssigkeit aufgel\u00f6st und mit Hilfe von d\u00fcnnen Kan\u00fclen aus dem K\u00f6rper entfernt werden.","breadcrumb":{"@id":"https:\/\/bellatourism.com\/de\/liposuction\/#breadcrumb"},"inLanguage":"de","potentialAction":[{"@type":"ReadAction","target":["https:\/\/bellatourism.com\/de\/liposuction\/"]}]},{"@type":"ImageObject","inLanguage":"de","@id":"https:\/\/bellatourism.com\/de\/liposuction\/#primaryimage","url":"https:\/\/bellatourism.com\/wp-content\/uploads\/2023\/03\/liposuction-2-scaled.webp","contentUrl":"https:\/\/bellatourism.com\/wp-content\/uploads\/2023\/03\/liposuction-2-scaled.webp","width":2560,"height":640,"caption":"Liposuction"},{"@type":"BreadcrumbList","@id":"https:\/\/bellatourism.com\/de\/liposuction\/#breadcrumb","itemListElement":[{"@type":"ListItem","position":1,"name":"Home","item":"https:\/\/bellatourism.com\/tr\/"},{"@type":"ListItem","position":2,"name":"Liposuction"}]},{"@type":"WebSite","@id":"https:\/\/bellatourism.com\/tr\/#website","url":"https:\/\/bellatourism.com\/tr\/","name":"Bella Tourism - Health Tourism In Turkey","description":"Bella Tourism","publisher":{"@id":"https:\/\/bellatourism.com\/tr\/#organization"},"potentialAction":[{"@type":"SearchAction","target":{"@type":"EntryPoint","urlTemplate":"https:\/\/bellatourism.com\/tr\/?s={search_term_string}"},"query-input":{"@type":"PropertyValueSpecification","valueRequired":true,"valueName":"search_term_string"}}],"inLanguage":"de"},{"@type":"Organization","@id":"https:\/\/bellatourism.com\/tr\/#organization","name":"Bella Tourism - Health Tourism In Turkey","url":"https:\/\/bellatourism.com\/tr\/","logo":{"@type":"ImageObject","inLanguage":"de","@id":"https:\/\/bellatourism.com\/tr\/#\/schema\/logo\/image\/","url":"https:\/\/bellatourism.com\/wp-content\/uploads\/2022\/05\/Bella-Tourism-Logo-Dosyasi-01.png","contentUrl":"https:\/\/bellatourism.com\/wp-content\/uploads\/2022\/05\/Bella-Tourism-Logo-Dosyasi-01.png","width":200,"height":84,"caption":"Bella Tourism - Health Tourism In Turkey"},"image":{"@id":"https:\/\/bellatourism.com\/tr\/#\/schema\/logo\/image\/"},"sameAs":["https:\/\/www.facebook.com\/bellahealthtourism","https:\/\/www.instagram.com\/bellahealthtourism\/","https:\/\/www.linkedin.com\/company\/bella-health-tourism\/"]}]}},"_links":{"self":[{"href":"https:\/\/bellatourism.com\/de\/wp-json\/wp\/v2\/pages\/31516"}],"collection":[{"href":"https:\/\/bellatourism.com\/de\/wp-json\/wp\/v2\/pages"}],"about":[{"href":"https:\/\/bellatourism.com\/de\/wp-json\/wp\/v2\/types\/page"}],"author":[{"embeddable":true,"href":"https:\/\/bellatourism.com\/de\/wp-json\/wp\/v2\/users\/1"}],"replies":[{"embeddable":true,"href":"https:\/\/bellatourism.com\/de\/wp-json\/wp\/v2\/comments?post=31516"}],"version-history":[{"count":1,"href":"https:\/\/bellatourism.com\/de\/wp-json\/wp\/v2\/pages\/31516\/revisions"}],"predecessor-version":[{"id":31517,"href":"https:\/\/bellatourism.com\/de\/wp-json\/wp\/v2\/pages\/31516\/revisions\/31517"}],"wp:featuredmedia":[{"embeddable":true,"href":"https:\/\/bellatourism.com\/de\/wp-json\/wp\/v2\/media\/31435"}],"wp:attachment":[{"href":"https:\/\/bellatourism.com\/de\/wp-json\/wp\/v2\/media?parent=31516"}],"curies":[{"name":"wp","href":"https:\/\/api.w.org\/{rel}","templated":true}]}}