{"id":31507,"date":"2023-03-20T11:29:52","date_gmt":"2023-03-20T11:29:52","guid":{"rendered":"https:\/\/bellatourism.com\/?page_id=31507"},"modified":"2023-03-20T11:33:01","modified_gmt":"2023-03-20T11:33:01","slug":"bauchstraffung-abdominoplastik","status":"publish","type":"page","link":"https:\/\/bellatourism.com\/de\/bauchstraffung-abdominoplastik\/","title":{"rendered":"Bauchstraffung (Abdominoplastik)"},"content":{"rendered":"<p>Ein schlaffer Bauch entsteht h\u00e4ufig wegen \u00dcbergewicht und nach der Geburt oder Schwangerschaft bei Frauen auf. Diese Anwendung wird durchgef\u00fchrt, um das \u00fcbersch\u00fcssige Fett zusammen mit der schlaffen Haut im Bauchbereich zu entfernen um dem Bauch ein straffer und kr\u00e4ftigerer Look zu geben.<\/p>\n<p>Diejenigen, die deutlich an Gewicht verloren haben oder Frauen, die mehrere Schwangerschaften hatten und mit schlaffer, schlaffer Haut und Bauchmuskeln zur\u00fcckbleiben, die nicht auf Di\u00e4t und Bewegung ansprechen, sind h\u00e4ufige Kandidaten f\u00fcr die Operation.<\/p>\n<p>Der Chirurg erstellt w\u00e4hrend einer Bauchstraffung einen Schnitt \u00fcber den Unterbauch, normalerweise direkt \u00fcber der Schamgegend. Je nach Umfang des Eingriffs und der bevorzugten Technik des Chirurgen k\u00f6nnen sich L\u00e4nge und Form der Schnittf\u00fchrung \u00e4ndern. Der Chirurg sch\u00e4lt nach dem Schnitt die Haut und das Fett von den darunter liegenden Muskeln und entfernt \u00fcbersch\u00fcssiges Gewebe. Au\u00dferdem straffen und straffen sie Ihre Bauchmuskeln und verleihen Ihnen ein flacheres, strafferes Aussehen. Um ein glatteres, konturierteres Aussehen zu erzielen, wird die Haut schlie\u00dflich nach unten \u00fcber die Muskeln gezogen und an Ort und Stelle gen\u00e4ht.<\/p>\n<p>Nach einer Bauchdeckenstraffung sind in der Regel mehrere Wochen zur Genesung erforderlich, in denen der Patient auf schwere Aktivit\u00e4ten verzichten und auf eine \u00dcberbeanspruchung der Bauchmuskulatur achten muss. In den ersten Tagen nach der Operation k\u00f6nnen die Patienten an Schwellungen, Bluterg\u00fcssen und Beschwerden leiden; Diese Symptome sind jedoch in der Regel mit Schmerzmitteln und einer angemessenen postoperativen Versorgung beherrschbar. Die Mehrheit der Patienten hinterl\u00e4sst einen glatteren, flacheren Bauch, der jugendlicher und straffer wirkt, und mit der Zeit verschwinden die Schnittnarben und werden weniger sichtbar.<\/p>\n<p>Bauchdeckenstraffungen haben Risiken und potenzielle Nachteile, wie jeder chirurgische Eingriff, wie Blutungen, Infektionen, Narben und Gef\u00fchlsver\u00e4nderungen. Eine Bauchdeckenstraffung kann jedoch eine sichere und effiziente Technik sein, um das Erscheinungsbild des Bauches zu verbessern und das Selbstbewusstsein zu st\u00e4rken, wenn sie von einem qualifizierten und erfahrenen Arzt durchgef\u00fchrt wird.<\/p>\n","protected":false},"excerpt":{"rendered":"<p>Ein schlaffer Bauch entsteht h\u00e4ufig wegen \u00dcbergewicht und nach der Geburt oder Schwangerschaft bei Frauen auf. Diese Anwendung wird durchgef\u00fchrt, um das \u00fcbersch\u00fcssige Fett zusammen mit der schlaffen Haut im Bauchbereich zu entfernen um dem Bauch ein straffer und kr\u00e4ftigerer Look zu geben. Diejenigen, die deutlich an Gewicht verloren haben oder Frauen, die mehrere Schwangerschaften [&hellip;]<\/p>\n","protected":false},"author":1,"featured_media":31502,"parent":0,"menu_order":0,"comment_status":"closed","ping_status":"closed","template":"","meta":{"footnotes":""},"yoast_head":"<!-- This site is optimized with the Yoast SEO plugin v23.5 - https:\/\/yoast.com\/wordpress\/plugins\/seo\/ -->\n<title>Bauchstraffung (Abdominoplastik) - Bella Tourism<\/title>\n<meta name=\"description\" content=\"Der Chirurg erstellt w\u00e4hrend einer Bauchstraffung einen Schnitt \u00fcber den Unterbauch, normalerweise direkt \u00fcber der Schamgegend. Je nach Umfang des Eingriffs und der bevorzugten Technik des Chirurgen k\u00f6nnen sich L\u00e4nge und Form der Schnittf\u00fchrung \u00e4ndern.\" \/>\n<meta name=\"robots\" content=\"index, follow, max-snippet:-1, max-image-preview:large, max-video-preview:-1\" \/>\n<link rel=\"canonical\" href=\"https:\/\/bellatourism.com\/de\/bauchstraffung-abdominoplastik\/\" \/>\n<meta property=\"og:locale\" content=\"de_DE\" \/>\n<meta property=\"og:type\" content=\"article\" \/>\n<meta property=\"og:title\" content=\"Bauchstraffung (Abdominoplastik) - Bella Tourism\" \/>\n<meta property=\"og:description\" content=\"Der Chirurg erstellt w\u00e4hrend einer Bauchstraffung einen Schnitt \u00fcber den Unterbauch, normalerweise direkt \u00fcber der Schamgegend. Je nach Umfang des Eingriffs und der bevorzugten Technik des Chirurgen k\u00f6nnen sich L\u00e4nge und Form der Schnittf\u00fchrung \u00e4ndern.\" \/>\n<meta property=\"og:url\" content=\"https:\/\/bellatourism.com\/de\/bauchstraffung-abdominoplastik\/\" \/>\n<meta property=\"og:site_name\" content=\"Bella Tourism\" \/>\n<meta property=\"article:publisher\" content=\"https:\/\/www.facebook.com\/bellahealthtourism\" \/>\n<meta property=\"article:modified_time\" content=\"2023-03-20T11:33:01+00:00\" \/>\n<meta property=\"og:image\" content=\"https:\/\/bellatourism.com\/wp-content\/uploads\/2023\/03\/tummy-tuck.webp\" \/>\n\t<meta property=\"og:image:width\" content=\"1600\" \/>\n\t<meta property=\"og:image:height\" content=\"400\" \/>\n\t<meta property=\"og:image:type\" content=\"image\/webp\" \/>\n<meta name=\"twitter:card\" content=\"summary_large_image\" \/>\n<meta name=\"twitter:label1\" content=\"Gesch\u00e4tzte Lesezeit\" \/>\n\t<meta name=\"twitter:data1\" content=\"2\u00a0Minuten\" \/>\n<script type=\"application\/ld+json\" class=\"yoast-schema-graph\">{\"@context\":\"https:\/\/schema.org\",\"@graph\":[{\"@type\":\"WebPage\",\"@id\":\"https:\/\/bellatourism.com\/de\/bauchstraffung-abdominoplastik\/\",\"url\":\"https:\/\/bellatourism.com\/de\/bauchstraffung-abdominoplastik\/\",\"name\":\"Bauchstraffung (Abdominoplastik) - Bella Tourism\",\"isPartOf\":{\"@id\":\"https:\/\/bellatourism.com\/tr\/#website\"},\"primaryImageOfPage\":{\"@id\":\"https:\/\/bellatourism.com\/de\/bauchstraffung-abdominoplastik\/#primaryimage\"},\"image\":{\"@id\":\"https:\/\/bellatourism.com\/de\/bauchstraffung-abdominoplastik\/#primaryimage\"},\"thumbnailUrl\":\"https:\/\/bellatourism.com\/wp-content\/uploads\/2023\/03\/tummy-tuck.webp\",\"datePublished\":\"2023-03-20T11:29:52+00:00\",\"dateModified\":\"2023-03-20T11:33:01+00:00\",\"description\":\"Der Chirurg erstellt w\u00e4hrend einer Bauchstraffung einen Schnitt \u00fcber den Unterbauch, normalerweise direkt \u00fcber der Schamgegend. Je nach Umfang des Eingriffs und der bevorzugten Technik des Chirurgen k\u00f6nnen sich L\u00e4nge und Form der Schnittf\u00fchrung \u00e4ndern.\",\"breadcrumb\":{\"@id\":\"https:\/\/bellatourism.com\/de\/bauchstraffung-abdominoplastik\/#breadcrumb\"},\"inLanguage\":\"de\",\"potentialAction\":[{\"@type\":\"ReadAction\",\"target\":[\"https:\/\/bellatourism.com\/de\/bauchstraffung-abdominoplastik\/\"]}]},{\"@type\":\"ImageObject\",\"inLanguage\":\"de\",\"@id\":\"https:\/\/bellatourism.com\/de\/bauchstraffung-abdominoplastik\/#primaryimage\",\"url\":\"https:\/\/bellatourism.com\/wp-content\/uploads\/2023\/03\/tummy-tuck.webp\",\"contentUrl\":\"https:\/\/bellatourism.com\/wp-content\/uploads\/2023\/03\/tummy-tuck.webp\",\"width\":1600,\"height\":400,\"caption\":\"Tummy Tuck\"},{\"@type\":\"BreadcrumbList\",\"@id\":\"https:\/\/bellatourism.com\/de\/bauchstraffung-abdominoplastik\/#breadcrumb\",\"itemListElement\":[{\"@type\":\"ListItem\",\"position\":1,\"name\":\"Home\",\"item\":\"https:\/\/bellatourism.com\/tr\/\"},{\"@type\":\"ListItem\",\"position\":2,\"name\":\"Bauchstraffung (Abdominoplastik)\"}]},{\"@type\":\"WebSite\",\"@id\":\"https:\/\/bellatourism.com\/tr\/#website\",\"url\":\"https:\/\/bellatourism.com\/tr\/\",\"name\":\"Bella Tourism - Health Tourism In Turkey\",\"description\":\"Bella Tourism\",\"publisher\":{\"@id\":\"https:\/\/bellatourism.com\/tr\/#organization\"},\"potentialAction\":[{\"@type\":\"SearchAction\",\"target\":{\"@type\":\"EntryPoint\",\"urlTemplate\":\"https:\/\/bellatourism.com\/tr\/?s={search_term_string}\"},\"query-input\":{\"@type\":\"PropertyValueSpecification\",\"valueRequired\":true,\"valueName\":\"search_term_string\"}}],\"inLanguage\":\"de\"},{\"@type\":\"Organization\",\"@id\":\"https:\/\/bellatourism.com\/tr\/#organization\",\"name\":\"Bella Tourism - Health Tourism In Turkey\",\"url\":\"https:\/\/bellatourism.com\/tr\/\",\"logo\":{\"@type\":\"ImageObject\",\"inLanguage\":\"de\",\"@id\":\"https:\/\/bellatourism.com\/tr\/#\/schema\/logo\/image\/\",\"url\":\"https:\/\/bellatourism.com\/wp-content\/uploads\/2022\/05\/Bella-Tourism-Logo-Dosyasi-01.png\",\"contentUrl\":\"https:\/\/bellatourism.com\/wp-content\/uploads\/2022\/05\/Bella-Tourism-Logo-Dosyasi-01.png\",\"width\":200,\"height\":84,\"caption\":\"Bella Tourism - Health Tourism In Turkey\"},\"image\":{\"@id\":\"https:\/\/bellatourism.com\/tr\/#\/schema\/logo\/image\/\"},\"sameAs\":[\"https:\/\/www.facebook.com\/bellahealthtourism\",\"https:\/\/www.instagram.com\/bellahealthtourism\/\",\"https:\/\/www.linkedin.com\/company\/bella-health-tourism\/\"]}]}<\/script>\n<!-- \/ Yoast SEO plugin. -->","yoast_head_json":{"title":"Bauchstraffung (Abdominoplastik) - Bella Tourism","description":"Der Chirurg erstellt w\u00e4hrend einer Bauchstraffung einen Schnitt \u00fcber den Unterbauch, normalerweise direkt \u00fcber der Schamgegend. Je nach Umfang des Eingriffs und der bevorzugten Technik des Chirurgen k\u00f6nnen sich L\u00e4nge und Form der Schnittf\u00fchrung \u00e4ndern.","robots":{"index":"index","follow":"follow","max-snippet":"max-snippet:-1","max-image-preview":"max-image-preview:large","max-video-preview":"max-video-preview:-1"},"canonical":"https:\/\/bellatourism.com\/de\/bauchstraffung-abdominoplastik\/","og_locale":"de_DE","og_type":"article","og_title":"Bauchstraffung (Abdominoplastik) - Bella Tourism","og_description":"Der Chirurg erstellt w\u00e4hrend einer Bauchstraffung einen Schnitt \u00fcber den Unterbauch, normalerweise direkt \u00fcber der Schamgegend. Je nach Umfang des Eingriffs und der bevorzugten Technik des Chirurgen k\u00f6nnen sich L\u00e4nge und Form der Schnittf\u00fchrung \u00e4ndern.","og_url":"https:\/\/bellatourism.com\/de\/bauchstraffung-abdominoplastik\/","og_site_name":"Bella Tourism","article_publisher":"https:\/\/www.facebook.com\/bellahealthtourism","article_modified_time":"2023-03-20T11:33:01+00:00","og_image":[{"width":1600,"height":400,"url":"https:\/\/bellatourism.com\/wp-content\/uploads\/2023\/03\/tummy-tuck.webp","type":"image\/webp"}],"twitter_card":"summary_large_image","twitter_misc":{"Gesch\u00e4tzte Lesezeit":"2\u00a0Minuten"},"schema":{"@context":"https:\/\/schema.org","@graph":[{"@type":"WebPage","@id":"https:\/\/bellatourism.com\/de\/bauchstraffung-abdominoplastik\/","url":"https:\/\/bellatourism.com\/de\/bauchstraffung-abdominoplastik\/","name":"Bauchstraffung (Abdominoplastik) - Bella Tourism","isPartOf":{"@id":"https:\/\/bellatourism.com\/tr\/#website"},"primaryImageOfPage":{"@id":"https:\/\/bellatourism.com\/de\/bauchstraffung-abdominoplastik\/#primaryimage"},"image":{"@id":"https:\/\/bellatourism.com\/de\/bauchstraffung-abdominoplastik\/#primaryimage"},"thumbnailUrl":"https:\/\/bellatourism.com\/wp-content\/uploads\/2023\/03\/tummy-tuck.webp","datePublished":"2023-03-20T11:29:52+00:00","dateModified":"2023-03-20T11:33:01+00:00","description":"Der Chirurg erstellt w\u00e4hrend einer Bauchstraffung einen Schnitt \u00fcber den Unterbauch, normalerweise direkt \u00fcber der Schamgegend. Je nach Umfang des Eingriffs und der bevorzugten Technik des Chirurgen k\u00f6nnen sich L\u00e4nge und Form der Schnittf\u00fchrung \u00e4ndern.","breadcrumb":{"@id":"https:\/\/bellatourism.com\/de\/bauchstraffung-abdominoplastik\/#breadcrumb"},"inLanguage":"de","potentialAction":[{"@type":"ReadAction","target":["https:\/\/bellatourism.com\/de\/bauchstraffung-abdominoplastik\/"]}]},{"@type":"ImageObject","inLanguage":"de","@id":"https:\/\/bellatourism.com\/de\/bauchstraffung-abdominoplastik\/#primaryimage","url":"https:\/\/bellatourism.com\/wp-content\/uploads\/2023\/03\/tummy-tuck.webp","contentUrl":"https:\/\/bellatourism.com\/wp-content\/uploads\/2023\/03\/tummy-tuck.webp","width":1600,"height":400,"caption":"Tummy Tuck"},{"@type":"BreadcrumbList","@id":"https:\/\/bellatourism.com\/de\/bauchstraffung-abdominoplastik\/#breadcrumb","itemListElement":[{"@type":"ListItem","position":1,"name":"Home","item":"https:\/\/bellatourism.com\/tr\/"},{"@type":"ListItem","position":2,"name":"Bauchstraffung (Abdominoplastik)"}]},{"@type":"WebSite","@id":"https:\/\/bellatourism.com\/tr\/#website","url":"https:\/\/bellatourism.com\/tr\/","name":"Bella Tourism - Health Tourism In Turkey","description":"Bella Tourism","publisher":{"@id":"https:\/\/bellatourism.com\/tr\/#organization"},"potentialAction":[{"@type":"SearchAction","target":{"@type":"EntryPoint","urlTemplate":"https:\/\/bellatourism.com\/tr\/?s={search_term_string}"},"query-input":{"@type":"PropertyValueSpecification","valueRequired":true,"valueName":"search_term_string"}}],"inLanguage":"de"},{"@type":"Organization","@id":"https:\/\/bellatourism.com\/tr\/#organization","name":"Bella Tourism - Health Tourism In Turkey","url":"https:\/\/bellatourism.com\/tr\/","logo":{"@type":"ImageObject","inLanguage":"de","@id":"https:\/\/bellatourism.com\/tr\/#\/schema\/logo\/image\/","url":"https:\/\/bellatourism.com\/wp-content\/uploads\/2022\/05\/Bella-Tourism-Logo-Dosyasi-01.png","contentUrl":"https:\/\/bellatourism.com\/wp-content\/uploads\/2022\/05\/Bella-Tourism-Logo-Dosyasi-01.png","width":200,"height":84,"caption":"Bella Tourism - Health Tourism In Turkey"},"image":{"@id":"https:\/\/bellatourism.com\/tr\/#\/schema\/logo\/image\/"},"sameAs":["https:\/\/www.facebook.com\/bellahealthtourism","https:\/\/www.instagram.com\/bellahealthtourism\/","https:\/\/www.linkedin.com\/company\/bella-health-tourism\/"]}]}},"_links":{"self":[{"href":"https:\/\/bellatourism.com\/de\/wp-json\/wp\/v2\/pages\/31507"}],"collection":[{"href":"https:\/\/bellatourism.com\/de\/wp-json\/wp\/v2\/pages"}],"about":[{"href":"https:\/\/bellatourism.com\/de\/wp-json\/wp\/v2\/types\/page"}],"author":[{"embeddable":true,"href":"https:\/\/bellatourism.com\/de\/wp-json\/wp\/v2\/users\/1"}],"replies":[{"embeddable":true,"href":"https:\/\/bellatourism.com\/de\/wp-json\/wp\/v2\/comments?post=31507"}],"version-history":[{"count":1,"href":"https:\/\/bellatourism.com\/de\/wp-json\/wp\/v2\/pages\/31507\/revisions"}],"predecessor-version":[{"id":31508,"href":"https:\/\/bellatourism.com\/de\/wp-json\/wp\/v2\/pages\/31507\/revisions\/31508"}],"wp:featuredmedia":[{"embeddable":true,"href":"https:\/\/bellatourism.com\/de\/wp-json\/wp\/v2\/media\/31502"}],"wp:attachment":[{"href":"https:\/\/bellatourism.com\/de\/wp-json\/wp\/v2\/media?parent=31507"}],"curies":[{"name":"wp","href":"https:\/\/api.w.org\/{rel}","templated":true}]}}