{"id":31144,"date":"2023-03-19T00:46:06","date_gmt":"2023-03-19T00:46:06","guid":{"rendered":"https:\/\/bellatourism.com\/kataract\/"},"modified":"2023-03-21T16:54:22","modified_gmt":"2023-03-21T16:54:22","slug":"katarakt","status":"publish","type":"page","link":"https:\/\/bellatourism.com\/de\/katarakt\/","title":{"rendered":"Katarakt"},"content":{"rendered":"<p>Die nat\u00fcrliche Augenlinse kann getr\u00fcbt werden, was zu visuellen Problemen wie verschwommenem Sehen, verblassten Farben, Blendung und Sehschwierigkeiten bei schwachem Licht f\u00fchren kann. Dieser Zustand wird als Katarakt bezeichnet. Obwohl sie in jedem Alter auftreten k\u00f6nnen, wachsen Katarakte normalerweise allm\u00e4hlich mit der Zeit und werden am h\u00e4ufigsten bei \u00e4lteren Personen beobachtet.<\/p>\n<p>Katarakte werden chirurgisch behandelt, indem die getr\u00fcbte Linse entfernt und eine synthetische Intraokularlinse (IOL) implantiert wird. Dies ist eine routinem\u00e4\u00dfige, sichere Behandlung, die h\u00e4ufig ohne Krankenhausaufenthalt durchgef\u00fchrt wird.<\/p>\n<p>Die tr\u00fcbe Linse wird w\u00e4hrend des Kataraktverfahrens zun\u00e4chst mit einer speziellen Ultraschallsonde oder einem Laser zerlegt und dann durch einen winzigen Einschnitt im Auge entfernt. Danach wird eine k\u00fcnstliche IOL an ihrer Stelle platziert, um die Wiederherstellung der Sehsch\u00e4rfe zu unterst\u00fctzen.<\/p>\n<p>IOLs k\u00f6nnen verwendet werden, um die nat\u00fcrliche Linse auf vielf\u00e4ltige Weise zu ersetzen, einschlie\u00dflich torischer, multifokaler und monofokaler IOLs. Multifokale IOLs k\u00f6nnen klares Sehen in verschiedenen Entfernungen bieten, torische IOLs k\u00f6nnen Astigmatismus korrigieren und monofokale IOLs k\u00f6nnen klares Sehen in einer einzigen Entfernung bieten.<\/p>\n<p>Kataraktoperationen haben oft eine hohe Erfolgsrate bei der Verbesserung der Sehkraft und sind gleichzeitig sicher und effektiv. Jede Operation ist jedoch mit Gefahren verbunden, wie z. B. Infektionen, Blutungen und Sehverlust, und Patienten sollten die Vor- und Nachteile des Eingriffs sorgf\u00e4ltig abw\u00e4gen, bevor sie ihn durchf\u00fchren lassen. Ein ausgebildeter Augenexperte kann bei der Beurteilung helfen, ob eine Kataraktoperation die ideale Behandlungsoption f\u00fcr einen einzelnen Patienten ist.<\/p>\n","protected":false},"excerpt":{"rendered":"<p>Die nat\u00fcrliche Augenlinse kann getr\u00fcbt werden, was zu visuellen Problemen wie verschwommenem Sehen, verblassten Farben, Blendung und Sehschwierigkeiten bei schwachem Licht f\u00fchren kann. Dieser Zustand wird als Katarakt bezeichnet. Obwohl sie in jedem Alter auftreten k\u00f6nnen, wachsen Katarakte normalerweise allm\u00e4hlich mit der Zeit und werden am h\u00e4ufigsten bei \u00e4lteren Personen beobachtet. Katarakte werden chirurgisch behandelt, [&hellip;]<\/p>\n","protected":false},"author":1,"featured_media":31140,"parent":0,"menu_order":0,"comment_status":"closed","ping_status":"closed","template":"","meta":{"footnotes":""},"yoast_head":"<!-- This site is optimized with the Yoast SEO plugin v23.5 - https:\/\/yoast.com\/wordpress\/plugins\/seo\/ -->\n<title>Katarakt - Bella Tourism<\/title>\n<meta name=\"description\" content=\"Die nat\u00fcrliche Augenlinse kann getr\u00fcbt werden, was zu visuellen Problemen wie verschwommenem Sehen, verblassten Farben, Blendung und Sehschwierigkeiten bei schwachem Licht f\u00fchren kann. Dieser Zustand wird als Katarakt bezeichnet.\" \/>\n<meta name=\"robots\" content=\"index, follow, max-snippet:-1, max-image-preview:large, max-video-preview:-1\" \/>\n<link rel=\"canonical\" href=\"https:\/\/bellatourism.com\/de\/katarakt\/\" \/>\n<meta property=\"og:locale\" content=\"de_DE\" \/>\n<meta property=\"og:type\" content=\"article\" \/>\n<meta property=\"og:title\" content=\"Katarakt - Bella Tourism\" \/>\n<meta property=\"og:description\" content=\"Die nat\u00fcrliche Augenlinse kann getr\u00fcbt werden, was zu visuellen Problemen wie verschwommenem Sehen, verblassten Farben, Blendung und Sehschwierigkeiten bei schwachem Licht f\u00fchren kann. Dieser Zustand wird als Katarakt bezeichnet.\" \/>\n<meta property=\"og:url\" content=\"https:\/\/bellatourism.com\/de\/katarakt\/\" \/>\n<meta property=\"og:site_name\" content=\"Bella Tourism\" \/>\n<meta property=\"article:publisher\" content=\"https:\/\/www.facebook.com\/bellahealthtourism\" \/>\n<meta property=\"article:modified_time\" content=\"2023-03-21T16:54:22+00:00\" \/>\n<meta property=\"og:image\" content=\"https:\/\/bellatourism.com\/wp-content\/uploads\/2023\/03\/cataract.webp\" \/>\n\t<meta property=\"og:image:width\" content=\"1600\" \/>\n\t<meta property=\"og:image:height\" content=\"400\" \/>\n\t<meta property=\"og:image:type\" content=\"image\/webp\" \/>\n<meta name=\"twitter:card\" content=\"summary_large_image\" \/>\n<meta name=\"twitter:label1\" content=\"Gesch\u00e4tzte Lesezeit\" \/>\n\t<meta name=\"twitter:data1\" content=\"2\u00a0Minuten\" \/>\n<script type=\"application\/ld+json\" class=\"yoast-schema-graph\">{\"@context\":\"https:\/\/schema.org\",\"@graph\":[{\"@type\":\"WebPage\",\"@id\":\"https:\/\/bellatourism.com\/de\/katarakt\/\",\"url\":\"https:\/\/bellatourism.com\/de\/katarakt\/\",\"name\":\"Katarakt - Bella Tourism\",\"isPartOf\":{\"@id\":\"https:\/\/bellatourism.com\/tr\/#website\"},\"primaryImageOfPage\":{\"@id\":\"https:\/\/bellatourism.com\/de\/katarakt\/#primaryimage\"},\"image\":{\"@id\":\"https:\/\/bellatourism.com\/de\/katarakt\/#primaryimage\"},\"thumbnailUrl\":\"https:\/\/bellatourism.com\/wp-content\/uploads\/2023\/03\/cataract.webp\",\"datePublished\":\"2023-03-19T00:46:06+00:00\",\"dateModified\":\"2023-03-21T16:54:22+00:00\",\"description\":\"Die nat\u00fcrliche Augenlinse kann getr\u00fcbt werden, was zu visuellen Problemen wie verschwommenem Sehen, verblassten Farben, Blendung und Sehschwierigkeiten bei schwachem Licht f\u00fchren kann. Dieser Zustand wird als Katarakt bezeichnet.\",\"breadcrumb\":{\"@id\":\"https:\/\/bellatourism.com\/de\/katarakt\/#breadcrumb\"},\"inLanguage\":\"de\",\"potentialAction\":[{\"@type\":\"ReadAction\",\"target\":[\"https:\/\/bellatourism.com\/de\/katarakt\/\"]}]},{\"@type\":\"ImageObject\",\"inLanguage\":\"de\",\"@id\":\"https:\/\/bellatourism.com\/de\/katarakt\/#primaryimage\",\"url\":\"https:\/\/bellatourism.com\/wp-content\/uploads\/2023\/03\/cataract.webp\",\"contentUrl\":\"https:\/\/bellatourism.com\/wp-content\/uploads\/2023\/03\/cataract.webp\",\"width\":1600,\"height\":400,\"caption\":\"Cataract\"},{\"@type\":\"BreadcrumbList\",\"@id\":\"https:\/\/bellatourism.com\/de\/katarakt\/#breadcrumb\",\"itemListElement\":[{\"@type\":\"ListItem\",\"position\":1,\"name\":\"Home\",\"item\":\"https:\/\/bellatourism.com\/tr\/\"},{\"@type\":\"ListItem\",\"position\":2,\"name\":\"Katarakt\"}]},{\"@type\":\"WebSite\",\"@id\":\"https:\/\/bellatourism.com\/tr\/#website\",\"url\":\"https:\/\/bellatourism.com\/tr\/\",\"name\":\"Bella Tourism - Health Tourism In Turkey\",\"description\":\"Bella Tourism\",\"publisher\":{\"@id\":\"https:\/\/bellatourism.com\/tr\/#organization\"},\"potentialAction\":[{\"@type\":\"SearchAction\",\"target\":{\"@type\":\"EntryPoint\",\"urlTemplate\":\"https:\/\/bellatourism.com\/tr\/?s={search_term_string}\"},\"query-input\":{\"@type\":\"PropertyValueSpecification\",\"valueRequired\":true,\"valueName\":\"search_term_string\"}}],\"inLanguage\":\"de\"},{\"@type\":\"Organization\",\"@id\":\"https:\/\/bellatourism.com\/tr\/#organization\",\"name\":\"Bella Tourism - Health Tourism In Turkey\",\"url\":\"https:\/\/bellatourism.com\/tr\/\",\"logo\":{\"@type\":\"ImageObject\",\"inLanguage\":\"de\",\"@id\":\"https:\/\/bellatourism.com\/tr\/#\/schema\/logo\/image\/\",\"url\":\"https:\/\/bellatourism.com\/wp-content\/uploads\/2022\/05\/Bella-Tourism-Logo-Dosyasi-01.png\",\"contentUrl\":\"https:\/\/bellatourism.com\/wp-content\/uploads\/2022\/05\/Bella-Tourism-Logo-Dosyasi-01.png\",\"width\":200,\"height\":84,\"caption\":\"Bella Tourism - Health Tourism In Turkey\"},\"image\":{\"@id\":\"https:\/\/bellatourism.com\/tr\/#\/schema\/logo\/image\/\"},\"sameAs\":[\"https:\/\/www.facebook.com\/bellahealthtourism\",\"https:\/\/www.instagram.com\/bellahealthtourism\/\",\"https:\/\/www.linkedin.com\/company\/bella-health-tourism\/\"]}]}<\/script>\n<!-- \/ Yoast SEO plugin. -->","yoast_head_json":{"title":"Katarakt - Bella Tourism","description":"Die nat\u00fcrliche Augenlinse kann getr\u00fcbt werden, was zu visuellen Problemen wie verschwommenem Sehen, verblassten Farben, Blendung und Sehschwierigkeiten bei schwachem Licht f\u00fchren kann. Dieser Zustand wird als Katarakt bezeichnet.","robots":{"index":"index","follow":"follow","max-snippet":"max-snippet:-1","max-image-preview":"max-image-preview:large","max-video-preview":"max-video-preview:-1"},"canonical":"https:\/\/bellatourism.com\/de\/katarakt\/","og_locale":"de_DE","og_type":"article","og_title":"Katarakt - Bella Tourism","og_description":"Die nat\u00fcrliche Augenlinse kann getr\u00fcbt werden, was zu visuellen Problemen wie verschwommenem Sehen, verblassten Farben, Blendung und Sehschwierigkeiten bei schwachem Licht f\u00fchren kann. Dieser Zustand wird als Katarakt bezeichnet.","og_url":"https:\/\/bellatourism.com\/de\/katarakt\/","og_site_name":"Bella Tourism","article_publisher":"https:\/\/www.facebook.com\/bellahealthtourism","article_modified_time":"2023-03-21T16:54:22+00:00","og_image":[{"width":1600,"height":400,"url":"https:\/\/bellatourism.com\/wp-content\/uploads\/2023\/03\/cataract.webp","type":"image\/webp"}],"twitter_card":"summary_large_image","twitter_misc":{"Gesch\u00e4tzte Lesezeit":"2\u00a0Minuten"},"schema":{"@context":"https:\/\/schema.org","@graph":[{"@type":"WebPage","@id":"https:\/\/bellatourism.com\/de\/katarakt\/","url":"https:\/\/bellatourism.com\/de\/katarakt\/","name":"Katarakt - Bella Tourism","isPartOf":{"@id":"https:\/\/bellatourism.com\/tr\/#website"},"primaryImageOfPage":{"@id":"https:\/\/bellatourism.com\/de\/katarakt\/#primaryimage"},"image":{"@id":"https:\/\/bellatourism.com\/de\/katarakt\/#primaryimage"},"thumbnailUrl":"https:\/\/bellatourism.com\/wp-content\/uploads\/2023\/03\/cataract.webp","datePublished":"2023-03-19T00:46:06+00:00","dateModified":"2023-03-21T16:54:22+00:00","description":"Die nat\u00fcrliche Augenlinse kann getr\u00fcbt werden, was zu visuellen Problemen wie verschwommenem Sehen, verblassten Farben, Blendung und Sehschwierigkeiten bei schwachem Licht f\u00fchren kann. Dieser Zustand wird als Katarakt bezeichnet.","breadcrumb":{"@id":"https:\/\/bellatourism.com\/de\/katarakt\/#breadcrumb"},"inLanguage":"de","potentialAction":[{"@type":"ReadAction","target":["https:\/\/bellatourism.com\/de\/katarakt\/"]}]},{"@type":"ImageObject","inLanguage":"de","@id":"https:\/\/bellatourism.com\/de\/katarakt\/#primaryimage","url":"https:\/\/bellatourism.com\/wp-content\/uploads\/2023\/03\/cataract.webp","contentUrl":"https:\/\/bellatourism.com\/wp-content\/uploads\/2023\/03\/cataract.webp","width":1600,"height":400,"caption":"Cataract"},{"@type":"BreadcrumbList","@id":"https:\/\/bellatourism.com\/de\/katarakt\/#breadcrumb","itemListElement":[{"@type":"ListItem","position":1,"name":"Home","item":"https:\/\/bellatourism.com\/tr\/"},{"@type":"ListItem","position":2,"name":"Katarakt"}]},{"@type":"WebSite","@id":"https:\/\/bellatourism.com\/tr\/#website","url":"https:\/\/bellatourism.com\/tr\/","name":"Bella Tourism - Health Tourism In Turkey","description":"Bella Tourism","publisher":{"@id":"https:\/\/bellatourism.com\/tr\/#organization"},"potentialAction":[{"@type":"SearchAction","target":{"@type":"EntryPoint","urlTemplate":"https:\/\/bellatourism.com\/tr\/?s={search_term_string}"},"query-input":{"@type":"PropertyValueSpecification","valueRequired":true,"valueName":"search_term_string"}}],"inLanguage":"de"},{"@type":"Organization","@id":"https:\/\/bellatourism.com\/tr\/#organization","name":"Bella Tourism - Health Tourism In Turkey","url":"https:\/\/bellatourism.com\/tr\/","logo":{"@type":"ImageObject","inLanguage":"de","@id":"https:\/\/bellatourism.com\/tr\/#\/schema\/logo\/image\/","url":"https:\/\/bellatourism.com\/wp-content\/uploads\/2022\/05\/Bella-Tourism-Logo-Dosyasi-01.png","contentUrl":"https:\/\/bellatourism.com\/wp-content\/uploads\/2022\/05\/Bella-Tourism-Logo-Dosyasi-01.png","width":200,"height":84,"caption":"Bella Tourism - Health Tourism In Turkey"},"image":{"@id":"https:\/\/bellatourism.com\/tr\/#\/schema\/logo\/image\/"},"sameAs":["https:\/\/www.facebook.com\/bellahealthtourism","https:\/\/www.instagram.com\/bellahealthtourism\/","https:\/\/www.linkedin.com\/company\/bella-health-tourism\/"]}]}},"_links":{"self":[{"href":"https:\/\/bellatourism.com\/de\/wp-json\/wp\/v2\/pages\/31144"}],"collection":[{"href":"https:\/\/bellatourism.com\/de\/wp-json\/wp\/v2\/pages"}],"about":[{"href":"https:\/\/bellatourism.com\/de\/wp-json\/wp\/v2\/types\/page"}],"author":[{"embeddable":true,"href":"https:\/\/bellatourism.com\/de\/wp-json\/wp\/v2\/users\/1"}],"replies":[{"embeddable":true,"href":"https:\/\/bellatourism.com\/de\/wp-json\/wp\/v2\/comments?post=31144"}],"version-history":[{"count":1,"href":"https:\/\/bellatourism.com\/de\/wp-json\/wp\/v2\/pages\/31144\/revisions"}],"predecessor-version":[{"id":31971,"href":"https:\/\/bellatourism.com\/de\/wp-json\/wp\/v2\/pages\/31144\/revisions\/31971"}],"wp:featuredmedia":[{"embeddable":true,"href":"https:\/\/bellatourism.com\/de\/wp-json\/wp\/v2\/media\/31140"}],"wp:attachment":[{"href":"https:\/\/bellatourism.com\/de\/wp-json\/wp\/v2\/media?parent=31144"}],"curies":[{"name":"wp","href":"https:\/\/api.w.org\/{rel}","templated":true}]}}