{"id":31135,"date":"2023-03-19T00:31:01","date_gmt":"2023-03-19T00:31:01","guid":{"rendered":"https:\/\/bellatourism.com\/ilasik-intralase-lasik\/"},"modified":"2023-03-19T00:31:01","modified_gmt":"2023-03-19T00:31:01","slug":"ilasik-intralase-lasik","status":"publish","type":"page","link":"https:\/\/bellatourism.com\/de\/ilasik-intralase-lasik\/","title":{"rendered":"iLASIK (Intralase LASIK)"},"content":{"rendered":"<p>die ILASIK-Methode wird verwendet, um Weitsichtigkeit, Metrop und Astigmatismus zu lindern. Die Ilasik-Methode wird individuell geplant und mit der Wavefront- und Idesing-Technologie vorgenommen. Mit Wavefront-Methode wird eine detaillierte Analyse des Auges durchgef\u00fchrt und die Laserbehandlung wird ohne Messer auf das Auge angewendet. Die OP dauert insgesamt 10 Minuten. Einige Tage nach der OP kann verschwommenes Sehen vorkommen. Die vollst\u00e4ndige Heilung erfolgt innerhalb von ca. zwei Wochen nach der OP.<\/p>\n<p>iLASIK ist eine Art von LASIK-Verfahren, das fortschrittliche Technologie verwendet, um eine personalisiertere und pr\u00e4zisere Behandlung zur Sehkorrektur zu erstellen. iLASIK kombiniert zwei Technologien: Wellenfrontanalyse und klingenlose Lasertechnologie.<\/p>\n<p>Die Wellenfrontanalyse ist eine Art diagnostische Technologie, die die einzigartigen Eigenschaften des Auges einer Person abbildet. Diese Karte wird dann verwendet, um den Laser w\u00e4hrend des iLASIK-Verfahrens zu f\u00fchren, was eine pr\u00e4zisere und personalisiertere Behandlung erm\u00f6glicht, die sogar kleine und subtile Sehfehler korrigieren kann.<\/p>\n<p>Die klingenlose Lasertechnologie, auch bekannt als Femtosekunden-Lasertechnologie, wird verwendet, um im ersten Schritt des LASIK-Verfahrens den Hornhaut-Flap zu erzeugen. Diese Technologie verwendet einen Laser, um einen pr\u00e4zisen und gleichm\u00e4\u00dfigen Lappen zu erzeugen, wodurch das Risiko von Komplikationen verringert und die Genauigkeit der Behandlung verbessert wird.<\/p>\n<p>iLASIK hat mehrere Vorteile gegen\u00fcber herk\u00f6mmlichen LASIK-Verfahren. Die Verwendung der Wellenfrontanalyse erm\u00f6glicht eine individuellere und pr\u00e4zisere Behandlung, was zu besseren visuellen Ergebnissen und weniger Nebenwirkungen wie Blendung und Halos f\u00fchren kann. Dar\u00fcber hinaus reduziert die Verwendung von klingenloser Lasertechnologie das Risiko von Komplikationen und erh\u00f6ht die Sicherheit und Genauigkeit des Verfahrens.<\/p>\n<p>Insgesamt ist iLASIK eine sichere und wirksame Option f\u00fcr viele Menschen, die ihre Abh\u00e4ngigkeit von Brillen oder Kontaktlinsen reduzieren m\u00f6chten. Wie bei jedem chirurgischen Eingriff ist es jedoch wichtig, einen qualifizierten Augenarzt zu konsultieren, um festzustellen, ob iLASIK eine geeignete Option f\u00fcr Ihre individuellen Bed\u00fcrfnisse ist.<\/p>\n","protected":false},"excerpt":{"rendered":"<p>die ILASIK-Methode wird verwendet, um Weitsichtigkeit, Metrop und Astigmatismus zu lindern. Die Ilasik-Methode wird individuell geplant und mit der Wavefront- und Idesing-Technologie vorgenommen. Mit Wavefront-Methode wird eine detaillierte Analyse des Auges durchgef\u00fchrt und die Laserbehandlung wird ohne Messer auf das Auge angewendet. Die OP dauert insgesamt 10 Minuten. Einige Tage nach der OP kann verschwommenes [&hellip;]<\/p>\n","protected":false},"author":1,"featured_media":31131,"parent":0,"menu_order":0,"comment_status":"closed","ping_status":"closed","template":"","meta":{"footnotes":""},"yoast_head":"<!-- This site is optimized with the Yoast SEO plugin v23.5 - https:\/\/yoast.com\/wordpress\/plugins\/seo\/ -->\n<title>iLASIK (Intralase LASIK) - Bella Tourism<\/title>\n<meta name=\"description\" content=\"die ILASIK-Methode wird verwendet, um Weitsichtigkeit, Metrop und Astigmatismus zu lindern. Die Ilasik-Methode wird individuell geplant und mit der Wavefront- und Idesing-Technologie vorgenommen.\" \/>\n<meta name=\"robots\" content=\"index, follow, max-snippet:-1, max-image-preview:large, max-video-preview:-1\" \/>\n<link rel=\"canonical\" href=\"https:\/\/bellatourism.com\/de\/ilasik-intralase-lasik\/\" \/>\n<meta property=\"og:locale\" content=\"de_DE\" \/>\n<meta property=\"og:type\" content=\"article\" \/>\n<meta property=\"og:title\" content=\"iLASIK (Intralase LASIK) - Bella Tourism\" \/>\n<meta property=\"og:description\" content=\"die ILASIK-Methode wird verwendet, um Weitsichtigkeit, Metrop und Astigmatismus zu lindern. Die Ilasik-Methode wird individuell geplant und mit der Wavefront- und Idesing-Technologie vorgenommen.\" \/>\n<meta property=\"og:url\" content=\"https:\/\/bellatourism.com\/de\/ilasik-intralase-lasik\/\" \/>\n<meta property=\"og:site_name\" content=\"Bella Tourism\" \/>\n<meta property=\"article:publisher\" content=\"https:\/\/www.facebook.com\/bellahealthtourism\" \/>\n<meta property=\"og:image\" content=\"https:\/\/bellatourism.com\/wp-content\/uploads\/2023\/03\/ilasik.webp\" \/>\n\t<meta property=\"og:image:width\" content=\"1600\" \/>\n\t<meta property=\"og:image:height\" content=\"400\" \/>\n\t<meta property=\"og:image:type\" content=\"image\/webp\" \/>\n<meta name=\"twitter:card\" content=\"summary_large_image\" \/>\n<meta name=\"twitter:label1\" content=\"Gesch\u00e4tzte Lesezeit\" \/>\n\t<meta name=\"twitter:data1\" content=\"2\u00a0Minuten\" \/>\n<script type=\"application\/ld+json\" class=\"yoast-schema-graph\">{\"@context\":\"https:\/\/schema.org\",\"@graph\":[{\"@type\":\"WebPage\",\"@id\":\"https:\/\/bellatourism.com\/de\/ilasik-intralase-lasik\/\",\"url\":\"https:\/\/bellatourism.com\/de\/ilasik-intralase-lasik\/\",\"name\":\"iLASIK (Intralase LASIK) - Bella Tourism\",\"isPartOf\":{\"@id\":\"https:\/\/bellatourism.com\/tr\/#website\"},\"primaryImageOfPage\":{\"@id\":\"https:\/\/bellatourism.com\/de\/ilasik-intralase-lasik\/#primaryimage\"},\"image\":{\"@id\":\"https:\/\/bellatourism.com\/de\/ilasik-intralase-lasik\/#primaryimage\"},\"thumbnailUrl\":\"https:\/\/bellatourism.com\/wp-content\/uploads\/2023\/03\/ilasik.webp\",\"datePublished\":\"2023-03-19T00:31:01+00:00\",\"dateModified\":\"2023-03-19T00:31:01+00:00\",\"description\":\"die ILASIK-Methode wird verwendet, um Weitsichtigkeit, Metrop und Astigmatismus zu lindern. Die Ilasik-Methode wird individuell geplant und mit der Wavefront- und Idesing-Technologie vorgenommen.\",\"breadcrumb\":{\"@id\":\"https:\/\/bellatourism.com\/de\/ilasik-intralase-lasik\/#breadcrumb\"},\"inLanguage\":\"de\",\"potentialAction\":[{\"@type\":\"ReadAction\",\"target\":[\"https:\/\/bellatourism.com\/de\/ilasik-intralase-lasik\/\"]}]},{\"@type\":\"ImageObject\",\"inLanguage\":\"de\",\"@id\":\"https:\/\/bellatourism.com\/de\/ilasik-intralase-lasik\/#primaryimage\",\"url\":\"https:\/\/bellatourism.com\/wp-content\/uploads\/2023\/03\/ilasik.webp\",\"contentUrl\":\"https:\/\/bellatourism.com\/wp-content\/uploads\/2023\/03\/ilasik.webp\",\"width\":1600,\"height\":400,\"caption\":\"iLASIK\"},{\"@type\":\"BreadcrumbList\",\"@id\":\"https:\/\/bellatourism.com\/de\/ilasik-intralase-lasik\/#breadcrumb\",\"itemListElement\":[{\"@type\":\"ListItem\",\"position\":1,\"name\":\"Home\",\"item\":\"https:\/\/bellatourism.com\/tr\/\"},{\"@type\":\"ListItem\",\"position\":2,\"name\":\"iLASIK (Intralase LASIK)\"}]},{\"@type\":\"WebSite\",\"@id\":\"https:\/\/bellatourism.com\/tr\/#website\",\"url\":\"https:\/\/bellatourism.com\/tr\/\",\"name\":\"Bella Tourism - Health Tourism In Turkey\",\"description\":\"Bella Tourism\",\"publisher\":{\"@id\":\"https:\/\/bellatourism.com\/tr\/#organization\"},\"potentialAction\":[{\"@type\":\"SearchAction\",\"target\":{\"@type\":\"EntryPoint\",\"urlTemplate\":\"https:\/\/bellatourism.com\/tr\/?s={search_term_string}\"},\"query-input\":{\"@type\":\"PropertyValueSpecification\",\"valueRequired\":true,\"valueName\":\"search_term_string\"}}],\"inLanguage\":\"de\"},{\"@type\":\"Organization\",\"@id\":\"https:\/\/bellatourism.com\/tr\/#organization\",\"name\":\"Bella Tourism - Health Tourism In Turkey\",\"url\":\"https:\/\/bellatourism.com\/tr\/\",\"logo\":{\"@type\":\"ImageObject\",\"inLanguage\":\"de\",\"@id\":\"https:\/\/bellatourism.com\/tr\/#\/schema\/logo\/image\/\",\"url\":\"https:\/\/bellatourism.com\/wp-content\/uploads\/2022\/05\/Bella-Tourism-Logo-Dosyasi-01.png\",\"contentUrl\":\"https:\/\/bellatourism.com\/wp-content\/uploads\/2022\/05\/Bella-Tourism-Logo-Dosyasi-01.png\",\"width\":200,\"height\":84,\"caption\":\"Bella Tourism - Health Tourism In Turkey\"},\"image\":{\"@id\":\"https:\/\/bellatourism.com\/tr\/#\/schema\/logo\/image\/\"},\"sameAs\":[\"https:\/\/www.facebook.com\/bellahealthtourism\",\"https:\/\/www.instagram.com\/bellahealthtourism\/\",\"https:\/\/www.linkedin.com\/company\/bella-health-tourism\/\"]}]}<\/script>\n<!-- \/ Yoast SEO plugin. -->","yoast_head_json":{"title":"iLASIK (Intralase LASIK) - Bella Tourism","description":"die ILASIK-Methode wird verwendet, um Weitsichtigkeit, Metrop und Astigmatismus zu lindern. Die Ilasik-Methode wird individuell geplant und mit der Wavefront- und Idesing-Technologie vorgenommen.","robots":{"index":"index","follow":"follow","max-snippet":"max-snippet:-1","max-image-preview":"max-image-preview:large","max-video-preview":"max-video-preview:-1"},"canonical":"https:\/\/bellatourism.com\/de\/ilasik-intralase-lasik\/","og_locale":"de_DE","og_type":"article","og_title":"iLASIK (Intralase LASIK) - Bella Tourism","og_description":"die ILASIK-Methode wird verwendet, um Weitsichtigkeit, Metrop und Astigmatismus zu lindern. Die Ilasik-Methode wird individuell geplant und mit der Wavefront- und Idesing-Technologie vorgenommen.","og_url":"https:\/\/bellatourism.com\/de\/ilasik-intralase-lasik\/","og_site_name":"Bella Tourism","article_publisher":"https:\/\/www.facebook.com\/bellahealthtourism","og_image":[{"width":1600,"height":400,"url":"https:\/\/bellatourism.com\/wp-content\/uploads\/2023\/03\/ilasik.webp","type":"image\/webp"}],"twitter_card":"summary_large_image","twitter_misc":{"Gesch\u00e4tzte Lesezeit":"2\u00a0Minuten"},"schema":{"@context":"https:\/\/schema.org","@graph":[{"@type":"WebPage","@id":"https:\/\/bellatourism.com\/de\/ilasik-intralase-lasik\/","url":"https:\/\/bellatourism.com\/de\/ilasik-intralase-lasik\/","name":"iLASIK (Intralase LASIK) - Bella Tourism","isPartOf":{"@id":"https:\/\/bellatourism.com\/tr\/#website"},"primaryImageOfPage":{"@id":"https:\/\/bellatourism.com\/de\/ilasik-intralase-lasik\/#primaryimage"},"image":{"@id":"https:\/\/bellatourism.com\/de\/ilasik-intralase-lasik\/#primaryimage"},"thumbnailUrl":"https:\/\/bellatourism.com\/wp-content\/uploads\/2023\/03\/ilasik.webp","datePublished":"2023-03-19T00:31:01+00:00","dateModified":"2023-03-19T00:31:01+00:00","description":"die ILASIK-Methode wird verwendet, um Weitsichtigkeit, Metrop und Astigmatismus zu lindern. Die Ilasik-Methode wird individuell geplant und mit der Wavefront- und Idesing-Technologie vorgenommen.","breadcrumb":{"@id":"https:\/\/bellatourism.com\/de\/ilasik-intralase-lasik\/#breadcrumb"},"inLanguage":"de","potentialAction":[{"@type":"ReadAction","target":["https:\/\/bellatourism.com\/de\/ilasik-intralase-lasik\/"]}]},{"@type":"ImageObject","inLanguage":"de","@id":"https:\/\/bellatourism.com\/de\/ilasik-intralase-lasik\/#primaryimage","url":"https:\/\/bellatourism.com\/wp-content\/uploads\/2023\/03\/ilasik.webp","contentUrl":"https:\/\/bellatourism.com\/wp-content\/uploads\/2023\/03\/ilasik.webp","width":1600,"height":400,"caption":"iLASIK"},{"@type":"BreadcrumbList","@id":"https:\/\/bellatourism.com\/de\/ilasik-intralase-lasik\/#breadcrumb","itemListElement":[{"@type":"ListItem","position":1,"name":"Home","item":"https:\/\/bellatourism.com\/tr\/"},{"@type":"ListItem","position":2,"name":"iLASIK (Intralase LASIK)"}]},{"@type":"WebSite","@id":"https:\/\/bellatourism.com\/tr\/#website","url":"https:\/\/bellatourism.com\/tr\/","name":"Bella Tourism - Health Tourism In Turkey","description":"Bella Tourism","publisher":{"@id":"https:\/\/bellatourism.com\/tr\/#organization"},"potentialAction":[{"@type":"SearchAction","target":{"@type":"EntryPoint","urlTemplate":"https:\/\/bellatourism.com\/tr\/?s={search_term_string}"},"query-input":{"@type":"PropertyValueSpecification","valueRequired":true,"valueName":"search_term_string"}}],"inLanguage":"de"},{"@type":"Organization","@id":"https:\/\/bellatourism.com\/tr\/#organization","name":"Bella Tourism - Health Tourism In Turkey","url":"https:\/\/bellatourism.com\/tr\/","logo":{"@type":"ImageObject","inLanguage":"de","@id":"https:\/\/bellatourism.com\/tr\/#\/schema\/logo\/image\/","url":"https:\/\/bellatourism.com\/wp-content\/uploads\/2022\/05\/Bella-Tourism-Logo-Dosyasi-01.png","contentUrl":"https:\/\/bellatourism.com\/wp-content\/uploads\/2022\/05\/Bella-Tourism-Logo-Dosyasi-01.png","width":200,"height":84,"caption":"Bella Tourism - Health Tourism In Turkey"},"image":{"@id":"https:\/\/bellatourism.com\/tr\/#\/schema\/logo\/image\/"},"sameAs":["https:\/\/www.facebook.com\/bellahealthtourism","https:\/\/www.instagram.com\/bellahealthtourism\/","https:\/\/www.linkedin.com\/company\/bella-health-tourism\/"]}]}},"_links":{"self":[{"href":"https:\/\/bellatourism.com\/de\/wp-json\/wp\/v2\/pages\/31135"}],"collection":[{"href":"https:\/\/bellatourism.com\/de\/wp-json\/wp\/v2\/pages"}],"about":[{"href":"https:\/\/bellatourism.com\/de\/wp-json\/wp\/v2\/types\/page"}],"author":[{"embeddable":true,"href":"https:\/\/bellatourism.com\/de\/wp-json\/wp\/v2\/users\/1"}],"replies":[{"embeddable":true,"href":"https:\/\/bellatourism.com\/de\/wp-json\/wp\/v2\/comments?post=31135"}],"version-history":[{"count":0,"href":"https:\/\/bellatourism.com\/de\/wp-json\/wp\/v2\/pages\/31135\/revisions"}],"wp:featuredmedia":[{"embeddable":true,"href":"https:\/\/bellatourism.com\/de\/wp-json\/wp\/v2\/media\/31131"}],"wp:attachment":[{"href":"https:\/\/bellatourism.com\/de\/wp-json\/wp\/v2\/media?parent=31135"}],"curies":[{"name":"wp","href":"https:\/\/api.w.org\/{rel}","templated":true}]}}