{"id":31117,"date":"2023-03-18T23:58:01","date_gmt":"2023-03-18T23:58:01","guid":{"rendered":"https:\/\/bellatourism.com\/no-touch-laser\/"},"modified":"2023-03-18T23:58:01","modified_gmt":"2023-03-18T23:58:01","slug":"no-touch-laser","status":"publish","type":"page","link":"https:\/\/bellatourism.com\/de\/no-touch-laser\/","title":{"rendered":"No Touch Laser"},"content":{"rendered":"<p>Der No Touch Laser ist kein chirurgischer Eingriff. Dieser Vorgang wird ohne Augenkontakt durchgef\u00fchrt. Es wird f\u00fcr Personen angewendet, die weitsichtig und kurzsichtig sind. Das Auge wird mit Hilfe von an\u00e4sthetischen Tropfen bet\u00e4ubt und der Eingriff wird innerhalb von einigen Minuten ohne Einschnitt im Auge abgeschlossen.<\/p>\n<p>Bei einigen Augenproblemen wie Netzhautrissen, Netzhautl\u00f6chern und Gitterdegeneration bietet der ber\u00fchrungslose Laseransatz eine weniger invasive Laserbehandlung. F\u00fcr die Operation wird ein spezialisierter Laser verwendet, der pr\u00e4zise, energiearme Lichtimpulse an die betroffene Region des Auges sendet.<\/p>\n<p>Eine angepasste Kontaktlinse wird auf das Auge des Patienten gesetzt, um die Fokussierung des Laserstrahls zu unterst\u00fctzen, w\u00e4hrend das Auge des Patienten w\u00e4hrend der gesamten Behandlung mit einem Lokalan\u00e4sthetikum bet\u00e4ubt wird. Der Riss oder das Loch wird dann versiegelt und an der Ausbreitung gehindert, indem mithilfe des Lasers winzige, punktuelle Verbrennungen an den R\u00e4ndern der besch\u00e4digten Stelle erzeugt werden. Der Patient sollte w\u00e4hrend der Operation keine Schmerzen oder Beschwerden versp\u00fcren, da der Laser pr\u00e4zise und geregelt eingesetzt wird.<\/p>\n<p>Die Tatsache, dass der ber\u00fchrungslose Laseransatz keine Einschnitte oder Injektionen beinhaltet, negiert jede M\u00f6glichkeit einer Infektion oder Narbenbildung. Dies ist einer der Hauptvorteile. Au\u00dferdem kann die Behandlung schnell und einfach ambulant abgeschlossen werden, wobei die Mehrzahl der Patienten ihre normalen Aktivit\u00e4ten sofort wieder aufnehmen kann.<\/p>\n<p>Insgesamt ist der ber\u00fchrungslose Laseransatz eine sichere und effiziente Behandlungsoption f\u00fcr mehrere Augenprobleme, und Patienten bevorzugen ihn h\u00e4ufig, weil er wenig bis gar keinen Schnitt erfordert und schnell heilt. Es ist wichtig zu bedenken, dass nicht alle Augenprobleme mit dieser Methode behandelt werden k\u00f6nnen, daher sollte ein erfahrener Augenexperte die spezifischen Bed\u00fcrfnisse des Patienten beurteilen und die beste Vorgehensweise vorschlagen.<\/p>\n","protected":false},"excerpt":{"rendered":"<p>Der No Touch Laser ist kein chirurgischer Eingriff. Dieser Vorgang wird ohne Augenkontakt durchgef\u00fchrt. Es wird f\u00fcr Personen angewendet, die weitsichtig und kurzsichtig sind. Das Auge wird mit Hilfe von an\u00e4sthetischen Tropfen bet\u00e4ubt und der Eingriff wird innerhalb von einigen Minuten ohne Einschnitt im Auge abgeschlossen. Bei einigen Augenproblemen wie Netzhautrissen, Netzhautl\u00f6chern und Gitterdegeneration bietet [&hellip;]<\/p>\n","protected":false},"author":1,"featured_media":31114,"parent":0,"menu_order":0,"comment_status":"closed","ping_status":"closed","template":"","meta":{"footnotes":""},"yoast_head":"<!-- This site is optimized with the Yoast SEO plugin v23.5 - https:\/\/yoast.com\/wordpress\/plugins\/seo\/ -->\n<title>No Touch Laser - Bella Tourism<\/title>\n<meta name=\"description\" content=\"Der No Touch Laser ist kein chirurgischer Eingriff. Dieser Vorgang wird ohne Augenkontakt durchgef\u00fchrt.\" \/>\n<meta name=\"robots\" content=\"index, follow, max-snippet:-1, max-image-preview:large, max-video-preview:-1\" \/>\n<link rel=\"canonical\" href=\"https:\/\/bellatourism.com\/de\/no-touch-laser\/\" \/>\n<meta property=\"og:locale\" content=\"de_DE\" \/>\n<meta property=\"og:type\" content=\"article\" \/>\n<meta property=\"og:title\" content=\"No Touch Laser - Bella Tourism\" \/>\n<meta property=\"og:description\" content=\"Der No Touch Laser ist kein chirurgischer Eingriff. Dieser Vorgang wird ohne Augenkontakt durchgef\u00fchrt.\" \/>\n<meta property=\"og:url\" content=\"https:\/\/bellatourism.com\/de\/no-touch-laser\/\" \/>\n<meta property=\"og:site_name\" content=\"Bella Tourism\" \/>\n<meta property=\"article:publisher\" content=\"https:\/\/www.facebook.com\/bellahealthtourism\" \/>\n<meta property=\"og:image\" content=\"https:\/\/bellatourism.com\/wp-content\/uploads\/2023\/03\/no-touch-laser.webp\" \/>\n\t<meta property=\"og:image:width\" content=\"1600\" \/>\n\t<meta property=\"og:image:height\" content=\"400\" \/>\n\t<meta property=\"og:image:type\" content=\"image\/webp\" \/>\n<meta name=\"twitter:card\" content=\"summary_large_image\" \/>\n<meta name=\"twitter:label1\" content=\"Gesch\u00e4tzte Lesezeit\" \/>\n\t<meta name=\"twitter:data1\" content=\"1\u00a0Minute\" \/>\n<script type=\"application\/ld+json\" class=\"yoast-schema-graph\">{\"@context\":\"https:\/\/schema.org\",\"@graph\":[{\"@type\":\"WebPage\",\"@id\":\"https:\/\/bellatourism.com\/de\/no-touch-laser\/\",\"url\":\"https:\/\/bellatourism.com\/de\/no-touch-laser\/\",\"name\":\"No Touch Laser - Bella Tourism\",\"isPartOf\":{\"@id\":\"https:\/\/bellatourism.com\/tr\/#website\"},\"primaryImageOfPage\":{\"@id\":\"https:\/\/bellatourism.com\/de\/no-touch-laser\/#primaryimage\"},\"image\":{\"@id\":\"https:\/\/bellatourism.com\/de\/no-touch-laser\/#primaryimage\"},\"thumbnailUrl\":\"https:\/\/bellatourism.com\/wp-content\/uploads\/2023\/03\/no-touch-laser.webp\",\"datePublished\":\"2023-03-18T23:58:01+00:00\",\"dateModified\":\"2023-03-18T23:58:01+00:00\",\"description\":\"Der No Touch Laser ist kein chirurgischer Eingriff. Dieser Vorgang wird ohne Augenkontakt durchgef\u00fchrt.\",\"breadcrumb\":{\"@id\":\"https:\/\/bellatourism.com\/de\/no-touch-laser\/#breadcrumb\"},\"inLanguage\":\"de\",\"potentialAction\":[{\"@type\":\"ReadAction\",\"target\":[\"https:\/\/bellatourism.com\/de\/no-touch-laser\/\"]}]},{\"@type\":\"ImageObject\",\"inLanguage\":\"de\",\"@id\":\"https:\/\/bellatourism.com\/de\/no-touch-laser\/#primaryimage\",\"url\":\"https:\/\/bellatourism.com\/wp-content\/uploads\/2023\/03\/no-touch-laser.webp\",\"contentUrl\":\"https:\/\/bellatourism.com\/wp-content\/uploads\/2023\/03\/no-touch-laser.webp\",\"width\":1600,\"height\":400,\"caption\":\"No Touch Laser\"},{\"@type\":\"BreadcrumbList\",\"@id\":\"https:\/\/bellatourism.com\/de\/no-touch-laser\/#breadcrumb\",\"itemListElement\":[{\"@type\":\"ListItem\",\"position\":1,\"name\":\"Home\",\"item\":\"https:\/\/bellatourism.com\/tr\/\"},{\"@type\":\"ListItem\",\"position\":2,\"name\":\"No Touch Laser\"}]},{\"@type\":\"WebSite\",\"@id\":\"https:\/\/bellatourism.com\/tr\/#website\",\"url\":\"https:\/\/bellatourism.com\/tr\/\",\"name\":\"Bella Tourism - Health Tourism In Turkey\",\"description\":\"Bella Tourism\",\"publisher\":{\"@id\":\"https:\/\/bellatourism.com\/tr\/#organization\"},\"potentialAction\":[{\"@type\":\"SearchAction\",\"target\":{\"@type\":\"EntryPoint\",\"urlTemplate\":\"https:\/\/bellatourism.com\/tr\/?s={search_term_string}\"},\"query-input\":{\"@type\":\"PropertyValueSpecification\",\"valueRequired\":true,\"valueName\":\"search_term_string\"}}],\"inLanguage\":\"de\"},{\"@type\":\"Organization\",\"@id\":\"https:\/\/bellatourism.com\/tr\/#organization\",\"name\":\"Bella Tourism - Health Tourism In Turkey\",\"url\":\"https:\/\/bellatourism.com\/tr\/\",\"logo\":{\"@type\":\"ImageObject\",\"inLanguage\":\"de\",\"@id\":\"https:\/\/bellatourism.com\/tr\/#\/schema\/logo\/image\/\",\"url\":\"https:\/\/bellatourism.com\/wp-content\/uploads\/2022\/05\/Bella-Tourism-Logo-Dosyasi-01.png\",\"contentUrl\":\"https:\/\/bellatourism.com\/wp-content\/uploads\/2022\/05\/Bella-Tourism-Logo-Dosyasi-01.png\",\"width\":200,\"height\":84,\"caption\":\"Bella Tourism - Health Tourism In Turkey\"},\"image\":{\"@id\":\"https:\/\/bellatourism.com\/tr\/#\/schema\/logo\/image\/\"},\"sameAs\":[\"https:\/\/www.facebook.com\/bellahealthtourism\",\"https:\/\/www.instagram.com\/bellahealthtourism\/\",\"https:\/\/www.linkedin.com\/company\/bella-health-tourism\/\"]}]}<\/script>\n<!-- \/ Yoast SEO plugin. -->","yoast_head_json":{"title":"No Touch Laser - Bella Tourism","description":"Der No Touch Laser ist kein chirurgischer Eingriff. Dieser Vorgang wird ohne Augenkontakt durchgef\u00fchrt.","robots":{"index":"index","follow":"follow","max-snippet":"max-snippet:-1","max-image-preview":"max-image-preview:large","max-video-preview":"max-video-preview:-1"},"canonical":"https:\/\/bellatourism.com\/de\/no-touch-laser\/","og_locale":"de_DE","og_type":"article","og_title":"No Touch Laser - Bella Tourism","og_description":"Der No Touch Laser ist kein chirurgischer Eingriff. Dieser Vorgang wird ohne Augenkontakt durchgef\u00fchrt.","og_url":"https:\/\/bellatourism.com\/de\/no-touch-laser\/","og_site_name":"Bella Tourism","article_publisher":"https:\/\/www.facebook.com\/bellahealthtourism","og_image":[{"width":1600,"height":400,"url":"https:\/\/bellatourism.com\/wp-content\/uploads\/2023\/03\/no-touch-laser.webp","type":"image\/webp"}],"twitter_card":"summary_large_image","twitter_misc":{"Gesch\u00e4tzte Lesezeit":"1\u00a0Minute"},"schema":{"@context":"https:\/\/schema.org","@graph":[{"@type":"WebPage","@id":"https:\/\/bellatourism.com\/de\/no-touch-laser\/","url":"https:\/\/bellatourism.com\/de\/no-touch-laser\/","name":"No Touch Laser - Bella Tourism","isPartOf":{"@id":"https:\/\/bellatourism.com\/tr\/#website"},"primaryImageOfPage":{"@id":"https:\/\/bellatourism.com\/de\/no-touch-laser\/#primaryimage"},"image":{"@id":"https:\/\/bellatourism.com\/de\/no-touch-laser\/#primaryimage"},"thumbnailUrl":"https:\/\/bellatourism.com\/wp-content\/uploads\/2023\/03\/no-touch-laser.webp","datePublished":"2023-03-18T23:58:01+00:00","dateModified":"2023-03-18T23:58:01+00:00","description":"Der No Touch Laser ist kein chirurgischer Eingriff. Dieser Vorgang wird ohne Augenkontakt durchgef\u00fchrt.","breadcrumb":{"@id":"https:\/\/bellatourism.com\/de\/no-touch-laser\/#breadcrumb"},"inLanguage":"de","potentialAction":[{"@type":"ReadAction","target":["https:\/\/bellatourism.com\/de\/no-touch-laser\/"]}]},{"@type":"ImageObject","inLanguage":"de","@id":"https:\/\/bellatourism.com\/de\/no-touch-laser\/#primaryimage","url":"https:\/\/bellatourism.com\/wp-content\/uploads\/2023\/03\/no-touch-laser.webp","contentUrl":"https:\/\/bellatourism.com\/wp-content\/uploads\/2023\/03\/no-touch-laser.webp","width":1600,"height":400,"caption":"No Touch Laser"},{"@type":"BreadcrumbList","@id":"https:\/\/bellatourism.com\/de\/no-touch-laser\/#breadcrumb","itemListElement":[{"@type":"ListItem","position":1,"name":"Home","item":"https:\/\/bellatourism.com\/tr\/"},{"@type":"ListItem","position":2,"name":"No Touch Laser"}]},{"@type":"WebSite","@id":"https:\/\/bellatourism.com\/tr\/#website","url":"https:\/\/bellatourism.com\/tr\/","name":"Bella Tourism - Health Tourism In Turkey","description":"Bella Tourism","publisher":{"@id":"https:\/\/bellatourism.com\/tr\/#organization"},"potentialAction":[{"@type":"SearchAction","target":{"@type":"EntryPoint","urlTemplate":"https:\/\/bellatourism.com\/tr\/?s={search_term_string}"},"query-input":{"@type":"PropertyValueSpecification","valueRequired":true,"valueName":"search_term_string"}}],"inLanguage":"de"},{"@type":"Organization","@id":"https:\/\/bellatourism.com\/tr\/#organization","name":"Bella Tourism - Health Tourism In Turkey","url":"https:\/\/bellatourism.com\/tr\/","logo":{"@type":"ImageObject","inLanguage":"de","@id":"https:\/\/bellatourism.com\/tr\/#\/schema\/logo\/image\/","url":"https:\/\/bellatourism.com\/wp-content\/uploads\/2022\/05\/Bella-Tourism-Logo-Dosyasi-01.png","contentUrl":"https:\/\/bellatourism.com\/wp-content\/uploads\/2022\/05\/Bella-Tourism-Logo-Dosyasi-01.png","width":200,"height":84,"caption":"Bella Tourism - Health Tourism In Turkey"},"image":{"@id":"https:\/\/bellatourism.com\/tr\/#\/schema\/logo\/image\/"},"sameAs":["https:\/\/www.facebook.com\/bellahealthtourism","https:\/\/www.instagram.com\/bellahealthtourism\/","https:\/\/www.linkedin.com\/company\/bella-health-tourism\/"]}]}},"_links":{"self":[{"href":"https:\/\/bellatourism.com\/de\/wp-json\/wp\/v2\/pages\/31117"}],"collection":[{"href":"https:\/\/bellatourism.com\/de\/wp-json\/wp\/v2\/pages"}],"about":[{"href":"https:\/\/bellatourism.com\/de\/wp-json\/wp\/v2\/types\/page"}],"author":[{"embeddable":true,"href":"https:\/\/bellatourism.com\/de\/wp-json\/wp\/v2\/users\/1"}],"replies":[{"embeddable":true,"href":"https:\/\/bellatourism.com\/de\/wp-json\/wp\/v2\/comments?post=31117"}],"version-history":[{"count":0,"href":"https:\/\/bellatourism.com\/de\/wp-json\/wp\/v2\/pages\/31117\/revisions"}],"wp:featuredmedia":[{"embeddable":true,"href":"https:\/\/bellatourism.com\/de\/wp-json\/wp\/v2\/media\/31114"}],"wp:attachment":[{"href":"https:\/\/bellatourism.com\/de\/wp-json\/wp\/v2\/media?parent=31117"}],"curies":[{"name":"wp","href":"https:\/\/api.w.org\/{rel}","templated":true}]}}