{"id":31098,"date":"2023-03-18T23:40:25","date_gmt":"2023-03-18T23:40:25","guid":{"rendered":"https:\/\/bellatourism.com\/zirkonium-beschichtung\/"},"modified":"2023-03-18T23:40:25","modified_gmt":"2023-03-18T23:40:25","slug":"zirkonium-beschichtung","status":"publish","type":"page","link":"https:\/\/bellatourism.com\/de\/zirkonium-beschichtung\/","title":{"rendered":"Zirkonium-Beschichtung"},"content":{"rendered":"<p>Zirkonium-beschichtung wird aufgrund der Harmonie des Zahnfleisches und des nat\u00fcrlichen Zahnbildes (Lichtdurchl\u00e4ssigkeit) gegen\u00fcber anderen Porzellanbeschichtungen bevorzugt. Es ist stabil und sie k\u00f6nnen wie Ihre eigenen nat\u00fcrlichen Z\u00e4hne Druck aus\u00fcben. Es f\u00e4rbt das Zahnfleisch nicht grau an, wie bei metallhaltigem Porzellanz\u00e4hnen. Bei dieser Methode werden die Z\u00e4hne geschnitten. Danach werden vor\u00fcbergehende Z\u00e4hne platziert und die Zahnfleischanpassung wird erreicht. Nachdem die Abmessungen vorgenommen werden, werden entsprechende Zirkoniumbeschichtungen erhalten. Der Behandlungsvorgang dauert nach dem Design max.10 Tage, zusammen mit Kontrollen und erforderlichen Korrekturen.<\/p>\n<p>Zahnrestaurationen aus Vollkeramik oder Porcelain-Fused-to-Metal (PFM) werden h\u00e4ufig mit einer Zirkoniumbeschichtung hergestellt. Zirkonium wird in vollkeramischen Restaurationen verwendet, um eine solide und langlebige Grundlage zu schaffen, die die oberste Schicht aus zahnfarbenem Keramikmaterial st\u00fctzt. Vor dem Aufbringen der Porzellanschicht in VMK-Restaurationen wird eine d\u00fcnne Schicht Zirkonium auf die Oberfl\u00e4che des Metallger\u00fcsts aufgetragen, um eine zahnfarbene Restauration zu erzeugen.<\/p>\n<p>Vergleicht man die Zirkonbeschichtung mit anderen Zahnreparaturmaterialien, gibt es eine Reihe von Vorteilen. Aufgrund der hohen Biokompatibilit\u00e4t von Zirkonium treten weniger allergische Reaktionen und orale Reizungen auf. Dar\u00fcber hinaus ist es extrem widerstandsf\u00e4hig gegen Kau- und Bei\u00dfdruck sowie langfristigen Verschlei\u00df und Korrosion. Dar\u00fcber hinaus ist Zirkonium ein fantastisches Material f\u00fcr die Herstellung von hochkosmetischen Zahnrestaurationen, da es der Farbe und Transluzenz nat\u00fcrlicher Z\u00e4hne sehr \u00e4hnlich ist.<\/p>\n<p>Insgesamt ist die Zirkonbeschichtung ein sehr anspruchsvolles und anpassungsf\u00e4higes Material, das mehrere Vorteile f\u00fcr Zahnrestaurationen bietet. Es wird h\u00e4ufig in der modernen Zahnheilkunde verwendet, um unglaublich starke und realistisch aussehende Zahnrestaurationen herzustellen, die sowohl die Sch\u00f6nheit als auch die Funktion des L\u00e4chelns eines Patienten verbessern k\u00f6nnen. Wie bei jedem zahn\u00e4rztlichen Verfahren ist es wichtig, mit einem ausgebildeten Dentalexperten zu sprechen, um festzustellen, ob die Zirkoniumbeschichtung f\u00fcr Ihre speziellen Anforderungen geeignet ist.<\/p>\n","protected":false},"excerpt":{"rendered":"<p>Zirkonium-beschichtung wird aufgrund der Harmonie des Zahnfleisches und des nat\u00fcrlichen Zahnbildes (Lichtdurchl\u00e4ssigkeit) gegen\u00fcber anderen Porzellanbeschichtungen bevorzugt. Es ist stabil und sie k\u00f6nnen wie Ihre eigenen nat\u00fcrlichen Z\u00e4hne Druck aus\u00fcben. Es f\u00e4rbt das Zahnfleisch nicht grau an, wie bei metallhaltigem Porzellanz\u00e4hnen. Bei dieser Methode werden die Z\u00e4hne geschnitten. Danach werden vor\u00fcbergehende Z\u00e4hne platziert und die Zahnfleischanpassung [&hellip;]<\/p>\n","protected":false},"author":1,"featured_media":31045,"parent":0,"menu_order":0,"comment_status":"closed","ping_status":"closed","template":"","meta":{"footnotes":""},"yoast_head":"<!-- This site is optimized with the Yoast SEO plugin v23.5 - https:\/\/yoast.com\/wordpress\/plugins\/seo\/ -->\n<title>Zirkonium-Beschichtung - Bella Tourism<\/title>\n<meta name=\"description\" content=\"Zirkonium-beschichtung wird aufgrund der Harmonie des Zahnfleisches und des nat\u00fcrlichen Zahnbildes (Lichtdurchl\u00e4ssigkeit) gegen\u00fcber anderen Porzellanbeschichtungen bevorzugt.\" \/>\n<meta name=\"robots\" content=\"index, follow, max-snippet:-1, max-image-preview:large, max-video-preview:-1\" \/>\n<link rel=\"canonical\" href=\"https:\/\/bellatourism.com\/de\/zirkonium-beschichtung\/\" \/>\n<meta property=\"og:locale\" content=\"de_DE\" \/>\n<meta property=\"og:type\" content=\"article\" \/>\n<meta property=\"og:title\" content=\"Zirkonium-Beschichtung - Bella Tourism\" \/>\n<meta property=\"og:description\" content=\"Zirkonium-beschichtung wird aufgrund der Harmonie des Zahnfleisches und des nat\u00fcrlichen Zahnbildes (Lichtdurchl\u00e4ssigkeit) gegen\u00fcber anderen Porzellanbeschichtungen bevorzugt.\" \/>\n<meta property=\"og:url\" content=\"https:\/\/bellatourism.com\/de\/zirkonium-beschichtung\/\" \/>\n<meta property=\"og:site_name\" content=\"Bella Tourism\" \/>\n<meta property=\"article:publisher\" content=\"https:\/\/www.facebook.com\/bellahealthtourism\" \/>\n<meta property=\"og:image\" content=\"https:\/\/bellatourism.com\/wp-content\/uploads\/2023\/03\/smile-design.webp\" \/>\n\t<meta property=\"og:image:width\" content=\"1600\" \/>\n\t<meta property=\"og:image:height\" content=\"400\" \/>\n\t<meta property=\"og:image:type\" content=\"image\/webp\" \/>\n<meta name=\"twitter:card\" content=\"summary_large_image\" \/>\n<meta name=\"twitter:label1\" content=\"Gesch\u00e4tzte Lesezeit\" \/>\n\t<meta name=\"twitter:data1\" content=\"2\u00a0Minuten\" \/>\n<script type=\"application\/ld+json\" class=\"yoast-schema-graph\">{\"@context\":\"https:\/\/schema.org\",\"@graph\":[{\"@type\":\"WebPage\",\"@id\":\"https:\/\/bellatourism.com\/de\/zirkonium-beschichtung\/\",\"url\":\"https:\/\/bellatourism.com\/de\/zirkonium-beschichtung\/\",\"name\":\"Zirkonium-Beschichtung - Bella Tourism\",\"isPartOf\":{\"@id\":\"https:\/\/bellatourism.com\/tr\/#website\"},\"primaryImageOfPage\":{\"@id\":\"https:\/\/bellatourism.com\/de\/zirkonium-beschichtung\/#primaryimage\"},\"image\":{\"@id\":\"https:\/\/bellatourism.com\/de\/zirkonium-beschichtung\/#primaryimage\"},\"thumbnailUrl\":\"https:\/\/bellatourism.com\/wp-content\/uploads\/2023\/03\/smile-design.webp\",\"datePublished\":\"2023-03-18T23:40:25+00:00\",\"dateModified\":\"2023-03-18T23:40:25+00:00\",\"description\":\"Zirkonium-beschichtung wird aufgrund der Harmonie des Zahnfleisches und des nat\u00fcrlichen Zahnbildes (Lichtdurchl\u00e4ssigkeit) gegen\u00fcber anderen Porzellanbeschichtungen bevorzugt.\",\"breadcrumb\":{\"@id\":\"https:\/\/bellatourism.com\/de\/zirkonium-beschichtung\/#breadcrumb\"},\"inLanguage\":\"de\",\"potentialAction\":[{\"@type\":\"ReadAction\",\"target\":[\"https:\/\/bellatourism.com\/de\/zirkonium-beschichtung\/\"]}]},{\"@type\":\"ImageObject\",\"inLanguage\":\"de\",\"@id\":\"https:\/\/bellatourism.com\/de\/zirkonium-beschichtung\/#primaryimage\",\"url\":\"https:\/\/bellatourism.com\/wp-content\/uploads\/2023\/03\/smile-design.webp\",\"contentUrl\":\"https:\/\/bellatourism.com\/wp-content\/uploads\/2023\/03\/smile-design.webp\",\"width\":1600,\"height\":400,\"caption\":\"Smile Design\"},{\"@type\":\"BreadcrumbList\",\"@id\":\"https:\/\/bellatourism.com\/de\/zirkonium-beschichtung\/#breadcrumb\",\"itemListElement\":[{\"@type\":\"ListItem\",\"position\":1,\"name\":\"Home\",\"item\":\"https:\/\/bellatourism.com\/tr\/\"},{\"@type\":\"ListItem\",\"position\":2,\"name\":\"Zirkonium-Beschichtung\"}]},{\"@type\":\"WebSite\",\"@id\":\"https:\/\/bellatourism.com\/tr\/#website\",\"url\":\"https:\/\/bellatourism.com\/tr\/\",\"name\":\"Bella Tourism - Health Tourism In Turkey\",\"description\":\"Bella Tourism\",\"publisher\":{\"@id\":\"https:\/\/bellatourism.com\/tr\/#organization\"},\"potentialAction\":[{\"@type\":\"SearchAction\",\"target\":{\"@type\":\"EntryPoint\",\"urlTemplate\":\"https:\/\/bellatourism.com\/tr\/?s={search_term_string}\"},\"query-input\":{\"@type\":\"PropertyValueSpecification\",\"valueRequired\":true,\"valueName\":\"search_term_string\"}}],\"inLanguage\":\"de\"},{\"@type\":\"Organization\",\"@id\":\"https:\/\/bellatourism.com\/tr\/#organization\",\"name\":\"Bella Tourism - Health Tourism In Turkey\",\"url\":\"https:\/\/bellatourism.com\/tr\/\",\"logo\":{\"@type\":\"ImageObject\",\"inLanguage\":\"de\",\"@id\":\"https:\/\/bellatourism.com\/tr\/#\/schema\/logo\/image\/\",\"url\":\"https:\/\/bellatourism.com\/wp-content\/uploads\/2022\/05\/Bella-Tourism-Logo-Dosyasi-01.png\",\"contentUrl\":\"https:\/\/bellatourism.com\/wp-content\/uploads\/2022\/05\/Bella-Tourism-Logo-Dosyasi-01.png\",\"width\":200,\"height\":84,\"caption\":\"Bella Tourism - Health Tourism In Turkey\"},\"image\":{\"@id\":\"https:\/\/bellatourism.com\/tr\/#\/schema\/logo\/image\/\"},\"sameAs\":[\"https:\/\/www.facebook.com\/bellahealthtourism\",\"https:\/\/www.instagram.com\/bellahealthtourism\/\",\"https:\/\/www.linkedin.com\/company\/bella-health-tourism\/\"]}]}<\/script>\n<!-- \/ Yoast SEO plugin. -->","yoast_head_json":{"title":"Zirkonium-Beschichtung - Bella Tourism","description":"Zirkonium-beschichtung wird aufgrund der Harmonie des Zahnfleisches und des nat\u00fcrlichen Zahnbildes (Lichtdurchl\u00e4ssigkeit) gegen\u00fcber anderen Porzellanbeschichtungen bevorzugt.","robots":{"index":"index","follow":"follow","max-snippet":"max-snippet:-1","max-image-preview":"max-image-preview:large","max-video-preview":"max-video-preview:-1"},"canonical":"https:\/\/bellatourism.com\/de\/zirkonium-beschichtung\/","og_locale":"de_DE","og_type":"article","og_title":"Zirkonium-Beschichtung - Bella Tourism","og_description":"Zirkonium-beschichtung wird aufgrund der Harmonie des Zahnfleisches und des nat\u00fcrlichen Zahnbildes (Lichtdurchl\u00e4ssigkeit) gegen\u00fcber anderen Porzellanbeschichtungen bevorzugt.","og_url":"https:\/\/bellatourism.com\/de\/zirkonium-beschichtung\/","og_site_name":"Bella Tourism","article_publisher":"https:\/\/www.facebook.com\/bellahealthtourism","og_image":[{"width":1600,"height":400,"url":"https:\/\/bellatourism.com\/wp-content\/uploads\/2023\/03\/smile-design.webp","type":"image\/webp"}],"twitter_card":"summary_large_image","twitter_misc":{"Gesch\u00e4tzte Lesezeit":"2\u00a0Minuten"},"schema":{"@context":"https:\/\/schema.org","@graph":[{"@type":"WebPage","@id":"https:\/\/bellatourism.com\/de\/zirkonium-beschichtung\/","url":"https:\/\/bellatourism.com\/de\/zirkonium-beschichtung\/","name":"Zirkonium-Beschichtung - Bella Tourism","isPartOf":{"@id":"https:\/\/bellatourism.com\/tr\/#website"},"primaryImageOfPage":{"@id":"https:\/\/bellatourism.com\/de\/zirkonium-beschichtung\/#primaryimage"},"image":{"@id":"https:\/\/bellatourism.com\/de\/zirkonium-beschichtung\/#primaryimage"},"thumbnailUrl":"https:\/\/bellatourism.com\/wp-content\/uploads\/2023\/03\/smile-design.webp","datePublished":"2023-03-18T23:40:25+00:00","dateModified":"2023-03-18T23:40:25+00:00","description":"Zirkonium-beschichtung wird aufgrund der Harmonie des Zahnfleisches und des nat\u00fcrlichen Zahnbildes (Lichtdurchl\u00e4ssigkeit) gegen\u00fcber anderen Porzellanbeschichtungen bevorzugt.","breadcrumb":{"@id":"https:\/\/bellatourism.com\/de\/zirkonium-beschichtung\/#breadcrumb"},"inLanguage":"de","potentialAction":[{"@type":"ReadAction","target":["https:\/\/bellatourism.com\/de\/zirkonium-beschichtung\/"]}]},{"@type":"ImageObject","inLanguage":"de","@id":"https:\/\/bellatourism.com\/de\/zirkonium-beschichtung\/#primaryimage","url":"https:\/\/bellatourism.com\/wp-content\/uploads\/2023\/03\/smile-design.webp","contentUrl":"https:\/\/bellatourism.com\/wp-content\/uploads\/2023\/03\/smile-design.webp","width":1600,"height":400,"caption":"Smile Design"},{"@type":"BreadcrumbList","@id":"https:\/\/bellatourism.com\/de\/zirkonium-beschichtung\/#breadcrumb","itemListElement":[{"@type":"ListItem","position":1,"name":"Home","item":"https:\/\/bellatourism.com\/tr\/"},{"@type":"ListItem","position":2,"name":"Zirkonium-Beschichtung"}]},{"@type":"WebSite","@id":"https:\/\/bellatourism.com\/tr\/#website","url":"https:\/\/bellatourism.com\/tr\/","name":"Bella Tourism - Health Tourism In Turkey","description":"Bella Tourism","publisher":{"@id":"https:\/\/bellatourism.com\/tr\/#organization"},"potentialAction":[{"@type":"SearchAction","target":{"@type":"EntryPoint","urlTemplate":"https:\/\/bellatourism.com\/tr\/?s={search_term_string}"},"query-input":{"@type":"PropertyValueSpecification","valueRequired":true,"valueName":"search_term_string"}}],"inLanguage":"de"},{"@type":"Organization","@id":"https:\/\/bellatourism.com\/tr\/#organization","name":"Bella Tourism - Health Tourism In Turkey","url":"https:\/\/bellatourism.com\/tr\/","logo":{"@type":"ImageObject","inLanguage":"de","@id":"https:\/\/bellatourism.com\/tr\/#\/schema\/logo\/image\/","url":"https:\/\/bellatourism.com\/wp-content\/uploads\/2022\/05\/Bella-Tourism-Logo-Dosyasi-01.png","contentUrl":"https:\/\/bellatourism.com\/wp-content\/uploads\/2022\/05\/Bella-Tourism-Logo-Dosyasi-01.png","width":200,"height":84,"caption":"Bella Tourism - Health Tourism In Turkey"},"image":{"@id":"https:\/\/bellatourism.com\/tr\/#\/schema\/logo\/image\/"},"sameAs":["https:\/\/www.facebook.com\/bellahealthtourism","https:\/\/www.instagram.com\/bellahealthtourism\/","https:\/\/www.linkedin.com\/company\/bella-health-tourism\/"]}]}},"_links":{"self":[{"href":"https:\/\/bellatourism.com\/de\/wp-json\/wp\/v2\/pages\/31098"}],"collection":[{"href":"https:\/\/bellatourism.com\/de\/wp-json\/wp\/v2\/pages"}],"about":[{"href":"https:\/\/bellatourism.com\/de\/wp-json\/wp\/v2\/types\/page"}],"author":[{"embeddable":true,"href":"https:\/\/bellatourism.com\/de\/wp-json\/wp\/v2\/users\/1"}],"replies":[{"embeddable":true,"href":"https:\/\/bellatourism.com\/de\/wp-json\/wp\/v2\/comments?post=31098"}],"version-history":[{"count":0,"href":"https:\/\/bellatourism.com\/de\/wp-json\/wp\/v2\/pages\/31098\/revisions"}],"wp:featuredmedia":[{"embeddable":true,"href":"https:\/\/bellatourism.com\/de\/wp-json\/wp\/v2\/media\/31045"}],"wp:attachment":[{"href":"https:\/\/bellatourism.com\/de\/wp-json\/wp\/v2\/media?parent=31098"}],"curies":[{"name":"wp","href":"https:\/\/api.w.org\/{rel}","templated":true}]}}