{"id":30737,"date":"2022-02-07T11:26:05","date_gmt":"2022-02-07T11:26:05","guid":{"rendered":"https:\/\/bellatourism.com\/nachsorge-nach-der-behandlung\/"},"modified":"2023-03-10T14:17:23","modified_gmt":"2023-03-10T14:17:23","slug":"nachsorge-nach-der-behandlung","status":"publish","type":"page","link":"https:\/\/bellatourism.com\/de\/nachsorge-nach-der-behandlung\/","title":{"rendered":"Nachsorge nach der Behandlung"},"content":{"rendered":"<p>[vc_row][vc_column width=&#8220;1\/2&#8243;][vc_single_image image=&#8220;30113&#8243; img_size=&#8220;full&#8220;][\/vc_column][vc_column width=&#8220;1\/2&#8243;][dt_sc_simple_heading type=&#8220;bottom-separator&#8220; tag=&#8220;h1&#8243; text=&#8220;Follow-up After Treatment&#8220; subtag=&#8220;h4&#8243; subtext=&#8220;&#8220;]Lorem ipsum dolor sit amet, consectetur adipiscing elit. Morbi[\/dt_sc_simple_heading][dt_sc_empty_space margin_lg=&#8220;10&#8243; margin_md=&#8220;50&#8243; margin_sm=&#8220;50&#8243; margin_xs=&#8220;50&#8243; el_id=&#8220;1644852402580-0de9937a-61ab&#8220;][vc_column_text]<span style=\"font-weight: 400;\">Als Bella Tourism \u00fcberwachen wir den Prozess aller Patienten, die durch uns in der T\u00fcrkei behandelt werden auch nach den durchgef\u00fchrten OPs. Wir verfolgen alle Informationen, Unterlagen und Aufzeichnungen, die f\u00fcr die Kontrollen nach den OPs erforderlich sind u. halten die Kommunikation jederzeit aktiv. Alle Fragen, die Patienten au\u00dferhalb der Kontrollen haben, k\u00f6nnen sich jederzeit an unsere 7\/24 bereitstehende Internationale Patienten-Dienstleistungen-Abteilung wenden.<\/span>[\/vc_column_text][\/vc_column][\/vc_row]<\/p>\n","protected":false},"excerpt":{"rendered":"<p>[vc_row][vc_column width=&#8220;1\/2&#8243;][vc_single_image image=&#8220;30113&#8243; img_size=&#8220;full&#8220;][\/vc_column][vc_column width=&#8220;1\/2&#8243;][dt_sc_simple_heading type=&#8220;bottom-separator&#8220; tag=&#8220;h1&#8243; text=&#8220;Follow-up After Treatment&#8220; subtag=&#8220;h4&#8243; subtext=&#8220;&#8220;]Lorem ipsum dolor sit amet, consectetur adipiscing elit. Morbi[\/dt_sc_simple_heading][dt_sc_empty_space margin_lg=&#8220;10&#8243; margin_md=&#8220;50&#8243; margin_sm=&#8220;50&#8243; margin_xs=&#8220;50&#8243; el_id=&#8220;1644852402580-0de9937a-61ab&#8220;][vc_column_text]Als Bella Tourism \u00fcberwachen wir den Prozess aller Patienten, die durch uns in der T\u00fcrkei behandelt werden auch nach den durchgef\u00fchrten OPs. Wir verfolgen alle Informationen, Unterlagen und Aufzeichnungen, die f\u00fcr [&hellip;]<\/p>\n","protected":false},"author":1,"featured_media":0,"parent":0,"menu_order":5,"comment_status":"closed","ping_status":"closed","template":"","meta":{"footnotes":""},"yoast_head":"<!-- This site is optimized with the Yoast SEO plugin v23.5 - https:\/\/yoast.com\/wordpress\/plugins\/seo\/ -->\n<title>Nachsorge nach der Behandlung - Bella Tourism<\/title>\n<meta name=\"robots\" content=\"index, follow, max-snippet:-1, max-image-preview:large, max-video-preview:-1\" \/>\n<link rel=\"canonical\" href=\"https:\/\/bellatourism.com\/de\/nachsorge-nach-der-behandlung\/\" \/>\n<meta property=\"og:locale\" content=\"de_DE\" \/>\n<meta property=\"og:type\" content=\"article\" \/>\n<meta property=\"og:title\" content=\"Nachsorge nach der Behandlung - Bella Tourism\" \/>\n<meta property=\"og:description\" content=\"[vc_row][vc_column width=&#8220;1\/2&#8243;][vc_single_image image=&#8220;30113&#8243; img_size=&#8220;full&#8220;][\/vc_column][vc_column width=&#8220;1\/2&#8243;][dt_sc_simple_heading type=&#8220;bottom-separator&#8220; tag=&#8220;h1&#8243; text=&#8220;Follow-up After Treatment&#8220; subtag=&#8220;h4&#8243; subtext=&#8220;&#8220;]Lorem ipsum dolor sit amet, consectetur adipiscing elit. Morbi[\/dt_sc_simple_heading][dt_sc_empty_space margin_lg=&#8220;10&#8243; margin_md=&#8220;50&#8243; margin_sm=&#8220;50&#8243; margin_xs=&#8220;50&#8243; el_id=&#8220;1644852402580-0de9937a-61ab&#8220;][vc_column_text]Als Bella Tourism \u00fcberwachen wir den Prozess aller Patienten, die durch uns in der T\u00fcrkei behandelt werden auch nach den durchgef\u00fchrten OPs. Wir verfolgen alle Informationen, Unterlagen und Aufzeichnungen, die f\u00fcr [&hellip;]\" \/>\n<meta property=\"og:url\" content=\"https:\/\/bellatourism.com\/de\/nachsorge-nach-der-behandlung\/\" \/>\n<meta property=\"og:site_name\" content=\"Bella Tourism\" \/>\n<meta property=\"article:publisher\" content=\"https:\/\/www.facebook.com\/bellahealthtourism\" \/>\n<meta property=\"article:modified_time\" content=\"2023-03-10T14:17:23+00:00\" \/>\n<meta name=\"twitter:card\" content=\"summary_large_image\" \/>\n<meta name=\"twitter:label1\" content=\"Gesch\u00e4tzte Lesezeit\" \/>\n\t<meta name=\"twitter:data1\" content=\"1\u00a0Minute\" \/>\n<script type=\"application\/ld+json\" class=\"yoast-schema-graph\">{\"@context\":\"https:\/\/schema.org\",\"@graph\":[{\"@type\":\"WebPage\",\"@id\":\"https:\/\/bellatourism.com\/de\/nachsorge-nach-der-behandlung\/\",\"url\":\"https:\/\/bellatourism.com\/de\/nachsorge-nach-der-behandlung\/\",\"name\":\"Nachsorge nach der Behandlung - Bella Tourism\",\"isPartOf\":{\"@id\":\"https:\/\/bellatourism.com\/tr\/#website\"},\"datePublished\":\"2022-02-07T11:26:05+00:00\",\"dateModified\":\"2023-03-10T14:17:23+00:00\",\"breadcrumb\":{\"@id\":\"https:\/\/bellatourism.com\/de\/nachsorge-nach-der-behandlung\/#breadcrumb\"},\"inLanguage\":\"de\",\"potentialAction\":[{\"@type\":\"ReadAction\",\"target\":[\"https:\/\/bellatourism.com\/de\/nachsorge-nach-der-behandlung\/\"]}]},{\"@type\":\"BreadcrumbList\",\"@id\":\"https:\/\/bellatourism.com\/de\/nachsorge-nach-der-behandlung\/#breadcrumb\",\"itemListElement\":[{\"@type\":\"ListItem\",\"position\":1,\"name\":\"Home\",\"item\":\"https:\/\/bellatourism.com\/tr\/\"},{\"@type\":\"ListItem\",\"position\":2,\"name\":\"Nachsorge nach der Behandlung\"}]},{\"@type\":\"WebSite\",\"@id\":\"https:\/\/bellatourism.com\/tr\/#website\",\"url\":\"https:\/\/bellatourism.com\/tr\/\",\"name\":\"Bella Tourism - Health Tourism In Turkey\",\"description\":\"Bella Tourism\",\"publisher\":{\"@id\":\"https:\/\/bellatourism.com\/tr\/#organization\"},\"potentialAction\":[{\"@type\":\"SearchAction\",\"target\":{\"@type\":\"EntryPoint\",\"urlTemplate\":\"https:\/\/bellatourism.com\/tr\/?s={search_term_string}\"},\"query-input\":{\"@type\":\"PropertyValueSpecification\",\"valueRequired\":true,\"valueName\":\"search_term_string\"}}],\"inLanguage\":\"de\"},{\"@type\":\"Organization\",\"@id\":\"https:\/\/bellatourism.com\/tr\/#organization\",\"name\":\"Bella Tourism - Health Tourism In Turkey\",\"url\":\"https:\/\/bellatourism.com\/tr\/\",\"logo\":{\"@type\":\"ImageObject\",\"inLanguage\":\"de\",\"@id\":\"https:\/\/bellatourism.com\/tr\/#\/schema\/logo\/image\/\",\"url\":\"https:\/\/bellatourism.com\/wp-content\/uploads\/2022\/05\/Bella-Tourism-Logo-Dosyasi-01.png\",\"contentUrl\":\"https:\/\/bellatourism.com\/wp-content\/uploads\/2022\/05\/Bella-Tourism-Logo-Dosyasi-01.png\",\"width\":200,\"height\":84,\"caption\":\"Bella Tourism - Health Tourism In Turkey\"},\"image\":{\"@id\":\"https:\/\/bellatourism.com\/tr\/#\/schema\/logo\/image\/\"},\"sameAs\":[\"https:\/\/www.facebook.com\/bellahealthtourism\",\"https:\/\/www.instagram.com\/bellahealthtourism\/\",\"https:\/\/www.linkedin.com\/company\/bella-health-tourism\/\"]}]}<\/script>\n<!-- \/ Yoast SEO plugin. -->","yoast_head_json":{"title":"Nachsorge nach der Behandlung - Bella Tourism","robots":{"index":"index","follow":"follow","max-snippet":"max-snippet:-1","max-image-preview":"max-image-preview:large","max-video-preview":"max-video-preview:-1"},"canonical":"https:\/\/bellatourism.com\/de\/nachsorge-nach-der-behandlung\/","og_locale":"de_DE","og_type":"article","og_title":"Nachsorge nach der Behandlung - Bella Tourism","og_description":"[vc_row][vc_column width=&#8220;1\/2&#8243;][vc_single_image image=&#8220;30113&#8243; img_size=&#8220;full&#8220;][\/vc_column][vc_column width=&#8220;1\/2&#8243;][dt_sc_simple_heading type=&#8220;bottom-separator&#8220; tag=&#8220;h1&#8243; text=&#8220;Follow-up After Treatment&#8220; subtag=&#8220;h4&#8243; subtext=&#8220;&#8220;]Lorem ipsum dolor sit amet, consectetur adipiscing elit. Morbi[\/dt_sc_simple_heading][dt_sc_empty_space margin_lg=&#8220;10&#8243; margin_md=&#8220;50&#8243; margin_sm=&#8220;50&#8243; margin_xs=&#8220;50&#8243; el_id=&#8220;1644852402580-0de9937a-61ab&#8220;][vc_column_text]Als Bella Tourism \u00fcberwachen wir den Prozess aller Patienten, die durch uns in der T\u00fcrkei behandelt werden auch nach den durchgef\u00fchrten OPs. Wir verfolgen alle Informationen, Unterlagen und Aufzeichnungen, die f\u00fcr [&hellip;]","og_url":"https:\/\/bellatourism.com\/de\/nachsorge-nach-der-behandlung\/","og_site_name":"Bella Tourism","article_publisher":"https:\/\/www.facebook.com\/bellahealthtourism","article_modified_time":"2023-03-10T14:17:23+00:00","twitter_card":"summary_large_image","twitter_misc":{"Gesch\u00e4tzte Lesezeit":"1\u00a0Minute"},"schema":{"@context":"https:\/\/schema.org","@graph":[{"@type":"WebPage","@id":"https:\/\/bellatourism.com\/de\/nachsorge-nach-der-behandlung\/","url":"https:\/\/bellatourism.com\/de\/nachsorge-nach-der-behandlung\/","name":"Nachsorge nach der Behandlung - Bella Tourism","isPartOf":{"@id":"https:\/\/bellatourism.com\/tr\/#website"},"datePublished":"2022-02-07T11:26:05+00:00","dateModified":"2023-03-10T14:17:23+00:00","breadcrumb":{"@id":"https:\/\/bellatourism.com\/de\/nachsorge-nach-der-behandlung\/#breadcrumb"},"inLanguage":"de","potentialAction":[{"@type":"ReadAction","target":["https:\/\/bellatourism.com\/de\/nachsorge-nach-der-behandlung\/"]}]},{"@type":"BreadcrumbList","@id":"https:\/\/bellatourism.com\/de\/nachsorge-nach-der-behandlung\/#breadcrumb","itemListElement":[{"@type":"ListItem","position":1,"name":"Home","item":"https:\/\/bellatourism.com\/tr\/"},{"@type":"ListItem","position":2,"name":"Nachsorge nach der Behandlung"}]},{"@type":"WebSite","@id":"https:\/\/bellatourism.com\/tr\/#website","url":"https:\/\/bellatourism.com\/tr\/","name":"Bella Tourism - Health Tourism In Turkey","description":"Bella Tourism","publisher":{"@id":"https:\/\/bellatourism.com\/tr\/#organization"},"potentialAction":[{"@type":"SearchAction","target":{"@type":"EntryPoint","urlTemplate":"https:\/\/bellatourism.com\/tr\/?s={search_term_string}"},"query-input":{"@type":"PropertyValueSpecification","valueRequired":true,"valueName":"search_term_string"}}],"inLanguage":"de"},{"@type":"Organization","@id":"https:\/\/bellatourism.com\/tr\/#organization","name":"Bella Tourism - Health Tourism In Turkey","url":"https:\/\/bellatourism.com\/tr\/","logo":{"@type":"ImageObject","inLanguage":"de","@id":"https:\/\/bellatourism.com\/tr\/#\/schema\/logo\/image\/","url":"https:\/\/bellatourism.com\/wp-content\/uploads\/2022\/05\/Bella-Tourism-Logo-Dosyasi-01.png","contentUrl":"https:\/\/bellatourism.com\/wp-content\/uploads\/2022\/05\/Bella-Tourism-Logo-Dosyasi-01.png","width":200,"height":84,"caption":"Bella Tourism - Health Tourism In Turkey"},"image":{"@id":"https:\/\/bellatourism.com\/tr\/#\/schema\/logo\/image\/"},"sameAs":["https:\/\/www.facebook.com\/bellahealthtourism","https:\/\/www.instagram.com\/bellahealthtourism\/","https:\/\/www.linkedin.com\/company\/bella-health-tourism\/"]}]}},"_links":{"self":[{"href":"https:\/\/bellatourism.com\/de\/wp-json\/wp\/v2\/pages\/30737"}],"collection":[{"href":"https:\/\/bellatourism.com\/de\/wp-json\/wp\/v2\/pages"}],"about":[{"href":"https:\/\/bellatourism.com\/de\/wp-json\/wp\/v2\/types\/page"}],"author":[{"embeddable":true,"href":"https:\/\/bellatourism.com\/de\/wp-json\/wp\/v2\/users\/1"}],"replies":[{"embeddable":true,"href":"https:\/\/bellatourism.com\/de\/wp-json\/wp\/v2\/comments?post=30737"}],"version-history":[{"count":3,"href":"https:\/\/bellatourism.com\/de\/wp-json\/wp\/v2\/pages\/30737\/revisions"}],"predecessor-version":[{"id":30740,"href":"https:\/\/bellatourism.com\/de\/wp-json\/wp\/v2\/pages\/30737\/revisions\/30740"}],"wp:attachment":[{"href":"https:\/\/bellatourism.com\/de\/wp-json\/wp\/v2\/media?parent=30737"}],"curies":[{"name":"wp","href":"https:\/\/api.w.org\/{rel}","templated":true}]}}