{"id":30722,"date":"2023-02-15T11:25:17","date_gmt":"2023-02-15T11:25:17","guid":{"rendered":"https:\/\/bellatourism.com\/haartransplantation-ohne-rasur\/"},"modified":"2023-03-21T20:53:50","modified_gmt":"2023-03-21T20:53:50","slug":"haartransplantation-ohne-rasur","status":"publish","type":"page","link":"https:\/\/bellatourism.com\/de\/haartransplantation-ohne-rasur\/","title":{"rendered":"Haartransplantation Ohne Rasur"},"content":{"rendered":"<h2>Haartransplantation Ohne Rasur (8-10 Stunden)<\/h2>\n<p><span style=\"font-weight: 400;\">Eine Haartransplantation ohne Rasur folgt aufgrund ihrer Methode nicht anders als eine Haartransplantation mit Rasur. Die Wurzeln werden mit FUE-Technik entnommen. Aber bei einer Haartransplantation mit Rasur m\u00fcssen die Grafts aus dem Spenderbereich nicht gespeichert werden. Bei einer Haartransplantation ohne Rasur werden die Wurzeln aus den Bereichen mit einer Breite von 2-3 cm entnommen und die mit dem umgebenden Haaren werden diese Bereiche verborgen.<\/span><\/p>\n<p><span style=\"font-weight: 400;\">Welche Technik bei der Transplantation angewendet werden soll, sollte nach Bewertung des Haarsausfalls entschieden werden. Besonders bei einer Haartransplantation f\u00fcr Frauen, wenn es einen Haarausfall in den vorderen Bereichen besteht, ist die Durchf\u00fchrung einer Saphir-Technik besser geeignet, da die Richtig besser eingestellt werden kann. Wenn ein gestreuter Haarausfall besteht ist es besser, die Transplantation mit der DHI-Methode durchzuf\u00fchren, um das vorhandene Haar nicht zu besch\u00e4digen.\u00a0<\/span><\/p>\n<p><span style=\"font-weight: 400;\">Nachdem die Form der Transplantation bestimmt wird, wird die Transplantation in bestimmten Bereichen durchgef\u00fchrt, ohne die Haare um den zu bepflanzenden Bereich zu schneiden\/zu rasieren. Sowohl w\u00e4hrend der Entnahme der Grafts im Spenderbereich als auch w\u00e4hrend der Transplantation sollte ber\u00fccksichtigt werden, dass der Facharzt, der den Vorgang durchf\u00fchrt, frei sein wird und den zu behandelnden Bereich klarer sehen und gestalten kann, sodass davon ausgegangen werden kann, dass eine Transplantation mit Rasur immer bessere Ergebnisse liefert als eine Transplantation ohne Rasur.<\/span><\/p>\n<p><span style=\"font-weight: 400;\">Eine Transplantation ohne Rasur wird besonders von Frauen bevorzugt, um den Komfort im sozialen Leben nicht zu st\u00f6ren u. damit der Vorgang von au\u00dfen nicht bemerkt werden kann. Bei Patienten, die eine Transplantation ohne Rasur durchf\u00fchren m\u00f6chten, kann nach den ersten zehn Tage der Vorgang (Erholungsphase der gepflanzten Bereiche) von au\u00dfen aus nicht bemerkt werden. Diese Methode kann auch von Personen bevorzugt werden, die nicht m\u00f6chten, dass der Vorgang von au\u00dfen ersichtlich wird oder aufgrund des Gesch\u00e4ftslebens, die keine Zeit f\u00fcr eine Haartransplantation haben.\u00a0<\/span><\/p>\n","protected":false},"excerpt":{"rendered":"<p>Haartransplantation Ohne Rasur (8-10 Stunden) Eine Haartransplantation ohne Rasur folgt aufgrund ihrer Methode nicht anders als eine Haartransplantation mit Rasur. Die Wurzeln werden mit FUE-Technik entnommen. Aber bei einer Haartransplantation mit Rasur m\u00fcssen die Grafts aus dem Spenderbereich nicht gespeichert werden. Bei einer Haartransplantation ohne Rasur werden die Wurzeln aus den Bereichen mit einer Breite [&hellip;]<\/p>\n","protected":false},"author":1,"featured_media":31049,"parent":0,"menu_order":0,"comment_status":"closed","ping_status":"closed","template":"","meta":{"footnotes":""},"yoast_head":"<!-- This site is optimized with the Yoast SEO plugin v23.5 - https:\/\/yoast.com\/wordpress\/plugins\/seo\/ -->\n<title>Haartransplantation Ohne Rasur - Bella Tourism<\/title>\n<meta name=\"description\" content=\"Eine Haartransplantation ohne Rasur folgt aufgrund ihrer Methode nicht anders als eine Haartransplantation mit Rasur.\" \/>\n<meta name=\"robots\" content=\"index, follow, max-snippet:-1, max-image-preview:large, max-video-preview:-1\" \/>\n<link rel=\"canonical\" href=\"https:\/\/bellatourism.com\/de\/haartransplantation-ohne-rasur\/\" \/>\n<meta property=\"og:locale\" content=\"de_DE\" \/>\n<meta property=\"og:type\" content=\"article\" \/>\n<meta property=\"og:title\" content=\"Haartransplantation Ohne Rasur - Bella Tourism\" \/>\n<meta property=\"og:description\" content=\"Eine Haartransplantation ohne Rasur folgt aufgrund ihrer Methode nicht anders als eine Haartransplantation mit Rasur.\" \/>\n<meta property=\"og:url\" content=\"https:\/\/bellatourism.com\/de\/haartransplantation-ohne-rasur\/\" \/>\n<meta property=\"og:site_name\" content=\"Bella Tourism\" \/>\n<meta property=\"article:publisher\" content=\"https:\/\/www.facebook.com\/bellahealthtourism\" \/>\n<meta property=\"article:modified_time\" content=\"2023-03-21T20:53:50+00:00\" \/>\n<meta property=\"og:image\" content=\"https:\/\/bellatourism.com\/wp-content\/uploads\/2023\/03\/unshaved-hair-transplant.webp\" \/>\n\t<meta property=\"og:image:width\" content=\"1600\" \/>\n\t<meta property=\"og:image:height\" content=\"400\" \/>\n\t<meta property=\"og:image:type\" content=\"image\/webp\" \/>\n<meta name=\"twitter:card\" content=\"summary_large_image\" \/>\n<meta name=\"twitter:label1\" content=\"Gesch\u00e4tzte Lesezeit\" \/>\n\t<meta name=\"twitter:data1\" content=\"2\u00a0Minuten\" \/>\n<script type=\"application\/ld+json\" class=\"yoast-schema-graph\">{\"@context\":\"https:\/\/schema.org\",\"@graph\":[{\"@type\":\"WebPage\",\"@id\":\"https:\/\/bellatourism.com\/de\/haartransplantation-ohne-rasur\/\",\"url\":\"https:\/\/bellatourism.com\/de\/haartransplantation-ohne-rasur\/\",\"name\":\"Haartransplantation Ohne Rasur - Bella Tourism\",\"isPartOf\":{\"@id\":\"https:\/\/bellatourism.com\/tr\/#website\"},\"primaryImageOfPage\":{\"@id\":\"https:\/\/bellatourism.com\/de\/haartransplantation-ohne-rasur\/#primaryimage\"},\"image\":{\"@id\":\"https:\/\/bellatourism.com\/de\/haartransplantation-ohne-rasur\/#primaryimage\"},\"thumbnailUrl\":\"https:\/\/bellatourism.com\/wp-content\/uploads\/2023\/03\/unshaved-hair-transplant.webp\",\"datePublished\":\"2023-02-15T11:25:17+00:00\",\"dateModified\":\"2023-03-21T20:53:50+00:00\",\"description\":\"Eine Haartransplantation ohne Rasur folgt aufgrund ihrer Methode nicht anders als eine Haartransplantation mit Rasur.\",\"breadcrumb\":{\"@id\":\"https:\/\/bellatourism.com\/de\/haartransplantation-ohne-rasur\/#breadcrumb\"},\"inLanguage\":\"de\",\"potentialAction\":[{\"@type\":\"ReadAction\",\"target\":[\"https:\/\/bellatourism.com\/de\/haartransplantation-ohne-rasur\/\"]}]},{\"@type\":\"ImageObject\",\"inLanguage\":\"de\",\"@id\":\"https:\/\/bellatourism.com\/de\/haartransplantation-ohne-rasur\/#primaryimage\",\"url\":\"https:\/\/bellatourism.com\/wp-content\/uploads\/2023\/03\/unshaved-hair-transplant.webp\",\"contentUrl\":\"https:\/\/bellatourism.com\/wp-content\/uploads\/2023\/03\/unshaved-hair-transplant.webp\",\"width\":1600,\"height\":400},{\"@type\":\"BreadcrumbList\",\"@id\":\"https:\/\/bellatourism.com\/de\/haartransplantation-ohne-rasur\/#breadcrumb\",\"itemListElement\":[{\"@type\":\"ListItem\",\"position\":1,\"name\":\"Home\",\"item\":\"https:\/\/bellatourism.com\/tr\/\"},{\"@type\":\"ListItem\",\"position\":2,\"name\":\"Haartransplantation Ohne Rasur\"}]},{\"@type\":\"WebSite\",\"@id\":\"https:\/\/bellatourism.com\/tr\/#website\",\"url\":\"https:\/\/bellatourism.com\/tr\/\",\"name\":\"Bella Tourism - Health Tourism In Turkey\",\"description\":\"Bella Tourism\",\"publisher\":{\"@id\":\"https:\/\/bellatourism.com\/tr\/#organization\"},\"potentialAction\":[{\"@type\":\"SearchAction\",\"target\":{\"@type\":\"EntryPoint\",\"urlTemplate\":\"https:\/\/bellatourism.com\/tr\/?s={search_term_string}\"},\"query-input\":{\"@type\":\"PropertyValueSpecification\",\"valueRequired\":true,\"valueName\":\"search_term_string\"}}],\"inLanguage\":\"de\"},{\"@type\":\"Organization\",\"@id\":\"https:\/\/bellatourism.com\/tr\/#organization\",\"name\":\"Bella Tourism - Health Tourism In Turkey\",\"url\":\"https:\/\/bellatourism.com\/tr\/\",\"logo\":{\"@type\":\"ImageObject\",\"inLanguage\":\"de\",\"@id\":\"https:\/\/bellatourism.com\/tr\/#\/schema\/logo\/image\/\",\"url\":\"https:\/\/bellatourism.com\/wp-content\/uploads\/2022\/05\/Bella-Tourism-Logo-Dosyasi-01.png\",\"contentUrl\":\"https:\/\/bellatourism.com\/wp-content\/uploads\/2022\/05\/Bella-Tourism-Logo-Dosyasi-01.png\",\"width\":200,\"height\":84,\"caption\":\"Bella Tourism - Health Tourism In Turkey\"},\"image\":{\"@id\":\"https:\/\/bellatourism.com\/tr\/#\/schema\/logo\/image\/\"},\"sameAs\":[\"https:\/\/www.facebook.com\/bellahealthtourism\",\"https:\/\/www.instagram.com\/bellahealthtourism\/\",\"https:\/\/www.linkedin.com\/company\/bella-health-tourism\/\"]}]}<\/script>\n<!-- \/ Yoast SEO plugin. -->","yoast_head_json":{"title":"Haartransplantation Ohne Rasur - Bella Tourism","description":"Eine Haartransplantation ohne Rasur folgt aufgrund ihrer Methode nicht anders als eine Haartransplantation mit Rasur.","robots":{"index":"index","follow":"follow","max-snippet":"max-snippet:-1","max-image-preview":"max-image-preview:large","max-video-preview":"max-video-preview:-1"},"canonical":"https:\/\/bellatourism.com\/de\/haartransplantation-ohne-rasur\/","og_locale":"de_DE","og_type":"article","og_title":"Haartransplantation Ohne Rasur - Bella Tourism","og_description":"Eine Haartransplantation ohne Rasur folgt aufgrund ihrer Methode nicht anders als eine Haartransplantation mit Rasur.","og_url":"https:\/\/bellatourism.com\/de\/haartransplantation-ohne-rasur\/","og_site_name":"Bella Tourism","article_publisher":"https:\/\/www.facebook.com\/bellahealthtourism","article_modified_time":"2023-03-21T20:53:50+00:00","og_image":[{"width":1600,"height":400,"url":"https:\/\/bellatourism.com\/wp-content\/uploads\/2023\/03\/unshaved-hair-transplant.webp","type":"image\/webp"}],"twitter_card":"summary_large_image","twitter_misc":{"Gesch\u00e4tzte Lesezeit":"2\u00a0Minuten"},"schema":{"@context":"https:\/\/schema.org","@graph":[{"@type":"WebPage","@id":"https:\/\/bellatourism.com\/de\/haartransplantation-ohne-rasur\/","url":"https:\/\/bellatourism.com\/de\/haartransplantation-ohne-rasur\/","name":"Haartransplantation Ohne Rasur - Bella Tourism","isPartOf":{"@id":"https:\/\/bellatourism.com\/tr\/#website"},"primaryImageOfPage":{"@id":"https:\/\/bellatourism.com\/de\/haartransplantation-ohne-rasur\/#primaryimage"},"image":{"@id":"https:\/\/bellatourism.com\/de\/haartransplantation-ohne-rasur\/#primaryimage"},"thumbnailUrl":"https:\/\/bellatourism.com\/wp-content\/uploads\/2023\/03\/unshaved-hair-transplant.webp","datePublished":"2023-02-15T11:25:17+00:00","dateModified":"2023-03-21T20:53:50+00:00","description":"Eine Haartransplantation ohne Rasur folgt aufgrund ihrer Methode nicht anders als eine Haartransplantation mit Rasur.","breadcrumb":{"@id":"https:\/\/bellatourism.com\/de\/haartransplantation-ohne-rasur\/#breadcrumb"},"inLanguage":"de","potentialAction":[{"@type":"ReadAction","target":["https:\/\/bellatourism.com\/de\/haartransplantation-ohne-rasur\/"]}]},{"@type":"ImageObject","inLanguage":"de","@id":"https:\/\/bellatourism.com\/de\/haartransplantation-ohne-rasur\/#primaryimage","url":"https:\/\/bellatourism.com\/wp-content\/uploads\/2023\/03\/unshaved-hair-transplant.webp","contentUrl":"https:\/\/bellatourism.com\/wp-content\/uploads\/2023\/03\/unshaved-hair-transplant.webp","width":1600,"height":400},{"@type":"BreadcrumbList","@id":"https:\/\/bellatourism.com\/de\/haartransplantation-ohne-rasur\/#breadcrumb","itemListElement":[{"@type":"ListItem","position":1,"name":"Home","item":"https:\/\/bellatourism.com\/tr\/"},{"@type":"ListItem","position":2,"name":"Haartransplantation Ohne Rasur"}]},{"@type":"WebSite","@id":"https:\/\/bellatourism.com\/tr\/#website","url":"https:\/\/bellatourism.com\/tr\/","name":"Bella Tourism - Health Tourism In Turkey","description":"Bella Tourism","publisher":{"@id":"https:\/\/bellatourism.com\/tr\/#organization"},"potentialAction":[{"@type":"SearchAction","target":{"@type":"EntryPoint","urlTemplate":"https:\/\/bellatourism.com\/tr\/?s={search_term_string}"},"query-input":{"@type":"PropertyValueSpecification","valueRequired":true,"valueName":"search_term_string"}}],"inLanguage":"de"},{"@type":"Organization","@id":"https:\/\/bellatourism.com\/tr\/#organization","name":"Bella Tourism - Health Tourism In Turkey","url":"https:\/\/bellatourism.com\/tr\/","logo":{"@type":"ImageObject","inLanguage":"de","@id":"https:\/\/bellatourism.com\/tr\/#\/schema\/logo\/image\/","url":"https:\/\/bellatourism.com\/wp-content\/uploads\/2022\/05\/Bella-Tourism-Logo-Dosyasi-01.png","contentUrl":"https:\/\/bellatourism.com\/wp-content\/uploads\/2022\/05\/Bella-Tourism-Logo-Dosyasi-01.png","width":200,"height":84,"caption":"Bella Tourism - Health Tourism In Turkey"},"image":{"@id":"https:\/\/bellatourism.com\/tr\/#\/schema\/logo\/image\/"},"sameAs":["https:\/\/www.facebook.com\/bellahealthtourism","https:\/\/www.instagram.com\/bellahealthtourism\/","https:\/\/www.linkedin.com\/company\/bella-health-tourism\/"]}]}},"_links":{"self":[{"href":"https:\/\/bellatourism.com\/de\/wp-json\/wp\/v2\/pages\/30722"}],"collection":[{"href":"https:\/\/bellatourism.com\/de\/wp-json\/wp\/v2\/pages"}],"about":[{"href":"https:\/\/bellatourism.com\/de\/wp-json\/wp\/v2\/types\/page"}],"author":[{"embeddable":true,"href":"https:\/\/bellatourism.com\/de\/wp-json\/wp\/v2\/users\/1"}],"replies":[{"embeddable":true,"href":"https:\/\/bellatourism.com\/de\/wp-json\/wp\/v2\/comments?post=30722"}],"version-history":[{"count":4,"href":"https:\/\/bellatourism.com\/de\/wp-json\/wp\/v2\/pages\/30722\/revisions"}],"predecessor-version":[{"id":31990,"href":"https:\/\/bellatourism.com\/de\/wp-json\/wp\/v2\/pages\/30722\/revisions\/31990"}],"wp:featuredmedia":[{"embeddable":true,"href":"https:\/\/bellatourism.com\/de\/wp-json\/wp\/v2\/media\/31049"}],"wp:attachment":[{"href":"https:\/\/bellatourism.com\/de\/wp-json\/wp\/v2\/media?parent=30722"}],"curies":[{"name":"wp","href":"https:\/\/api.w.org\/{rel}","templated":true}]}}