{"id":30719,"date":"2023-02-15T11:45:12","date_gmt":"2023-02-15T11:45:12","guid":{"rendered":"https:\/\/bellatourism.com\/scar-behandlung\/"},"modified":"2023-03-10T14:04:36","modified_gmt":"2023-03-10T14:04:36","slug":"scar-behandlung","status":"publish","type":"page","link":"https:\/\/bellatourism.com\/de\/scar-behandlung\/","title":{"rendered":"Scar-Behandlung"},"content":{"rendered":"<p>[vc_row][vc_column][vc_custom_heading text=&#8220; Scar-Behandlung (Bedecken Von Narben)&#8220; use_theme_fonts=&#8220;yes&#8220;][vc_column_text]<br \/>\n<span style=\"font-weight: 400;\">Die Scar-Behandlung mit einer Transplantation ist ein Vorgang, den betroffenen Bereich, der durch Verbrennungen oder Verletzungen auf der Haut gebildet wird, mit Haarfollikeln zu bedecken. Grafts (Haarwurzeln), die aus dem Spenderbereich (Nackenbereich zwischen den beiden Ohren) entnommen werden, werden in den betroffenen Bereich gepflanzt und die Spuren werden bedeckt. Unabh\u00e4ngig davon, ob Mann oder Frau, kann die Scar-Behandlung mit einer Transplantation-Methode durchgef\u00fchrt werden. Das Wichtigste bei dieser Anwendung ist die Auswahl der Grafts in der richtigen Struktur. Wenn eine Verbrennung oder Narbe im Kopfbereich bedeckt werden soll, sollten 2&#8217;er 3&#8217;er Wurzeln bevorzugt werden, um das gew\u00fcnschte Ergebnis zu erzielen. Die Wurzeln, die im Bartbereich bedeckt werden, sollten \u00e4hnlich wie die Bartstruktur mit einzelnen Wurzeln und f\u00fcr den Augenbrauenbereich sollten d\u00fcnne Wurzeln bevorzugt werden.\u00a0<\/span><\/p>\n<p><span style=\"font-weight: 400;\">Transplantationen zur Behandlung von Narben sollten dichter gepflanzt werden. Je dichter der betroffene Bereich gepflanzt wird, desto mehr wird die Wahrscheinlichkeit verringert sein, dass die nicht anheftenden Transplantate nicht ausreichend werden. Eine Scar-Behandlung kann auf Wunsch auch auf Arme und Beine angewendet werden. Da die zu behandelnder Bereich betroffen ist, wird mit Unterst\u00fctzung des Transplantationsvorgangs mit PRP oder autologe Stammzelltherapie maximale Ergebnisse erzielt. <\/span><br \/>\n[\/vc_column_text][vc_separator][vc_cta h2=&#8220;Kontaktieren Sie Uns&#8220; add_button=&#8220;right&#8220; btn_title=&#8220;Kontaktieren Sie Uns!&#8220; btn_size=&#8220;lg&#8220; btn_align=&#8220;right&#8220; btn_link=&#8220;url:https%3A%2F%2Fbellatourism.com%2Fde%2Fcontact%2F|title:Kontakt|&#8220;]<span style=\"font-weight: 400;\">\u00a0Bitte kontaktieren Sie uns f\u00fcr detaillierte Informationen.<\/span>[\/vc_cta][\/vc_column][\/vc_row]<\/p>\n","protected":false},"excerpt":{"rendered":"<p>[vc_row][vc_column][vc_custom_heading text=&#8220; Scar-Behandlung (Bedecken Von Narben)&#8220; use_theme_fonts=&#8220;yes&#8220;][vc_column_text] Die Scar-Behandlung mit einer Transplantation ist ein Vorgang, den betroffenen Bereich, der durch Verbrennungen oder Verletzungen auf der Haut gebildet wird, mit Haarfollikeln zu bedecken. Grafts (Haarwurzeln), die aus dem Spenderbereich (Nackenbereich zwischen den beiden Ohren) entnommen werden, werden in den betroffenen Bereich gepflanzt und die Spuren werden [&hellip;]<\/p>\n","protected":false},"author":1,"featured_media":0,"parent":0,"menu_order":0,"comment_status":"closed","ping_status":"closed","template":"","meta":{"footnotes":""},"yoast_head":"<!-- This site is optimized with the Yoast SEO plugin v23.5 - https:\/\/yoast.com\/wordpress\/plugins\/seo\/ -->\n<title>Scar-Behandlung - Bella Tourism<\/title>\n<meta name=\"robots\" content=\"index, follow, max-snippet:-1, max-image-preview:large, max-video-preview:-1\" \/>\n<link rel=\"canonical\" href=\"https:\/\/bellatourism.com\/de\/scar-behandlung\/\" \/>\n<meta property=\"og:locale\" content=\"de_DE\" \/>\n<meta property=\"og:type\" content=\"article\" \/>\n<meta property=\"og:title\" content=\"Scar-Behandlung - Bella Tourism\" \/>\n<meta property=\"og:description\" content=\"[vc_row][vc_column][vc_custom_heading text=&#8220; Scar-Behandlung (Bedecken Von Narben)&#8220; use_theme_fonts=&#8220;yes&#8220;][vc_column_text] Die Scar-Behandlung mit einer Transplantation ist ein Vorgang, den betroffenen Bereich, der durch Verbrennungen oder Verletzungen auf der Haut gebildet wird, mit Haarfollikeln zu bedecken. Grafts (Haarwurzeln), die aus dem Spenderbereich (Nackenbereich zwischen den beiden Ohren) entnommen werden, werden in den betroffenen Bereich gepflanzt und die Spuren werden [&hellip;]\" \/>\n<meta property=\"og:url\" content=\"https:\/\/bellatourism.com\/de\/scar-behandlung\/\" \/>\n<meta property=\"og:site_name\" content=\"Bella Tourism\" \/>\n<meta property=\"article:publisher\" content=\"https:\/\/www.facebook.com\/bellahealthtourism\" \/>\n<meta property=\"article:modified_time\" content=\"2023-03-10T14:04:36+00:00\" \/>\n<meta name=\"twitter:card\" content=\"summary_large_image\" \/>\n<meta name=\"twitter:label1\" content=\"Gesch\u00e4tzte Lesezeit\" \/>\n\t<meta name=\"twitter:data1\" content=\"1\u00a0Minute\" \/>\n<script type=\"application\/ld+json\" class=\"yoast-schema-graph\">{\"@context\":\"https:\/\/schema.org\",\"@graph\":[{\"@type\":\"WebPage\",\"@id\":\"https:\/\/bellatourism.com\/de\/scar-behandlung\/\",\"url\":\"https:\/\/bellatourism.com\/de\/scar-behandlung\/\",\"name\":\"Scar-Behandlung - Bella Tourism\",\"isPartOf\":{\"@id\":\"https:\/\/bellatourism.com\/tr\/#website\"},\"datePublished\":\"2023-02-15T11:45:12+00:00\",\"dateModified\":\"2023-03-10T14:04:36+00:00\",\"breadcrumb\":{\"@id\":\"https:\/\/bellatourism.com\/de\/scar-behandlung\/#breadcrumb\"},\"inLanguage\":\"de\",\"potentialAction\":[{\"@type\":\"ReadAction\",\"target\":[\"https:\/\/bellatourism.com\/de\/scar-behandlung\/\"]}]},{\"@type\":\"BreadcrumbList\",\"@id\":\"https:\/\/bellatourism.com\/de\/scar-behandlung\/#breadcrumb\",\"itemListElement\":[{\"@type\":\"ListItem\",\"position\":1,\"name\":\"Home\",\"item\":\"https:\/\/bellatourism.com\/tr\/\"},{\"@type\":\"ListItem\",\"position\":2,\"name\":\"Scar-Behandlung\"}]},{\"@type\":\"WebSite\",\"@id\":\"https:\/\/bellatourism.com\/tr\/#website\",\"url\":\"https:\/\/bellatourism.com\/tr\/\",\"name\":\"Bella Tourism - Health Tourism In Turkey\",\"description\":\"Bella Tourism\",\"publisher\":{\"@id\":\"https:\/\/bellatourism.com\/tr\/#organization\"},\"potentialAction\":[{\"@type\":\"SearchAction\",\"target\":{\"@type\":\"EntryPoint\",\"urlTemplate\":\"https:\/\/bellatourism.com\/tr\/?s={search_term_string}\"},\"query-input\":{\"@type\":\"PropertyValueSpecification\",\"valueRequired\":true,\"valueName\":\"search_term_string\"}}],\"inLanguage\":\"de\"},{\"@type\":\"Organization\",\"@id\":\"https:\/\/bellatourism.com\/tr\/#organization\",\"name\":\"Bella Tourism - Health Tourism In Turkey\",\"url\":\"https:\/\/bellatourism.com\/tr\/\",\"logo\":{\"@type\":\"ImageObject\",\"inLanguage\":\"de\",\"@id\":\"https:\/\/bellatourism.com\/tr\/#\/schema\/logo\/image\/\",\"url\":\"https:\/\/bellatourism.com\/wp-content\/uploads\/2022\/05\/Bella-Tourism-Logo-Dosyasi-01.png\",\"contentUrl\":\"https:\/\/bellatourism.com\/wp-content\/uploads\/2022\/05\/Bella-Tourism-Logo-Dosyasi-01.png\",\"width\":200,\"height\":84,\"caption\":\"Bella Tourism - Health Tourism In Turkey\"},\"image\":{\"@id\":\"https:\/\/bellatourism.com\/tr\/#\/schema\/logo\/image\/\"},\"sameAs\":[\"https:\/\/www.facebook.com\/bellahealthtourism\",\"https:\/\/www.instagram.com\/bellahealthtourism\/\",\"https:\/\/www.linkedin.com\/company\/bella-health-tourism\/\"]}]}<\/script>\n<!-- \/ Yoast SEO plugin. -->","yoast_head_json":{"title":"Scar-Behandlung - Bella Tourism","robots":{"index":"index","follow":"follow","max-snippet":"max-snippet:-1","max-image-preview":"max-image-preview:large","max-video-preview":"max-video-preview:-1"},"canonical":"https:\/\/bellatourism.com\/de\/scar-behandlung\/","og_locale":"de_DE","og_type":"article","og_title":"Scar-Behandlung - Bella Tourism","og_description":"[vc_row][vc_column][vc_custom_heading text=&#8220; Scar-Behandlung (Bedecken Von Narben)&#8220; use_theme_fonts=&#8220;yes&#8220;][vc_column_text] Die Scar-Behandlung mit einer Transplantation ist ein Vorgang, den betroffenen Bereich, der durch Verbrennungen oder Verletzungen auf der Haut gebildet wird, mit Haarfollikeln zu bedecken. Grafts (Haarwurzeln), die aus dem Spenderbereich (Nackenbereich zwischen den beiden Ohren) entnommen werden, werden in den betroffenen Bereich gepflanzt und die Spuren werden [&hellip;]","og_url":"https:\/\/bellatourism.com\/de\/scar-behandlung\/","og_site_name":"Bella Tourism","article_publisher":"https:\/\/www.facebook.com\/bellahealthtourism","article_modified_time":"2023-03-10T14:04:36+00:00","twitter_card":"summary_large_image","twitter_misc":{"Gesch\u00e4tzte Lesezeit":"1\u00a0Minute"},"schema":{"@context":"https:\/\/schema.org","@graph":[{"@type":"WebPage","@id":"https:\/\/bellatourism.com\/de\/scar-behandlung\/","url":"https:\/\/bellatourism.com\/de\/scar-behandlung\/","name":"Scar-Behandlung - Bella Tourism","isPartOf":{"@id":"https:\/\/bellatourism.com\/tr\/#website"},"datePublished":"2023-02-15T11:45:12+00:00","dateModified":"2023-03-10T14:04:36+00:00","breadcrumb":{"@id":"https:\/\/bellatourism.com\/de\/scar-behandlung\/#breadcrumb"},"inLanguage":"de","potentialAction":[{"@type":"ReadAction","target":["https:\/\/bellatourism.com\/de\/scar-behandlung\/"]}]},{"@type":"BreadcrumbList","@id":"https:\/\/bellatourism.com\/de\/scar-behandlung\/#breadcrumb","itemListElement":[{"@type":"ListItem","position":1,"name":"Home","item":"https:\/\/bellatourism.com\/tr\/"},{"@type":"ListItem","position":2,"name":"Scar-Behandlung"}]},{"@type":"WebSite","@id":"https:\/\/bellatourism.com\/tr\/#website","url":"https:\/\/bellatourism.com\/tr\/","name":"Bella Tourism - Health Tourism In Turkey","description":"Bella Tourism","publisher":{"@id":"https:\/\/bellatourism.com\/tr\/#organization"},"potentialAction":[{"@type":"SearchAction","target":{"@type":"EntryPoint","urlTemplate":"https:\/\/bellatourism.com\/tr\/?s={search_term_string}"},"query-input":{"@type":"PropertyValueSpecification","valueRequired":true,"valueName":"search_term_string"}}],"inLanguage":"de"},{"@type":"Organization","@id":"https:\/\/bellatourism.com\/tr\/#organization","name":"Bella Tourism - Health Tourism In Turkey","url":"https:\/\/bellatourism.com\/tr\/","logo":{"@type":"ImageObject","inLanguage":"de","@id":"https:\/\/bellatourism.com\/tr\/#\/schema\/logo\/image\/","url":"https:\/\/bellatourism.com\/wp-content\/uploads\/2022\/05\/Bella-Tourism-Logo-Dosyasi-01.png","contentUrl":"https:\/\/bellatourism.com\/wp-content\/uploads\/2022\/05\/Bella-Tourism-Logo-Dosyasi-01.png","width":200,"height":84,"caption":"Bella Tourism - Health Tourism In Turkey"},"image":{"@id":"https:\/\/bellatourism.com\/tr\/#\/schema\/logo\/image\/"},"sameAs":["https:\/\/www.facebook.com\/bellahealthtourism","https:\/\/www.instagram.com\/bellahealthtourism\/","https:\/\/www.linkedin.com\/company\/bella-health-tourism\/"]}]}},"_links":{"self":[{"href":"https:\/\/bellatourism.com\/de\/wp-json\/wp\/v2\/pages\/30719"}],"collection":[{"href":"https:\/\/bellatourism.com\/de\/wp-json\/wp\/v2\/pages"}],"about":[{"href":"https:\/\/bellatourism.com\/de\/wp-json\/wp\/v2\/types\/page"}],"author":[{"embeddable":true,"href":"https:\/\/bellatourism.com\/de\/wp-json\/wp\/v2\/users\/1"}],"replies":[{"embeddable":true,"href":"https:\/\/bellatourism.com\/de\/wp-json\/wp\/v2\/comments?post=30719"}],"version-history":[{"count":2,"href":"https:\/\/bellatourism.com\/de\/wp-json\/wp\/v2\/pages\/30719\/revisions"}],"predecessor-version":[{"id":30721,"href":"https:\/\/bellatourism.com\/de\/wp-json\/wp\/v2\/pages\/30719\/revisions\/30721"}],"wp:attachment":[{"href":"https:\/\/bellatourism.com\/de\/wp-json\/wp\/v2\/media?parent=30719"}],"curies":[{"name":"wp","href":"https:\/\/api.w.org\/{rel}","templated":true}]}}