{"id":30716,"date":"2023-02-15T11:11:31","date_gmt":"2023-02-15T11:11:31","guid":{"rendered":"https:\/\/bellatourism.com\/bart-transplantation\/"},"modified":"2023-03-21T01:22:02","modified_gmt":"2023-03-21T01:22:02","slug":"bart-transplantation","status":"publish","type":"page","link":"https:\/\/bellatourism.com\/de\/bart-transplantation\/","title":{"rendered":"Barttransplantation"},"content":{"rendered":"<p><span style=\"font-weight: 400;\">Barttransplantation ist in den letzten Jahren genauso beliebt wie Haartransplantation. Haare und Bart, die als Make-up f\u00fcr M\u00e4nner gesehen werden kann, beeinflussen direkt das Erscheinungsbild und dementsprechend das psychologische Selbstvertrauen. Bei einer Barttransplantation ist der wichtigste Faktor, das Zeichnungsdesign des zu bepflanzenden Bereichs richtig zu planen, indem das wesentliche Verh\u00e4ltnis eingehalten werden muss. Wenn die Person keine ernsthaften gesundheitlichen Probleme hat, kann eine Barttransplantation bei jeden angewendet werden. Wenn eine ausreichende Anzahl von Wurzeln aus dem Spenderbereich erhalten werden kann, kann der Person die Haar- und Barttransplantation gleichzeitig durchgef\u00fchrt werden. Wenn angenommen wird, dass nicht gen\u00fcgend Graft\/Wurzeln entnommen werden kann, kann ein Jahr nach dem Eingriff (wenn sich der Spenderbereich geheilt hat) auch eine Barttransplantation durchgef\u00fchrt werden.\u00a0<\/span><\/p>\n<p><span style=\"font-weight: 400;\">Es ist nicht so wie vorgestellt, dass die Grafts f\u00fcr Barttransplantation von Ihrem Bart entnommen werden. Viele Menschen glauben, dass man aufgrund dieser falschen Informationen keine Barttransplantation durchf\u00fchren kann, weil sie keine ausreichende Menge an Barthaare haben. Die Barttransplantation ist der Prozess der Platzierung von Wurzeln, die aus dem Spenderbereich (Nackenbereich zwischen den beiden Ohren) mit der FUE-Technik entnommen\/gesammelt werden; genauso wie bei der Haartransplantation. Die entnommenen Grafts k\u00f6nnen wie bei einer Haartransplantation mit Saphir oder DHI-Methode gepflanzt werden. Da die Gesichtsstruktur sanfter ist als die Haarstruktur, sollten bei der Barttransplantation die Kan\u00e4le besonders pr\u00e4zise behandelt werden, wenn die Saphirtechnik verwendet wird.<\/span><\/p>\n<p><span style=\"font-weight: 400;\">\u00a0<\/span><span style=\"font-weight: 400;\">Die Struktur von Haaren und Bart sind unterschiedlich und die B\u00e4rte bestehen meist aus einzelnen Wurzeln. Daher ist das Wichtigste, was bei einer Barttransplantation zu beachten ist, dass die entnommenen Wurzeln mit dem Bart \u00e4hnlich sein m\u00fcssen u. die vom Struktur her nicht \u00e4hnliche sollten nicht gepflanzt werden. Haare k\u00f6nnen aufgrund ihrer Struktur aus Einzel-, 2-, 3-Wurzeln bestehen. Grafts mit mehr als einer Anzahl von Wurzeln sollten nicht ohne Zersetzung gepflanzt werden. Einzelne Wurzeln, die dem Bart passen, sollten w\u00e4hrend der Entnahme bevorzugt werden. Die Bestimmung der Richtung des Bartes ist wie bei der Haartransplantation sehr wichtig. Wenn die Wurzelstruktur und Richtung w\u00e4hrend der Transplantation nicht beachtet wird, entsteht weit von der Nat\u00fcrlichkeit ein unsch\u00f6nes Bild und kann leider nicht verbessert werden.<\/span><\/p>\n","protected":false},"excerpt":{"rendered":"<p>Barttransplantation ist in den letzten Jahren genauso beliebt wie Haartransplantation. Haare und Bart, die als Make-up f\u00fcr M\u00e4nner gesehen werden kann, beeinflussen direkt das Erscheinungsbild und dementsprechend das psychologische Selbstvertrauen. Bei einer Barttransplantation ist der wichtigste Faktor, das Zeichnungsdesign des zu bepflanzenden Bereichs richtig zu planen, indem das wesentliche Verh\u00e4ltnis eingehalten werden muss. Wenn die [&hellip;]<\/p>\n","protected":false},"author":1,"featured_media":30989,"parent":0,"menu_order":0,"comment_status":"closed","ping_status":"closed","template":"","meta":{"footnotes":""},"yoast_head":"<!-- This site is optimized with the Yoast SEO plugin v23.5 - https:\/\/yoast.com\/wordpress\/plugins\/seo\/ -->\n<title>Barttransplantation - Bella Tourism<\/title>\n<meta name=\"description\" content=\"Barttransplantation ist in den letzten Jahren genauso beliebt wie Haartransplantation. Haare und Bart, die als Make-up f\u00fcr M\u00e4nner gesehen werden kann, beeinflussen direkt das Erscheinungsbild und dementsprechend das psychologische Selbstvertrauen.\" \/>\n<meta name=\"robots\" content=\"index, follow, max-snippet:-1, max-image-preview:large, max-video-preview:-1\" \/>\n<link rel=\"canonical\" href=\"https:\/\/bellatourism.com\/de\/bart-transplantation\/\" \/>\n<meta property=\"og:locale\" content=\"de_DE\" \/>\n<meta property=\"og:type\" content=\"article\" \/>\n<meta property=\"og:title\" content=\"Barttransplantation - Bella Tourism\" \/>\n<meta property=\"og:description\" content=\"Barttransplantation ist in den letzten Jahren genauso beliebt wie Haartransplantation. Haare und Bart, die als Make-up f\u00fcr M\u00e4nner gesehen werden kann, beeinflussen direkt das Erscheinungsbild und dementsprechend das psychologische Selbstvertrauen.\" \/>\n<meta property=\"og:url\" content=\"https:\/\/bellatourism.com\/de\/bart-transplantation\/\" \/>\n<meta property=\"og:site_name\" content=\"Bella Tourism\" \/>\n<meta property=\"article:publisher\" content=\"https:\/\/www.facebook.com\/bellahealthtourism\" \/>\n<meta property=\"article:modified_time\" content=\"2023-03-21T01:22:02+00:00\" \/>\n<meta property=\"og:image\" content=\"https:\/\/bellatourism.com\/wp-content\/uploads\/2023\/03\/beard-transplant-scaled.webp\" \/>\n\t<meta property=\"og:image:width\" content=\"2560\" \/>\n\t<meta property=\"og:image:height\" content=\"640\" \/>\n\t<meta property=\"og:image:type\" content=\"image\/webp\" \/>\n<meta name=\"twitter:card\" content=\"summary_large_image\" \/>\n<meta name=\"twitter:label1\" content=\"Gesch\u00e4tzte Lesezeit\" \/>\n\t<meta name=\"twitter:data1\" content=\"2\u00a0Minuten\" \/>\n<script type=\"application\/ld+json\" class=\"yoast-schema-graph\">{\"@context\":\"https:\/\/schema.org\",\"@graph\":[{\"@type\":\"WebPage\",\"@id\":\"https:\/\/bellatourism.com\/de\/bart-transplantation\/\",\"url\":\"https:\/\/bellatourism.com\/de\/bart-transplantation\/\",\"name\":\"Barttransplantation - Bella Tourism\",\"isPartOf\":{\"@id\":\"https:\/\/bellatourism.com\/tr\/#website\"},\"primaryImageOfPage\":{\"@id\":\"https:\/\/bellatourism.com\/de\/bart-transplantation\/#primaryimage\"},\"image\":{\"@id\":\"https:\/\/bellatourism.com\/de\/bart-transplantation\/#primaryimage\"},\"thumbnailUrl\":\"https:\/\/bellatourism.com\/wp-content\/uploads\/2023\/03\/beard-transplant-scaled.webp\",\"datePublished\":\"2023-02-15T11:11:31+00:00\",\"dateModified\":\"2023-03-21T01:22:02+00:00\",\"description\":\"Barttransplantation ist in den letzten Jahren genauso beliebt wie Haartransplantation. Haare und Bart, die als Make-up f\u00fcr M\u00e4nner gesehen werden kann, beeinflussen direkt das Erscheinungsbild und dementsprechend das psychologische Selbstvertrauen.\",\"breadcrumb\":{\"@id\":\"https:\/\/bellatourism.com\/de\/bart-transplantation\/#breadcrumb\"},\"inLanguage\":\"de\",\"potentialAction\":[{\"@type\":\"ReadAction\",\"target\":[\"https:\/\/bellatourism.com\/de\/bart-transplantation\/\"]}]},{\"@type\":\"ImageObject\",\"inLanguage\":\"de\",\"@id\":\"https:\/\/bellatourism.com\/de\/bart-transplantation\/#primaryimage\",\"url\":\"https:\/\/bellatourism.com\/wp-content\/uploads\/2023\/03\/beard-transplant-scaled.webp\",\"contentUrl\":\"https:\/\/bellatourism.com\/wp-content\/uploads\/2023\/03\/beard-transplant-scaled.webp\",\"width\":2560,\"height\":640,\"caption\":\"Beard Transplant\"},{\"@type\":\"BreadcrumbList\",\"@id\":\"https:\/\/bellatourism.com\/de\/bart-transplantation\/#breadcrumb\",\"itemListElement\":[{\"@type\":\"ListItem\",\"position\":1,\"name\":\"Home\",\"item\":\"https:\/\/bellatourism.com\/tr\/\"},{\"@type\":\"ListItem\",\"position\":2,\"name\":\"Barttransplantation\"}]},{\"@type\":\"WebSite\",\"@id\":\"https:\/\/bellatourism.com\/tr\/#website\",\"url\":\"https:\/\/bellatourism.com\/tr\/\",\"name\":\"Bella Tourism - Health Tourism In Turkey\",\"description\":\"Bella Tourism\",\"publisher\":{\"@id\":\"https:\/\/bellatourism.com\/tr\/#organization\"},\"potentialAction\":[{\"@type\":\"SearchAction\",\"target\":{\"@type\":\"EntryPoint\",\"urlTemplate\":\"https:\/\/bellatourism.com\/tr\/?s={search_term_string}\"},\"query-input\":{\"@type\":\"PropertyValueSpecification\",\"valueRequired\":true,\"valueName\":\"search_term_string\"}}],\"inLanguage\":\"de\"},{\"@type\":\"Organization\",\"@id\":\"https:\/\/bellatourism.com\/tr\/#organization\",\"name\":\"Bella Tourism - Health Tourism In Turkey\",\"url\":\"https:\/\/bellatourism.com\/tr\/\",\"logo\":{\"@type\":\"ImageObject\",\"inLanguage\":\"de\",\"@id\":\"https:\/\/bellatourism.com\/tr\/#\/schema\/logo\/image\/\",\"url\":\"https:\/\/bellatourism.com\/wp-content\/uploads\/2022\/05\/Bella-Tourism-Logo-Dosyasi-01.png\",\"contentUrl\":\"https:\/\/bellatourism.com\/wp-content\/uploads\/2022\/05\/Bella-Tourism-Logo-Dosyasi-01.png\",\"width\":200,\"height\":84,\"caption\":\"Bella Tourism - Health Tourism In Turkey\"},\"image\":{\"@id\":\"https:\/\/bellatourism.com\/tr\/#\/schema\/logo\/image\/\"},\"sameAs\":[\"https:\/\/www.facebook.com\/bellahealthtourism\",\"https:\/\/www.instagram.com\/bellahealthtourism\/\",\"https:\/\/www.linkedin.com\/company\/bella-health-tourism\/\"]}]}<\/script>\n<!-- \/ Yoast SEO plugin. -->","yoast_head_json":{"title":"Barttransplantation - Bella Tourism","description":"Barttransplantation ist in den letzten Jahren genauso beliebt wie Haartransplantation. Haare und Bart, die als Make-up f\u00fcr M\u00e4nner gesehen werden kann, beeinflussen direkt das Erscheinungsbild und dementsprechend das psychologische Selbstvertrauen.","robots":{"index":"index","follow":"follow","max-snippet":"max-snippet:-1","max-image-preview":"max-image-preview:large","max-video-preview":"max-video-preview:-1"},"canonical":"https:\/\/bellatourism.com\/de\/bart-transplantation\/","og_locale":"de_DE","og_type":"article","og_title":"Barttransplantation - Bella Tourism","og_description":"Barttransplantation ist in den letzten Jahren genauso beliebt wie Haartransplantation. Haare und Bart, die als Make-up f\u00fcr M\u00e4nner gesehen werden kann, beeinflussen direkt das Erscheinungsbild und dementsprechend das psychologische Selbstvertrauen.","og_url":"https:\/\/bellatourism.com\/de\/bart-transplantation\/","og_site_name":"Bella Tourism","article_publisher":"https:\/\/www.facebook.com\/bellahealthtourism","article_modified_time":"2023-03-21T01:22:02+00:00","og_image":[{"width":2560,"height":640,"url":"https:\/\/bellatourism.com\/wp-content\/uploads\/2023\/03\/beard-transplant-scaled.webp","type":"image\/webp"}],"twitter_card":"summary_large_image","twitter_misc":{"Gesch\u00e4tzte Lesezeit":"2\u00a0Minuten"},"schema":{"@context":"https:\/\/schema.org","@graph":[{"@type":"WebPage","@id":"https:\/\/bellatourism.com\/de\/bart-transplantation\/","url":"https:\/\/bellatourism.com\/de\/bart-transplantation\/","name":"Barttransplantation - Bella Tourism","isPartOf":{"@id":"https:\/\/bellatourism.com\/tr\/#website"},"primaryImageOfPage":{"@id":"https:\/\/bellatourism.com\/de\/bart-transplantation\/#primaryimage"},"image":{"@id":"https:\/\/bellatourism.com\/de\/bart-transplantation\/#primaryimage"},"thumbnailUrl":"https:\/\/bellatourism.com\/wp-content\/uploads\/2023\/03\/beard-transplant-scaled.webp","datePublished":"2023-02-15T11:11:31+00:00","dateModified":"2023-03-21T01:22:02+00:00","description":"Barttransplantation ist in den letzten Jahren genauso beliebt wie Haartransplantation. Haare und Bart, die als Make-up f\u00fcr M\u00e4nner gesehen werden kann, beeinflussen direkt das Erscheinungsbild und dementsprechend das psychologische Selbstvertrauen.","breadcrumb":{"@id":"https:\/\/bellatourism.com\/de\/bart-transplantation\/#breadcrumb"},"inLanguage":"de","potentialAction":[{"@type":"ReadAction","target":["https:\/\/bellatourism.com\/de\/bart-transplantation\/"]}]},{"@type":"ImageObject","inLanguage":"de","@id":"https:\/\/bellatourism.com\/de\/bart-transplantation\/#primaryimage","url":"https:\/\/bellatourism.com\/wp-content\/uploads\/2023\/03\/beard-transplant-scaled.webp","contentUrl":"https:\/\/bellatourism.com\/wp-content\/uploads\/2023\/03\/beard-transplant-scaled.webp","width":2560,"height":640,"caption":"Beard Transplant"},{"@type":"BreadcrumbList","@id":"https:\/\/bellatourism.com\/de\/bart-transplantation\/#breadcrumb","itemListElement":[{"@type":"ListItem","position":1,"name":"Home","item":"https:\/\/bellatourism.com\/tr\/"},{"@type":"ListItem","position":2,"name":"Barttransplantation"}]},{"@type":"WebSite","@id":"https:\/\/bellatourism.com\/tr\/#website","url":"https:\/\/bellatourism.com\/tr\/","name":"Bella Tourism - Health Tourism In Turkey","description":"Bella Tourism","publisher":{"@id":"https:\/\/bellatourism.com\/tr\/#organization"},"potentialAction":[{"@type":"SearchAction","target":{"@type":"EntryPoint","urlTemplate":"https:\/\/bellatourism.com\/tr\/?s={search_term_string}"},"query-input":{"@type":"PropertyValueSpecification","valueRequired":true,"valueName":"search_term_string"}}],"inLanguage":"de"},{"@type":"Organization","@id":"https:\/\/bellatourism.com\/tr\/#organization","name":"Bella Tourism - Health Tourism In Turkey","url":"https:\/\/bellatourism.com\/tr\/","logo":{"@type":"ImageObject","inLanguage":"de","@id":"https:\/\/bellatourism.com\/tr\/#\/schema\/logo\/image\/","url":"https:\/\/bellatourism.com\/wp-content\/uploads\/2022\/05\/Bella-Tourism-Logo-Dosyasi-01.png","contentUrl":"https:\/\/bellatourism.com\/wp-content\/uploads\/2022\/05\/Bella-Tourism-Logo-Dosyasi-01.png","width":200,"height":84,"caption":"Bella Tourism - Health Tourism In Turkey"},"image":{"@id":"https:\/\/bellatourism.com\/tr\/#\/schema\/logo\/image\/"},"sameAs":["https:\/\/www.facebook.com\/bellahealthtourism","https:\/\/www.instagram.com\/bellahealthtourism\/","https:\/\/www.linkedin.com\/company\/bella-health-tourism\/"]}]}},"_links":{"self":[{"href":"https:\/\/bellatourism.com\/de\/wp-json\/wp\/v2\/pages\/30716"}],"collection":[{"href":"https:\/\/bellatourism.com\/de\/wp-json\/wp\/v2\/pages"}],"about":[{"href":"https:\/\/bellatourism.com\/de\/wp-json\/wp\/v2\/types\/page"}],"author":[{"embeddable":true,"href":"https:\/\/bellatourism.com\/de\/wp-json\/wp\/v2\/users\/1"}],"replies":[{"embeddable":true,"href":"https:\/\/bellatourism.com\/de\/wp-json\/wp\/v2\/comments?post=30716"}],"version-history":[{"count":4,"href":"https:\/\/bellatourism.com\/de\/wp-json\/wp\/v2\/pages\/30716\/revisions"}],"predecessor-version":[{"id":31880,"href":"https:\/\/bellatourism.com\/de\/wp-json\/wp\/v2\/pages\/30716\/revisions\/31880"}],"wp:featuredmedia":[{"embeddable":true,"href":"https:\/\/bellatourism.com\/de\/wp-json\/wp\/v2\/media\/30989"}],"wp:attachment":[{"href":"https:\/\/bellatourism.com\/de\/wp-json\/wp\/v2\/media?parent=30716"}],"curies":[{"name":"wp","href":"https:\/\/api.w.org\/{rel}","templated":true}]}}