{"id":30704,"date":"2023-02-15T11:41:11","date_gmt":"2023-02-15T11:41:11","guid":{"rendered":"https:\/\/bellatourism.com\/autologe-stammzelltherapie\/"},"modified":"2023-03-21T20:57:34","modified_gmt":"2023-03-21T20:57:34","slug":"autologe-stammzelltherapie","status":"publish","type":"page","link":"https:\/\/bellatourism.com\/de\/autologe-stammzelltherapie\/","title":{"rendered":"Autologe Stammzelltherapie"},"content":{"rendered":"<p><span style=\"font-weight: 400;\">Autologe Stammzellentherapie bei einer Haartransplantation bedeutet kurz bezeichnet; dass die Stammzellen aus Haarfollikeln, die aus dem Spenderbereich der Person (Nackenbereich zwischen den zwei Ohren) mit Fue-Technik entnommen werden, nach einer speziellen Behandlung in die Kopfhaut der Person injiziert werden. Stammzellen sind in ihrer Struktur aus regenerative Zellen. Die Stammzelltransplantation, die in vielen Bereichen angewendet wird, ist ein sehr heilender Vorgang. Autologe Stammzelltherapie im Bereich der Haare kann bei Haartransplantationen und auch bei Personen angewendet werden, die keine Haartransplantation vornehmen m\u00f6chten und lokalen Haarausfall\/Verd\u00fcnnungen im Haar haben.\u00a0<\/span><\/p>\n<p><span style=\"font-weight: 400;\">Die autologe Stammzelltherapie bei der Haartransplantation wird unmittelbar vor der Haartransplantation durchgef\u00fchrt. Haarfollikel, die mit der Fue-Technik entnommen werden, werden zur Vorbereitung geliefert (ca. 40 min-1 Stunde) W\u00e4hrend dieser Zeit wird der Patient f\u00fcr die Transplantation vorbereitet, indem nicht lange gewartet wird. Nachdem die Stammzellen vorbereitet sind, werden die Stammzellen in die Bereiche injiziert, in denen die Transplantation vorgenommen werden soll.<\/span><\/p>\n<p><span style=\"font-weight: 400;\">Die Heilungs- und ergebnisrate von autologen Stammzelltransplantationen ist 50-60 % h\u00f6her als bei Transplantationen ohne Stammzellbehandlung. Die Stammzelltherapie revitalisiert sowohl das vorhandene schwache Haar u. unterst\u00fctzt auch die Bildung neuer Haarzellen, so dass die Erholungs-und Haarwachstumszeit nach dem Vorgang von 10-12 Monaten auf 6 Monate reduziert\u00a0<\/span><\/p>\n<p><span style=\"font-weight: 400;\">und Ergebnisse erzielt werden, die sich in 1 Jahr zeigen. Obwohl eine Stammzelltherapie bei allen angewendet werden kann, wird es besonders f\u00fcr Patienten mit einem gro\u00dfen kahlen Bereich empfohlen, die nicht mit einer Anwendung bedeckt werden k\u00f6nnen, da mit einer Stammzelltherapie auch ungesunde Haare revitalisiert und dichte Haare erzielt und eine weitere Anwendung nicht ben\u00f6tigt wird. Es hat keine Allergene Auswirkung.<\/span><\/p>\n","protected":false},"excerpt":{"rendered":"<p>Autologe Stammzellentherapie bei einer Haartransplantation bedeutet kurz bezeichnet; dass die Stammzellen aus Haarfollikeln, die aus dem Spenderbereich der Person (Nackenbereich zwischen den zwei Ohren) mit Fue-Technik entnommen werden, nach einer speziellen Behandlung in die Kopfhaut der Person injiziert werden. Stammzellen sind in ihrer Struktur aus regenerative Zellen. Die Stammzelltransplantation, die in vielen Bereichen angewendet wird, [&hellip;]<\/p>\n","protected":false},"author":1,"featured_media":30985,"parent":0,"menu_order":0,"comment_status":"closed","ping_status":"closed","template":"","meta":{"footnotes":""},"yoast_head":"<!-- This site is optimized with the Yoast SEO plugin v23.5 - https:\/\/yoast.com\/wordpress\/plugins\/seo\/ -->\n<title>Autologe Stammzelltherapie - Bella Tourism<\/title>\n<meta name=\"description\" content=\"Autologe Stammzellentherapie bei einer Haartransplantation bedeutet kurz bezeichnet; dass die Stammzellen aus Haarfollikeln...\" \/>\n<meta name=\"robots\" content=\"index, follow, max-snippet:-1, max-image-preview:large, max-video-preview:-1\" \/>\n<link rel=\"canonical\" href=\"https:\/\/bellatourism.com\/de\/autologe-stammzelltherapie\/\" \/>\n<meta property=\"og:locale\" content=\"de_DE\" \/>\n<meta property=\"og:type\" content=\"article\" \/>\n<meta property=\"og:title\" content=\"Autologe Stammzelltherapie - Bella Tourism\" \/>\n<meta property=\"og:description\" content=\"Autologe Stammzellentherapie bei einer Haartransplantation bedeutet kurz bezeichnet; dass die Stammzellen aus Haarfollikeln...\" \/>\n<meta property=\"og:url\" content=\"https:\/\/bellatourism.com\/de\/autologe-stammzelltherapie\/\" \/>\n<meta property=\"og:site_name\" content=\"Bella Tourism\" \/>\n<meta property=\"article:publisher\" content=\"https:\/\/www.facebook.com\/bellahealthtourism\" \/>\n<meta property=\"article:modified_time\" content=\"2023-03-21T20:57:34+00:00\" \/>\n<meta property=\"og:image\" content=\"https:\/\/bellatourism.com\/wp-content\/uploads\/2023\/03\/autological-stem-cell-therapy-scaled.webp\" \/>\n\t<meta property=\"og:image:width\" content=\"2560\" \/>\n\t<meta property=\"og:image:height\" content=\"640\" \/>\n\t<meta property=\"og:image:type\" content=\"image\/webp\" \/>\n<meta name=\"twitter:card\" content=\"summary_large_image\" \/>\n<meta name=\"twitter:label1\" content=\"Gesch\u00e4tzte Lesezeit\" \/>\n\t<meta name=\"twitter:data1\" content=\"2\u00a0Minuten\" \/>\n<script type=\"application\/ld+json\" class=\"yoast-schema-graph\">{\"@context\":\"https:\/\/schema.org\",\"@graph\":[{\"@type\":\"WebPage\",\"@id\":\"https:\/\/bellatourism.com\/de\/autologe-stammzelltherapie\/\",\"url\":\"https:\/\/bellatourism.com\/de\/autologe-stammzelltherapie\/\",\"name\":\"Autologe Stammzelltherapie - Bella Tourism\",\"isPartOf\":{\"@id\":\"https:\/\/bellatourism.com\/tr\/#website\"},\"primaryImageOfPage\":{\"@id\":\"https:\/\/bellatourism.com\/de\/autologe-stammzelltherapie\/#primaryimage\"},\"image\":{\"@id\":\"https:\/\/bellatourism.com\/de\/autologe-stammzelltherapie\/#primaryimage\"},\"thumbnailUrl\":\"https:\/\/bellatourism.com\/wp-content\/uploads\/2023\/03\/autological-stem-cell-therapy-scaled.webp\",\"datePublished\":\"2023-02-15T11:41:11+00:00\",\"dateModified\":\"2023-03-21T20:57:34+00:00\",\"description\":\"Autologe Stammzellentherapie bei einer Haartransplantation bedeutet kurz bezeichnet; dass die Stammzellen aus Haarfollikeln...\",\"breadcrumb\":{\"@id\":\"https:\/\/bellatourism.com\/de\/autologe-stammzelltherapie\/#breadcrumb\"},\"inLanguage\":\"de\",\"potentialAction\":[{\"@type\":\"ReadAction\",\"target\":[\"https:\/\/bellatourism.com\/de\/autologe-stammzelltherapie\/\"]}]},{\"@type\":\"ImageObject\",\"inLanguage\":\"de\",\"@id\":\"https:\/\/bellatourism.com\/de\/autologe-stammzelltherapie\/#primaryimage\",\"url\":\"https:\/\/bellatourism.com\/wp-content\/uploads\/2023\/03\/autological-stem-cell-therapy-scaled.webp\",\"contentUrl\":\"https:\/\/bellatourism.com\/wp-content\/uploads\/2023\/03\/autological-stem-cell-therapy-scaled.webp\",\"width\":2560,\"height\":640,\"caption\":\"Autological Stem Cell Treapy\"},{\"@type\":\"BreadcrumbList\",\"@id\":\"https:\/\/bellatourism.com\/de\/autologe-stammzelltherapie\/#breadcrumb\",\"itemListElement\":[{\"@type\":\"ListItem\",\"position\":1,\"name\":\"Home\",\"item\":\"https:\/\/bellatourism.com\/tr\/\"},{\"@type\":\"ListItem\",\"position\":2,\"name\":\"Autologe Stammzelltherapie\"}]},{\"@type\":\"WebSite\",\"@id\":\"https:\/\/bellatourism.com\/tr\/#website\",\"url\":\"https:\/\/bellatourism.com\/tr\/\",\"name\":\"Bella Tourism - Health Tourism In Turkey\",\"description\":\"Bella Tourism\",\"publisher\":{\"@id\":\"https:\/\/bellatourism.com\/tr\/#organization\"},\"potentialAction\":[{\"@type\":\"SearchAction\",\"target\":{\"@type\":\"EntryPoint\",\"urlTemplate\":\"https:\/\/bellatourism.com\/tr\/?s={search_term_string}\"},\"query-input\":{\"@type\":\"PropertyValueSpecification\",\"valueRequired\":true,\"valueName\":\"search_term_string\"}}],\"inLanguage\":\"de\"},{\"@type\":\"Organization\",\"@id\":\"https:\/\/bellatourism.com\/tr\/#organization\",\"name\":\"Bella Tourism - Health Tourism In Turkey\",\"url\":\"https:\/\/bellatourism.com\/tr\/\",\"logo\":{\"@type\":\"ImageObject\",\"inLanguage\":\"de\",\"@id\":\"https:\/\/bellatourism.com\/tr\/#\/schema\/logo\/image\/\",\"url\":\"https:\/\/bellatourism.com\/wp-content\/uploads\/2022\/05\/Bella-Tourism-Logo-Dosyasi-01.png\",\"contentUrl\":\"https:\/\/bellatourism.com\/wp-content\/uploads\/2022\/05\/Bella-Tourism-Logo-Dosyasi-01.png\",\"width\":200,\"height\":84,\"caption\":\"Bella Tourism - Health Tourism In Turkey\"},\"image\":{\"@id\":\"https:\/\/bellatourism.com\/tr\/#\/schema\/logo\/image\/\"},\"sameAs\":[\"https:\/\/www.facebook.com\/bellahealthtourism\",\"https:\/\/www.instagram.com\/bellahealthtourism\/\",\"https:\/\/www.linkedin.com\/company\/bella-health-tourism\/\"]}]}<\/script>\n<!-- \/ Yoast SEO plugin. -->","yoast_head_json":{"title":"Autologe Stammzelltherapie - Bella Tourism","description":"Autologe Stammzellentherapie bei einer Haartransplantation bedeutet kurz bezeichnet; dass die Stammzellen aus Haarfollikeln...","robots":{"index":"index","follow":"follow","max-snippet":"max-snippet:-1","max-image-preview":"max-image-preview:large","max-video-preview":"max-video-preview:-1"},"canonical":"https:\/\/bellatourism.com\/de\/autologe-stammzelltherapie\/","og_locale":"de_DE","og_type":"article","og_title":"Autologe Stammzelltherapie - Bella Tourism","og_description":"Autologe Stammzellentherapie bei einer Haartransplantation bedeutet kurz bezeichnet; dass die Stammzellen aus Haarfollikeln...","og_url":"https:\/\/bellatourism.com\/de\/autologe-stammzelltherapie\/","og_site_name":"Bella Tourism","article_publisher":"https:\/\/www.facebook.com\/bellahealthtourism","article_modified_time":"2023-03-21T20:57:34+00:00","og_image":[{"width":2560,"height":640,"url":"https:\/\/bellatourism.com\/wp-content\/uploads\/2023\/03\/autological-stem-cell-therapy-scaled.webp","type":"image\/webp"}],"twitter_card":"summary_large_image","twitter_misc":{"Gesch\u00e4tzte Lesezeit":"2\u00a0Minuten"},"schema":{"@context":"https:\/\/schema.org","@graph":[{"@type":"WebPage","@id":"https:\/\/bellatourism.com\/de\/autologe-stammzelltherapie\/","url":"https:\/\/bellatourism.com\/de\/autologe-stammzelltherapie\/","name":"Autologe Stammzelltherapie - Bella Tourism","isPartOf":{"@id":"https:\/\/bellatourism.com\/tr\/#website"},"primaryImageOfPage":{"@id":"https:\/\/bellatourism.com\/de\/autologe-stammzelltherapie\/#primaryimage"},"image":{"@id":"https:\/\/bellatourism.com\/de\/autologe-stammzelltherapie\/#primaryimage"},"thumbnailUrl":"https:\/\/bellatourism.com\/wp-content\/uploads\/2023\/03\/autological-stem-cell-therapy-scaled.webp","datePublished":"2023-02-15T11:41:11+00:00","dateModified":"2023-03-21T20:57:34+00:00","description":"Autologe Stammzellentherapie bei einer Haartransplantation bedeutet kurz bezeichnet; dass die Stammzellen aus Haarfollikeln...","breadcrumb":{"@id":"https:\/\/bellatourism.com\/de\/autologe-stammzelltherapie\/#breadcrumb"},"inLanguage":"de","potentialAction":[{"@type":"ReadAction","target":["https:\/\/bellatourism.com\/de\/autologe-stammzelltherapie\/"]}]},{"@type":"ImageObject","inLanguage":"de","@id":"https:\/\/bellatourism.com\/de\/autologe-stammzelltherapie\/#primaryimage","url":"https:\/\/bellatourism.com\/wp-content\/uploads\/2023\/03\/autological-stem-cell-therapy-scaled.webp","contentUrl":"https:\/\/bellatourism.com\/wp-content\/uploads\/2023\/03\/autological-stem-cell-therapy-scaled.webp","width":2560,"height":640,"caption":"Autological Stem Cell Treapy"},{"@type":"BreadcrumbList","@id":"https:\/\/bellatourism.com\/de\/autologe-stammzelltherapie\/#breadcrumb","itemListElement":[{"@type":"ListItem","position":1,"name":"Home","item":"https:\/\/bellatourism.com\/tr\/"},{"@type":"ListItem","position":2,"name":"Autologe Stammzelltherapie"}]},{"@type":"WebSite","@id":"https:\/\/bellatourism.com\/tr\/#website","url":"https:\/\/bellatourism.com\/tr\/","name":"Bella Tourism - Health Tourism In Turkey","description":"Bella Tourism","publisher":{"@id":"https:\/\/bellatourism.com\/tr\/#organization"},"potentialAction":[{"@type":"SearchAction","target":{"@type":"EntryPoint","urlTemplate":"https:\/\/bellatourism.com\/tr\/?s={search_term_string}"},"query-input":{"@type":"PropertyValueSpecification","valueRequired":true,"valueName":"search_term_string"}}],"inLanguage":"de"},{"@type":"Organization","@id":"https:\/\/bellatourism.com\/tr\/#organization","name":"Bella Tourism - Health Tourism In Turkey","url":"https:\/\/bellatourism.com\/tr\/","logo":{"@type":"ImageObject","inLanguage":"de","@id":"https:\/\/bellatourism.com\/tr\/#\/schema\/logo\/image\/","url":"https:\/\/bellatourism.com\/wp-content\/uploads\/2022\/05\/Bella-Tourism-Logo-Dosyasi-01.png","contentUrl":"https:\/\/bellatourism.com\/wp-content\/uploads\/2022\/05\/Bella-Tourism-Logo-Dosyasi-01.png","width":200,"height":84,"caption":"Bella Tourism - Health Tourism In Turkey"},"image":{"@id":"https:\/\/bellatourism.com\/tr\/#\/schema\/logo\/image\/"},"sameAs":["https:\/\/www.facebook.com\/bellahealthtourism","https:\/\/www.instagram.com\/bellahealthtourism\/","https:\/\/www.linkedin.com\/company\/bella-health-tourism\/"]}]}},"_links":{"self":[{"href":"https:\/\/bellatourism.com\/de\/wp-json\/wp\/v2\/pages\/30704"}],"collection":[{"href":"https:\/\/bellatourism.com\/de\/wp-json\/wp\/v2\/pages"}],"about":[{"href":"https:\/\/bellatourism.com\/de\/wp-json\/wp\/v2\/types\/page"}],"author":[{"embeddable":true,"href":"https:\/\/bellatourism.com\/de\/wp-json\/wp\/v2\/users\/1"}],"replies":[{"embeddable":true,"href":"https:\/\/bellatourism.com\/de\/wp-json\/wp\/v2\/comments?post=30704"}],"version-history":[{"count":3,"href":"https:\/\/bellatourism.com\/de\/wp-json\/wp\/v2\/pages\/30704\/revisions"}],"predecessor-version":[{"id":31992,"href":"https:\/\/bellatourism.com\/de\/wp-json\/wp\/v2\/pages\/30704\/revisions\/31992"}],"wp:featuredmedia":[{"embeddable":true,"href":"https:\/\/bellatourism.com\/de\/wp-json\/wp\/v2\/media\/30985"}],"wp:attachment":[{"href":"https:\/\/bellatourism.com\/de\/wp-json\/wp\/v2\/media?parent=30704"}],"curies":[{"name":"wp","href":"https:\/\/api.w.org\/{rel}","templated":true}]}}