{"id":30678,"date":"2023-02-16T22:46:16","date_gmt":"2023-02-16T22:46:16","guid":{"rendered":"https:\/\/bellatourism.com\/zahnbehandlung\/"},"modified":"2023-03-21T03:27:40","modified_gmt":"2023-03-21T03:27:40","slug":"zahnbehandlung","status":"publish","type":"page","link":"https:\/\/bellatourism.com\/de\/zahnbehandlung\/","title":{"rendered":"Zahnbehandlung"},"content":{"rendered":"<h2><a href=\"\/de\/laecheln-design\/\">L\u00e4cheln-Design<\/a><\/h2>\n<p><span style=\"font-weight: 400;\">Die Personen, die mit der \u00e4sthetischen Struktur der Z\u00e4hne und des Zahnfleisches nicht zufrieden sind, wird eine spezielle Zahn\u00e4sthetik geplant und ausgef\u00fchrt, die in einer Computerumgebung nach der Struktur der Lippen, des Gesichts und der Hautfarbe der Person konzipiert wird. Es basiert sich auf die Symmetrie des Smiles\/L\u00e4chelns. Das Ziel ist es, das nat\u00fcrlichste und \u00e4sthetischste Look zu erhalten. Die Faktoren, die das \u00e4sthetische Erscheinungsbild\/die Struktur st\u00f6ren, sollten gut analysiert und auf die ganzheitlichen Probleme konzentriert werden (Zahnfleischgesundheit, Ausgewogenheit des Zahnfleischniveaus, Kieferstruktur usw.). Nach der Analyse werden individuelle Designs erhalten und diese Designs werden mit vor\u00fcbergehenden Materialien an den Patienten getestet. Nach der Entscheidung \u00fcber das gew\u00fcnschte Muster wird das Design innerhalb von einigen Tage abgeschlossen und auf den Patienten angewendet.<\/span><\/p>\n<p><span style=\"font-weight: 400;\">Bitte kontaktieren Sie uns f\u00fcr detaillierte Informationen.<\/span><\/p>\n<h2><a href=\"\/de\/placage-lamina-porcelaine\/\">Blatt-Porzellan (Porzellan Lamina Veneer)<\/a><\/h2>\n<p><span style=\"font-weight: 400;\">Blatt-Laminate sind \u00e4sthetische Zahnbehandlungen, bei der sehr d\u00fcnne Porzellankeramik auf den Zahn platziert werden, um das \u00e4sthetische Erscheinungsbild und die Integrit\u00e4t der Z\u00e4hne zu sichern.<\/span><\/p>\n<p><span style=\"font-weight: 400;\">Die am h\u00e4ufigsten verwendete und nat\u00fcrlichste Methode zur \u00e4sthetischen Zahnbehandlung ist die Anwendung von Porzellan-Laminate, da Porzellan-Laminate durchl\u00e4ssig sind und Licht reflektieren k\u00f6nnen. Vor der Anwendung wird kein Zahn geschnitten, so dass der Patient keine Sprachschwierigkeiten und Probleme beim Essen und Trinken hat. Getrennte Z\u00e4hne werden leicht verbunden, auf Z\u00e4hne angewendet, die nicht leicht aufgehellt werden k\u00f6nnen und es wird keine Vergilbung mehr beobachtet. Es ist keine schmerzhafte Behandlungsmethode, meistens werden die Laminate ohne Eingriff auf die Zahnoberfl\u00e4che platziert. Die Behandlungsdauer betr\u00e4gt in der Regel nicht l\u00e4nger als eine Woche.\u00a0<\/span><\/p>\n<p><span style=\"font-weight: 400;\">Bitte kontaktieren Sie uns f\u00fcr detaillierte Informationen.<\/span><\/p>\n<h2><a href=\"\/de\/zirkonium-beschichtung\/\">Zirkonium-Beschichtung<\/a><\/h2>\n<p><span style=\"font-weight: 400;\">Zirkoniumbeschichtung wird aufgrund der Harmonie des Zahnfleisches und des nat\u00fcrlichen Zahnbildes (Lichtdurchl\u00e4ssigkeit) gegen\u00fcber anderen Porzellanbeschichtungen bevorzugt. Es ist stabil und sie k\u00f6nnen wie Ihre eigenen nat\u00fcrlichen Z\u00e4hne Druck aus\u00fcben. Es f\u00e4rbt das Zahnfleisch nicht grau an, wie bei metallhaltigem Porzellanz\u00e4hnen. Bei dieser Methode werden die Z\u00e4hne geschnitten. Danach werden vor\u00fcbergehende Z\u00e4hne platziert und die Zahnfleischanpassung wird erreicht. Nachdem die Abmessungen vorgenommen werden, werden entsprechende Zirkoniumbeschichtungen erhalten. Der Behandlungsvorgang dauert nach dem Design max.10 Tage, zusammen mit Kontrollen und erforderlichen Korrekturen.<\/span><\/p>\n<p><span style=\"font-weight: 400;\">Bitte kontaktieren Sie uns f\u00fcr detaillierte Informationen.<\/span><\/p>\n<h2><a href=\"\/de\/zahnimplantat\/\">Zahnimplantat<\/a><\/h2>\n<p><span style=\"font-weight: 400;\">Ein Zahnimplantat ist ein Vorgang, das mit Hilfe einer Titanschraube anstelle der verlorenen Z\u00e4hne in das Zahnfleisch platziert wird. Zahnimplantate sehen aus und funktionieren wie Zahnprothesen (Zahnersatz, der auf den eigenen Zahn platziert wird), sind aber dauerhafter und langlebiger als Zahnprothesen.<\/span><\/p>\n<p><span style=\"font-weight: 400;\">Zahnimplantate werden bevorzugt, um L\u00fccken zwischen den Z\u00e4hnen zu f\u00fcllen, die durch Zahnverlust verursacht werden, um Zahnprothesen vor dem Verlust oder Rutschen zu sch\u00fctzen, um Zahnfleischsch\u00e4den zu verhindern und gleichzeitig eine haltbarere Zahnstruktur als die Zahnprothesen zu bieten.<\/span><\/p>\n<p><span style=\"font-weight: 400;\">Die Implantatanwendung besteht aus einigen Phasen und unter Ber\u00fccksichtigung der Mundstruktur des Patienten wird ein Behandlungsprozess geplant.\u00a0<\/span><\/p>\n<p><span style=\"font-weight: 400;\">F\u00fcr die implantatanwendung wird zun\u00e4chst eine Panorama-R\u00f6ntgen und 3D-Zahntomographie aufgenommen, um zu entscheiden, ob die Person f\u00fcr eine Implantatbehandlung geeignet ist. Die Patienten, die f\u00fcr diesen Vorgang geeignet sind, beginnt die erste Phase der Implantatplatzierung. Die Dauer dieses Vorgangs h\u00e4ngt von der Anzahl der ben\u00f6tigten Implantate ab, aber die durchschnittliche Zeit f\u00fcr je Implantatvorgang betr\u00e4gt ca. 30 Minuten. Dieser Vorgang kann wahlweise mit lokaler oder Vollnarkose durchgef\u00fchrt werden. Es ist ein schmerzloser Eingriff. Die Aufnahme\/ Reaktion der Implantate im K\u00f6rper dauert ca. 7-10-Tage und nach dieser Zeit treten keine Reaktionen mehr auf.<\/span><\/p>\n<p><span style=\"font-weight: 400;\">Nach der Platzierung der Implantate beginnt der Wartungsprozess. Die Prothesen, die auf den Implantaten platziert werden, m\u00fcssen sich die Implantate im platzierten Bereich vollst\u00e4ndig anheften. Diese Zeit ist bei jedem Patienten unterschiedlich, betr\u00e4gt aber einen durchschnittlichen Zeitraum von 2-4 Monaten. W\u00e4hrend des Wartungsprozesses werden die notwendigen Abmessungen f\u00fcr die Prothesen aufgezeichnet und die Prothesen werden demnach vorbereitet. In dieser Phase m\u00fcssen mehrmalige Proben durchgef\u00fchrt werden, um das f\u00fcr Sie am besten geeignete und \u00e4sthetische Ergebnis zu erzielen.<\/span><\/p>\n<p><span style=\"font-weight: 400;\">Nach den Wartungs- und Vorbereitungsprozesses werden die vorbereiteten Prothesen auf die Implantate platziert und der Patient wird nun die Z\u00e4hne haben, die er ein Leben lang bequem nutzen kann.<\/span><\/p>\n","protected":false},"excerpt":{"rendered":"<p>L\u00e4cheln-Design Die Personen, die mit der \u00e4sthetischen Struktur der Z\u00e4hne und des Zahnfleisches nicht zufrieden sind, wird eine spezielle Zahn\u00e4sthetik geplant und ausgef\u00fchrt, die in einer Computerumgebung nach der Struktur der Lippen, des Gesichts und der Hautfarbe der Person konzipiert wird. Es basiert sich auf die Symmetrie des Smiles\/L\u00e4chelns. Das Ziel ist es, das nat\u00fcrlichste [&hellip;]<\/p>\n","protected":false},"author":1,"featured_media":31045,"parent":0,"menu_order":0,"comment_status":"closed","ping_status":"closed","template":"","meta":{"footnotes":""},"yoast_head":"<!-- This site is optimized with the Yoast SEO plugin v23.5 - https:\/\/yoast.com\/wordpress\/plugins\/seo\/ -->\n<title>Zahnbehandlung - Bella Tourism<\/title>\n<meta name=\"robots\" content=\"index, follow, max-snippet:-1, max-image-preview:large, max-video-preview:-1\" \/>\n<link rel=\"canonical\" href=\"https:\/\/bellatourism.com\/tr\/dis-tedavileri\/\" \/>\n<meta property=\"og:locale\" content=\"de_DE\" \/>\n<meta property=\"og:type\" content=\"article\" \/>\n<meta property=\"og:title\" content=\"Zahnbehandlung - Bella Tourism\" \/>\n<meta property=\"og:description\" content=\"L\u00e4cheln-Design Die Personen, die mit der \u00e4sthetischen Struktur der Z\u00e4hne und des Zahnfleisches nicht zufrieden sind, wird eine spezielle Zahn\u00e4sthetik geplant und ausgef\u00fchrt, die in einer Computerumgebung nach der Struktur der Lippen, des Gesichts und der Hautfarbe der Person konzipiert wird. Es basiert sich auf die Symmetrie des Smiles\/L\u00e4chelns. Das Ziel ist es, das nat\u00fcrlichste [&hellip;]\" \/>\n<meta property=\"og:url\" content=\"https:\/\/bellatourism.com\/tr\/dis-tedavileri\/\" \/>\n<meta property=\"og:site_name\" content=\"Bella Tourism\" \/>\n<meta property=\"article:publisher\" content=\"https:\/\/www.facebook.com\/bellahealthtourism\" \/>\n<meta property=\"article:modified_time\" content=\"2023-03-21T03:27:40+00:00\" \/>\n<meta property=\"og:image\" content=\"https:\/\/bellatourism.com\/wp-content\/uploads\/2023\/03\/smile-design.webp\" \/>\n\t<meta property=\"og:image:width\" content=\"1600\" \/>\n\t<meta property=\"og:image:height\" content=\"400\" \/>\n\t<meta property=\"og:image:type\" content=\"image\/webp\" \/>\n<meta name=\"twitter:card\" content=\"summary_large_image\" \/>\n<meta name=\"twitter:label1\" content=\"Gesch\u00e4tzte Lesezeit\" \/>\n\t<meta name=\"twitter:data1\" content=\"3\u00a0Minuten\" \/>\n<script type=\"application\/ld+json\" class=\"yoast-schema-graph\">{\"@context\":\"https:\/\/schema.org\",\"@graph\":[{\"@type\":\"WebPage\",\"@id\":\"https:\/\/bellatourism.com\/tr\/dis-tedavileri\/\",\"url\":\"https:\/\/bellatourism.com\/tr\/dis-tedavileri\/\",\"name\":\"Zahnbehandlung - Bella Tourism\",\"isPartOf\":{\"@id\":\"https:\/\/bellatourism.com\/tr\/#website\"},\"primaryImageOfPage\":{\"@id\":\"https:\/\/bellatourism.com\/tr\/dis-tedavileri\/#primaryimage\"},\"image\":{\"@id\":\"https:\/\/bellatourism.com\/tr\/dis-tedavileri\/#primaryimage\"},\"thumbnailUrl\":\"https:\/\/bellatourism.com\/wp-content\/uploads\/2023\/03\/smile-design.webp\",\"datePublished\":\"2023-02-16T22:46:16+00:00\",\"dateModified\":\"2023-03-21T03:27:40+00:00\",\"breadcrumb\":{\"@id\":\"https:\/\/bellatourism.com\/tr\/dis-tedavileri\/#breadcrumb\"},\"inLanguage\":\"de\",\"potentialAction\":[{\"@type\":\"ReadAction\",\"target\":[\"https:\/\/bellatourism.com\/tr\/dis-tedavileri\/\"]}]},{\"@type\":\"ImageObject\",\"inLanguage\":\"de\",\"@id\":\"https:\/\/bellatourism.com\/tr\/dis-tedavileri\/#primaryimage\",\"url\":\"https:\/\/bellatourism.com\/wp-content\/uploads\/2023\/03\/smile-design.webp\",\"contentUrl\":\"https:\/\/bellatourism.com\/wp-content\/uploads\/2023\/03\/smile-design.webp\",\"width\":1600,\"height\":400,\"caption\":\"Smile Design\"},{\"@type\":\"BreadcrumbList\",\"@id\":\"https:\/\/bellatourism.com\/tr\/dis-tedavileri\/#breadcrumb\",\"itemListElement\":[{\"@type\":\"ListItem\",\"position\":1,\"name\":\"Home\",\"item\":\"https:\/\/bellatourism.com\/tr\/\"},{\"@type\":\"ListItem\",\"position\":2,\"name\":\"Zahnbehandlung\"}]},{\"@type\":\"WebSite\",\"@id\":\"https:\/\/bellatourism.com\/tr\/#website\",\"url\":\"https:\/\/bellatourism.com\/tr\/\",\"name\":\"Bella Tourism - Health Tourism In Turkey\",\"description\":\"Bella Tourism\",\"publisher\":{\"@id\":\"https:\/\/bellatourism.com\/tr\/#organization\"},\"potentialAction\":[{\"@type\":\"SearchAction\",\"target\":{\"@type\":\"EntryPoint\",\"urlTemplate\":\"https:\/\/bellatourism.com\/tr\/?s={search_term_string}\"},\"query-input\":{\"@type\":\"PropertyValueSpecification\",\"valueRequired\":true,\"valueName\":\"search_term_string\"}}],\"inLanguage\":\"de\"},{\"@type\":\"Organization\",\"@id\":\"https:\/\/bellatourism.com\/tr\/#organization\",\"name\":\"Bella Tourism - Health Tourism In Turkey\",\"url\":\"https:\/\/bellatourism.com\/tr\/\",\"logo\":{\"@type\":\"ImageObject\",\"inLanguage\":\"de\",\"@id\":\"https:\/\/bellatourism.com\/tr\/#\/schema\/logo\/image\/\",\"url\":\"https:\/\/bellatourism.com\/wp-content\/uploads\/2022\/05\/Bella-Tourism-Logo-Dosyasi-01.png\",\"contentUrl\":\"https:\/\/bellatourism.com\/wp-content\/uploads\/2022\/05\/Bella-Tourism-Logo-Dosyasi-01.png\",\"width\":200,\"height\":84,\"caption\":\"Bella Tourism - Health Tourism In Turkey\"},\"image\":{\"@id\":\"https:\/\/bellatourism.com\/tr\/#\/schema\/logo\/image\/\"},\"sameAs\":[\"https:\/\/www.facebook.com\/bellahealthtourism\",\"https:\/\/www.instagram.com\/bellahealthtourism\/\",\"https:\/\/www.linkedin.com\/company\/bella-health-tourism\/\"]}]}<\/script>\n<!-- \/ Yoast SEO plugin. -->","yoast_head_json":{"title":"Zahnbehandlung - Bella Tourism","robots":{"index":"index","follow":"follow","max-snippet":"max-snippet:-1","max-image-preview":"max-image-preview:large","max-video-preview":"max-video-preview:-1"},"canonical":"https:\/\/bellatourism.com\/tr\/dis-tedavileri\/","og_locale":"de_DE","og_type":"article","og_title":"Zahnbehandlung - Bella Tourism","og_description":"L\u00e4cheln-Design Die Personen, die mit der \u00e4sthetischen Struktur der Z\u00e4hne und des Zahnfleisches nicht zufrieden sind, wird eine spezielle Zahn\u00e4sthetik geplant und ausgef\u00fchrt, die in einer Computerumgebung nach der Struktur der Lippen, des Gesichts und der Hautfarbe der Person konzipiert wird. Es basiert sich auf die Symmetrie des Smiles\/L\u00e4chelns. Das Ziel ist es, das nat\u00fcrlichste [&hellip;]","og_url":"https:\/\/bellatourism.com\/tr\/dis-tedavileri\/","og_site_name":"Bella Tourism","article_publisher":"https:\/\/www.facebook.com\/bellahealthtourism","article_modified_time":"2023-03-21T03:27:40+00:00","og_image":[{"width":1600,"height":400,"url":"https:\/\/bellatourism.com\/wp-content\/uploads\/2023\/03\/smile-design.webp","type":"image\/webp"}],"twitter_card":"summary_large_image","twitter_misc":{"Gesch\u00e4tzte Lesezeit":"3\u00a0Minuten"},"schema":{"@context":"https:\/\/schema.org","@graph":[{"@type":"WebPage","@id":"https:\/\/bellatourism.com\/tr\/dis-tedavileri\/","url":"https:\/\/bellatourism.com\/tr\/dis-tedavileri\/","name":"Zahnbehandlung - Bella Tourism","isPartOf":{"@id":"https:\/\/bellatourism.com\/tr\/#website"},"primaryImageOfPage":{"@id":"https:\/\/bellatourism.com\/tr\/dis-tedavileri\/#primaryimage"},"image":{"@id":"https:\/\/bellatourism.com\/tr\/dis-tedavileri\/#primaryimage"},"thumbnailUrl":"https:\/\/bellatourism.com\/wp-content\/uploads\/2023\/03\/smile-design.webp","datePublished":"2023-02-16T22:46:16+00:00","dateModified":"2023-03-21T03:27:40+00:00","breadcrumb":{"@id":"https:\/\/bellatourism.com\/tr\/dis-tedavileri\/#breadcrumb"},"inLanguage":"de","potentialAction":[{"@type":"ReadAction","target":["https:\/\/bellatourism.com\/tr\/dis-tedavileri\/"]}]},{"@type":"ImageObject","inLanguage":"de","@id":"https:\/\/bellatourism.com\/tr\/dis-tedavileri\/#primaryimage","url":"https:\/\/bellatourism.com\/wp-content\/uploads\/2023\/03\/smile-design.webp","contentUrl":"https:\/\/bellatourism.com\/wp-content\/uploads\/2023\/03\/smile-design.webp","width":1600,"height":400,"caption":"Smile Design"},{"@type":"BreadcrumbList","@id":"https:\/\/bellatourism.com\/tr\/dis-tedavileri\/#breadcrumb","itemListElement":[{"@type":"ListItem","position":1,"name":"Home","item":"https:\/\/bellatourism.com\/tr\/"},{"@type":"ListItem","position":2,"name":"Zahnbehandlung"}]},{"@type":"WebSite","@id":"https:\/\/bellatourism.com\/tr\/#website","url":"https:\/\/bellatourism.com\/tr\/","name":"Bella Tourism - Health Tourism In Turkey","description":"Bella Tourism","publisher":{"@id":"https:\/\/bellatourism.com\/tr\/#organization"},"potentialAction":[{"@type":"SearchAction","target":{"@type":"EntryPoint","urlTemplate":"https:\/\/bellatourism.com\/tr\/?s={search_term_string}"},"query-input":{"@type":"PropertyValueSpecification","valueRequired":true,"valueName":"search_term_string"}}],"inLanguage":"de"},{"@type":"Organization","@id":"https:\/\/bellatourism.com\/tr\/#organization","name":"Bella Tourism - Health Tourism In Turkey","url":"https:\/\/bellatourism.com\/tr\/","logo":{"@type":"ImageObject","inLanguage":"de","@id":"https:\/\/bellatourism.com\/tr\/#\/schema\/logo\/image\/","url":"https:\/\/bellatourism.com\/wp-content\/uploads\/2022\/05\/Bella-Tourism-Logo-Dosyasi-01.png","contentUrl":"https:\/\/bellatourism.com\/wp-content\/uploads\/2022\/05\/Bella-Tourism-Logo-Dosyasi-01.png","width":200,"height":84,"caption":"Bella Tourism - Health Tourism In Turkey"},"image":{"@id":"https:\/\/bellatourism.com\/tr\/#\/schema\/logo\/image\/"},"sameAs":["https:\/\/www.facebook.com\/bellahealthtourism","https:\/\/www.instagram.com\/bellahealthtourism\/","https:\/\/www.linkedin.com\/company\/bella-health-tourism\/"]}]}},"_links":{"self":[{"href":"https:\/\/bellatourism.com\/de\/wp-json\/wp\/v2\/pages\/30678"}],"collection":[{"href":"https:\/\/bellatourism.com\/de\/wp-json\/wp\/v2\/pages"}],"about":[{"href":"https:\/\/bellatourism.com\/de\/wp-json\/wp\/v2\/types\/page"}],"author":[{"embeddable":true,"href":"https:\/\/bellatourism.com\/de\/wp-json\/wp\/v2\/users\/1"}],"replies":[{"embeddable":true,"href":"https:\/\/bellatourism.com\/de\/wp-json\/wp\/v2\/comments?post=30678"}],"version-history":[{"count":4,"href":"https:\/\/bellatourism.com\/de\/wp-json\/wp\/v2\/pages\/30678\/revisions"}],"predecessor-version":[{"id":31927,"href":"https:\/\/bellatourism.com\/de\/wp-json\/wp\/v2\/pages\/30678\/revisions\/31927"}],"wp:featuredmedia":[{"embeddable":true,"href":"https:\/\/bellatourism.com\/de\/wp-json\/wp\/v2\/media\/31045"}],"wp:attachment":[{"href":"https:\/\/bellatourism.com\/de\/wp-json\/wp\/v2\/media?parent=30678"}],"curies":[{"name":"wp","href":"https:\/\/api.w.org\/{rel}","templated":true}]}}